{"id":70058,"date":"2026-03-19T11:10:38","date_gmt":"2026-03-19T11:10:38","guid":{"rendered":"https:\/\/soydeaqui.ddns.net\/pachuca\/index.php\/producto\/antena-para-base-repetidor-de-fibra-de-vidrio-para-vhf-de-1-seccion-a-5-8-de-onda-2\/"},"modified":"2026-03-19T11:10:40","modified_gmt":"2026-03-19T11:10:40","slug":"antena-para-base-repetidor-de-fibra-de-vidrio-para-vhf-de-1-seccion-a-5-8-de-onda-2","status":"publish","type":"product","link":"https:\/\/soydeaqui.ddns.net\/pachuca\/index.php\/producto\/antena-para-base-repetidor-de-fibra-de-vidrio-para-vhf-de-1-seccion-a-5-8-de-onda-2\/","title":{"rendered":"Antena para base\/repetidor de fibra de vidrio para VHF  de 1 secci\u00f3n a 5\/8 de onda"},"content":{"rendered":"<div style='width: 100%; max-width: 1200px; margin: 0 auto; font-family: sans-serif; line-height: 1.6; color: inherit; background-color: transparent;'>\n<div style='display: flex; flex-wrap: wrap; gap: 30px; margin-bottom: 30px;'>\n<div style='flex: 1 1 300px; min-width: 280px;'>\n<h3 style='font-size: 22px; border-bottom: 2px solid currentColor; padding-bottom: 5px; margin-top: 0; color: inherit; opacity: 0.8;'>Descripci\u00f3n<\/h3>\n<p style='font-size: 15px; color: inherit; margin-bottom: 15px;'>Las antenas de la serie TXAB&comma; estaci\u00f3n base son un \u00edcono de desempe\u00f1o y calidad&comma; ya que la calidad de nuestras antenas de comunicacion es el objetivo mas importante.<\/p>\n<p style='font-size: 15px; color: inherit; margin-bottom: 15px;'>Su bajo perfil ante el viento las hace una opci\u00f3n ideal en locaciones problem\u00e1ticas con gran poblaci\u00f3n de antenas&comma; haci\u00e9ndolas la mejor opci\u00f3n debido a su excelente desempe\u00f1o.<\/p>\n<p style='font-size: 15px; color: inherit; margin-bottom: 15px;'>Su dise\u00f1o el\u00e9ctrico provee un \u00e1ngulo bajo de radiaci\u00f3n y un patr\u00f3n estable&comma; adem\u00e1s de ser fabricadas bajo estricto control de calidad.<\/p>\n<p style='font-size: 15px; color: inherit; margin-bottom: 15px;'>Combinando estas caracter\u00edsticas con su bajo costo se consigue un paquete completo: <strong style='color: inherit;'>CALIDAD&comma; DESEMPE\u00d1O Y PRECIO.<\/strong><\/p>\n<div style='margin: 20px 0; padding: 15px; border-left: 4px solid rgba(150&comma;150&comma;150&comma;0.5); background-color: rgba(150&comma;150&comma;150&comma;0.05); color: inherit;'>\n<p style='margin: 0; font-size: 15px; color: inherit;'>El modelo TXAB13476FG1 de la marca TXPRO es una antena VHF ideal para radio bases y repetidores.<\/p>\n<\/p><\/div>\n<\/p><\/div>\n<div style='flex: 1 1 300px; min-width: 280px;'> <img style='width: 100%; height: auto; border: 1px solid rgba(150&comma;150&comma;150&comma;0.3); border-radius: 8px;' src='http:\/\/ftp3.syscom.mx\/usuarios\/ftp\/web\/imagenes\/txpro_logo.jpg' alt='Logo TXPRO'> <\/div>\n<\/p><\/div>\n<div style='display: flex; flex-wrap: wrap; gap: 20px; margin-bottom: 30px;'>\n<div style='flex: 1 1 250px; border: 1px solid rgba(150&comma; 150&comma; 150&comma; 0.4); border-radius: 8px; overflow: hidden; display: flex; flex-direction: column;'>\n<div style='padding: 15px; border-bottom: 1px solid rgba(150&comma; 150&comma; 150&comma; 0.2); font-weight: bold; font-size: 18px; color: inherit;'>Especificaciones<\/div>\n<div style='padding: 15px; color: inherit;'>\n<ul style='padding-left: 20px; margin: 0; font-size: 14px; list-style-type: disc; color: inherit;'>\n<li style='margin-bottom: 5px; color: inherit;'><strong style='color: inherit;'>Rango de Frecuencia:<\/strong> 136-174 MHz. <em style='color: inherit;'>(Requiere ajuste a la frecuencia de operaci\u00f3n)<\/em><\/li>\n<li style='margin-bottom: 5px; color: inherit;'><strong style='color: inherit;'>Ganancia:<\/strong> 4.5 dB.<\/li>\n<li style='margin-bottom: 5px; color: inherit;'><strong style='color: inherit;'>Ancho de Banda:<\/strong> 5 MHz.<\/li>\n<li style='margin-bottom: 5px; color: inherit;'><strong style='color: inherit;'>Potencia:<\/strong> 200 Watts.<\/li>\n<li style='margin-bottom: 5px; color: inherit;'><strong style='color: inherit;'>Conector:<\/strong> UHF Hembra.<\/li>\n<li style='margin-bottom: 5px; color: inherit;'><strong style='color: inherit;'>Longitud:<\/strong> 1.7 m.<\/li>\n<li style='margin-bottom: 5px; color: inherit;'><strong style='color: inherit;'>Peso:<\/strong> 1.1 Kg.<\/li>\n<li style='margin-bottom: 5px; color: inherit;'><strong style='color: inherit;'>Resistencia al viento:<\/strong> 217 km\/h.<\/li>\n<\/ul><\/div>\n<\/p><\/div>\n<\/p><\/div>\n<\/p><\/div>\n","protected":false},"excerpt":{"rendered":"<p>Antena para base\/repetidor de fibra de vidrio para VHF  de 1 secci\u00f3n a 5\/8 de onda<\/p>\n","protected":false},"featured_media":70057,"comment_status":"open","ping_status":"closed","template":"","meta":[],"product_brand":[],"product_cat":[1686],"product_tag":[1404,1687,560],"class_list":{"0":"post-70058","1":"product","2":"type-product","3":"status-publish","4":"has-post-thumbnail","6":"product_cat-estaciones-base-y-repetidores","7":"product_tag-antenas","8":"product_tag-estaciones-base-y-repetidores","9":"product_tag-txpro","11":"first","12":"outofstock","13":"sale","14":"shipping-taxable","15":"purchasable","16":"product-type-simple"},"_links":{"self":[{"href":"https:\/\/soydeaqui.ddns.net\/pachuca\/index.php\/wp-json\/wp\/v2\/product\/70058","targetHints":{"allow":["GET"]}}],"collection":[{"href":"https:\/\/soydeaqui.ddns.net\/pachuca\/index.php\/wp-json\/wp\/v2\/product"}],"about":[{"href":"https:\/\/soydeaqui.ddns.net\/pachuca\/index.php\/wp-json\/wp\/v2\/types\/product"}],"replies":[{"embeddable":true,"href":"https:\/\/soydeaqui.ddns.net\/pachuca\/index.php\/wp-json\/wp\/v2\/comments?post=70058"}],"wp:featuredmedia":[{"embeddable":true,"href":"https:\/\/soydeaqui.ddns.net\/pachuca\/index.php\/wp-json\/wp\/v2\/media\/70057"}],"wp:attachment":[{"href":"https:\/\/soydeaqui.ddns.net\/pachuca\/index.php\/wp-json\/wp\/v2\/media?parent=70058"}],"wp:term":[{"taxonomy":"product_brand","embeddable":true,"href":"https:\/\/soydeaqui.ddns.net\/pachuca\/index.php\/wp-json\/wp\/v2\/product_brand?post=70058"},{"taxonomy":"product_cat","embeddable":true,"href":"https:\/\/soydeaqui.ddns.net\/pachuca\/index.php\/wp-json\/wp\/v2\/product_cat?post=70058"},{"taxonomy":"product_tag","embeddable":true,"href":"https:\/\/soydeaqui.ddns.net\/pachuca\/index.php\/wp-json\/wp\/v2\/product_tag?post=70058"}],"curies":[{"name":"wp","href":"https:\/\/api.w.org\/{rel}","templated":true}]}}