{"id":70013,"date":"2026-03-19T11:08:50","date_gmt":"2026-03-19T11:08:50","guid":{"rendered":"https:\/\/soydeaqui.ddns.net\/pachuca\/index.php\/producto\/kit-amplificador-de-senal-celular-home-complete-reacondicionado-para-la-venta-en-latam-equipo-totalmente-nuevo-no-ha-sido-reparado-mejora-la-senal-celular-de-todos-los-operadores-cubre-areas-d\/"},"modified":"2026-03-19T11:09:09","modified_gmt":"2026-03-19T11:09:09","slug":"kit-amplificador-de-senal-celular-home-complete-reacondicionado-para-la-venta-en-latam-equipo-totalmente-nuevo-no-ha-sido-reparado-mejora-la-senal-celular-de-todos-los-operadores-cubre-areas-d","status":"publish","type":"product","link":"https:\/\/soydeaqui.ddns.net\/pachuca\/index.php\/producto\/kit-amplificador-de-senal-celular-home-complete-reacondicionado-para-la-venta-en-latam-equipo-totalmente-nuevo-no-ha-sido-reparado-mejora-la-senal-celular-de-todos-los-operadores-cubre-areas-d\/","title":{"rendered":"KIT Amplificador de Se\u00f1al Celular, HOME COMPLETE Reacondicionado para la venta en LATAM (equipo totalmente nuevo, no ha sido reparado) | Mejora la Se\u00f1al Celular de todos los Operadores | Cubre \u00e1reas de hasta 2780 metros cuadra"},"content":{"rendered":"<div style='width: 100%; max-width: 1200px; margin: 0 auto; font-family: sans-serif; line-height: 1.6; color: inherit; background-color: transparent;'> <!-- T\u00edtulo principal --> <\/p>\n<div style='text-align: center; margin-bottom: 20px;'>\n<h1 style='font-size: 24px; margin: 0 0 10px; font-weight: 600; color: inherit;'> <span style='color: #2880b9;'><strong>HOME COMPLETE <\/strong><\/span> <em style='font-size: 0.9em; color: inherit;'>Reacondicionado<\/em> <\/h1>\n<p style='margin: 0; font-size: 14px; color: inherit; opacity: 0.8;'> \u00a1KIT Amplificador que mejora la se\u00f1al celular de todos los Operadores de M\u00e9xico! <\/p>\n<\/p><\/div>\n<p> <!-- Descripci\u00f3n principal --> <\/p>\n<div style='margin-bottom: 30px; font-size: 15px; color: inherit;'>\n<p>El amplificador de se\u00f1al celular weBoost <strong>Home Complete RE<\/strong>&comma; ofrece el mejor desempe\u00f1o de su clase en su gama de precios.<\/p>\n<p>El Home Complete RE ofrece a los propietarios de casas la capacidad de mejorar las velocidades de las redes de todos los operadores de telefon\u00eda m\u00f3vil en una gran vivienda de hasta 2&comma;780 m\u00b2.<\/p>\n<p>El amplificador Home Complete RE y la antena interior est\u00e1n dise\u00f1ados para complementar la decoraci\u00f3n contempor\u00e1nea. Para una instalaci\u00f3n f\u00e1cil y versatilidad&comma; los soportes de pared para el amplificador y la antena interior pueden asegurarse con las tiras 3M\u00ae Command\u2122 incluidas o usando tornillos (no incluidos). La antena interior cuenta tambi\u00e9n con un pie de apoyo incorporado para colocaci\u00f3n opcional en estante.<\/p>\n<p>Con puertos para la antena donante y la antena de servicio en la parte superior de la unidad del amplificador&comma; el Home Complete RE ayuda a priorizar el acceso por cable y la organizaci\u00f3n.<\/p>\n<p>Los usuarios disfrutar\u00e1n de velocidades de datos m\u00e1s r\u00e1pidas&comma; mejor calidad de voz&comma; menos llamadas interrumpidas y capacidad superior de streaming.<\/p>\n<p>Incluye una gu\u00eda de instalaci\u00f3n y una <strong>garant\u00eda del fabricante de 1 a\u00f1o<\/strong>.<\/p>\n<\/p><\/div>\n<p> <!-- Incluye --> <\/p>\n<div style='margin-bottom: 30px; font-size: 15px; color: inherit;'>\n<h3 style='font-size: 18px; margin-top: 0; margin-bottom: 15px; color: inherit; border-bottom: 2px solid currentColor; padding-bottom: 5px; opacity: 0.8;'>Contenido del Kit<\/h3>\n<p>Cada amplificador viene con todo lo que necesita para una instalaci\u00f3n completa&comma; que incluye una antena interior&comma; una antena exterior&comma; cables coaxiales y una fuente de alimentaci\u00f3n.<\/p>\n<\/p><\/div>\n<p> <!-- Caracter\u00edsticas --> <\/p>\n<div style='margin-bottom: 30px;'>\n<div style='display: flex; flex-wrap: wrap; gap: 20px;'>\n<div style='flex: 1 1 300px; min-width: 280px;'>\n<div style='border: 1px solid rgba(150&comma; 150&comma; 150&comma; 0.4); border-radius: 8px; padding: 15px;'>\n<h4 style='margin-top: 0; margin-bottom: 10px; font-size: 16px; color: inherit; opacity: 0.8;'>Caracter\u00edsticas<\/h4>\n<ul style='padding-left: 20px; margin: 0; font-size: 14px; list-style-type: disc; color: inherit;'>\n<li style='margin-bottom: 5px;'>Aumenta las velocidades de todas las redes disponibles y proporciona una cobertura mejorada de la se\u00f1al celular<\/li>\n<li style='margin-bottom: 5px;'>Amigable atenci\u00f3n al cliente por parte de SYSCOM<\/li>\n<li style='margin-bottom: 5px;'>Todos los componentes necesarios para la instalaci\u00f3n en un solo paquete<\/li>\n<li style='margin-bottom: 5px;'>Equipo dise\u00f1ado exclusivamente para M\u00e9xico y LATAM<\/li>\n<\/ul><\/div>\n<\/p><\/div>\n<p> <!-- Beneficios --> <\/p>\n<div style='flex: 1 1 300px; min-width: 280px;'>\n<div style='border: 1px solid rgba(150&comma; 150&comma; 150&comma; 0.4); border-radius: 8px; padding: 15px;'>\n<h4 style='margin-top: 0; margin-bottom: 10px; font-size: 16px; color: inherit; opacity: 0.8;'>Beneficios<\/h4>\n<ul style='padding-left: 20px; margin: 0; font-size: 14px; list-style-type: disc; color: inherit;'>\n<li style='margin-bottom: 5px;'>Se\u00f1al de voz y datos celular mejorada en interiores<\/li>\n<li style='margin-bottom: 5px;'>Se\u00f1al de celular confiable y velocidades de datos m\u00e1s consistentes<\/li>\n<li style='margin-bottom: 5px;'>Descargas de datos m\u00e1s r\u00e1pidas<\/li>\n<li style='margin-bottom: 5px;'>Hasta 2 horas adicionales de tiempo de conversaci\u00f3n en \u00e1reas de se\u00f1al d\u00e9bil<\/li>\n<\/ul><\/div>\n<\/p><\/div>\n<\/p><\/div>\n<\/p><\/div>\n<p> <!-- Im\u00e1genes comparativas --> <\/p>\n<div style='margin-bottom: 30px;'>\n<div style='display: flex; flex-wrap: wrap; gap: 20px;'>\n<div style='flex: 1 1 100%; border: 1px solid rgba(150&comma; 150&comma; 150&comma; 0.3); border-radius: 15px; margin-bottom: 20px; overflow: hidden;'>\n<h2 style='margin: 0; padding: 15px; background-color: rgba(255&comma; 255&comma; 255&comma; 0.05); text-align: center; color: inherit; font-size: 18px; font-weight: 600;'>Sin weBoost<\/h2>\n<p> <img style='width: 100%; height: auto; border: none; border-radius: 0;' src='https:\/\/ftp3.syscom.mx\/usuarios\/ftp\/single_page\/amplificadores\/WP_No-Signal_02[1].gif' alt='Comparaci\u00f3n de se\u00f1al sin amplificador'> <\/div>\n<div style='flex: 1 1 100%; border: 1px solid rgba(150&comma; 150&comma; 150&comma; 0.3); border-radius: 15px; margin-bottom: 20px; overflow: hidden;'>\n<h2 style='margin: 0; padding: 15px; background-color: rgba(255&comma; 255&comma; 255&comma; 0.05); text-align: center; color: inherit; font-size: 18px; font-weight: 600;'>Con weBoost<\/h2>\n<p> <img style='width: 100%; height: auto; border: none; border-radius: 0;' src='https:\/\/ftp3.syscom.mx\/usuarios\/ftp\/single_page\/amplificadores\/WP_Good-Signal_03[2].gif' alt='Comparaci\u00f3n de se\u00f1al con amplificador'> <\/div>\n<\/p><\/div>\n<\/p><\/div>\n<p> <!-- Incluye detalles --> <\/p>\n<div style='margin-bottom: 30px; font-size: 15px; color: inherit;'>\n<h3 style='font-size: 18px; margin-top: 0; margin-bottom: 15px; color: inherit; border-bottom: 2px solid currentColor; padding-bottom: 5px; opacity: 0.8;'>Contenido del Kit<\/h3>\n<p>El Kit HOME COMPLETE RE incluye: Amplificador de se\u00f1al&comma; antena interior tipo panel con montaje para pared&comma; fuente de alimentaci\u00f3n CA a CD&comma; antena exterior tipo direccional con montaje para tubo&comma; jumper de cable coaxial tipo RG11 de 18&comma;29 m y jumper de cable coaxial tipo RG11 de 22&comma;86 m.<\/p>\n<\/p><\/div>\n<p> <!-- Especificaciones --> <\/p>\n<div style='margin-bottom: 30px;'>\n<div style='border: 1px solid rgba(150&comma; 150&comma; 150&comma; 0.4); border-radius: 8px; overflow: hidden;'>\n<div style='padding: 15px; background-color: rgba(255&comma; 255&comma; 255&comma; 0.05); border-bottom: 1px solid rgba(150&comma; 150&comma; 150&comma; 0.2);'>\n<h3 style='margin: 0; font-size: 18px; color: inherit;'>Especificaciones<\/h3>\n<\/p><\/div>\n<div style='padding: 15px;'>\n<ul style='padding-left: 20px; margin: 0; font-size: 14px; list-style-type: disc; color: inherit;'>\n<li style='margin-bottom: 8px;'><strong>Modelo:<\/strong> 530-145 RE<\/li>\n<li style='margin-bottom: 8px;'><strong>Bandas:<\/strong> 5&comma; 2 y 4<\/li>\n<li style='margin-bottom: 8px;'><strong>Bandas de Frecuencias:<\/strong> 850 MHz&comma; 1900 MHz y 2100 MHz<\/li>\n<li style='margin-bottom: 8px;'><strong>Ganancia M\u00e1xima:<\/strong> 72 dB<\/li>\n<li style='margin-bottom: 8px;'><strong>Impedancia:<\/strong> 75 Ohm<\/li>\n<li style='margin-bottom: 8px;'><strong>Alimentaci\u00f3n:<\/strong> 100-240 Vca&comma; 50-60 Hz&comma; 36 W<\/li>\n<li style='margin-bottom: 8px;'><strong>Conectores:<\/strong> F hembra<\/li>\n<li style='margin-bottom: 8px;'><strong>Dimensiones del Amplificador:<\/strong> 20.95 x 15.24 x 6.09 cm<\/li>\n<li style='margin-bottom: 8px;'><strong>Peso del Amplificador:<\/strong> 0.703 kg<\/li>\n<\/ul><\/div>\n<\/p><\/div>\n<\/p><\/div>\n<p> <!-- Imagen de cobertura --> <\/p>\n<div style='margin-bottom: 30px;'>\n<div style='text-align: center; margin-bottom: 20px;'>\n<h3 style='margin: 0 0 15px; font-size: 16px; color: inherit; opacity: 0.8;'>La potencia del amplificador es gracias a la se\u00f1al que le entra.<\/h3>\n<p> <img style='width: 100%; height: auto; border: 1px solid rgba(150&comma;150&comma;150&comma;0.3); border-radius: 8px;' src='https:\/\/ftp3.syscom.mx\/usuarios\/amarquez\/AdSC\/Fotos%20y%20diagramas%20para%20determinar%20cobertura%20estimada..png' alt='Tabla de cobertura estimada'> <\/div>\n<\/p><\/div>\n<p> <!-- Videos de apoyo --> <\/p>\n<div style='margin-bottom: 30px;'>\n<h3 style='font-size: 18px; margin-top: 0; margin-bottom: 20px; color: inherit; border-bottom: 2px solid currentColor; padding-bottom: 5px; opacity: 0.8;'>Videos de Apoyo<\/h3>\n<p> <!-- Video 1 --> <\/p>\n<div style='margin-bottom: 25px;'>\n<div style='position: relative; padding-bottom: 56.25%; height: 0; overflow: hidden;'>   <\/div>\n<p style='margin-top: 10px; font-size: 14px; color: inherit;'>\u00bfPor qu\u00e9 se pierden llamadas en su celular?<\/p>\n<\/p><\/div>\n<p> <!-- Video 2 --> <\/p>\n<div style='margin-bottom: 25px;'>\n<div style='position: relative; padding-bottom: 56.25%; height: 0; overflow: hidden;'>   <\/div>\n<p style='margin-top: 10px; font-size: 14px; color: inherit;'>\u00bfC\u00f3mo funciona un sistema de amplificador de se\u00f1al celular?<\/p>\n<\/p><\/div>\n<p> <!-- Video 3 --> <\/p>\n<div style='margin-bottom: 25px;'>\n<div style='position: relative; padding-bottom: 56.25%; height: 0; overflow: hidden;'>   <\/div>\n<p style='margin-top: 10px; font-size: 14px; color: inherit;'>\u00bfPor qu\u00e9 var\u00eda el \u00e1rea de cobertura celular?<\/p>\n<\/p><\/div>\n<\/p><\/div>\n<p> <!-- Notas importantes --> <\/p>\n<div style='margin-bottom: 30px;'>\n<div style='border: 1px solid rgba(150&comma; 150&comma; 150&comma; 0.4); border-radius: 8px; padding: 15px; background-color: rgba(255&comma; 255&comma; 255&comma; 0.02);'>\n<h3 style='margin-top: 0; margin-bottom: 15px; font-size: 16px; color: inherit; border-bottom: 1px solid rgba(150&comma; 150&comma; 150&comma; 0.2); padding-bottom: 5px; opacity: 0.8;'>NOTAS:<\/h3>\n<ul style='padding-left: 20px; margin: 0; font-size: 14px; list-style-type: square; color: inherit;'>\n<li style='margin-bottom: 5px;'>Instale el kit amplificador de acuerdo al manual de usuario o gu\u00eda de instalaci\u00f3n<\/li>\n<li style='margin-bottom: 5px;'>Use el kit amplificador para lo que est\u00e1 dise\u00f1ado<\/li>\n<li style='margin-bottom: 5px;'>Si tiene dudas contacte nuestro departamento de Ingenier\u00eda Radiocomunicaci\u00f3n<\/li>\n<li style='margin-bottom: 5px;'>Una mala instalaci\u00f3n o mal uso de este sistema puede provocar interferencia<\/li>\n<\/ul><\/div>\n<\/p><\/div>\n<\/p><\/div>\n","protected":false},"excerpt":{"rendered":"<p>KIT Amplificador de Se\u00f1al Celular, HOME COMPLETE Reacondicionado para la venta en LATAM (equipo totalmente nuevo, no ha sido reparado) | Mejora la Se\u00f1al Celular de todos los Operadores | Cubre \u00e1reas de hasta 2780 metros cuadra<\/p>\n","protected":false},"featured_media":70012,"comment_status":"open","ping_status":"closed","template":"","meta":[],"product_brand":[],"product_cat":[1570,1552],"product_tag":[1535,1571,1553,1525],"class_list":{"0":"post-70013","1":"product","2":"type-product","3":"status-publish","4":"has-post-thumbnail","6":"product_cat-amplificadores-de-senal-celular-adsc","7":"product_cat-cobertura-para-celular-4g-lte","8":"product_tag-3g-y-voz","9":"product_tag-amplificadores-de-senal-celular-adsc","10":"product_tag-cobertura-para-celular-4g-lte","11":"product_tag-wilsonpro-weboost","13":"first","14":"outofstock","15":"sale","16":"shipping-taxable","17":"purchasable","18":"product-type-simple"},"_links":{"self":[{"href":"https:\/\/soydeaqui.ddns.net\/pachuca\/index.php\/wp-json\/wp\/v2\/product\/70013","targetHints":{"allow":["GET"]}}],"collection":[{"href":"https:\/\/soydeaqui.ddns.net\/pachuca\/index.php\/wp-json\/wp\/v2\/product"}],"about":[{"href":"https:\/\/soydeaqui.ddns.net\/pachuca\/index.php\/wp-json\/wp\/v2\/types\/product"}],"replies":[{"embeddable":true,"href":"https:\/\/soydeaqui.ddns.net\/pachuca\/index.php\/wp-json\/wp\/v2\/comments?post=70013"}],"wp:featuredmedia":[{"embeddable":true,"href":"https:\/\/soydeaqui.ddns.net\/pachuca\/index.php\/wp-json\/wp\/v2\/media\/70012"}],"wp:attachment":[{"href":"https:\/\/soydeaqui.ddns.net\/pachuca\/index.php\/wp-json\/wp\/v2\/media?parent=70013"}],"wp:term":[{"taxonomy":"product_brand","embeddable":true,"href":"https:\/\/soydeaqui.ddns.net\/pachuca\/index.php\/wp-json\/wp\/v2\/product_brand?post=70013"},{"taxonomy":"product_cat","embeddable":true,"href":"https:\/\/soydeaqui.ddns.net\/pachuca\/index.php\/wp-json\/wp\/v2\/product_cat?post=70013"},{"taxonomy":"product_tag","embeddable":true,"href":"https:\/\/soydeaqui.ddns.net\/pachuca\/index.php\/wp-json\/wp\/v2\/product_tag?post=70013"}],"curies":[{"name":"wp","href":"https:\/\/api.w.org\/{rel}","templated":true}]}}