{"id":70006,"date":"2026-03-19T11:08:35","date_gmt":"2026-03-19T11:08:35","guid":{"rendered":"https:\/\/soydeaqui.ddns.net\/pachuca\/index.php\/producto\/kit-amplificador-de-senal-celular-4-5g-lte-3g-y-voz-funciona-con-todos-los-operadores-soporta-multiples-dispositivos-y-tecnologias-hasta-1000-metros-cuadrados-de-cobertura\/"},"modified":"2026-03-19T11:08:47","modified_gmt":"2026-03-19T11:08:47","slug":"kit-amplificador-de-senal-celular-4-5g-lte-3g-y-voz-funciona-con-todos-los-operadores-soporta-multiples-dispositivos-y-tecnologias-hasta-1000-metros-cuadrados-de-cobertura","status":"publish","type":"product","link":"https:\/\/soydeaqui.ddns.net\/pachuca\/index.php\/producto\/kit-amplificador-de-senal-celular-4-5g-lte-3g-y-voz-funciona-con-todos-los-operadores-soporta-multiples-dispositivos-y-tecnologias-hasta-1000-metros-cuadrados-de-cobertura\/","title":{"rendered":"Kit Amplificador de Se\u00f1al Celular 4.5G LTE, 3G y Voz. Funciona con Todos los Operadores. Soporta M\u00faltiples Dispositivos y Tecnolog\u00edas. Hasta 1000 metros cuadrados de Cobertura"},"content":{"rendered":"<div style='width: 100%; max-width: 1200px; margin: 0 auto; font-family: sans-serif; line-height: 1.6; color: inherit; background-color: transparent;'> <!-- Secci\u00f3n de t\u00edtulo --> <\/p>\n<div style='margin-bottom: 30px;'>\n<h3 style='font-size: 22px; border-bottom: 2px solid currentColor; padding-bottom: 5px; margin-top: 0; color: inherit; opacity: 0.8;'>Kit de amplificador de se\u00f1al celular 4.5G LTE para Casa u Oficina. Multiusuario. Tribanda. Multitecnolog\u00edas.<\/h3>\n<h3 style='font-size: 18px; margin-top: 15px; margin-bottom: 15px; color: inherit;'>Soporta m\u00faltiples usuarios&comma; tecnolog\u00edas&comma; operadores y amplifica la intensidad de se\u00f1al de tres bandas de frecuencia. \u00a1TODO al mismo tiempo!<\/h3>\n<\/p><\/div>\n<p> <!-- Secci\u00f3n de caracter\u00edsticas principales --> <\/p>\n<div style='margin-bottom: 30px;'>\n<h3 style='font-size: 18px; margin-top: 0; margin-bottom: 15px; color: inherit;'>Caracter\u00edsticas principales:<\/h3>\n<ul style='padding-left: 20px; font-size: 15px; color: inherit; list-style-type: disc;'>\n<li style='margin-bottom: 5px;'>Repite y amplifica la se\u00f1al celular para mejorar la Voz y los Datos del 4.5G y 3G de su dispositivo celular.<\/li>\n<li style='margin-bottom: 5px;'>Reduce las llamadas perdidas y entrecortadas.<\/li>\n<li style='margin-bottom: 5px;'>Cubre de 3 a 5 habitaciones o hasta 1000 metros cuadrados.<\/li>\n<li style='margin-bottom: 5px;'>Incrementa el nivel de se\u00f1al y extiende la carga de la bater\u00eda.<\/li>\n<li style='margin-bottom: 5px;'>Soporta m\u00faltiples dispositivos simult\u00e1neamente.<\/li>\n<li style='margin-bottom: 5px;'>Muy f\u00e1cil y sencillo de instalar.<\/li>\n<\/ul><\/div>\n<p> <!-- Secci\u00f3n de contenido del kit --> <\/p>\n<div style='margin-bottom: 30px;'>\n<h3 style='font-size: 18px; margin-top: 0; margin-bottom: 15px; color: inherit;'>El kit incluye pr\u00e1cticamente lo que usted necesita para mejorar o crear una zona celular:<\/h3>\n<ul style='padding-left: 20px; font-size: 15px; color: inherit; list-style-type: disc;'>\n<li style='margin-bottom: 5px;'>Un amplificador de Triple Banda (B5|850 MHz&comma; B2|1900 MHz y B7|2600 MHz)<\/li>\n<li style='margin-bottom: 5px;'>Una antena logar\u00edtmica. Para exterior.<\/li>\n<li style='margin-bottom: 5px;'>Una antena omnidireccional tipo domo. Para interior.<\/li>\n<li style='margin-bottom: 5px;'>Un Jumper coaxial con cable tipo LMR-300 de 15 metros y conectores N macho.<\/li>\n<li style='margin-bottom: 5px;'>Un Jumper coaxial con cable tipo LMR-300 de 5 metros y conectores N macho.<\/li>\n<li style='margin-bottom: 5px;'>Fuente de alimentaci\u00f3n para el amplificador.<\/li>\n<\/ul><\/div>\n<p> <!-- Informaci\u00f3n adicional --> <\/p>\n<div style='margin-bottom: 30px;'>\n<p style='margin-bottom: 15px; color: inherit;'>El amplificador cuenta con un Display (LCD) con el que puede observar la intensidad de se\u00f1al de entrada as\u00ed como la de salida&comma; lo cual le ayudar\u00e1 a obtener el m\u00e1ximo rendimiento del sistema.<\/p>\n<\/p><\/div>\n<p> <!-- Secci\u00f3n de especificaciones --> <\/p>\n<div style='margin-bottom: 30px;'>\n<h3 style='font-size: 18px; margin-top: 0; margin-bottom: 15px; color: inherit;'>Especificaciones principales:<\/h3>\n<ul style='padding-left: 20px; font-size: 15px; color: inherit; list-style-type: disc;'>\n<li style='margin-bottom: 5px;'><strong style='color: inherit;'>Bandas de frecuencia que amplifica:<\/strong> 850 MHz&comma; 1900 MHz y 2600 MHz&comma; Bandas 5&comma; 2 y 7 respectivamente.<\/li>\n<li style='margin-bottom: 5px;'><strong style='color: inherit;'>Rango de frecuencia Down Link:<\/strong> 869-894 MHz&comma; 1930-1990 MHz y 2620-2690 MHz<\/li>\n<li style='margin-bottom: 5px;'><strong style='color: inherit;'>Rango de frecuencia Up Link:<\/strong> 824-849 MHz&comma; 1850-1910 MHz y 2500-2570 MHz<\/li>\n<li style='margin-bottom: 5px;'><strong style='color: inherit;'>Ganancia:<\/strong> 70 dB \u00b1 2 dB<\/li>\n<li style='margin-bottom: 5px;'><strong style='color: inherit;'>Potencia de salida:<\/strong> 20 dBm \u00b1 2 dBm<\/li>\n<li style='margin-bottom: 5px;'><strong style='color: inherit;'>Consumo:<\/strong> <24W<\/li>\n<li style='margin-bottom: 5px;'><strong style='color: inherit;'>Voltaje de operaci\u00f3n:<\/strong> 12 Vcc&comma; 3A.<\/li>\n<li style='margin-bottom: 5px;'><strong style='color: inherit;'>Rango de temperatura:<\/strong> -10\u00b0C~+55\u00b0C<\/li>\n<li style='margin-bottom: 5px;'><strong style='color: inherit;'>Conectores:<\/strong> N hembra<\/li>\n<li style='margin-bottom: 5px;'><strong style='color: inherit;'>Dimensiones del amplificador:<\/strong> 253 x 178 x 59 mm<\/li>\n<li style='margin-bottom: 5px;'><strong style='color: inherit;'>Peso:<\/strong> <2.4 kg<\/li>\n<\/ul><\/div>\n<p> <!-- Secci\u00f3n de notas --> <\/p>\n<div style='margin-bottom: 30px;'>\n<h3 style='font-size: 18px; margin-top: 0; margin-bottom: 15px; color: inherit;'>NOTAS:<\/h3>\n<ul style='padding-left: 20px; font-size: 15px; color: inherit; list-style-type: square;'>\n<li style='margin-bottom: 5px;'>Instale el kit amplificador de acuerdo al manual de usuario o gu\u00eda de instalaci\u00f3n.<\/li>\n<li style='margin-bottom: 5px;'>Use el kit amplificador para lo que est\u00e1 dise\u00f1ado.<\/li>\n<li style='margin-bottom: 5px;'>Si tiene dudas contacte nuestro departamento de Ingenier\u00eda Radiocomunicaci\u00f3n.<\/li>\n<li style='margin-bottom: 5px;'>Una mala instalaci\u00f3n o mal uso de este sistema puede provocar interferencia.<\/li>\n<\/ul><\/div>\n<p> <!-- Secci\u00f3n de imagen --> <\/p>\n<div style='margin-bottom: 30px;'> <img style='width: 100%; height: auto; border: 1px solid rgba(150&comma;150&comma;150&comma;0.3); border-radius: 8px;' src='https:\/\/ftp3.syscom.mx\/usuarios\/amarquez\/AdSC\/Fotos%20y%20diagramas%20para%20AdSC\/Tabla%20para%20determinar%20cobertura%20estimada..png' alt=''> <\/div>\n<p> <!-- Separador --> <\/p>\n<hr style='border: 0; border-top: 1px solid rgba(150&comma; 150&comma; 150&comma; 0.3); margin: 30px 0;'> <\/div>\n","protected":false},"excerpt":{"rendered":"<p>Kit Amplificador de Se\u00f1al Celular 4.5G LTE, 3G y Voz. Funciona con Todos los Operadores. Soporta M\u00faltiples Dispositivos y Tecnolog\u00edas. Hasta 1000 metros cuadrados de Cobertura<\/p>\n","protected":false},"featured_media":70005,"comment_status":"open","ping_status":"closed","template":"","meta":[],"product_brand":[],"product_cat":[1570,1552],"product_tag":[1535,1571,1553,935],"class_list":{"0":"post-70006","1":"product","2":"type-product","3":"status-publish","4":"has-post-thumbnail","6":"product_cat-amplificadores-de-senal-celular-adsc","7":"product_cat-cobertura-para-celular-4g-lte","8":"product_tag-3g-y-voz","9":"product_tag-amplificadores-de-senal-celular-adsc","10":"product_tag-cobertura-para-celular-4g-lte","11":"product_tag-epcom","13":"first","14":"outofstock","15":"sale","16":"shipping-taxable","17":"purchasable","18":"product-type-simple"},"_links":{"self":[{"href":"https:\/\/soydeaqui.ddns.net\/pachuca\/index.php\/wp-json\/wp\/v2\/product\/70006","targetHints":{"allow":["GET"]}}],"collection":[{"href":"https:\/\/soydeaqui.ddns.net\/pachuca\/index.php\/wp-json\/wp\/v2\/product"}],"about":[{"href":"https:\/\/soydeaqui.ddns.net\/pachuca\/index.php\/wp-json\/wp\/v2\/types\/product"}],"replies":[{"embeddable":true,"href":"https:\/\/soydeaqui.ddns.net\/pachuca\/index.php\/wp-json\/wp\/v2\/comments?post=70006"}],"wp:featuredmedia":[{"embeddable":true,"href":"https:\/\/soydeaqui.ddns.net\/pachuca\/index.php\/wp-json\/wp\/v2\/media\/70005"}],"wp:attachment":[{"href":"https:\/\/soydeaqui.ddns.net\/pachuca\/index.php\/wp-json\/wp\/v2\/media?parent=70006"}],"wp:term":[{"taxonomy":"product_brand","embeddable":true,"href":"https:\/\/soydeaqui.ddns.net\/pachuca\/index.php\/wp-json\/wp\/v2\/product_brand?post=70006"},{"taxonomy":"product_cat","embeddable":true,"href":"https:\/\/soydeaqui.ddns.net\/pachuca\/index.php\/wp-json\/wp\/v2\/product_cat?post=70006"},{"taxonomy":"product_tag","embeddable":true,"href":"https:\/\/soydeaqui.ddns.net\/pachuca\/index.php\/wp-json\/wp\/v2\/product_tag?post=70006"}],"curies":[{"name":"wp","href":"https:\/\/api.w.org\/{rel}","templated":true}]}}