{"id":700,"date":"2026-03-18T05:42:59","date_gmt":"2026-03-18T05:42:59","guid":{"rendered":"https:\/\/soydeaqui.ddns.net\/pachuca\/index.php\/producto\/zigbee-contacto-magnetico-con-senal-inalambrica-zigbee\/"},"modified":"2026-03-18T05:43:02","modified_gmt":"2026-03-18T05:43:02","slug":"zigbee-contacto-magnetico-con-senal-inalambrica-zigbee","status":"publish","type":"product","link":"https:\/\/soydeaqui.ddns.net\/pachuca\/index.php\/producto\/zigbee-contacto-magnetico-con-senal-inalambrica-zigbee\/","title":{"rendered":"(ZigBee) Contacto magnetico con se\u00f1al inal\u00e1mbrica ZigBee"},"content":{"rendered":"<div style='width: 100%; max-width: 1200px; margin: 0 auto; font-family: sans-serif; line-height: 1.6; color: inherit; background-color: transparent;'> <!-- Imagen marca --> <\/p>\n<div style='margin-bottom: 30px;'> <img style='width: 100%; height: auto; border: 1px solid rgba(150&comma;150&comma;150&comma;0.3); border-radius: 8px;' src='https:\/\/ftp3.syscom.mx\/usuarios\/albamaria\/albamaria\/smarthomepoweredbyepcom\/smarthome-by-epcom.jpg' alt='Logo SmartHome by EPCOM'> <\/div>\n<p> <!-- Descripci\u00f3n general --> <\/p>\n<div style='margin-bottom: 30px;'>\n<p style='font-size: 15px; color: inherit; text-align: justify;'>El dispositivo ofrece un dise\u00f1o moderno y adaptable con instalaci\u00f3n sin herramientas y enlace inteligente. Asegura alta seguridad con un dise\u00f1o antidemolici\u00f3n&comma; y monitorea el bajo voltaje con funci\u00f3n r\u00e1pida. Su transmisi\u00f3n inal\u00e1mbrica ZigBee 3.0 es eficiente&comma; consume poca energ\u00eda y la bater\u00eda dura mucho tiempo. Adem\u00e1s&comma; env\u00eda informes peri\u00f3dicos al anfitri\u00f3n para un control continuo.<\/p>\n<\/p><\/div>\n<p> <!-- Caracter\u00edsticas principales --> <\/p>\n<div style='display: flex; flex-wrap: wrap; gap: 20px; margin-bottom: 30px;'>\n<div style='flex: 1 1 300px; min-width: 280px;'>\n<div style='border-left: 5px solid #0091ff; border-radius: 8px; padding: 15px; box-shadow: 2px 2px 10px rgba(216&comma;216&comma;216&comma;0.4); background-color: rgba(216&comma;216&comma;216&comma;0.1);'> <strong style='font-size: 16px; color: inherit; display: block; margin-bottom: 10px;'>Caracter\u00edsticas principales:<\/strong> <\/p>\n<ul style='padding-left: 20px; font-size: 14px; color: inherit; margin: 0;'>\n<li style='margin-bottom: 5px;'>Se\u00f1al inalambrica ZigBee 3.0<\/li>\n<li style='margin-bottom: 5px;'>Voltaje de funcionamiento: DC3V<\/li>\n<li style='margin-bottom: 5px;'>GAP Distancia de funcionamiento: > 35 mm (encendido) \/ < 25 mm (apagado)<\/li>\n<\/ul><\/div>\n<\/p><\/div>\n<div style='flex: 1 1 300px; min-width: 280px;'>\n<div style='border-left: 5px solid #0091ff; border-radius: 8px; padding: 15px; box-shadow: 2px 2px 10px rgba(216&comma;216&comma;216&comma;0.4); background-color: rgba(216&comma;216&comma;216&comma;0.1);'> <strong style='font-size: 16px; color: inherit; display: block; margin-bottom: 10px;'>Caracter\u00edsticas principales:<\/strong> <\/p>\n<ul style='padding-left: 20px; font-size: 14px; color: inherit; margin: 0;'>\n<li style='margin-bottom: 5px;'>Tipo de bater\u00eda: CR1632 x2<\/li>\n<li style='margin-bottom: 5px;'>M\u00e9todo de instalaci\u00f3n: cinta adhesiva<\/li>\n<\/ul><\/div>\n<\/p><\/div>\n<div style='flex: 1 1 300px; min-width: 280px;'>\n<div style='border-left: 5px solid #0091ff; border-radius: 8px; padding: 15px; box-shadow: 2px 2px 10px rgba(216&comma;216&comma;216&comma;0.4); background-color: rgba(216&comma;216&comma;216&comma;0.1);'> <strong style='font-size: 16px; color: inherit; display: block; margin-bottom: 10px;'>Caracter\u00edsticas principales:<\/strong> <\/p>\n<ul style='padding-left: 20px; font-size: 14px; color: inherit; margin: 0;'>\n<li style='margin-bottom: 5px;'>Temperatura de funcionamiento: -10 \u00b0C ~55 \u00b0C<\/li>\n<li style='margin-bottom: 5px;'>Humedad de funcionamiento: 0%~95% (sin condensaci\u00f3n)<\/li>\n<li style='margin-bottom: 5px;'>Tama\u00f1o del producto: 55&comma;6&#215;23&comma;5&#215;11&comma;5mm y 33&comma;6&#215;10&comma;6x11mm<\/li>\n<\/ul><\/div>\n<\/p><\/div>\n<\/p><\/div>\n<p> <!-- Diagrama de instalaci\u00f3n --> <\/p>\n<div style='margin-bottom: 30px;'> <img style='width: 100%; height: auto; border: 1px solid rgba(150&comma;150&comma;150&comma;0.3); border-radius: 8px; display: block; margin: 0 auto;' src='http:\/\/ftp3.syscom.mx\/usuarios\/mbarrio\/bll\/DiagramaSHS.JPG' alt='Diagrama de instalaci\u00f3n'> <\/div>\n<\/p><\/div>\n","protected":false},"excerpt":{"rendered":"<p>(ZigBee) Contacto magnetico con se\u00f1al inal\u00e1mbrica ZigBee<\/p>\n","protected":false},"featured_media":699,"comment_status":"open","ping_status":"closed","template":"","meta":[],"product_brand":[],"product_cat":[148],"product_tag":[30,149,187],"class_list":{"0":"post-700","1":"product","2":"type-product","3":"status-publish","4":"has-post-thumbnail","6":"product_cat-sensores-y-relevadores","7":"product_tag-automatizacion-casa-inteligente","8":"product_tag-sensores-y-relevadores","9":"product_tag-smarthome-by-epcom","11":"first","12":"instock","13":"sale","14":"shipping-taxable","15":"purchasable","16":"product-type-simple"},"_links":{"self":[{"href":"https:\/\/soydeaqui.ddns.net\/pachuca\/index.php\/wp-json\/wp\/v2\/product\/700","targetHints":{"allow":["GET"]}}],"collection":[{"href":"https:\/\/soydeaqui.ddns.net\/pachuca\/index.php\/wp-json\/wp\/v2\/product"}],"about":[{"href":"https:\/\/soydeaqui.ddns.net\/pachuca\/index.php\/wp-json\/wp\/v2\/types\/product"}],"replies":[{"embeddable":true,"href":"https:\/\/soydeaqui.ddns.net\/pachuca\/index.php\/wp-json\/wp\/v2\/comments?post=700"}],"wp:featuredmedia":[{"embeddable":true,"href":"https:\/\/soydeaqui.ddns.net\/pachuca\/index.php\/wp-json\/wp\/v2\/media\/699"}],"wp:attachment":[{"href":"https:\/\/soydeaqui.ddns.net\/pachuca\/index.php\/wp-json\/wp\/v2\/media?parent=700"}],"wp:term":[{"taxonomy":"product_brand","embeddable":true,"href":"https:\/\/soydeaqui.ddns.net\/pachuca\/index.php\/wp-json\/wp\/v2\/product_brand?post=700"},{"taxonomy":"product_cat","embeddable":true,"href":"https:\/\/soydeaqui.ddns.net\/pachuca\/index.php\/wp-json\/wp\/v2\/product_cat?post=700"},{"taxonomy":"product_tag","embeddable":true,"href":"https:\/\/soydeaqui.ddns.net\/pachuca\/index.php\/wp-json\/wp\/v2\/product_tag?post=700"}],"curies":[{"name":"wp","href":"https:\/\/api.w.org\/{rel}","templated":true}]}}