{"id":69997,"date":"2026-03-19T11:08:12","date_gmt":"2026-03-19T11:08:12","guid":{"rendered":"https:\/\/soydeaqui.ddns.net\/pachuca\/index.php\/producto\/tramo-de-5-metros-de-cable-coaxial-de-1-2-de-baja-perdida-lmr600-de-50-ohms\/"},"modified":"2026-03-19T11:08:14","modified_gmt":"2026-03-19T11:08:14","slug":"tramo-de-5-metros-de-cable-coaxial-de-1-2-de-baja-perdida-lmr600-de-50-ohms","status":"publish","type":"product","link":"https:\/\/soydeaqui.ddns.net\/pachuca\/index.php\/producto\/tramo-de-5-metros-de-cable-coaxial-de-1-2-de-baja-perdida-lmr600-de-50-ohms\/","title":{"rendered":"Tramo de 5 metros de Cable Coaxial de 1\/2&#8243; de Baja P\u00e9rdida, LMR600 de 50 Ohms"},"content":{"rendered":"<div style='width: 100%; max-width: 1200px; margin: 0 auto; font-family: sans-serif; line-height: 1.6; color: inherit; background-color: transparent;'> <!-- Secci\u00f3n de descripci\u00f3n --> <\/p>\n<div style='margin-bottom: 30px;'>\n<h3 style='font-size: 22px; border-bottom: 2px solid currentColor; padding-bottom: 5px; margin-top: 0; color: inherit; opacity: 0.8;'>Caracter\u00edsticas principales<\/h3>\n<p style='margin-top: 0; font-size: 15px; color: inherit;'>Cable Coaxial de 1\/2&#8242; 50 Ohm por Metro de Baja p\u00e9rdida&comma; Conductor Central de Aluminio S\u00f3lido<\/p>\n<ul style='padding-left: 20px; font-size: 15px; color: inherit;'>\n<li style='margin-bottom: 5px;'>Cable coaxial Times LMR de alto desempe\u00f1o.<\/li>\n<li style='margin-bottom: 5px;'>Dise\u00f1o superior con gran flexibilidad y baja p\u00e9rdida&comma; recomendado para una gran variedad de aplicaciones que requieran un cable RF de baja p\u00e9rdida y de f\u00e1cil instalaci\u00f3n.<\/li>\n<\/ul><\/div>\n<p> <!-- Secci\u00f3n de ventajas --> <\/p>\n<div style='margin-bottom: 30px;'>\n<h3 style='font-size: 22px; border-bottom: 2px solid currentColor; padding-bottom: 5px; margin-top: 0; color: inherit; opacity: 0.8;'>Ventajas<\/h3>\n<ul style='padding-left: 20px; font-size: 15px; color: inherit;'>\n<li style='margin-bottom: 5px;'>Desempe\u00f1o similar al ofrecido por cables de cobre corrugado.<\/li>\n<li style='margin-bottom: 5px;'>Flexibilidad superior.<\/li>\n<li style='margin-bottom: 5px;'>Mayor facilidad y rapidez de instalaci\u00f3n.<\/li>\n<li style='margin-bottom: 5px;'>Mejor blindaje y menor p\u00e9rdida comparado con otros cables del tipo RG.<\/li>\n<\/ul><\/div>\n<p> <!-- Secci\u00f3n de aplicaciones --> <\/p>\n<div style='margin-bottom: 30px;'>\n<h3 style='font-size: 22px; border-bottom: 2px solid currentColor; padding-bottom: 5px; margin-top: 0; color: inherit; opacity: 0.8;'>Aplicaciones<\/h3>\n<ul style='padding-left: 20px; font-size: 15px; color: inherit;'>\n<li style='margin-bottom: 5px;'>Instalaci\u00f3n de antenas.<\/li>\n<li style='margin-bottom: 5px;'>Instalaci\u00f3n de estaciones base en torres o m\u00e1stil.<\/li>\n<li style='margin-bottom: 5px;'>Jumpers para sistemas de comunicaci\u00f3n.<\/li>\n<li style='margin-bottom: 5px;'>Cualquier aplicaci\u00f3n como: sistemas de comunicaci\u00f3n v\u00eda radio&comma; GPS&comma; WiMax&comma; Satelital&comma; RF ID&comma; Sistemas DAS&comma; Etc.<\/li>\n<\/ul><\/div>\n<p> <!-- Secci\u00f3n de especificaciones --> <\/p>\n<div style='margin-bottom: 30px;'>\n<h3 style='font-size: 22px; border-bottom: 2px solid currentColor; padding-bottom: 5px; margin-top: 0; color: inherit; opacity: 0.8;'>Especificaciones<\/h3>\n<div style='display: flex; flex-wrap: wrap; gap: 20px;'>\n<div style='flex: 1 1 250px; border: 1px solid rgba(150&comma; 150&comma; 150&comma; 0.4); border-radius: 8px; overflow: hidden; display: flex; flex-direction: column;'>\n<div style='padding: 15px; border-bottom: 1px solid rgba(150&comma; 150&comma; 150&comma; 0.2); font-weight: bold; font-size: 18px; color: inherit;'>Caracter\u00edsticas el\u00e9ctricas<\/div>\n<div style='padding: 15px; color: inherit;'>\n<ul style='padding-left: 20px; margin: 0; font-size: 14px; list-style-type: disc;'>\n<li style='margin-bottom: 5px;'><strong>Impedancia:<\/strong> 50 Ohm<\/li>\n<li style='margin-bottom: 5px;'><strong>Factor de Velocidad:<\/strong> 87%<\/li>\n<li style='margin-bottom: 5px;'><strong>Atenuaci\u00f3n en 30 mts. a 450 MHz:<\/strong> 1.7 dB<\/li>\n<li style='margin-bottom: 5px;'><strong>Atenuaci\u00f3n en 30 mts. a 800 MHz:<\/strong> 2.3 dB<\/li>\n<li style='margin-bottom: 5px;'><strong>Frecuencia M\u00e1xima:<\/strong> 6 GHz<\/li>\n<li style='margin-bottom: 5px;'><strong>Potencia Nominal:<\/strong> 1.3 kW a 450 MHz<\/li>\n<\/ul><\/div>\n<\/p><\/div>\n<div style='flex: 1 1 250px; border: 1px solid rgba(150&comma; 150&comma; 150&comma; 0.4); border-radius: 8px; overflow: hidden; display: flex; flex-direction: column;'>\n<div style='padding: 15px; border-bottom: 1px solid rgba(150&comma; 150&comma; 150&comma; 0.2); font-weight: bold; font-size: 18px; color: inherit;'>Caracter\u00edsticas f\u00edsicas<\/div>\n<div style='padding: 15px; color: inherit;'>\n<ul style='padding-left: 20px; margin: 0; font-size: 14px; list-style-type: disc;'>\n<li style='margin-bottom: 5px;'><strong>Di\u00e1metro Exterior del Cable:<\/strong> 14.99 mm<\/li>\n<li style='margin-bottom: 5px;'><strong>Di\u00e1metro del Conductor Interno:<\/strong> 4.47 mm (AWG 5.5)<\/li>\n<li style='margin-bottom: 5px;'><strong>Radio M\u00ednimo de Doblez:<\/strong> 152.4 mm<\/li>\n<li style='margin-bottom: 5px;'><strong>Peso por metro:<\/strong> 0.2 Kg<\/li>\n<li style='margin-bottom: 5px;'><strong>Temperatura de Operaci\u00f3n:<\/strong> -40 \u00baC a +85 \u00baC<\/li>\n<\/ul><\/div>\n<\/p><\/div>\n<div style='flex: 1 1 250px; border: 1px solid rgba(150&comma; 150&comma; 150&comma; 0.4); border-radius: 8px; overflow: hidden; display: flex; flex-direction: column;'>\n<div style='padding: 15px; border-bottom: 1px solid rgba(150&comma; 150&comma; 150&comma; 0.2); font-weight: bold; font-size: 18px; color: inherit;'>Materiales<\/div>\n<div style='padding: 15px; color: inherit;'>\n<ul style='padding-left: 20px; margin: 0; font-size: 14px; list-style-type: disc;'>\n<li style='margin-bottom: 5px;'><strong>Material del Conductor Central:<\/strong> Aluminio s\u00f3lido recubierto de cobre<\/li>\n<li style='margin-bottom: 5px;'><strong>Blindaje:<\/strong> Malla Cobre Esta\u00f1ado + 100% Cinta Laminada de Aluminio<\/li>\n<li style='margin-bottom: 5px;'><strong>Aislamiento Diel\u00e9ctrico:<\/strong> Polietileno Espumado de Alta Densidad<\/li>\n<li style='margin-bottom: 5px;'><strong>Efectividad de Blindaje:<\/strong> mayor a 90 dB<\/li>\n<\/ul><\/div>\n<\/p><\/div>\n<\/p><\/div>\n<\/p><\/div>\n<p> <!-- Separador --> <\/p>\n<hr style='border: 0; border-top: 1px solid rgba(150&comma; 150&comma; 150&comma; 0.3); margin: 30px 0;'> <\/div>\n","protected":false},"excerpt":{"rendered":"<p>Tramo de 5 metros de Cable Coaxial de 1\/2&#8243; de Baja P\u00e9rdida, LMR600 de 50 Ohms<\/p>\n","protected":false},"featured_media":69996,"comment_status":"open","ping_status":"closed","template":"","meta":[],"product_brand":[],"product_cat":[1558],"product_tag":[138,1559,1306],"class_list":{"0":"post-69997","1":"product","2":"type-product","3":"status-publish","4":"has-post-thumbnail","6":"product_cat-coaxiales","7":"product_tag-cables","8":"product_tag-coaxiales","9":"product_tag-times-microwave","11":"first","12":"outofstock","13":"sale","14":"shipping-taxable","15":"purchasable","16":"product-type-simple"},"_links":{"self":[{"href":"https:\/\/soydeaqui.ddns.net\/pachuca\/index.php\/wp-json\/wp\/v2\/product\/69997","targetHints":{"allow":["GET"]}}],"collection":[{"href":"https:\/\/soydeaqui.ddns.net\/pachuca\/index.php\/wp-json\/wp\/v2\/product"}],"about":[{"href":"https:\/\/soydeaqui.ddns.net\/pachuca\/index.php\/wp-json\/wp\/v2\/types\/product"}],"replies":[{"embeddable":true,"href":"https:\/\/soydeaqui.ddns.net\/pachuca\/index.php\/wp-json\/wp\/v2\/comments?post=69997"}],"wp:featuredmedia":[{"embeddable":true,"href":"https:\/\/soydeaqui.ddns.net\/pachuca\/index.php\/wp-json\/wp\/v2\/media\/69996"}],"wp:attachment":[{"href":"https:\/\/soydeaqui.ddns.net\/pachuca\/index.php\/wp-json\/wp\/v2\/media?parent=69997"}],"wp:term":[{"taxonomy":"product_brand","embeddable":true,"href":"https:\/\/soydeaqui.ddns.net\/pachuca\/index.php\/wp-json\/wp\/v2\/product_brand?post=69997"},{"taxonomy":"product_cat","embeddable":true,"href":"https:\/\/soydeaqui.ddns.net\/pachuca\/index.php\/wp-json\/wp\/v2\/product_cat?post=69997"},{"taxonomy":"product_tag","embeddable":true,"href":"https:\/\/soydeaqui.ddns.net\/pachuca\/index.php\/wp-json\/wp\/v2\/product_tag?post=69997"}],"curies":[{"name":"wp","href":"https:\/\/api.w.org\/{rel}","templated":true}]}}