{"id":6997,"date":"2026-03-18T06:50:21","date_gmt":"2026-03-18T06:50:21","guid":{"rendered":"https:\/\/soydeaqui.ddns.net\/pachuca\/index.php\/producto\/receptor-uhf-para-4-microfonos-inalambricos-pantalla-lcd-de-cristal-liquido\/"},"modified":"2026-03-18T06:50:23","modified_gmt":"2026-03-18T06:50:23","slug":"receptor-uhf-para-4-microfonos-inalambricos-pantalla-lcd-de-cristal-liquido","status":"publish","type":"product","link":"https:\/\/soydeaqui.ddns.net\/pachuca\/index.php\/producto\/receptor-uhf-para-4-microfonos-inalambricos-pantalla-lcd-de-cristal-liquido\/","title":{"rendered":"Receptor UHF para 4 micr\u00f3fonos inal\u00e1mbricos \/ Pantalla LCD de cristal liquido"},"content":{"rendered":"<div style='width: 100%; max-width: 1200px; margin: 0 auto; font-family: sans-serif; line-height: 1.6; color: inherit; background-color: transparent;'>\n<div style='display: flex; flex-wrap: wrap; gap: 30px; margin-bottom: 30px;'>\n<div style='flex: 1 1 300px; min-width: 280px;'>\n<h3 style='font-size: 22px; border-bottom: 2px solid currentColor; padding-bottom: 5px; margin-top: 0; color: inherit; opacity: 0.8;'>Descripci\u00f3n<\/h3>\n<ul style='padding-left: 20px; font-size: 15px; color: inherit;'>\n<li style='margin-bottom: 5px;'>El sistema de micr\u00f3fono inal\u00e1mbrico de 4 canales consta de 4 conjuntos de m\u00f3dulos receptores UHF independientes con 100 frecuencias entre 700-900MHz.<\/li>\n<li style='margin-bottom: 5px;'>Est\u00e1 dise\u00f1ado para salas de conferencias&comma; escuelas&comma; iglesias y muchas otras aplicaciones en interiores.<\/li>\n<\/ul><\/div>\n<div style='flex: 1 1 300px; min-width: 280px;'>\n<h3 style='font-size: 22px; border-bottom: 2px solid currentColor; padding-bottom: 5px; margin-top: 0; color: inherit; opacity: 0.8;'>Caracter\u00edsticas Principales<\/h3>\n<ul style='padding-left: 20px; font-size: 15px; color: inherit;'>\n<li style='margin-bottom: 5px;'><strong>Modulaci\u00f3n:<\/strong> modulaci\u00f3n de frecuencia de banda ancha (FM)<\/li>\n<li style='margin-bottom: 5px;'><strong>Rango de frecuencia:<\/strong> UHF 700MHz ~ 900MHz<\/li>\n<li style='margin-bottom: 5px;'><strong>Estabilidad de frecuencia:<\/strong> \u00b1 25 kHz<\/li>\n<li style='margin-bottom: 5px;'><strong>SNR:<\/strong> > 105dB<\/li>\n<li style='margin-bottom: 5px;'><strong>Distorsi\u00f3n:<\/strong> <0.5%@1KHz<\/li>\n<li style='margin-bottom: 5px;'><strong>Tipo de micr\u00f3fono:<\/strong> capacitivo<\/li>\n<li style='margin-bottom: 5px;'><strong>Caracter\u00edsticas del punto:<\/strong> un solo punto<\/li>\n<li style='margin-bottom: 5px;'><strong>Consumo de energ\u00eda del micr\u00f3fono:<\/strong> 30 mA; rango din\u00e1mico: \u2265100dB<\/li>\n<li style='margin-bottom: 5px;'><strong>Relaci\u00f3n de interferencia de canal adyacente:<\/strong> > 80dB<\/li>\n<li style='margin-bottom: 5px;'><strong>Desviaci\u00f3n de frecuencia m\u00e1xima:<\/strong> \u00b1 50 kHz<\/li>\n<\/ul><\/div>\n<div style='flex: 1 1 300px; min-width: 280px;'>\n<h3 style='font-size: 22px; border-bottom: 2px solid currentColor; padding-bottom: 5px; margin-top: 0; color: inherit; opacity: 0.8;'>Especificaciones<\/h3>\n<ul style='padding-left: 20px; font-size: 15px; color: inherit;'>\n<li style='margin-bottom: 5px;'><strong>Modo de modulaci\u00f3n:<\/strong> PLL<\/li>\n<li style='margin-bottom: 5px;'><strong>Ancho de banda:<\/strong> 50 MHz<\/li>\n<li style='margin-bottom: 5px;'><strong>Canales:<\/strong> 200&comma; intervalo de canal 250 KHz<\/li>\n<li style='margin-bottom: 5px;'><strong>Estabilidad:<\/strong> \u00b1 0.0005%<\/li>\n<li style='margin-bottom: 5px;'><strong>Rango Din\u00e1mico:<\/strong> 100dB<\/li>\n<li style='margin-bottom: 5px;'><strong>Desviaci\u00f3n m\u00e1xima:<\/strong> \u00b1 80 KHz<\/li>\n<li style='margin-bottom: 5px;'><strong>Respuesta de frecuencia:<\/strong> 100Hz-15 KHz \u00b1 3dB<\/li>\n<li style='margin-bottom: 5px;'><strong>S\/N:<\/strong> >105dB<\/li>\n<li style='margin-bottom: 5px;'><strong>Distorsi\u00f3n:<\/strong> <0.5%<\/li>\n<li style='margin-bottom: 5px;'><strong>Temperatura de funcionamiento:<\/strong> -10 \u00b0C ~ 40 \u00b0C<\/li>\n<li style='margin-bottom: 5px;'><strong>T.H.D:<\/strong> <0.5% (a una desviaci\u00f3n de 10 kHz)<\/li>\n<li style='margin-bottom: 5px;'><strong>Fuente de alimentaci\u00f3n:<\/strong> DC 12V<\/li>\n<li style='margin-bottom: 5px;'><strong>Salida de audio:<\/strong> balanceado cada uno y mezclado no balanceado<\/li>\n<li style='margin-bottom: 5px;'><strong>Pantallas LCD:<\/strong> Tiempo de trabajo acumulado despu\u00e9s del reemplazo de la bater\u00eda&comma; frecuencia&comma; nivel de entrada de RF&comma; nivel de AF&comma; estado de la bater\u00eda&comma; nivel de RF de silenciamiento e informaci\u00f3n del canal inal\u00e1mbrico.<\/li>\n<\/ul><\/div>\n<\/p><\/div>\n<p> <!-- Separador --> <\/p>\n<hr style='border: 0; border-top: 1px solid rgba(150&comma; 150&comma; 150&comma; 0.3); margin: 30px 0;'> <\/div>\n","protected":false},"excerpt":{"rendered":"<p>Receptor UHF para 4 micr\u00f3fonos inal\u00e1mbricos \/ Pantalla LCD de cristal liquido<\/p>\n","protected":false},"featured_media":6996,"comment_status":"open","ping_status":"closed","template":"","meta":[],"product_brand":[],"product_cat":[108],"product_tag":[110,109],"class_list":{"0":"post-6997","1":"product","2":"type-product","3":"status-publish","4":"has-post-thumbnail","6":"product_cat-epcom-proaudio","7":"product_tag-epcom-proaudio","8":"product_tag-megafonia-y-audioevacuacion","10":"first","11":"outofstock","12":"sale","13":"shipping-taxable","14":"purchasable","15":"product-type-simple"},"_links":{"self":[{"href":"https:\/\/soydeaqui.ddns.net\/pachuca\/index.php\/wp-json\/wp\/v2\/product\/6997","targetHints":{"allow":["GET"]}}],"collection":[{"href":"https:\/\/soydeaqui.ddns.net\/pachuca\/index.php\/wp-json\/wp\/v2\/product"}],"about":[{"href":"https:\/\/soydeaqui.ddns.net\/pachuca\/index.php\/wp-json\/wp\/v2\/types\/product"}],"replies":[{"embeddable":true,"href":"https:\/\/soydeaqui.ddns.net\/pachuca\/index.php\/wp-json\/wp\/v2\/comments?post=6997"}],"wp:featuredmedia":[{"embeddable":true,"href":"https:\/\/soydeaqui.ddns.net\/pachuca\/index.php\/wp-json\/wp\/v2\/media\/6996"}],"wp:attachment":[{"href":"https:\/\/soydeaqui.ddns.net\/pachuca\/index.php\/wp-json\/wp\/v2\/media?parent=6997"}],"wp:term":[{"taxonomy":"product_brand","embeddable":true,"href":"https:\/\/soydeaqui.ddns.net\/pachuca\/index.php\/wp-json\/wp\/v2\/product_brand?post=6997"},{"taxonomy":"product_cat","embeddable":true,"href":"https:\/\/soydeaqui.ddns.net\/pachuca\/index.php\/wp-json\/wp\/v2\/product_cat?post=6997"},{"taxonomy":"product_tag","embeddable":true,"href":"https:\/\/soydeaqui.ddns.net\/pachuca\/index.php\/wp-json\/wp\/v2\/product_tag?post=6997"}],"curies":[{"name":"wp","href":"https:\/\/api.w.org\/{rel}","templated":true}]}}