{"id":69959,"date":"2026-03-19T11:06:51","date_gmt":"2026-03-19T11:06:51","guid":{"rendered":"https:\/\/soydeaqui.ddns.net\/pachuca\/index.php\/producto\/transceptor-ais-clase-b-incluye-antena-gps\/"},"modified":"2026-03-19T11:06:52","modified_gmt":"2026-03-19T11:06:52","slug":"transceptor-ais-clase-b-incluye-antena-gps","status":"publish","type":"product","link":"https:\/\/soydeaqui.ddns.net\/pachuca\/index.php\/producto\/transceptor-ais-clase-b-incluye-antena-gps\/","title":{"rendered":"Transceptor AIS clase B. Incluye Antena GPS"},"content":{"rendered":"<div style='width: 100%; max-width: 1200px; margin: 0 auto; font-family: sans-serif; line-height: 1.6; color: inherit; background-color: transparent;'>\n<div style='display: flex; flex-wrap: wrap; gap: 30px; margin-bottom: 30px;'>\n<div style='flex: 1 1 300px; min-width: 280px;'>\n<h3 style='font-size: 22px; border-bottom: 2px solid currentColor; padding-bottom: 5px; margin-top: 0; color: inherit; opacity: 0.8;'>Descripci\u00f3n<\/h3>\n<p style='margin-top: 0; font-size: 15px;'>AIS (Sistema Autom\u00e1tico de Identificaci\u00f3n) recibe informaci\u00f3n en tiempo real del tr\u00e1fico mar\u00edtimo emitido por embarcaciones AIS equipadas con equipo similar.<\/p>\n<\/p><\/div>\n<\/p><\/div>\n<div style='display: flex; flex-wrap: wrap; gap: 20px; margin-bottom: 30px;'>\n<div style='flex: 1 1 250px; border: 1px solid rgba(150&comma; 150&comma; 150&comma; 0.4); border-radius: 8px; overflow: hidden; display: flex; flex-direction: column;'>\n<div style='padding: 15px; border-bottom: 1px solid rgba(150&comma; 150&comma; 150&comma; 0.2); font-weight: bold; font-size: 18px; color: inherit;'>Caracter\u00edsticas<\/div>\n<div style='padding: 15px; color: inherit;'>\n<ul style='padding-left: 20px; margin: 0; font-size: 14px; list-style-type: disc;'>\n<li style='margin-bottom: 5px;'><span style='vertical-align: inherit;'>Pantalla a color de 4.3 &#8216;<\/span><\/li>\n<li style='margin-bottom: 5px;'><span style='vertical-align: inherit;'>Transmisor AIS clase B con potencia de salida de 2 W<\/span><\/li>\n<li style='margin-bottom: 5px;'><span style='vertical-align: inherit;'>Recibe de se\u00f1al AIS clase A y B<\/span><\/li>\n<li style='margin-bottom: 5px;'><span style='vertical-align: inherit;'>Modo nocturno para uso en la noche.<\/span><\/li>\n<li style='margin-bottom: 5px;'><span style='vertical-align: inherit;'>Conexi\u00f3n por medio de NMEA 2000 y NMEA 0183.<\/span><\/li>\n<li style='margin-bottom: 5px;'><span style='vertical-align: inherit;'>Navegaci\u00f3n simple e intuitiva.<\/span><\/li>\n<li style='margin-bottom: 5px;'><span style='vertical-align: inherit;'>Antena receptora de GPS incluida.<\/span><\/li>\n<li style='margin-bottom: 5px;'><span style='vertical-align: inherit;'>Memoria para hasta 100 puntos.<\/span><\/li>\n<li style='margin-bottom: 5px;'><span style='vertical-align: inherit;'>Protecci\u00f3n a prueba de agua IPX7<\/span><span style='vertical-align: inherit;'>(hasta 1 m de profundidad de agua durante 30 minutos; excepto conectores).<\/span><\/li>\n<li style='margin-bottom: 5px;'><span style='vertical-align: inherit;'>Funci\u00f3n de alarma de colisi\u00f3n.<\/span><\/li>\n<li style='margin-bottom: 5px;'><span style='vertical-align: inherit;'>Funci\u00f3n de hombre ca\u00eddo (MOB)<\/span><\/li>\n<\/ul><\/div>\n<\/p><\/div>\n<div style='flex: 1 1 250px; border: 1px solid rgba(150&comma; 150&comma; 150&comma; 0.4); border-radius: 8px; overflow: hidden; display: flex; flex-direction: column;'>\n<div style='padding: 15px; border-bottom: 1px solid rgba(150&comma; 150&comma; 150&comma; 0.2); font-weight: bold; font-size: 18px; color: inherit;'>Contenido<\/div>\n<div style='padding: 15px; color: inherit;'>\n<ul style='padding-left: 20px; margin: 0; font-size: 14px; list-style-type: disc;'>\n<li style='margin-bottom: 5px;'>Antena GPS<\/li>\n<li style='margin-bottom: 5px;'>Accesorios de instalaci\u00f3n.<\/li>\n<\/ul><\/div>\n<\/p><\/div>\n<div style='flex: 1 1 250px; border: 1px solid rgba(150&comma; 150&comma; 150&comma; 0.4); border-radius: 8px; overflow: hidden; display: flex; flex-direction: column;'>\n<div style='padding: 15px; border-bottom: 1px solid rgba(150&comma; 150&comma; 150&comma; 0.2); font-weight: bold; font-size: 18px; color: inherit;'>Especificaciones<\/div>\n<div style='padding: 15px; color: inherit;'>\n<ul style='padding-left: 20px; margin: 0; font-size: 14px; list-style-type: disc;'>\n<li style='margin-bottom: 5px;'><strong style='vertical-align: inherit;'>Dimensiones:<\/strong> <span style='vertical-align: inherit;'>166.2 x 110 x 80 mm<\/span><\/li>\n<li style='margin-bottom: 5px;'><strong style='vertical-align: inherit;'>Peso:<\/strong> <span style='vertical-align: inherit;'>0.68 Kg<\/span><\/li>\n<\/ul><\/div>\n<\/p><\/div>\n<\/p><\/div>\n<hr style='border: 0; border-top: 1px solid rgba(150&comma; 150&comma; 150&comma; 0.3); margin: 30px 0;'> <\/div>\n","protected":false},"excerpt":{"rendered":"<p>Transceptor AIS clase B. Incluye Antena GPS<\/p>\n","protected":false},"featured_media":69958,"comment_status":"open","ping_status":"closed","template":"","meta":[],"product_brand":[],"product_cat":[1526],"product_tag":[1288,1527,1172],"class_list":{"0":"post-69959","1":"product","2":"type-product","3":"status-publish","4":"has-post-thumbnail","6":"product_cat-sistema-de-navegacion","7":"product_tag-icom","8":"product_tag-sistema-de-navegacion","9":"product_tag-soluciones-marinas","11":"first","12":"instock","13":"sale","14":"shipping-taxable","15":"purchasable","16":"product-type-simple"},"_links":{"self":[{"href":"https:\/\/soydeaqui.ddns.net\/pachuca\/index.php\/wp-json\/wp\/v2\/product\/69959","targetHints":{"allow":["GET"]}}],"collection":[{"href":"https:\/\/soydeaqui.ddns.net\/pachuca\/index.php\/wp-json\/wp\/v2\/product"}],"about":[{"href":"https:\/\/soydeaqui.ddns.net\/pachuca\/index.php\/wp-json\/wp\/v2\/types\/product"}],"replies":[{"embeddable":true,"href":"https:\/\/soydeaqui.ddns.net\/pachuca\/index.php\/wp-json\/wp\/v2\/comments?post=69959"}],"wp:featuredmedia":[{"embeddable":true,"href":"https:\/\/soydeaqui.ddns.net\/pachuca\/index.php\/wp-json\/wp\/v2\/media\/69958"}],"wp:attachment":[{"href":"https:\/\/soydeaqui.ddns.net\/pachuca\/index.php\/wp-json\/wp\/v2\/media?parent=69959"}],"wp:term":[{"taxonomy":"product_brand","embeddable":true,"href":"https:\/\/soydeaqui.ddns.net\/pachuca\/index.php\/wp-json\/wp\/v2\/product_brand?post=69959"},{"taxonomy":"product_cat","embeddable":true,"href":"https:\/\/soydeaqui.ddns.net\/pachuca\/index.php\/wp-json\/wp\/v2\/product_cat?post=69959"},{"taxonomy":"product_tag","embeddable":true,"href":"https:\/\/soydeaqui.ddns.net\/pachuca\/index.php\/wp-json\/wp\/v2\/product_tag?post=69959"}],"curies":[{"name":"wp","href":"https:\/\/api.w.org\/{rel}","templated":true}]}}