{"id":69886,"date":"2026-03-19T11:03:52","date_gmt":"2026-03-19T11:03:52","guid":{"rendered":"https:\/\/soydeaqui.ddns.net\/pachuca\/index.php\/producto\/antena-yagi-direccional-para-base-136-174-mhz-6-db-de-ganancia-5-elementos-300-watts\/"},"modified":"2026-03-19T11:03:53","modified_gmt":"2026-03-19T11:03:53","slug":"antena-yagi-direccional-para-base-136-174-mhz-6-db-de-ganancia-5-elementos-300-watts","status":"publish","type":"product","link":"https:\/\/soydeaqui.ddns.net\/pachuca\/index.php\/producto\/antena-yagi-direccional-para-base-136-174-mhz-6-db-de-ganancia-5-elementos-300-watts\/","title":{"rendered":"Antena Yagi Direccional para Base, 136-174 MHz, 6 dB de ganancia, 5 elementos, 300 Watts."},"content":{"rendered":"<div style='width: 100%; max-width: 1200px; margin: 0 auto; font-family: sans-serif; line-height: 1.6; color: inherit; background-color: transparent;'>\n<div style='display: flex; flex-wrap: wrap; gap: 30px; margin-bottom: 30px;'>\n<div style='flex: 1 1 300px; min-width: 280px;'>\n<h3 style='font-size: 22px; border-bottom: 2px solid currentColor; padding-bottom: 5px; margin-top: 0; color: inherit; opacity: 0.8;'>Caracter\u00edsticas principales<\/h3>\n<p style='font-size: 15px; color: inherit; margin-bottom: 15px;'>La antena yagi LPA136174-6NF ha sido dise\u00f1ada para cumplir con los requisitos de una antena de alta ganancia&comma; banda ancha y calidad superior. Esta antena proporciona cobertura de banda ancha en todo el rango de frecuencia de 136-174MHz sin necesidad de sintonizaci\u00f3n en campo. La antena est\u00e1 fabricada con aluminio de alta resistencia para soportar hielo&comma; vientos fuertes y otras condiciones ambientales adversas. El dise\u00f1o mec\u00e1nico innovador tiene una l\u00ednea de alimentaci\u00f3n integral que est\u00e1 protegida del medio ambiente y la manipulaci\u00f3n durante la instalaci\u00f3n. Toda la antena est\u00e1 anodizada para una apariencia est\u00e9tica y resistencia a la corrosi\u00f3n. Se suministra una abrazadera de servicio pesado que permite montarla f\u00e1cilmente en un m\u00e1stil vertical.<\/p>\n<\/p><\/div>\n<\/p><\/div>\n<div style='display: flex; flex-wrap: wrap; gap: 20px; margin-bottom: 30px;'>\n<div style='flex: 1 1 250px; border: 1px solid rgba(150&comma; 150&comma; 150&comma; 0.4); border-radius: 8px; overflow: hidden; display: flex; flex-direction: column;'>\n<div style='padding: 15px; border-bottom: 1px solid rgba(150&comma; 150&comma; 150&comma; 0.2); font-weight: bold; font-size: 18px; color: inherit;'>Especificaciones t\u00e9cnicas<\/div>\n<div style='padding: 15px; color: inherit;'>\n<ul style='padding-left: 20px; margin: 0; font-size: 14px; list-style-type: disc;'>\n<li style='margin-bottom: 5px;'><strong>Tipo:<\/strong> Yagi \/ 5 elementos<\/li>\n<li style='margin-bottom: 5px;'><strong>Rango de Frecuencia:<\/strong> 136-174 MHz<\/li>\n<li style='margin-bottom: 5px;'><strong>Ganancia:<\/strong> 6 dB<\/li>\n<li style='margin-bottom: 5px;'><strong>Potencia:<\/strong> 300 Watts<\/li>\n<li style='margin-bottom: 5px;'><strong>Conector:<\/strong> N Hembra<\/li>\n<li style='margin-bottom: 5px;'><strong>Resistencia al viento:<\/strong> 241 km\/h<\/li>\n<li style='margin-bottom: 5px;'><strong>Dimensiones:<\/strong> 144.8 x 109.2 x 13.9 cm<\/li>\n<li style='margin-bottom: 5px;'><strong>Peso:<\/strong> 9.07 kg<\/li>\n<li style='margin-bottom: 5px;'><strong>Polarizaci\u00f3n:<\/strong> Vertical<\/li>\n<\/ul><\/div>\n<\/p><\/div>\n<\/p><\/div>\n<hr style='border: 0; border-top: 1px solid rgba(150&comma; 150&comma; 150&comma; 0.3); margin: 30px 0;'> <\/div>\n","protected":false},"excerpt":{"rendered":"<p>Antena Yagi Direccional para Base, 136-174 MHz, 6 dB de ganancia, 5 elementos, 300 Watts.<\/p>\n","protected":false},"featured_media":32,"comment_status":"open","ping_status":"closed","template":"","meta":[],"product_brand":[],"product_cat":[1686],"product_tag":[1404,1687,1701],"class_list":{"0":"post-69886","1":"product","2":"type-product","3":"status-publish","4":"has-post-thumbnail","6":"product_cat-estaciones-base-y-repetidores","7":"product_tag-antenas","8":"product_tag-estaciones-base-y-repetidores","9":"product_tag-pctel","11":"first","12":"outofstock","13":"sale","14":"shipping-taxable","15":"purchasable","16":"product-type-simple"},"_links":{"self":[{"href":"https:\/\/soydeaqui.ddns.net\/pachuca\/index.php\/wp-json\/wp\/v2\/product\/69886","targetHints":{"allow":["GET"]}}],"collection":[{"href":"https:\/\/soydeaqui.ddns.net\/pachuca\/index.php\/wp-json\/wp\/v2\/product"}],"about":[{"href":"https:\/\/soydeaqui.ddns.net\/pachuca\/index.php\/wp-json\/wp\/v2\/types\/product"}],"replies":[{"embeddable":true,"href":"https:\/\/soydeaqui.ddns.net\/pachuca\/index.php\/wp-json\/wp\/v2\/comments?post=69886"}],"wp:featuredmedia":[{"embeddable":true,"href":"https:\/\/soydeaqui.ddns.net\/pachuca\/index.php\/wp-json\/wp\/v2\/media\/32"}],"wp:attachment":[{"href":"https:\/\/soydeaqui.ddns.net\/pachuca\/index.php\/wp-json\/wp\/v2\/media?parent=69886"}],"wp:term":[{"taxonomy":"product_brand","embeddable":true,"href":"https:\/\/soydeaqui.ddns.net\/pachuca\/index.php\/wp-json\/wp\/v2\/product_brand?post=69886"},{"taxonomy":"product_cat","embeddable":true,"href":"https:\/\/soydeaqui.ddns.net\/pachuca\/index.php\/wp-json\/wp\/v2\/product_cat?post=69886"},{"taxonomy":"product_tag","embeddable":true,"href":"https:\/\/soydeaqui.ddns.net\/pachuca\/index.php\/wp-json\/wp\/v2\/product_tag?post=69886"}],"curies":[{"name":"wp","href":"https:\/\/api.w.org\/{rel}","templated":true}]}}