{"id":69885,"date":"2026-03-19T11:03:49","date_gmt":"2026-03-19T11:03:49","guid":{"rendered":"https:\/\/soydeaqui.ddns.net\/pachuca\/index.php\/producto\/nueva-tecnologia-digital-y-soluciones-de-radios-icom-curso-express-syscom\/"},"modified":"2026-03-19T11:03:51","modified_gmt":"2026-03-19T11:03:51","slug":"nueva-tecnologia-digital-y-soluciones-de-radios-icom-curso-express-syscom","status":"publish","type":"product","link":"https:\/\/soydeaqui.ddns.net\/pachuca\/index.php\/producto\/nueva-tecnologia-digital-y-soluciones-de-radios-icom-curso-express-syscom\/","title":{"rendered":"Nueva Tecnolog\u00eda Digital y Soluciones de Radios Icom &#8211; Curso Express SYSCOM"},"content":{"rendered":"<div style='width: 100%; max-width: 1200px; margin: 0 auto; font-family: sans-serif; line-height: 1.6; color: inherit; background-color: transparent;'> <!-- Secci\u00f3n de t\u00edtulo --> <\/p>\n<div style='margin-bottom: 30px; text-align: center;'>\n<h2 style='font-size: 24px; margin: 0; color: inherit; opacity: 0.9;'>Programaci\u00f3n del radios ICOM<\/h2>\n<\/p><\/div>\n<p> <!-- Secci\u00f3n de objetivos --> <\/p>\n<div style='margin-bottom: 30px;'>\n<h3 style='font-size: 22px; border-bottom: 2px solid currentColor; padding-bottom: 5px; margin-top: 0; margin-bottom: 15px; color: inherit; opacity: 0.8;'>Objetivo<\/h3>\n<p style='font-size: 15px; color: inherit; margin: 0; padding: 0;'>En este curso&comma; el participante aprender\u00e1 los conceptos de programaci\u00f3n&comma; operaci\u00f3n y personalizaci\u00f3n de las funciones disponibles para las terminales de radio.<\/p>\n<\/p><\/div>\n<p> <!-- Secci\u00f3n de temario --> <\/p>\n<div style='margin-bottom: 30px;'>\n<h3 style='font-size: 22px; border-bottom: 2px solid currentColor; padding-bottom: 5px; margin-top: 0; margin-bottom: 15px; color: inherit; opacity: 0.8;'>Temario<\/h3>\n<ul style='padding-left: 20px; font-size: 15px; color: inherit; list-style-type: disc; margin: 0; padding: 0;'>\n<li style='margin-bottom: 5px;'>Caracteristicas de EQUIPOS.<\/li>\n<li style='margin-bottom: 5px;'>Programaci\u00f3n de la terminal en Digital<\/li>\n<li style='margin-bottom: 5px;'>Llamada selectiva&comma; llamada grupal e identificaci\u00f3n en pantalla.<\/li>\n<li style='margin-bottom: 5px;'>Programaci\u00f3n de funciones (Stun&comma; revive&comma; kill&comma; radio esp\u00eda y radio check)<\/li>\n<li style='margin-bottom: 5px;'>Formaci\u00f3n de grupos<\/li>\n<\/ul><\/div>\n<p> <!-- Secci\u00f3n de a qui\u00e9n va dirigido --> <\/p>\n<div style='margin-bottom: 30px;'>\n<h3 style='font-size: 22px; border-bottom: 2px solid currentColor; padding-bottom: 5px; margin-top: 0; margin-bottom: 15px; color: inherit; opacity: 0.8;'>A qui\u00e9n est\u00e1 dirigido<\/h3>\n<p style='font-size: 15px; color: inherit; margin: 0; padding: 0;'>Clientes clasificados para comprar ICOM.<\/p>\n<\/p><\/div>\n<p> <!-- Secci\u00f3n de requisitos --> <\/p>\n<div style='margin-bottom: 30px;'>\n<h3 style='font-size: 22px; border-bottom: 2px solid currentColor; padding-bottom: 5px; margin-top: 0; margin-bottom: 15px; color: inherit; opacity: 0.8;'>Requisitos<\/h3>\n<ul style='padding-left: 20px; font-size: 15px; color: inherit; list-style-type: disc; margin: 0; padding: 0;'>\n<li style='margin-bottom: 5px;'>Ser Distribuidor de SYSCOM<\/li>\n<li style='margin-bottom: 5px;'>Contar con computadora y software CS-F2100 instalado<\/li>\n<li style='margin-bottom: 5px;'>Contar con un par de radios ICF2100D<\/li>\n<li style='margin-bottom: 5px;'>Tener el cable de programaci\u00f3n SPUPLUS u OPC-478UC<\/li>\n<\/ul><\/div>\n<\/p><\/div>\n","protected":false},"excerpt":{"rendered":"<p>Nueva Tecnolog\u00eda Digital y Soluciones de Radios Icom &#8211; Curso Express SYSCOM<\/p>\n","protected":false},"featured_media":32,"comment_status":"open","ping_status":"closed","template":"","meta":[],"product_brand":[],"product_cat":[1743],"product_tag":[1744,1626,63],"class_list":{"0":"post-69885","1":"product","2":"type-product","3":"status-publish","4":"has-post-thumbnail","6":"product_cat-moviles-digitales-uhf","7":"product_tag-moviles-digitales-uhf","8":"product_tag-radios-comerciales-icom-kenwood-txpro","9":"product_tag-syscom","11":"first","12":"outofstock","13":"sale","14":"shipping-taxable","15":"purchasable","16":"product-type-simple"},"_links":{"self":[{"href":"https:\/\/soydeaqui.ddns.net\/pachuca\/index.php\/wp-json\/wp\/v2\/product\/69885","targetHints":{"allow":["GET"]}}],"collection":[{"href":"https:\/\/soydeaqui.ddns.net\/pachuca\/index.php\/wp-json\/wp\/v2\/product"}],"about":[{"href":"https:\/\/soydeaqui.ddns.net\/pachuca\/index.php\/wp-json\/wp\/v2\/types\/product"}],"replies":[{"embeddable":true,"href":"https:\/\/soydeaqui.ddns.net\/pachuca\/index.php\/wp-json\/wp\/v2\/comments?post=69885"}],"wp:featuredmedia":[{"embeddable":true,"href":"https:\/\/soydeaqui.ddns.net\/pachuca\/index.php\/wp-json\/wp\/v2\/media\/32"}],"wp:attachment":[{"href":"https:\/\/soydeaqui.ddns.net\/pachuca\/index.php\/wp-json\/wp\/v2\/media?parent=69885"}],"wp:term":[{"taxonomy":"product_brand","embeddable":true,"href":"https:\/\/soydeaqui.ddns.net\/pachuca\/index.php\/wp-json\/wp\/v2\/product_brand?post=69885"},{"taxonomy":"product_cat","embeddable":true,"href":"https:\/\/soydeaqui.ddns.net\/pachuca\/index.php\/wp-json\/wp\/v2\/product_cat?post=69885"},{"taxonomy":"product_tag","embeddable":true,"href":"https:\/\/soydeaqui.ddns.net\/pachuca\/index.php\/wp-json\/wp\/v2\/product_tag?post=69885"}],"curies":[{"name":"wp","href":"https:\/\/api.w.org\/{rel}","templated":true}]}}