{"id":6987,"date":"2026-03-18T06:50:14","date_gmt":"2026-03-18T06:50:14","guid":{"rendered":"https:\/\/soydeaqui.ddns.net\/pachuca\/index.php\/producto\/sensor-de-seguridad-perimetral-por-fibra-optica-sensitiva-para-montaje-en-rack-19-4-zonas-de-proteccion-de-0-hasta-800m\/"},"modified":"2026-03-18T06:50:14","modified_gmt":"2026-03-18T06:50:14","slug":"sensor-de-seguridad-perimetral-por-fibra-optica-sensitiva-para-montaje-en-rack-19-4-zonas-de-proteccion-de-0-hasta-800m","status":"publish","type":"product","link":"https:\/\/soydeaqui.ddns.net\/pachuca\/index.php\/producto\/sensor-de-seguridad-perimetral-por-fibra-optica-sensitiva-para-montaje-en-rack-19-4-zonas-de-proteccion-de-0-hasta-800m\/","title":{"rendered":"Sensor de Seguridad Perimetral por Fibra \u00d3ptica Sensitiva \/ Para Montaje en Rack (19&#8221;) \/ 4 Zonas de Protecci\u00f3n\/ De 0 hasta 800m"},"content":{"rendered":"<div style='width: 100%; max-width: 1200px; margin: 0 auto; font-family: sans-serif; line-height: 1.6; color: inherit; background-color: transparent;'>\n<div style='display: flex; flex-wrap: wrap; gap: 30px; margin-bottom: 30px;'>\n<div style='flex: 1 1 300px; min-width: 280px;'>\n<h3 style='font-size: 22px; border-bottom: 2px solid currentColor; padding-bottom: 5px; margin-top: 0; color: inherit; opacity: 0.8;'>Descripci\u00f3n General<\/h3>\n<p style='font-size: 15px; color: inherit; text-align: justify;'> El FD504\u2122\/FD508\u2122 incorpora la tecnolog\u00eda patentada y pendiente de patente de Fiber SenSys que se ha implementado con \u00e9xito en miles de sensores en todo el mundo en un sensor de fibra \u00f3ptica vers\u00e1til. El FD504\/FD508 detecta intrusos que intentan escalar o cortar vallas. Algoritmos sofisticados distinguen entre intrusos y &#8216;alarmas molestas&#8217; que pueden ser causadas por el viento&comma; la vida silvestre u otras condiciones ambientales. <\/p>\n<p style='font-size: 15px; color: inherit; text-align: justify;'> El FD508 monitorea hasta ocho fibras de detecci\u00f3n diferentes (zonas); el FD504 monitorea cuatro. Cada fibra sensora puede tener hasta 800 metros de longitud para una protecci\u00f3n m\u00e1xima del per\u00edmetro. Las luces indicadoras delanteras muestran el estado de cada zona; una luz verde constante indica operaci\u00f3n normal\/segura. Las luces rojas se encienden durante un intento de intrusi\u00f3n (alarma) o si la fibra se corta (falla)&comma; lo que proporciona una notificaci\u00f3n instant\u00e1nea de acceso f\u00edsico no autorizado. <\/p>\n<\/p><\/div>\n<\/p><\/div>\n<div style='display: flex; flex-wrap: wrap; gap: 20px; margin-bottom: 30px;'>\n<div style='flex: 1 1 250px; border: 1px solid rgba(150&comma; 150&comma; 150&comma; 0.4); border-radius: 8px; overflow: hidden; display: flex; flex-direction: column;'>\n<div style='padding: 15px; border-bottom: 1px solid rgba(150&comma; 150&comma; 150&comma; 0.2); font-weight: bold; font-size: 18px; color: inherit;'>Aplicaciones<\/div>\n<div style='padding: 15px; color: inherit;'>\n<ul style='padding-left: 20px; margin: 0; font-size: 14px; list-style-type: disc;'>\n<li style='margin-bottom: 5px;'>Subestaciones industriales&comma; medianas y comerciales<\/li>\n<\/ul><\/div>\n<\/p><\/div>\n<div style='flex: 1 1 250px; border: 1px solid rgba(150&comma; 150&comma; 150&comma; 0.4); border-radius: 8px; overflow: hidden; display: flex; flex-direction: column;'>\n<div style='padding: 15px; border-bottom: 1px solid rgba(150&comma; 150&comma; 150&comma; 0.2); font-weight: bold; font-size: 18px; color: inherit;'>Caracter\u00edsticas<\/div>\n<div style='padding: 15px; color: inherit;'>\n<ul style='padding-left: 20px; margin: 0; font-size: 14px; list-style-type: disc;'>\n<li style='margin-bottom: 5px;'>Montaje en rack de 19&#8217;&comma; 1U<\/li>\n<li style='margin-bottom: 5px;'>8 zonas<\/li>\n<li style='margin-bottom: 5px;'>Cable insensible a 5 km<\/li>\n<li style='margin-bottom: 5px;'>Implementaci\u00f3n remota de APU con capacidad insensible de cable de entrada<\/li>\n<li style='margin-bottom: 5px;'>Discriminaci\u00f3n de alarma molesta con software de ajuste incorporado<\/li>\n<li style='margin-bottom: 5px;'>Capacidad de integraci\u00f3n con paneles de cabecera \/ anunciador<\/li>\n<li style='margin-bottom: 5px;'>Inmune a EMI&comma; RFI y rayos<\/li>\n<li style='margin-bottom: 5px;'>Compensaci\u00f3n de ruido ambiental<\/li>\n<li style='margin-bottom: 5px;'>Lineal&comma; sensibilidad uniforme<\/li>\n<\/ul><\/div>\n<\/p><\/div>\n<div style='flex: 1 1 250px; border: 1px solid rgba(150&comma; 150&comma; 150&comma; 0.4); border-radius: 8px; overflow: hidden; display: flex; flex-direction: column;'>\n<div style='padding: 15px; border-bottom: 1px solid rgba(150&comma; 150&comma; 150&comma; 0.2); font-weight: bold; font-size: 18px; color: inherit;'>Aplicaci\u00f3n<\/div>\n<div style='padding: 15px; color: inherit;'>\n<ul style='padding-left: 20px; margin: 0; font-size: 14px; list-style-type: disc;'>\n<li style='margin-bottom: 5px;'>Ideal para sitios con cuatro a 16 zonas<\/li>\n<\/ul><\/div>\n<\/p><\/div>\n<\/p><\/div>\n<div style='display: flex; flex-wrap: wrap; gap: 20px; margin-bottom: 30px;'>\n<div style='flex: 1 1 300px; min-width: 280px;'>\n<h3 style='font-size: 22px; border-bottom: 2px solid currentColor; padding-bottom: 5px; margin-top: 0; color: inherit; opacity: 0.8;'>Videos<\/h3>\n<\/p><\/div>\n<\/p><\/div>\n<div style='display: flex; flex-wrap: wrap; gap: 30px; margin-bottom: 30px;'>\n<div style='flex: 1 1 560px; min-width: 280px;'>\n<div style='position: relative; padding-bottom: 56.25%; height: 0; overflow: hidden; margin-bottom: 30px;'>   <\/div>\n<\/p><\/div>\n<div style='flex: 1 1 560px; min-width: 280px;'>\n<div style='position: relative; padding-bottom: 56.25%; height: 0; overflow: hidden; margin-bottom: 30px;'>   <\/div>\n<\/p><\/div>\n<\/p><\/div>\n<hr style='border: 0; border-top: 1px solid rgba(150&comma; 150&comma; 150&comma; 0.3); margin: 30px 0;'> <\/div>\n","protected":false},"excerpt":{"rendered":"<p>Sensor de Seguridad Perimetral por Fibra \u00d3ptica Sensitiva \/ Para Montaje en Rack (19&#8221;) \/ 4 Zonas de Protecci\u00f3n\/ De 0 hasta 800m<\/p>\n","protected":false},"featured_media":6986,"comment_status":"open","ping_status":"closed","template":"","meta":[],"product_brand":[],"product_cat":[103],"product_tag":[105,106,104],"class_list":{"0":"post-6987","1":"product","2":"type-product","3":"status-publish","4":"has-post-thumbnail","6":"product_cat-cable-sensor-perimetral","7":"product_tag-cable-sensor-perimetral","8":"product_tag-optex","9":"product_tag-proteccion-perimetral","11":"first","12":"outofstock","13":"sale","14":"shipping-taxable","15":"purchasable","16":"product-type-simple"},"_links":{"self":[{"href":"https:\/\/soydeaqui.ddns.net\/pachuca\/index.php\/wp-json\/wp\/v2\/product\/6987","targetHints":{"allow":["GET"]}}],"collection":[{"href":"https:\/\/soydeaqui.ddns.net\/pachuca\/index.php\/wp-json\/wp\/v2\/product"}],"about":[{"href":"https:\/\/soydeaqui.ddns.net\/pachuca\/index.php\/wp-json\/wp\/v2\/types\/product"}],"replies":[{"embeddable":true,"href":"https:\/\/soydeaqui.ddns.net\/pachuca\/index.php\/wp-json\/wp\/v2\/comments?post=6987"}],"wp:featuredmedia":[{"embeddable":true,"href":"https:\/\/soydeaqui.ddns.net\/pachuca\/index.php\/wp-json\/wp\/v2\/media\/6986"}],"wp:attachment":[{"href":"https:\/\/soydeaqui.ddns.net\/pachuca\/index.php\/wp-json\/wp\/v2\/media?parent=6987"}],"wp:term":[{"taxonomy":"product_brand","embeddable":true,"href":"https:\/\/soydeaqui.ddns.net\/pachuca\/index.php\/wp-json\/wp\/v2\/product_brand?post=6987"},{"taxonomy":"product_cat","embeddable":true,"href":"https:\/\/soydeaqui.ddns.net\/pachuca\/index.php\/wp-json\/wp\/v2\/product_cat?post=6987"},{"taxonomy":"product_tag","embeddable":true,"href":"https:\/\/soydeaqui.ddns.net\/pachuca\/index.php\/wp-json\/wp\/v2\/product_tag?post=6987"}],"curies":[{"name":"wp","href":"https:\/\/api.w.org\/{rel}","templated":true}]}}