{"id":69867,"date":"2026-03-19T11:02:57","date_gmt":"2026-03-19T11:02:57","guid":{"rendered":"https:\/\/soydeaqui.ddns.net\/pachuca\/index.php\/producto\/kit-de-amplificador-de-senal-celular-home-room-especial-para-datos-4g-lte-3g-y-voz-mejora-la-senal-en-areas-de-hasta-140-metros-cuadrados\/"},"modified":"2026-03-19T11:03:16","modified_gmt":"2026-03-19T11:03:16","slug":"kit-de-amplificador-de-senal-celular-home-room-especial-para-datos-4g-lte-3g-y-voz-mejora-la-senal-en-areas-de-hasta-140-metros-cuadrados","status":"publish","type":"product","link":"https:\/\/soydeaqui.ddns.net\/pachuca\/index.php\/producto\/kit-de-amplificador-de-senal-celular-home-room-especial-para-datos-4g-lte-3g-y-voz-mejora-la-senal-en-areas-de-hasta-140-metros-cuadrados\/","title":{"rendered":"KIT de Amplificador de Se\u00f1al Celular Home Room, especial para Datos 4G LTE, 3G y Voz. Mejora la se\u00f1al en \u00e1reas de hasta 140 metros cuadrados."},"content":{"rendered":"<div style='width: 100%; max-width: 1200px; margin: 0 auto; font-family: sans-serif; line-height: 1.6; color: inherit; background-color: transparent;'>\n<div style='width: 100%; margin-bottom: 30px;'> <img style='width: 100%; height: auto; border: 1px solid rgba(150&comma;150&comma;150&comma;0.3); border-radius: 8px;' src='http:\/\/ftp3.syscom.mx\/usuarios\/sapodaca\/Amplificadores\/BANNER-WEBOOST.jpg' alt=''> <\/div>\n<div style='text-align: center; margin-bottom: 30px;'>\n<h1 style='font-size: 22px; border-bottom: 2px solid currentColor; padding-bottom: 5px; margin-top: 0; color: inherit; opacity: 0.8;'> <span style='color: #2880b9;'>Amplificador de Se\u00f1al Celular Home Room<\/span> <\/h1>\n<\/p><\/div>\n<div style='text-align: center; margin-bottom: 30px;'>\n<p style='font-size: 14px; color: #e74c3c; font-weight: bold;'>\u00a1Amplificador de se\u00f1al que mejora todas las bandas de frecuencia celular de todos los Operadores de M\u00e9xico!<\/p>\n<\/p><\/div>\n<div style='margin-bottom: 30px;'>\n<p>El <strong>Home Room<\/strong> de weBoost es nuestro Amplificador de Se\u00f1al m\u00e1s econ\u00f3mico para telefon\u00eda celular 4G&comma; especial para la cobertura en casa y oficina. El Home Room le asegura menos llamadas perdidas&comma; calidad de voz mejorada&comma; cargas y descargas de datos m\u00e1s r\u00e1pidas. Este amplificador Home Room puede aumentar hasta 32 veces las se\u00f1ales de celular mientras mejora las se\u00f1ales 4G LTE y 3G para casas u oficinas de hasta 140 metros cuadrados. El Home Room de weBoost es compatible con todos los operadores de servicio celular en M\u00e9xico y con la mayor\u00eda de los operadores de LATAM.<\/p>\n<\/p><\/div>\n<p> <!-- Caracter\u00edsticas --> <\/p>\n<div style='display: flex; flex-wrap: wrap; gap: 30px; margin-bottom: 30px;'>\n<div style='flex: 1 1 300px; min-width: 280px;'>\n<h3 style='font-size: 20px; border-bottom: 2px solid currentColor; padding-bottom: 5px; margin-top: 0; color: inherit; opacity: 0.8;'>Caracter\u00edsticas<\/h3>\n<ul style='padding-left: 20px; font-size: 15px; color: inherit;'>\n<li style='margin-bottom: 5px;'>Aumenta la se\u00f1al para todos los operadores de celular en M\u00e9xico<\/li>\n<li style='margin-bottom: 5px;'>Amigable atenci\u00f3n al cliente por parte de SYSCOM<\/li>\n<li style='margin-bottom: 5px;'>Todos los componentes necesarios para la instalaci\u00f3n en un solo paquete<\/li>\n<li style='margin-bottom: 5px;'>Equipo dise\u00f1ado exclusivamente para M\u00e9xico y LATAM<\/li>\n<\/ul><\/div>\n<\/p><\/div>\n<p> <!-- Beneficios --> <\/p>\n<div style='display: flex; flex-wrap: wrap; gap: 30px; margin-bottom: 30px;'>\n<div style='flex: 1 1 300px; min-width: 280px;'>\n<h3 style='font-size: 20px; border-bottom: 2px solid currentColor; padding-bottom: 5px; margin-top: 0; color: inherit; opacity: 0.8;'>Beneficios<\/h3>\n<ul style='padding-left: 20px; font-size: 15px; color: inherit;'>\n<li style='margin-bottom: 5px;'>Se\u00f1al de voz y datos celular mejorada en interiores<\/li>\n<li style='margin-bottom: 5px;'>Se\u00f1al de celular confiable y velocidades de datos m\u00e1s consistentes<\/li>\n<li style='margin-bottom: 5px;'>Descargas de datos m\u00e1s r\u00e1pidas<\/li>\n<li style='margin-bottom: 5px;'>Hasta 2 horas adicionales de tiempo de conversaci\u00f3n en \u00e1reas de se\u00f1al d\u00e9bil<\/li>\n<\/ul><\/div>\n<\/p><\/div>\n<p> <!-- Incluye --> <\/p>\n<div style='margin-bottom: 30px;'>\n<h3 style='font-size: 20px; border-bottom: 2px solid currentColor; padding-bottom: 5px; margin-top: 0; color: inherit; opacity: 0.8;'>El Kit Home Room incluye:<\/h3>\n<p style='font-size: 15px; color: inherit;'>Amplificador de se\u00f1al&comma; antena interior para escritorio con cable de 1.52 m y conector SMA macho&comma; fuente de alimentaci\u00f3n CA a CD&comma; antena exterior tipo panel para montarse en tubo&comma; dos cables coaxiales tipo RG6 de 9.14 m c\/u y un cable plano para unirlos.<\/p>\n<\/p><\/div>\n<p> <!-- Comparaci\u00f3n sin y con se\u00f1al --> <\/p>\n<div style='display: flex; flex-wrap: wrap; gap: 30px; margin-bottom: 30px;'>\n<div style='flex: 1 1 400px; min-width: 300px; border: 1px solid rgba(150&comma;150&comma;150&comma;0.3); border-radius: 15px; padding: 15px;'>\n<h3 style='color: #333333; text-align: center; margin-top: 0; font-size: 18px;'><strong>Sin<\/strong> we<strong>Boost<\/strong><\/h3>\n<p> <img style='width: 100%; height: auto; border: 1px solid rgba(150&comma;150&comma;150&comma;0.3); border-radius: 8px;' src='https:\/\/ftp3.syscom.mx\/usuarios\/ftp\/single_page\/amplificadores\/WP_No-Signal_02[1].gif' alt=''> <\/div>\n<div style='flex: 1 1 400px; min-width: 300px; border: 1px solid rgba(150&comma;150&comma;150&comma;0.3); border-radius: 15px; padding: 15px;'>\n<h3 style='color: #2880b9; text-align: center; margin-top: 0; font-size: 18px;'><strong>Con<\/strong> we<strong>Boost<\/strong><\/h3>\n<p> <img style='width: 100%; height: auto; border: 1px solid rgba(150&comma;150&comma;150&comma;0.3); border-radius: 8px;' src='https:\/\/ftp3.syscom.mx\/usuarios\/ftp\/single_page\/amplificadores\/WP_Good-Signal_03[2].gif' alt=''> <\/div>\n<\/p><\/div>\n<p> <!-- Especificaciones --> <\/p>\n<div style='margin-bottom: 30px;'>\n<h3 style='font-size: 20px; border-bottom: 2px solid currentColor; padding-bottom: 5px; margin-top: 0; color: inherit; opacity: 0.8;'>Especificaciones<\/h3>\n<div style='display: grid; grid-template-columns: repeat(auto-fill&comma; minmax(250px&comma; 1fr)); gap: 20px; margin-top: 20px;'>\n<div style='border: 1px solid rgba(150&comma; 150&comma; 150&comma; 0.4); border-radius: 8px; overflow: hidden;'>\n<div style='padding: 15px; border-bottom: 1px solid rgba(150&comma;150&comma;150&comma;0.2); font-weight: bold; font-size: 18px; color: inherit;'>Frecuencia<\/div>\n<div style='padding: 15px; color: inherit;'>\n<div style='display: flex; align-items: center; margin-bottom: 10px;'> <img style='width: 35px; height: 35px; margin-right: 10px;' src='https:\/\/assets.wilsonelectronics.com\/m\/2559c437f73a8411\/original\/Frequency.png' alt=''> <\/p>\n<div>\n<p style='margin: 0; font-size: 13px;'>Banda 5&comma; 850 MHz<\/p>\n<p style='margin: 0; font-size: 13px;'>Banda 4&comma; 1700\/2100 MHz<\/p>\n<p style='margin: 0; font-size: 13px;'>Banda 2&comma; 1900 MHz<\/p>\n<\/p><\/div>\n<\/p><\/div>\n<\/p><\/div>\n<\/p><\/div>\n<div style='border: 1px solid rgba(150&comma; 150&comma; 150&comma; 0.4); border-radius: 8px; overflow: hidden;'>\n<div style='padding: 15px; border-bottom: 1px solid rgba(150&comma;150&comma;150&comma;0.2); font-weight: bold; font-size: 18px; color: inherit;'>Ganancia M\u00e1xima<\/div>\n<div style='padding: 15px; color: inherit;'>\n<div style='display: flex; align-items: center;'> <img style='width: 35px; height: 35px; margin-right: 10px;' src='https:\/\/assets.wilsonelectronics.com\/m\/13ea22d125d735b6\/original\/Max-Gain.png' alt=''> <\/p>\n<p style='margin: 0; font-size: 13px;'>60 dB<\/p>\n<\/p><\/div>\n<\/p><\/div>\n<\/p><\/div>\n<div style='border: 1px solid rgba(150&comma; 150&comma; 150&comma; 0.4); border-radius: 8px; overflow: hidden;'>\n<div style='padding: 15px; border-bottom: 1px solid rgba(150&comma;150&comma;150&comma;0.2); font-weight: bold; font-size: 18px; color: inherit;'>Alimentaci\u00f3n<\/div>\n<div style='padding: 15px; color: inherit;'>\n<div style='display: flex; align-items: center;'> <img style='width: 35px; height: 35px; margin-right: 10px;' src='https:\/\/assets.wilsonelectronics.com\/m\/1e8dcd13e46fc9b4\/original\/Power-Requirement.png' alt=''> <\/p>\n<p style='margin: 0; font-size: 13px;'>5V cd&comma; 4A.<\/p>\n<\/p><\/div>\n<\/p><\/div>\n<\/p><\/div>\n<div style='border: 1px solid rgba(150&comma; 150&comma; 150&comma; 0.4); border-radius: 8px; overflow: hidden;'>\n<div style='padding: 15px; border-bottom: 1px solid rgba(150&comma;150&comma;150&comma;0.2); font-weight: bold; font-size: 18px; color: inherit;'>Conectores<\/div>\n<div style='padding: 15px; color: inherit;'>\n<div style='display: flex; align-items: center;'> <img style='width: 35px; height: 35px; margin-right: 10px;' src='https:\/\/assets.wilsonelectronics.com\/m\/7cad454f75d86c2f\/original\/Connectors.png' alt=''> <\/p>\n<p style='margin: 0; font-size: 13px;'>SMA-Hembra (para antena interior) | F-Hembra (para antena exterior)<\/p>\n<\/p><\/div>\n<\/p><\/div>\n<\/p><\/div>\n<div style='border: 1px solid rgba(150&comma; 150&comma; 150&comma; 0.4); border-radius: 8px; overflow: hidden;'>\n<div style='padding: 15px; border-bottom: 1px solid rgba(150&comma;150&comma;150&comma;0.2); font-weight: bold; font-size: 18px; color: inherit;'>Dimensiones<\/div>\n<div style='padding: 15px; color: inherit;'>\n<div style='display: flex; align-items: center;'> <img style='width: 35px; height: 35px; margin-right: 10px;' src='https:\/\/assets.wilsonelectronics.com\/m\/57202a460b32c051\/original\/Dimensions.png' alt=''> <\/p>\n<p style='margin: 0; font-size: 13px;'>11.11 x 16.51 x 3.49 cm.<\/p>\n<\/p><\/div>\n<\/p><\/div>\n<\/p><\/div>\n<div style='border: 1px solid rgba(150&comma; 150&comma; 150&comma; 0.4); border-radius: 8px; overflow: hidden;'>\n<div style='padding: 15px; border-bottom: 1px solid rgba(150&comma;150&comma;150&comma;0.2); font-weight: bold; font-size: 18px; color: inherit;'>Peso<\/div>\n<div style='padding: 15px; color: inherit;'>\n<div style='display: flex; align-items: center;'> <img style='width: 35px; height: 35px; margin-right: 10px;' src='https:\/\/assets.wilsonelectronics.com\/m\/11ef1222fcfa6eae\/original\/Weight.png' alt=''> <\/p>\n<p style='margin: 0; font-size: 13px;'>0.206 kg.<\/p>\n<\/p><\/div>\n<\/p><\/div>\n<\/p><\/div>\n<\/p><\/div>\n<\/p><\/div>\n<p> <!-- Imagen cobertura --> <\/p>\n<div style='margin-bottom: 30px;'>\n<h3 style='font-size: 20px; border-bottom: 2px solid currentColor; padding-bottom: 5px; margin-top: 0; color: inherit; opacity: 0.8;'>Cobertura<\/h3>\n<p style='margin-top: 15px;'>La potencia del amplificador es gracias a la se\u00f1al que le entra.<\/p>\n<div style='margin-top: 15px;'> <img style='width: 100%; height: auto; border: 1px solid rgba(150&comma;150&comma;150&comma;0.3); border-radius: 8px;' src='https:\/\/ftp3.syscom.mx\/usuarios\/amarquez\/AdSC\/Fotos%20y%20diagramas%20para%20AdSC\/Tabla%20para%20determinar%20cobertura%20estimada..png' alt=''> <\/div>\n<\/p><\/div>\n<p> <!-- Videos --> <\/p>\n<div style='margin-bottom: 30px;'>\n<h3 style='font-size: 20px; border-bottom: 2px solid currentColor; padding-bottom: 5px; margin-top: 0; color: inherit; opacity: 0.8;'>Videos de Apoyo<\/h3>\n<div style='margin-top: 20px;'>\n<p style='margin-bottom: 10px; font-size: 15px; color: inherit;'>\u00bfPor qu\u00e9 se pierden llamadas en su celular?<\/p>\n<div style='position: relative; padding-bottom: 56.25%; height: 0; overflow: hidden; margin-bottom: 30px;'>   <\/div>\n<\/p><\/div>\n<div style='margin-top: 20px;'>\n<p style='margin-bottom: 10px; font-size: 15px; color: inherit;'>\u00bfC\u00f3mo funciona un sistema de amplificador de se\u00f1al celular?<\/p>\n<div style='position: relative; padding-bottom: 56.25%; height: 0; overflow: hidden; margin-bottom: 30px;'>   <\/div>\n<\/p><\/div>\n<div style='margin-top: 20px;'>\n<p style='margin-bottom: 10px; font-size: 15px; color: inherit;'>\u00bfPor qu\u00e9 var\u00eda el \u00e1rea de cobertura celular?<\/p>\n<div style='position: relative; padding-bottom: 56.25%; height: 0; overflow: hidden; margin-bottom: 30px;'>   <\/div>\n<\/p><\/div>\n<\/p><\/div>\n<p> <!-- Notas --> <\/p>\n<div style='margin-bottom: 30px;'>\n<h3 style='font-size: 20px; border-bottom: 2px solid currentColor; padding-bottom: 5px; margin-top: 0; color: inherit; opacity: 0.8;'>Notas<\/h3>\n<ul style='padding-left: 20px; margin-top: 15px; font-size: 15px; color: inherit;'>\n<li style='margin-bottom: 5px;'>Instale el kit amplificador de acuerdo al manual de usuario o gu\u00eda de instalaci\u00f3n.<\/li>\n<li style='margin-bottom: 5px;'>Use el kit amplificador para lo que est\u00e1 dise\u00f1ado.<\/li>\n<li style='margin-bottom: 5px;'>Si tiene dudas contacte nuestro departamento de Ingenier\u00eda Radiocomunicaci\u00f3n.<\/li>\n<li style='margin-bottom: 5px;'>Una mala instalaci\u00f3n o mal uso de este sistema puede provocar interferencia.<\/li>\n<\/ul><\/div>\n<p> <!-- Imagen del producto --> <\/p>\n<div style='margin-bottom: 30px;'>\n<div style='display: flex; align-items: center; gap: 15px;'> <img style='width: 57px; height: 57px; flex-shrink: 0;' src='https:\/\/assets.wilsonelectronics.com\/m\/23daa327d3df8faa\/original\/1-Home-Room-Product-Hero-min.png' alt=''> <\/p>\n<div>\n<p style='margin: 0; font-size: 17px; color: #515151; font-weight: bold;'>Home Room<\/p>\n<p style='margin: 0; font-size: 14px; color: #2b2b2b;'>Modelo: 532-120<\/p>\n<\/p><\/div>\n<\/p><\/div>\n<\/p><\/div>\n<\/p><\/div>\n","protected":false},"excerpt":{"rendered":"<p>KIT de Amplificador de Se\u00f1al Celular Home Room, especial para Datos 4G LTE, 3G y Voz. Mejora la se\u00f1al en \u00e1reas de hasta 140 metros cuadrados.<\/p>\n","protected":false},"featured_media":69866,"comment_status":"open","ping_status":"closed","template":"","meta":[],"product_brand":[],"product_cat":[1570,1552],"product_tag":[1535,1571,1553,1525],"class_list":{"0":"post-69867","1":"product","2":"type-product","3":"status-publish","4":"has-post-thumbnail","6":"product_cat-amplificadores-de-senal-celular-adsc","7":"product_cat-cobertura-para-celular-4g-lte","8":"product_tag-3g-y-voz","9":"product_tag-amplificadores-de-senal-celular-adsc","10":"product_tag-cobertura-para-celular-4g-lte","11":"product_tag-wilsonpro-weboost","13":"first","14":"outofstock","15":"sale","16":"shipping-taxable","17":"purchasable","18":"product-type-simple"},"_links":{"self":[{"href":"https:\/\/soydeaqui.ddns.net\/pachuca\/index.php\/wp-json\/wp\/v2\/product\/69867","targetHints":{"allow":["GET"]}}],"collection":[{"href":"https:\/\/soydeaqui.ddns.net\/pachuca\/index.php\/wp-json\/wp\/v2\/product"}],"about":[{"href":"https:\/\/soydeaqui.ddns.net\/pachuca\/index.php\/wp-json\/wp\/v2\/types\/product"}],"replies":[{"embeddable":true,"href":"https:\/\/soydeaqui.ddns.net\/pachuca\/index.php\/wp-json\/wp\/v2\/comments?post=69867"}],"wp:featuredmedia":[{"embeddable":true,"href":"https:\/\/soydeaqui.ddns.net\/pachuca\/index.php\/wp-json\/wp\/v2\/media\/69866"}],"wp:attachment":[{"href":"https:\/\/soydeaqui.ddns.net\/pachuca\/index.php\/wp-json\/wp\/v2\/media?parent=69867"}],"wp:term":[{"taxonomy":"product_brand","embeddable":true,"href":"https:\/\/soydeaqui.ddns.net\/pachuca\/index.php\/wp-json\/wp\/v2\/product_brand?post=69867"},{"taxonomy":"product_cat","embeddable":true,"href":"https:\/\/soydeaqui.ddns.net\/pachuca\/index.php\/wp-json\/wp\/v2\/product_cat?post=69867"},{"taxonomy":"product_tag","embeddable":true,"href":"https:\/\/soydeaqui.ddns.net\/pachuca\/index.php\/wp-json\/wp\/v2\/product_tag?post=69867"}],"curies":[{"name":"wp","href":"https:\/\/api.w.org\/{rel}","templated":true}]}}