{"id":69841,"date":"2026-03-19T11:01:55","date_gmt":"2026-03-19T11:01:55","guid":{"rendered":"https:\/\/soydeaqui.ddns.net\/pachuca\/index.php\/producto\/convertidor-de-usb-a-puerto-serial-rs232-com-db9\/"},"modified":"2026-03-19T11:02:01","modified_gmt":"2026-03-19T11:02:01","slug":"convertidor-de-usb-a-puerto-serial-rs232-com-db9","status":"publish","type":"product","link":"https:\/\/soydeaqui.ddns.net\/pachuca\/index.php\/producto\/convertidor-de-usb-a-puerto-serial-rs232-com-db9\/","title":{"rendered":"Convertidor de USB a Puerto Serial\/RS232\/COM\/DB9"},"content":{"rendered":"<div style='width: 100%; max-width: 1200px; margin: 0 auto; font-family: sans-serif; line-height: 1.6; color: inherit; background-color: transparent;'>\n<div style='display: flex; flex-wrap: wrap; gap: 30px; margin-bottom: 30px;'>\n<div style='flex: 1 1 300px; min-width: 280px;'>\n<h3 style='font-size: 22px; border-bottom: 2px solid currentColor; padding-bottom: 5px; margin-top: 0; color: inherit; opacity: 0.8;'>Caracter\u00edsticas principales<\/h3>\n<ul style='padding-left: 20px; font-size: 15px; color: inherit;'>\n<li style='margin-bottom: 5px;'><strong>Convierte:<\/strong> Puerto USB a Serial\/RS232\/COM\/DB9<\/li>\n<li style='margin-bottom: 5px;'><strong>Compatibilidad:<\/strong> M\u00faltiples sistemas operativos y plataformas<\/li>\n<li style='margin-bottom: 5px;'><strong>Dispositivos compatibles:<\/strong> M\u00f3dems&comma; c\u00e1maras digitales&comma; impresoras de etiquetas&comma; esc\u00e1ners de c\u00f3digos de barras&comma; GPS&comma; m\u00e1quinas CNC&comma; sistemas de control automotriz&comma; entre otros<\/li>\n<li style='margin-bottom: 5px;'><strong>Instalaci\u00f3n:<\/strong> Puerto COM\/RS-232 est\u00e1ndar<\/li>\n<li style='margin-bottom: 5px;'><strong>Compatibilidad:<\/strong> Windows&comma; Plug and Play<\/li>\n<li style='margin-bottom: 5px;'><strong>Longitud del cable:<\/strong> 1.5 m<\/li>\n<\/ul><\/div>\n<\/p><\/div>\n<div style='display: flex; flex-wrap: wrap; gap: 20px; margin-bottom: 30px;'>\n<div style='flex: 1 1 250px; border: 1px solid rgba(150&comma; 150&comma; 150&comma; 0.4); border-radius: 8px; overflow: hidden; display: flex; flex-direction: column;'>\n<div style='padding: 15px; border-bottom: 1px solid rgba(150&comma; 150&comma; 150&comma; 0.2); font-weight: bold; font-size: 18px; color: inherit;'>Detalles del producto<\/div>\n<div style='padding: 15px; color: inherit;'>\n<p style='margin: 0 0 15px; font-size: 14px;'>Conecte f\u00e1cilmente dispositivos serie a trav\u00e9s de un puerto USB&comma; Las computadoras modernas ya no vienen equipadas con puertos RS232 en su mayor\u00eda haciendo el uso de estos puertos de comunicaci\u00f3n m\u00e1s dif\u00edcil. Cuenta con un puerto RS232 que se expande desde un puerto USB 1.1 para conectar y soportar M\u00f3dems&comma; lectores de c\u00f3digo de barras&comma; c\u00e1maras digitales&comma; lectores de tarjetas y otros dispositivos con puerto serie.<\/p>\n<p style='margin: 0 0 15px; font-size: 14px;'>Construcci\u00f3n de calidad y de f\u00e1cil instalaci\u00f3n. Sus contactos con ba\u00f1o de oro y construcci\u00f3n robusta se combinan para ofrecer una conexi\u00f3n confiable entre la computadora y los perif\u00e9ricos con puerto serie y brindar un desempe\u00f1o libre de errores.<\/p>\n<p style='margin: 0 0 15px; font-size: 14px;'>Su compatibilidad de instalaci\u00f3n Plug and Play con Windows y capacidad hot-swap proveen de un uso sin conflictos ni inconvenientes de compatibilidad con los dispositivos.<\/p>\n<\/p><\/div>\n<\/p><\/div>\n<div style='flex: 1 1 250px; border: 1px solid rgba(150&comma; 150&comma; 150&comma; 0.4); border-radius: 8px; overflow: hidden; display: flex; flex-direction: column;'>\n<div style='padding: 15px; border-bottom: 1px solid rgba(150&comma; 150&comma; 150&comma; 0.2); font-weight: bold; font-size: 18px; color: inherit;'>Requisitos del sistema<\/div>\n<div style='padding: 15px; color: inherit;'>\n<ul style='padding-left: 20px; margin: 0; font-size: 14px; list-style-type: disc;'>\n<li style='margin-bottom: 5px;'>Windows 10\/8.1\/8\/7\/Vista\/XP (32\/64 bits)<\/li>\n<li style='margin-bottom: 5px;'>Puerto USB disponible<\/li>\n<li style='margin-bottom: 5px;'>Espacio en disco duro para instalaci\u00f3n de drivers<\/li>\n<\/ul><\/div>\n<\/p><\/div>\n<div style='flex: 1 1 250px; border: 1px solid rgba(150&comma; 150&comma; 150&comma; 0.4); border-radius: 8px; overflow: hidden; display: flex; flex-direction: column;'>\n<div style='padding: 15px; border-bottom: 1px solid rgba(150&comma; 150&comma; 150&comma; 0.2); font-weight: bold; font-size: 18px; color: inherit;'>Contenido del paquete<\/div>\n<div style='padding: 15px; color: inherit;'>\n<ul style='padding-left: 20px; margin: 0; font-size: 14px; list-style-type: disc;'>\n<li style='margin-bottom: 5px;'>1 x Convertidor USB a DB9<\/li>\n<li style='margin-bottom: 5px;'>1 x CD con controladores<\/li>\n<li style='margin-bottom: 5px;'>1 x Manual de usuario<\/li>\n<\/ul><\/div>\n<\/p><\/div>\n<\/p><\/div>\n<hr style='border: 0; border-top: 1px solid rgba(150&comma; 150&comma; 150&comma; 0.3); margin: 30px 0;'>\n<div style='display: flex; flex-wrap: wrap; gap: 30px;'>\n<div style='flex: 1 1 300px; min-width: 280px;'>\n<h3 style='font-size: 22px; border-bottom: 2px solid currentColor; padding-bottom: 5px; margin-top: 0; color: inherit; opacity: 0.8;'>Especificaciones t\u00e9cnicas<\/h3>\n<ul style='padding-left: 20px; font-size: 15px; color: inherit;'>\n<li style='margin-bottom: 5px;'><strong>Est\u00e1ndar:<\/strong> USB 1.1<\/li>\n<li style='margin-bottom: 5px;'><strong>Tipo de conexi\u00f3n:<\/strong> USB a DB9<\/li>\n<li style='margin-bottom: 5px;'><strong>Material:<\/strong> Contactos con ba\u00f1o de oro<\/li>\n<li style='margin-bottom: 5px;'><strong>Longitud:<\/strong> 1.5 metros<\/li>\n<li style='margin-bottom: 5px;'><strong>Compatibilidad:<\/strong> Plug and Play<\/li>\n<li style='margin-bottom: 5px;'><strong>Velocidad:<\/strong> Hasta 230Kbps<\/li>\n<li style='margin-bottom: 5px;'><strong>Protecci\u00f3n:<\/strong> Contra sobrecarga<\/li>\n<\/ul><\/div>\n<div style='flex: 1 1 300px; min-width: 280px;'>\n<h3 style='font-size: 22px; border-bottom: 2px solid currentColor; padding-bottom: 5px; margin-top: 0; color: inherit; opacity: 0.8;'>Aplicaciones comunes<\/h3>\n<ul style='padding-left: 20px; font-size: 15px; color: inherit;'>\n<li style='margin-bottom: 5px;'>Conexi\u00f3n de equipos industriales<\/li>\n<li style='margin-bottom: 5px;'>Interfaz con dispositivos m\u00e9dicos<\/li>\n<li style='margin-bottom: 5px;'>Sistemas de control automotriz<\/li>\n<li style='margin-bottom: 5px;'>Instrumentaci\u00f3n cient\u00edfica<\/li>\n<li style='margin-bottom: 5px;'>Automatizaci\u00f3n industrial<\/li>\n<li style='margin-bottom: 5px;'>Conexi\u00f3n de dispositivos legacy<\/li>\n<\/ul><\/div>\n<\/p><\/div>\n<\/p><\/div>\n","protected":false},"excerpt":{"rendered":"<p>Convertidor de USB a Puerto Serial\/RS232\/COM\/DB9<\/p>\n","protected":false},"featured_media":69840,"comment_status":"open","ping_status":"closed","template":"","meta":[],"product_brand":[],"product_cat":[1615],"product_tag":[1404,1616,560],"class_list":{"0":"post-69841","1":"product","2":"type-product","3":"status-publish","4":"has-post-thumbnail","6":"product_cat-montajes-y-divisores","7":"product_tag-antenas","8":"product_tag-montajes-y-divisores","9":"product_tag-txpro","11":"first","12":"instock","13":"sale","14":"shipping-taxable","15":"purchasable","16":"product-type-simple"},"_links":{"self":[{"href":"https:\/\/soydeaqui.ddns.net\/pachuca\/index.php\/wp-json\/wp\/v2\/product\/69841","targetHints":{"allow":["GET"]}}],"collection":[{"href":"https:\/\/soydeaqui.ddns.net\/pachuca\/index.php\/wp-json\/wp\/v2\/product"}],"about":[{"href":"https:\/\/soydeaqui.ddns.net\/pachuca\/index.php\/wp-json\/wp\/v2\/types\/product"}],"replies":[{"embeddable":true,"href":"https:\/\/soydeaqui.ddns.net\/pachuca\/index.php\/wp-json\/wp\/v2\/comments?post=69841"}],"wp:featuredmedia":[{"embeddable":true,"href":"https:\/\/soydeaqui.ddns.net\/pachuca\/index.php\/wp-json\/wp\/v2\/media\/69840"}],"wp:attachment":[{"href":"https:\/\/soydeaqui.ddns.net\/pachuca\/index.php\/wp-json\/wp\/v2\/media?parent=69841"}],"wp:term":[{"taxonomy":"product_brand","embeddable":true,"href":"https:\/\/soydeaqui.ddns.net\/pachuca\/index.php\/wp-json\/wp\/v2\/product_brand?post=69841"},{"taxonomy":"product_cat","embeddable":true,"href":"https:\/\/soydeaqui.ddns.net\/pachuca\/index.php\/wp-json\/wp\/v2\/product_cat?post=69841"},{"taxonomy":"product_tag","embeddable":true,"href":"https:\/\/soydeaqui.ddns.net\/pachuca\/index.php\/wp-json\/wp\/v2\/product_tag?post=69841"}],"curies":[{"name":"wp","href":"https:\/\/api.w.org\/{rel}","templated":true}]}}