{"id":69834,"date":"2026-03-19T11:01:40","date_gmt":"2026-03-19T11:01:40","guid":{"rendered":"https:\/\/soydeaqui.ddns.net\/pachuca\/index.php\/producto\/amplificadores-epcom-para-cobertura-en-exterior\/"},"modified":"2026-03-19T11:01:42","modified_gmt":"2026-03-19T11:01:42","slug":"amplificadores-epcom-para-cobertura-en-exterior","status":"publish","type":"product","link":"https:\/\/soydeaqui.ddns.net\/pachuca\/index.php\/producto\/amplificadores-epcom-para-cobertura-en-exterior\/","title":{"rendered":"Amplificadores EPCOM para Cobertura en Exterior"},"content":{"rendered":"<div style='width: 100%; max-width: 1200px; margin: 0 auto; font-family: sans-serif; line-height: 1.6; color: inherit; background-color: transparent;'>\n<div style='display: flex; flex-wrap: wrap; gap: 30px; margin-bottom: 30px;'>\n<div style='flex: 1 1 300px; min-width: 280px;'>\n<h3 style='font-size: 22px; border-bottom: 2px solid currentColor; padding-bottom: 5px; margin-top: 0; color: inherit; opacity: 0.8;'>Descripci\u00f3n<\/h3>\n<p style='font-size: 15px; color: inherit; margin-top: 0; margin-bottom: 15px;'>Curso en l\u00ednea que abordar\u00e1 la soluci\u00f3n para crear cobertura Celular fuera de la red del proveedor. Aplicaci\u00f3n&comma; requerimientos&comma; funcionamiento y consideraciones de instalaci\u00f3n.<\/p>\n<\/p><\/div>\n<\/p><\/div>\n<div style='display: flex; flex-wrap: wrap; gap: 20px; margin-bottom: 30px;'>\n<div style='flex: 1 1 250px; border: 1px solid rgba(150&comma; 150&comma; 150&comma; 0.4); border-radius: 8px; overflow: hidden; display: flex; flex-direction: column;'>\n<div style='padding: 15px; border-bottom: 1px solid rgba(150&comma; 150&comma; 150&comma; 0.2); font-weight: bold; font-size: 18px; color: inherit;'>Requisitos<\/div>\n<div style='padding: 15px; color: inherit;'>\n<ul style='padding-left: 20px; margin: 0; font-size: 14px; list-style-type: disc;'>\n<li style='margin-bottom: 5px;'>Ser Distribuidor de SYSCOM<\/li>\n<li style='margin-bottom: 5px;'>Tener conocimiento sobre los dB&comma; dBm y Radio Frecuencia.<\/li>\n<li style='margin-bottom: 5px;'>Calculadora<\/li>\n<li style='margin-bottom: 5px;'>Tener instalada la App NETWORK CELL INFO LITE en su celular Android&comma; de preferencia en celular Samsung.<\/li>\n<li style='margin-bottom: 5px;'>Tener un celular Samsung y que acepte el c\u00f3digo *#0011# para entrar al m\u00f3do de servicio.<\/li>\n<li style='margin-bottom: 5px;'>Tener una cuenta en <a href='https:\/\/unwiredlabs.com\/dashboard\/login' style='color: inherit; text-decoration: underline;'>https:\/\/unwiredlabs.com\/dashboard\/login<\/a><\/li>\n<li style='margin-bottom: 5px;'>Libreta y pluma para apuntes&comma; o bien&comma; utilizar Word y la herramienta de Recortes.<\/li>\n<li style='margin-bottom: 5px;'>Folleto de la familia de amplificadores 2020 y\/o p\u00e1gina web de SYSCOM.<\/li>\n<\/ul><\/div>\n<\/p><\/div>\n<div style='flex: 1 1 250px; border: 1px solid rgba(150&comma; 150&comma; 150&comma; 0.4); border-radius: 8px; overflow: hidden; display: flex; flex-direction: column;'>\n<div style='padding: 15px; border-bottom: 1px solid rgba(150&comma; 150&comma; 150&comma; 0.2); font-weight: bold; font-size: 18px; color: inherit;'>A qui\u00e9n va dirigido<\/div>\n<div style='padding: 15px; color: inherit;'>\n<p style='margin: 0; font-size: 14px;'>A todos los clientes de SYSCOM\/EPCOM que desean vender&comma; instalar y ofrecer lo Amplificadores EPCOM para ampliar la cobertura celular a pueblos&comma; minas&comma; agricultura&comma; etc.<\/p>\n<\/p><\/div>\n<\/p><\/div>\n<div style='flex: 1 1 250px; border: 1px solid rgba(150&comma; 150&comma; 150&comma; 0.4); border-radius: 8px; overflow: hidden; display: flex; flex-direction: column;'>\n<div style='padding: 15px; border-bottom: 1px solid rgba(150&comma; 150&comma; 150&comma; 0.2); font-weight: bold; font-size: 18px; color: inherit;'>Objetivo<\/div>\n<div style='padding: 15px; color: inherit;'>\n<p style='margin: 0; font-size: 14px;'>Que el asistente obtenga los conocimientos para poder ofrecer la soluci\u00f3n adecuada de acuerdo al resultado del estudio previo&comma; accesorios&comma; y funcionamiento de los amplificadores para cobertura en exterior.<\/p>\n<\/p><\/div>\n<\/p><\/div>\n<\/p><\/div>\n<div style='display: flex; flex-wrap: wrap; gap: 30px; margin-bottom: 30px;'>\n<div style='flex: 1 1 300px; min-width: 280px;'>\n<h3 style='font-size: 22px; border-bottom: 2px solid currentColor; padding-bottom: 5px; margin-top: 0; color: inherit; opacity: 0.8;'>Temario<\/h3>\n<ul style='padding-left: 20px; font-size: 14px; color: inherit;'>\n<li style='margin-bottom: 5px;'>Amplificadores de alta potencia para cobertura en exterior.<\/li>\n<li style='margin-bottom: 5px;'>\u00bfQui\u00e9nes est\u00e1n fuera de la red celular (cu\u00e1l es el mercado)?<\/li>\n<li style='margin-bottom: 5px;'>Funcionamiento.<\/li>\n<li style='margin-bottom: 5px;'>Estudio previo.<\/li>\n<li style='margin-bottom: 5px;'>Consideraciones de instalaci\u00f3n.<\/li>\n<li style='margin-bottom: 5px;'>Ajustes y monitoreo.<\/li>\n<\/ul><\/div>\n<\/p><\/div>\n<hr style='border: 0; border-top: 1px solid rgba(150&comma; 150&comma; 150&comma; 0.3); margin: 30px 0;'> <\/div>\n","protected":false},"excerpt":{"rendered":"<p>Amplificadores EPCOM para Cobertura en Exterior<\/p>\n","protected":false},"featured_media":69833,"comment_status":"open","ping_status":"closed","template":"","meta":[],"product_brand":[],"product_cat":[1529,1531,1532,1528],"product_tag":[1535,1534,1404,1536,1533,63],"class_list":{"0":"post-69834","1":"product","2":"type-product","3":"status-publish","4":"has-post-thumbnail","6":"product_cat-4g","7":"product_cat-antenas-3g-y-voz","8":"product_cat-cables-y-accesorios","9":"product_cat-cobertura-celular-5g","10":"product_tag-3g-y-voz","11":"product_tag-4g","12":"product_tag-antenas","13":"product_tag-cables-y-accesorios","14":"product_tag-cobertura-celular-5g","15":"product_tag-syscom","17":"first","18":"outofstock","19":"sale","20":"shipping-taxable","21":"purchasable","22":"product-type-simple"},"_links":{"self":[{"href":"https:\/\/soydeaqui.ddns.net\/pachuca\/index.php\/wp-json\/wp\/v2\/product\/69834","targetHints":{"allow":["GET"]}}],"collection":[{"href":"https:\/\/soydeaqui.ddns.net\/pachuca\/index.php\/wp-json\/wp\/v2\/product"}],"about":[{"href":"https:\/\/soydeaqui.ddns.net\/pachuca\/index.php\/wp-json\/wp\/v2\/types\/product"}],"replies":[{"embeddable":true,"href":"https:\/\/soydeaqui.ddns.net\/pachuca\/index.php\/wp-json\/wp\/v2\/comments?post=69834"}],"wp:featuredmedia":[{"embeddable":true,"href":"https:\/\/soydeaqui.ddns.net\/pachuca\/index.php\/wp-json\/wp\/v2\/media\/69833"}],"wp:attachment":[{"href":"https:\/\/soydeaqui.ddns.net\/pachuca\/index.php\/wp-json\/wp\/v2\/media?parent=69834"}],"wp:term":[{"taxonomy":"product_brand","embeddable":true,"href":"https:\/\/soydeaqui.ddns.net\/pachuca\/index.php\/wp-json\/wp\/v2\/product_brand?post=69834"},{"taxonomy":"product_cat","embeddable":true,"href":"https:\/\/soydeaqui.ddns.net\/pachuca\/index.php\/wp-json\/wp\/v2\/product_cat?post=69834"},{"taxonomy":"product_tag","embeddable":true,"href":"https:\/\/soydeaqui.ddns.net\/pachuca\/index.php\/wp-json\/wp\/v2\/product_tag?post=69834"}],"curies":[{"name":"wp","href":"https:\/\/api.w.org\/{rel}","templated":true}]}}