{"id":69825,"date":"2026-03-19T11:01:18","date_gmt":"2026-03-19T11:01:18","guid":{"rendered":"https:\/\/soydeaqui.ddns.net\/pachuca\/index.php\/producto\/gabinete-de-plastico-abs-uso-en-intemperie-ip66-170-x-220-x-110-mm-cierre-por-broche-inoxidable-y-permite-cerrado-con-candado-y-llave-perno-5mm-no-incluido\/"},"modified":"2026-03-19T11:01:31","modified_gmt":"2026-03-19T11:01:31","slug":"gabinete-de-plastico-abs-uso-en-intemperie-ip66-170-x-220-x-110-mm-cierre-por-broche-inoxidable-y-permite-cerrado-con-candado-y-llave-perno-5mm-no-incluido","status":"publish","type":"product","link":"https:\/\/soydeaqui.ddns.net\/pachuca\/index.php\/producto\/gabinete-de-plastico-abs-uso-en-intemperie-ip66-170-x-220-x-110-mm-cierre-por-broche-inoxidable-y-permite-cerrado-con-candado-y-llave-perno-5mm-no-incluido\/","title":{"rendered":"Gabinete de Pl\u00e1stico ABS, Uso en Intemperie IP66 (170 x 220 x 110 mm) Cierre por broche Inoxidable y Permite Cerrado con Candado y Llave (Perno 5mm) No Incluido"},"content":{"rendered":"<div style='width: 100%; max-width: 1200px; margin: 0 auto; font-family: sans-serif; line-height: 1.6; color: inherit; background-color: transparent;'>\n<div style='display: flex; flex-wrap: wrap; gap: 30px; margin-bottom: 30px;'>\n<div style='flex: 1 1 300px; min-width: 280px;'>\n<p style='margin: 0 0 15px; font-size: 15px; color: inherit;'>Gabinete de pl\u00e1stico ABS para uso en aplicaciones en exterior como postes&comma; torres de telecomunicaci\u00f3n o pared donde no se cuente con protecci\u00f3n contra lluvia o polvo excesivo.<\/p>\n<p> <img style='width: 100%; height: auto; border: 1px solid rgba(150&comma;150&comma;150&comma;0.3); border-radius: 8px; margin: 15px 0;' src='https:\/\/ftp3.syscom.mx\/usuarios\/fotos\/PST253015A\/154654-precisionlogosolid.jpg' alt=''> <\/p>\n<h3 style='font-size: 22px; border-bottom: 2px solid currentColor; padding-bottom: 5px; margin-top: 0; margin-bottom: 15px; color: inherit; opacity: 0.8;'>Caracter\u00edsticas f\u00edsicas<\/h3>\n<ul style='padding-left: 20px; font-size: 15px; color: inherit;'>\n<li style='margin-bottom: 5px;'>Material: Pl\u00e1stico ABS<\/li>\n<li style='margin-bottom: 5px;'>Tipo de puerta: Tipo s\u00f3lida (NO transparente)<\/li>\n<li style='margin-bottom: 5px;'>Placa interna compatible: <a style='color: inherit; text-decoration: none; font-weight: bold;' href='https:\/\/www.syscom.mx\/producto\/PST-1722-11EPL-PRECISION-188892.html'>PST-1722-11EPL<\/a> (no incluida)<\/li>\n<li style='margin-bottom: 5px;'>Material de placa interna: Pl\u00e1stico ABS<\/li>\n<li style='margin-bottom: 5px;'>Nivel de protecci\u00f3n: IP66<\/li>\n<li style='margin-bottom: 5px;'>Dimensiones: 170 x 220 x 110 mm (ancho x alto x profundidad)<\/li>\n<li style='margin-bottom: 5px;'>Peso: 0.09 Kg<\/li>\n<li style='margin-bottom: 5px;'><strong>Cierre por broches con opci\u00f3n para instalar candado (no incluido)<\/strong><\/li>\n<\/ul><\/div>\n<div style='flex: 1 1 300px; min-width: 280px;'>\n<h3 style='font-size: 22px; border-bottom: 2px solid currentColor; padding-bottom: 5px; margin-top: 0; margin-bottom: 15px; color: inherit; opacity: 0.8;'>Incluye<\/h3>\n<ul style='padding-left: 20px; font-size: 15px; color: inherit;'>\n<li style='margin-bottom: 5px;'>Cuerpo y puerta<\/li>\n<li style='margin-bottom: 5px;'>Cierre por broches acero inoxidable<\/li>\n<li style='margin-bottom: 5px;'>Bisagras pl\u00e1sticas<\/li>\n<li style='margin-bottom: 5px;'>Empaque<\/li>\n<\/ul>\n<h3 style='font-size: 22px; border-bottom: 2px solid currentColor; padding-bottom: 5px; margin-top: 25px; margin-bottom: 15px; color: inherit; opacity: 0.8;'>Aplicaci\u00f3n<\/h3>\n<ul style='padding-left: 20px; font-size: 15px; color: inherit;'>\n<li style='margin-bottom: 5px;'>Instalaci\u00f3n de POE&#8217;s en torre&comma; poste o pared<\/li>\n<li style='margin-bottom: 5px;'>Almacenamiento de bater\u00edas (se recomienda agregar respiraci\u00f3n)<\/li>\n<li style='margin-bottom: 5px;'>Resguardo de protectores de pico&comma; fusibles o tablillas el\u00e9ctricas<\/li>\n<li style='margin-bottom: 5px;'>Se recomienda utilizar conectores tipo gl\u00e1ndula para salida de cableado <a style='color: inherit; text-decoration: none; font-weight: bold;' href='https:\/\/www.syscom.mx\/principal\/consultarproductosazul?global_search=txgb&#038;ordenar=Relevancia&#038;pag=1'>Ver modelos<\/a><\/li>\n<\/ul>\n<div style='margin-top: 25px; padding: 15px; border: 1px solid rgba(150&comma;150&comma;150&comma;0.3); border-radius: 8px; background-color: rgba(255&comma;255&comma;255&comma;0.05);'>\n<p style='margin: 0 0 8px; font-size: 15px; color: inherit;'><strong>Nota t\u00e9cnica:<\/strong> La implementaci\u00f3n de ventiladores es posible&comma; sin embargo los orificios deben realizarse manualmente en el gabinete.<\/p>\n<p style='margin: 8px 0; font-size: 15px; color: inherit;'>Se recomienda tener una entrada de aire fresco en la parte inferior y una salida de aire caliente en la parte superior&comma; para esto es recomendable<\/p>\n<p style='margin: 8px 0; font-size: 15px; color: inherit;'>la implementaci\u00f3n de 2 ventilas modelo <a style='color: inherit; text-decoration: none; font-weight: bold;' href='https:\/\/www.syscom.mx\/producto\/PST-BC-V60-PRECISION-169494.html'>PST-BC-V60<\/a> (No incluidas) y es necesario que al menos uno de ellos cuente con un ventilador de 60 x 60 mm&comma; el modelo recomendado es el siguiente: <a style='color: inherit; text-decoration: none; font-weight: bold;' href='https:\/\/www.syscom.mx\/producto\/FAN-602512-TXPRO-67614.html'>FAN-602512<\/a> (No incluido).<\/p>\n<p style='margin: 8px 0; font-size: 15px; color: inherit;'>El instalar los elementos anteriores reducir\u00e1 el nivel de protecci\u00f3n (IP) del gabinete pero mejorar\u00e1 la disipaci\u00f3n de calor.<\/p>\n<\/p><\/div>\n<\/p><\/div>\n<\/p><\/div>\n<\/p><\/div>\n","protected":false},"excerpt":{"rendered":"<p>Gabinete de Pl\u00e1stico ABS, Uso en Intemperie IP66 (170 x 220 x 110 mm) Cierre por broche Inoxidable y Permite Cerrado con Candado y Llave (Perno 5mm) No Incluido<\/p>\n","protected":false},"featured_media":69824,"comment_status":"open","ping_status":"closed","template":"","meta":[],"product_brand":[],"product_cat":[637],"product_tag":[638,248,605],"class_list":{"0":"post-69825","1":"product","2":"type-product","3":"status-publish","4":"has-post-thumbnail","6":"product_cat-gabinetes-para-intemperie","7":"product_tag-gabinetes-para-intemperie","8":"product_tag-precision","9":"product_tag-racks-y-gabinetes","11":"first","12":"instock","13":"sale","14":"shipping-taxable","15":"purchasable","16":"product-type-simple"},"_links":{"self":[{"href":"https:\/\/soydeaqui.ddns.net\/pachuca\/index.php\/wp-json\/wp\/v2\/product\/69825","targetHints":{"allow":["GET"]}}],"collection":[{"href":"https:\/\/soydeaqui.ddns.net\/pachuca\/index.php\/wp-json\/wp\/v2\/product"}],"about":[{"href":"https:\/\/soydeaqui.ddns.net\/pachuca\/index.php\/wp-json\/wp\/v2\/types\/product"}],"replies":[{"embeddable":true,"href":"https:\/\/soydeaqui.ddns.net\/pachuca\/index.php\/wp-json\/wp\/v2\/comments?post=69825"}],"wp:featuredmedia":[{"embeddable":true,"href":"https:\/\/soydeaqui.ddns.net\/pachuca\/index.php\/wp-json\/wp\/v2\/media\/69824"}],"wp:attachment":[{"href":"https:\/\/soydeaqui.ddns.net\/pachuca\/index.php\/wp-json\/wp\/v2\/media?parent=69825"}],"wp:term":[{"taxonomy":"product_brand","embeddable":true,"href":"https:\/\/soydeaqui.ddns.net\/pachuca\/index.php\/wp-json\/wp\/v2\/product_brand?post=69825"},{"taxonomy":"product_cat","embeddable":true,"href":"https:\/\/soydeaqui.ddns.net\/pachuca\/index.php\/wp-json\/wp\/v2\/product_cat?post=69825"},{"taxonomy":"product_tag","embeddable":true,"href":"https:\/\/soydeaqui.ddns.net\/pachuca\/index.php\/wp-json\/wp\/v2\/product_tag?post=69825"}],"curies":[{"name":"wp","href":"https:\/\/api.w.org\/{rel}","templated":true}]}}