{"id":69812,"date":"2026-03-19T11:00:45","date_gmt":"2026-03-19T11:00:45","guid":{"rendered":"https:\/\/soydeaqui.ddns.net\/pachuca\/index.php\/producto\/gabinete-pasivo-de-fibra-optica-acepta-dos-placas-fponeap12-proteccion-ip55-montaje-en-poste-o-pared\/"},"modified":"2026-03-19T11:01:06","modified_gmt":"2026-03-19T11:01:06","slug":"gabinete-pasivo-de-fibra-optica-acepta-dos-placas-fponeap12-proteccion-ip55-montaje-en-poste-o-pared","status":"publish","type":"product","link":"https:\/\/soydeaqui.ddns.net\/pachuca\/index.php\/producto\/gabinete-pasivo-de-fibra-optica-acepta-dos-placas-fponeap12-proteccion-ip55-montaje-en-poste-o-pared\/","title":{"rendered":"Gabinete Pasivo de Fibra \u00d3ptica, Acepta Dos Placas FPONEAP12, Protecci\u00f3n IP55, Montaje en Poste o Pared"},"content":{"rendered":"<div style='width: 100%; max-width: 1200px; margin: 0 auto; font-family: sans-serif; line-height: 1.6; color: inherit; background-color: transparent;'> <!-- Descripci\u00f3n general --> <\/p>\n<div style='margin-bottom: 30px;'>\n<h2 style='font-size: 24px; border-bottom: 2px solid currentColor; padding-bottom: 5px; margin-top: 0; color: inherit; opacity: 0.9;'>Descripci\u00f3n General<\/h2>\n<p style='font-size: 15px; color: inherit;'>Los gabinetes est\u00e1n dise\u00f1ados para montarse en una pared o poste&comma; y cumplen con el est\u00e1ndar IP55. Los gabinetes son multifuncionales para permitir empalmes mec\u00e1nicos&comma; empalmes de fusi\u00f3n o componentes pre-terminados. Incluyen opciones para la administraci\u00f3n de m\u00faltiples cables de fibra \u00f3ptica dentro y fuera del gabinete&comma; y est\u00e1n disponibles en varios tama\u00f1os para permitir la escalabilidad basada en la demanda potencial del usuario.<\/p>\n<\/p><\/div>\n<p> <!-- Caracter\u00edsticas principales --> <\/p>\n<div style='display: flex; flex-wrap: wrap; gap: 30px; margin-bottom: 30px;'>\n<div style='flex: 1 1 300px; min-width: 280px;'>\n<h3 style='font-size: 22px; border-bottom: 2px solid currentColor; padding-bottom: 5px; margin-top: 0; color: inherit; opacity: 0.8;'>Caracter\u00edsticas Principales<\/h3>\n<ul style='padding-left: 20px; font-size: 15px; color: inherit;'>\n<li style='margin-bottom: 5px;'>Materia: SMC<\/li>\n<li style='margin-bottom: 5px;'>Color: Gris Claro<\/li>\n<li style='margin-bottom: 5px;'>Acepta acopladores tipo SC o LC<\/li>\n<li style='margin-bottom: 5px;'>Capacidad de acopladores: 24 m\u00e1ximo<\/li>\n<li style='margin-bottom: 5px;'>Capacidad de divisores \u00f3pticos: m\u00e1ximo 1 (1&#215;2&comma; 1&#215;4&comma; 1&#215;8&comma; 1&#215;16 o 1&#215;32)<\/li>\n<li style='margin-bottom: 5px;'>Capacidad de dos placas FPONEAP12 <strong>(No incluidas)<\/strong><\/li>\n<\/ul><\/div>\n<p> <!-- Especificaciones --> <\/p>\n<div style='flex: 1 1 300px; min-width: 280px;'>\n<h3 style='font-size: 22px; border-bottom: 2px solid currentColor; padding-bottom: 5px; margin-top: 0; color: inherit; opacity: 0.8;'>Especificaciones<\/h3>\n<ul style='padding-left: 20px; font-size: 15px; color: inherit;'>\n<li style='margin-bottom: 5px;'><strong>Temperatura de operaci\u00f3n:<\/strong> -40 a 60\u00baC<\/li>\n<li style='margin-bottom: 5px;'><strong>Temperatura de almacenamiento:<\/strong> -40 a 60\u00baC<\/li>\n<li style='margin-bottom: 5px;'><strong>Humedad relativa:<\/strong> &lt;90%<\/li>\n<li style='margin-bottom: 5px;'><strong>Protecci\u00f3n de ingreso:<\/strong> IP55<\/li>\n<li style='margin-bottom: 5px;'><strong>Dimensiones:<\/strong> 420 x 350 x 110 mm (Ancho x Alto x Profundidad)<\/li>\n<li style='margin-bottom: 5px;'><strong>Radio de curvatura:<\/strong> 40mm<\/li>\n<\/ul><\/div>\n<\/p><\/div>\n<p> <!-- Aplicaciones --> <\/p>\n<div style='margin-bottom: 30px;'>\n<h3 style='font-size: 22px; border-bottom: 2px solid currentColor; padding-bottom: 5px; margin-top: 0; color: inherit; opacity: 0.8;'>Aplicaciones<\/h3>\n<p style='font-size: 15px; color: inherit;'>Para uso en redes \u00f3pticas pasivas para alojar&comma; proteger y administrar divisores \u00f3pticos y su cableado de fibra \u00f3ptica.<\/p>\n<\/p><\/div>\n<p> <!-- Tabla de capacidades --> <\/p>\n<div style='margin-bottom: 30px;'>\n<h3 style='font-size: 22px; border-bottom: 2px solid currentColor; padding-bottom: 5px; margin-top: 0; color: inherit; opacity: 0.8;'>Capacidades<\/h3>\n<div style='display: flex; flex-wrap: wrap; gap: 20px;'>\n<div style='flex: 1 1 250px; border: 1px solid rgba(150&comma; 150&comma; 150&comma; 0.4); border-radius: 8px; overflow: hidden; display: flex; flex-direction: column;'>\n<div style='padding: 15px; border-bottom: 1px solid rgba(150&comma; 150&comma; 150&comma; 0.2); font-weight: bold; font-size: 18px; color: inherit;'>Divisores \u00d3pticos<\/div>\n<div style='padding: 15px; color: inherit;'>\n<ul style='padding-left: 20px; margin: 0; font-size: 14px; list-style-type: disc;'>\n<li style='margin-bottom: 5px;'>Capacidad: 1 x 16 (2)<\/li>\n<\/ul><\/div>\n<\/p><\/div>\n<\/p><\/div>\n<\/p><\/div>\n<p> <!-- Informaci\u00f3n de montaje --> <\/p>\n<div style='margin-bottom: 30px;'>\n<h3 style='font-size: 22px; border-bottom: 2px solid currentColor; padding-bottom: 5px; margin-top: 0; color: inherit; opacity: 0.8;'>Opciones de Montaje<\/h3>\n<ul style='padding-left: 20px; font-size: 15px; color: inherit;'>\n<li style='margin-bottom: 5px;'>Montaje en pared<\/li>\n<li style='margin-bottom: 5px;'>Montaje en poste<\/li>\n<\/ul><\/div>\n<p> <!-- Informaci\u00f3n de contacto --> <\/p>\n<div style='margin-bottom: 30px;'>\n<h3 style='font-size: 22px; border-bottom: 2px solid currentColor; padding-bottom: 5px; margin-top: 0; color: inherit; opacity: 0.8;'>Soporte y Contacto<\/h3>\n<ul style='padding-left: 20px; font-size: 15px; color: inherit;'>\n<li style='margin-bottom: 5px;'><strong>Panduit M\u00e9xico:<\/strong> 01800 112 7000 \/ 01800 112 9000<\/li>\n<li style='margin-bottom: 5px;'><strong>Panduit Colombia:<\/strong> (571) 427-6238<\/li>\n<li style='margin-bottom: 5px;'><strong>Panduit Chile:<\/strong> (562) 2820-4215<\/li>\n<li style='margin-bottom: 5px;'><strong>Panduit Per\u00fa:<\/strong> (511) 712-3925<\/li>\n<li style='margin-bottom: 5px;'><strong>Correo Soporte:<\/strong> TP-CS-International@panduit.com<\/li>\n<li style='margin-bottom: 5px;'><strong>Tel\u00e9fono Soporte:<\/strong> +708-532-1800 Ext. 80502<\/li>\n<li style='margin-bottom: 5px;'><strong>Sitio Web:<\/strong> <a href='https:\/\/www.panduit.com' style='color: inherit; text-decoration: underline;'>www.panduit.com<\/a><\/li>\n<\/ul><\/div>\n<p> <!-- Separador final --> <\/p>\n<hr style='border: 0; border-top: 1px solid rgba(150&comma; 150&comma; 150&comma; 0.3); margin: 30px 0;'> <\/div>\n","protected":false},"excerpt":{"rendered":"<p>Gabinete Pasivo de Fibra \u00d3ptica, Acepta Dos Placas FPONEAP12, Protecci\u00f3n IP55, Montaje en Poste o Pared<\/p>\n","protected":false},"featured_media":69811,"comment_status":"open","ping_status":"closed","template":"","meta":[],"product_brand":[],"product_cat":[1681],"product_tag":[638,445,605],"class_list":{"0":"post-69812","1":"product","2":"type-product","3":"status-publish","4":"has-post-thumbnail","6":"product_cat-gabinetes-para-intemperie-racks-y-gabinetes-radiocomunicacion","7":"product_tag-gabinetes-para-intemperie","8":"product_tag-panduit","9":"product_tag-racks-y-gabinetes","11":"first","12":"outofstock","13":"sale","14":"shipping-taxable","15":"purchasable","16":"product-type-simple"},"_links":{"self":[{"href":"https:\/\/soydeaqui.ddns.net\/pachuca\/index.php\/wp-json\/wp\/v2\/product\/69812","targetHints":{"allow":["GET"]}}],"collection":[{"href":"https:\/\/soydeaqui.ddns.net\/pachuca\/index.php\/wp-json\/wp\/v2\/product"}],"about":[{"href":"https:\/\/soydeaqui.ddns.net\/pachuca\/index.php\/wp-json\/wp\/v2\/types\/product"}],"replies":[{"embeddable":true,"href":"https:\/\/soydeaqui.ddns.net\/pachuca\/index.php\/wp-json\/wp\/v2\/comments?post=69812"}],"wp:featuredmedia":[{"embeddable":true,"href":"https:\/\/soydeaqui.ddns.net\/pachuca\/index.php\/wp-json\/wp\/v2\/media\/69811"}],"wp:attachment":[{"href":"https:\/\/soydeaqui.ddns.net\/pachuca\/index.php\/wp-json\/wp\/v2\/media?parent=69812"}],"wp:term":[{"taxonomy":"product_brand","embeddable":true,"href":"https:\/\/soydeaqui.ddns.net\/pachuca\/index.php\/wp-json\/wp\/v2\/product_brand?post=69812"},{"taxonomy":"product_cat","embeddable":true,"href":"https:\/\/soydeaqui.ddns.net\/pachuca\/index.php\/wp-json\/wp\/v2\/product_cat?post=69812"},{"taxonomy":"product_tag","embeddable":true,"href":"https:\/\/soydeaqui.ddns.net\/pachuca\/index.php\/wp-json\/wp\/v2\/product_tag?post=69812"}],"curies":[{"name":"wp","href":"https:\/\/api.w.org\/{rel}","templated":true}]}}