{"id":69807,"date":"2026-03-19T11:00:35","date_gmt":"2026-03-19T11:00:35","guid":{"rendered":"https:\/\/soydeaqui.ddns.net\/pachuca\/index.php\/producto\/certificado-de-calibracion-para-analizador-6050-xxxx-con-datos-antes-despues\/"},"modified":"2026-03-19T11:00:36","modified_gmt":"2026-03-19T11:00:36","slug":"certificado-de-calibracion-para-analizador-6050-xxxx-con-datos-antes-despues","status":"publish","type":"product","link":"https:\/\/soydeaqui.ddns.net\/pachuca\/index.php\/producto\/certificado-de-calibracion-para-analizador-6050-xxxx-con-datos-antes-despues\/","title":{"rendered":"Certificado de Calibraci\u00f3n para Analizador 6050-xxxx con Datos Antes-Despu\u00e9s."},"content":{"rendered":"<div style='width: 100%; max-width: 1200px; margin: 0 auto; font-family: sans-serif; line-height: 1.6; color: inherit; background-color: transparent;'> <!-- Secci\u00f3n de descripci\u00f3n --> <\/p>\n<div style='margin-bottom: 30px;'>\n<h3 style='font-size: 22px; border-bottom: 2px solid currentColor; padding-bottom: 5px; margin-top: 0; color: inherit; opacity: 0.8;'>Descripci\u00f3n<\/h3>\n<ul style='padding-left: 20px; font-size: 15px; color: inherit;'>\n<li style='margin-bottom: 5px;'>El Analizador de Sitio VNA viene dispuesto con juego completo de puertos de medici\u00f3n S11 y S21 para aplicarse en mediciones como Analizador de Redes Vectorial&comma; Analizador de Espectro&comma; Generador de Rastreo&comma; FDR (Reflect\u00f3metro en el Dominio de Frecuencia)&comma; SWR y P\u00e9rdida por Retorno.<\/li>\n<li style='margin-bottom: 5px;'>Cuenta con pantalla retro-iluminada a todo color con una excelente legibilidad a la luz del d\u00eda.<\/li>\n<li style='margin-bottom: 5px;'>50 espacios de memoria para guardar gr\u00e1ficos y recuperarlos en el Analizador de Sitio o cargarlos en una PC con el software &#8216;Site Analyzer PC Vision&#8217;\u2122 (incluido).<\/li>\n<li style='margin-bottom: 5px;'>Incluye bater\u00edas re-emplazables de &#8216;AA&#8217; NiMH para 4 horas de funcionamiento continuo.<\/li>\n<li style='margin-bottom: 5px;'>Men\u00fas de f\u00e1cil navegaci\u00f3n&comma; configuraciones de color y pantallas gr\u00e1ficas de medici\u00f3n personalizadas por el usuario.<\/li>\n<li style='margin-bottom: 5px;'>El analizador de sitios VNA contiene l\u00edneas l\u00edmite seleccionables por el usuario y un bot\u00f3n reversible a la vista para seleccionarlo como medidor de SWR \/ P\u00e9rdida de Retorno y localizar el mejor SWR o P\u00e9rdida por Retorno de las antenas.<\/li>\n<li style='margin-bottom: 5px;'>Su facilidad de operaci\u00f3n hace flexible al Analizador &#8216;Liberator&#8217; tanto para el principiante como a nivel ingeniero el usarlo con un m\u00ednimo de entrenamiento.<\/li>\n<li style='margin-bottom: 5px;'>Las comunicaciones a PC se realizan a trav\u00e9s de USB-2 (cable incluido).<\/li>\n<li style='margin-bottom: 5px;'>El soporte t\u00e9cnico incluye: capacitaci\u00f3n de usuario PPT (.ppt) y soporte t\u00e9cnico gratuito durante la vida \u00fatil del instrumento.<\/li>\n<\/ul><\/div>\n<p> <!-- Secci\u00f3n de especificaciones --> <\/p>\n<div style='margin-bottom: 30px;'>\n<h3 style='font-size: 22px; border-bottom: 2px solid currentColor; padding-bottom: 5px; margin-top: 0; color: inherit; opacity: 0.8;'>Especificaciones<\/h3>\n<ul style='padding-left: 20px; font-size: 15px; color: inherit;'>\n<li style='margin-bottom: 5px;'>Analizador de Redes Vectorial&comma; SWR&comma; P\u00e9rdida por Retorno&comma; FDR&comma; Analizador de Espectro&comma; Magnitud Z&comma; \u00c1ngulo Z&comma; Magnitud Gamma y \u00c1ngulo Gamma.<\/li>\n<li style='margin-bottom: 5px;'>Rango de frecuencia: 100 kHz &#8211; 1500 MHz.<\/li>\n<li style='margin-bottom: 5px;'>Sintonizaci\u00f3n \/ Resoluci\u00f3n de pantalla: 1 kHz.<\/li>\n<li style='margin-bottom: 5px;'>Frecuencia de Actualizaci\u00f3n: 2.5 veces \/ segundo.<\/li>\n<li style='margin-bottom: 5px;'>Pantalla de frecuencia: 250 puntos.<\/li>\n<li style='margin-bottom: 5px;'>Velocidad de medici\u00f3n: 5 ms \/ punto de datos.<\/li>\n<li style='margin-bottom: 5px;'>Mediciones FDR: DTF&comma; final del cable y RL de Antena.<\/li>\n<li style='margin-bottom: 5px;'>Rango FDR: 0 a > 5000 ft (0 a > 1524 m).<\/li>\n<li style='margin-bottom: 5px;'>Resoluci\u00f3n M\u00ednima: 0.5% de la escala.<\/li>\n<li style='margin-bottom: 5px;'>Exactitud FDR: 0.5% de la escala.<\/li>\n<li style='margin-bottom: 5px;'>Potencia de salida: ~ 0 dBm @ 50 Ohm.<\/li>\n<li style='margin-bottom: 5px;'>Rango de potencia de entrada: -100 dBm a +30 dBm.<\/li>\n<li style='margin-bottom: 5px;'>Rango de impedancia: 10 a 1000 ohm&comma; por f\u00e1brica 50.<\/li>\n<li style='margin-bottom: 5px;'>Escalas de impedancia del diagrama: 8 escalas de 10 a 2 K ohm.<\/li>\n<li style='margin-bottom: 5px;'>Formatos de impedancia (S11): Resistencia&comma; Reactancia&comma; Z Total.<\/li>\n<li style='margin-bottom: 5px;'>Precisi\u00f3n de impedancia: +\/- 1 Ohm.<\/li>\n<li style='margin-bottom: 5px;'>Escalas de trazado de \u00e1ngulo de fase: +\/- 5 a +\/- 180 grados.<\/li>\n<li style='margin-bottom: 5px;'>Formatos de ganancia (S21): Log&comma; Linear \u00f3 Fase.<\/li>\n<li style='margin-bottom: 5px;'>Precisi\u00f3n de ganancia: +\/- 1 dB.<\/li>\n<li style='margin-bottom: 5px;'>Resoluci\u00f3n del Analizador de Espectro: 30 kHz &#8211; 3 MHz.<\/li>\n<li style='margin-bottom: 5px;'>Conectores de RF: Tipo &#8216;N&#8217; hembras.<\/li>\n<li style='margin-bottom: 5px;'>Requisitos de alimentaci\u00f3n: 13.8-20 Vcc a 800 mA m\u00edn. \u00f3 8 AA NiMH&comma; o Alcalina.<\/li>\n<li style='margin-bottom: 5px;'>Tama\u00f1o: 216 mm x 109 mm x 57 mm.<\/li>\n<li style='margin-bottom: 5px;'>Peso: 1 kilogramo&comma; con estuche y bater\u00edas<\/li>\n<li style='margin-bottom: 5px;'>Garant\u00eda: 2 a\u00f1os<\/li>\n<\/ul><\/div>\n<p> <!-- Secci\u00f3n de art\u00edculos incluidos --> <\/p>\n<div style='margin-bottom: 30px;'>\n<h3 style='font-size: 22px; border-bottom: 2px solid currentColor; padding-bottom: 5px; margin-top: 0; color: inherit; opacity: 0.8;'>Art\u00edculos incluidos<\/h3>\n<ul style='padding-left: 20px; font-size: 15px; color: inherit;'>\n<li style='margin-bottom: 5px;'>Analizador de sitio VNA.<\/li>\n<li style='margin-bottom: 5px;'>8 bater\u00edas &#8216;AA&#8217; de NiMH (instaladas).<\/li>\n<li style='margin-bottom: 5px;'>Estuche para cintur\u00f3n con correa al hombro removible.<\/li>\n<li style='margin-bottom: 5px;'>Cable USB.<\/li>\n<li style='margin-bottom: 5px;'>Adaptador de CA.<\/li>\n<li style='margin-bottom: 5px;'>Gu\u00eda de inicio r\u00e1pido.<\/li>\n<li style='margin-bottom: 5px;'>Gu\u00eda B\u00e1sica.<\/li>\n<li style='margin-bottom: 5px;'><strong>Estuche de Transporte ligero.<\/strong><\/li>\n<li style='margin-bottom: 5px;'><strong>Adaptador de Recarga CD Vehicular.<\/strong><\/li>\n<li style='margin-bottom: 5px;'><strong>Juego de Terminales de 3-v\u00edas (Abierto&comma; Corto y Carga de 50 Ohm).<\/strong><\/li>\n<li style='margin-bottom: 5px;'><strong>Adaptador &#8216;N&#8217; a BNC.<\/strong><\/li>\n<li style='margin-bottom: 5px;'>Manual de operaciones en CD.<\/li>\n<li style='margin-bottom: 5px;'>Entrenamiento PPT (.ppt).<\/li>\n<li style='margin-bottom: 5px;'>Software &#8216;Site Analyzer PC Vision&#8217;.<\/li>\n<\/ul><\/div>\n<p> <!-- Secci\u00f3n de caracter\u00edsticas --> <\/p>\n<div style='margin-bottom: 30px;'>\n<h3 style='font-size: 22px; border-bottom: 2px solid currentColor; padding-bottom: 5px; margin-top: 0; color: inherit; opacity: 0.8;'>Caracter\u00edsticas<\/h3>\n<ul style='padding-left: 20px; font-size: 15px; color: inherit;'>\n<li style='margin-bottom: 5px;'>L\u00edneas l\u00edmite seleccionables por usuario para sintonizar de un vistazo en el modo SWR \/ P\u00e9rdida por Retorno.<\/li>\n<li style='margin-bottom: 5px;'>La sintonizaci\u00f3n autom\u00e1tica con un solo bot\u00f3n localiza el mejor SWR o Return Loss de la antena.<\/li>\n<li style='margin-bottom: 5px;'>Analizador de Espectro con Generador de Rastreo.<\/li>\n<li style='margin-bottom: 5px;'>Visualizaci\u00f3n de doble escala en el modo Generador de Rastreo.<\/li>\n<li style='margin-bottom: 5px;'>Reflect\u00f3metro de Dominio de Frecuencia (FDR).<\/li>\n<li style='margin-bottom: 5px;'>Medici\u00f3n de P\u00e9rdida por Retorno y Falla a Distancia en una prueba para evaluar el desempe\u00f1o del cable y la Antena como un sistema completo.<\/li>\n<li style='margin-bottom: 5px;'>Formatos de Impedancia Resistencia y Reactancia.<\/li>\n<li style='margin-bottom: 5px;'>Software Site Analyzer PC Vision \u2122 y cable USB-2 incluidos.<\/li>\n<li style='margin-bottom: 5px;'>Operaci\u00f3n completa del instrumento a trav\u00e9s del software PC Vision.<\/li>\n<li style='margin-bottom: 5px;'>La memoria interna puede contener hasta 50 espacios y configuraciones.<\/li>\n<li style='margin-bottom: 5px;'>Pantalla de color retroiluminada VGA de un cuarto (combinaci\u00f3n de colores seleccionable por el usuario)<\/li>\n<li style='margin-bottom: 5px;'>Pantalla num\u00e9rica grande en modo CW.<\/li>\n<\/ul><\/div>\n<p> <!-- Secci\u00f3n de beneficios --> <\/p>\n<div style='margin-bottom: 30px;'>\n<h3 style='font-size: 22px; border-bottom: 2px solid currentColor; padding-bottom: 5px; margin-top: 0; color: inherit; opacity: 0.8;'>Beneficios<\/h3>\n<ul style='padding-left: 20px; font-size: 15px; color: inherit;'>\n<li style='margin-bottom: 5px;'>Pruebas econ\u00f3micas del sistema de antenas multifunci\u00f3n.<\/li>\n<li style='margin-bottom: 5px;'>F\u00e1cil Ajuste de Duplexers y Filtros Notch.<\/li>\n<li style='margin-bottom: 5px;'>Tiempo de respuesta muy r\u00e1pido en modo de visualizaci\u00f3n gr\u00e1fica.<\/li>\n<li style='margin-bottom: 5px;'>Guarde&comma; recupere y cargue los resultados de la prueba en una PC.<\/li>\n<li style='margin-bottom: 5px;'>Cambie r\u00e1pidamente entre VNA&comma; SWR y Return Loss.<\/li>\n<li style='margin-bottom: 5px;'>Los colores se pueden personalizar para una mejor visualizaci\u00f3n.<\/li>\n<li style='margin-bottom: 5px;'>El dise\u00f1o &#8216;Belt Friendly&#8217; hace que sea f\u00e1cil de llevar en el sitio.<\/li>\n<li style='margin-bottom: 5px;'>Tiene la opci\u00f3n &#8216;Cable nulo&#8217; para eliminar el cable de prueba o la l\u00ednea de alimentaci\u00f3n.<\/li>\n<li style='margin-bottom: 5px;'>Las bater\u00edas NiMH totalmente recargables son comercialmente reemplazables.<\/li>\n<\/ul><\/div>\n<p> <!-- Secci\u00f3n de accesorios opcionales --> <\/p>\n<div style='margin-bottom: 30px;'>\n<h3 style='font-size: 22px; border-bottom: 2px solid currentColor; padding-bottom: 5px; margin-top: 0; color: inherit; opacity: 0.8;'>Accesorios opcionales<\/h3>\n<ul style='padding-left: 20px; font-size: 15px; color: inherit;'>\n<li style='margin-bottom: 5px;'>Juego de Adaptadores N a SMA y Terminadores.<\/li>\n<li style='margin-bottom: 5px;'>Adaptador N a BNC.<\/li>\n<li style='margin-bottom: 5px;'>Terminadores BNC&comma; Corto-circuito y Carga 50 \u03a9.<\/li>\n<li style='margin-bottom: 5px;'>Adaptadores de N a TNC.<\/li>\n<li style='margin-bottom: 5px;'>Adaptadores de N a SO-239 (UHF).<\/li>\n<li style='margin-bottom: 5px;'>Juego de terminales N hembra&comma; Corto-circuito y Abierto.<\/li>\n<li style='margin-bottom: 5px;'>Juego de terminadores de 3 v\u00edas&comma; Abierto&comma; Corto-circuito y Carga de 50 \u03a9.<\/li>\n<li style='margin-bottom: 5px;'>Adaptador \/ Cargador de veh\u00edculo.<\/li>\n<li style='margin-bottom: 5px;'>Estuche ligero.<\/li>\n<li style='margin-bottom: 5px;'>Estuche r\u00edgido.<\/li>\n<\/ul>\n<p style='color: inherit; margin-top: 15px;'><strong>*Pregunte por disponibilidad.<\/strong><\/p>\n<\/p><\/div>\n<\/p><\/div>\n","protected":false},"excerpt":{"rendered":"<p>Certificado de Calibraci\u00f3n para Analizador 6050-xxxx con Datos Antes-Despu\u00e9s.<\/p>\n","protected":false},"featured_media":32,"comment_status":"open","ping_status":"closed","template":"","meta":[],"product_brand":[],"product_cat":[1610],"product_tag":[1963,1611,931],"class_list":{"0":"post-69807","1":"product","2":"type-product","3":"status-publish","4":"has-post-thumbnail","6":"product_cat-analizadores-espectro-y-antenas-monitores-de-servicio-y-softwares","7":"product_tag-aea","8":"product_tag-analizadores-espectro-y-antenas-monitores-de-servicio-y-softwares","9":"product_tag-equipo-de-laboratorio","11":"first","12":"outofstock","13":"sale","14":"shipping-taxable","15":"purchasable","16":"product-type-simple"},"_links":{"self":[{"href":"https:\/\/soydeaqui.ddns.net\/pachuca\/index.php\/wp-json\/wp\/v2\/product\/69807","targetHints":{"allow":["GET"]}}],"collection":[{"href":"https:\/\/soydeaqui.ddns.net\/pachuca\/index.php\/wp-json\/wp\/v2\/product"}],"about":[{"href":"https:\/\/soydeaqui.ddns.net\/pachuca\/index.php\/wp-json\/wp\/v2\/types\/product"}],"replies":[{"embeddable":true,"href":"https:\/\/soydeaqui.ddns.net\/pachuca\/index.php\/wp-json\/wp\/v2\/comments?post=69807"}],"wp:featuredmedia":[{"embeddable":true,"href":"https:\/\/soydeaqui.ddns.net\/pachuca\/index.php\/wp-json\/wp\/v2\/media\/32"}],"wp:attachment":[{"href":"https:\/\/soydeaqui.ddns.net\/pachuca\/index.php\/wp-json\/wp\/v2\/media?parent=69807"}],"wp:term":[{"taxonomy":"product_brand","embeddable":true,"href":"https:\/\/soydeaqui.ddns.net\/pachuca\/index.php\/wp-json\/wp\/v2\/product_brand?post=69807"},{"taxonomy":"product_cat","embeddable":true,"href":"https:\/\/soydeaqui.ddns.net\/pachuca\/index.php\/wp-json\/wp\/v2\/product_cat?post=69807"},{"taxonomy":"product_tag","embeddable":true,"href":"https:\/\/soydeaqui.ddns.net\/pachuca\/index.php\/wp-json\/wp\/v2\/product_tag?post=69807"}],"curies":[{"name":"wp","href":"https:\/\/api.w.org\/{rel}","templated":true}]}}