{"id":698,"date":"2026-03-18T05:42:58","date_gmt":"2026-03-18T05:42:58","guid":{"rendered":"https:\/\/soydeaqui.ddns.net\/pachuca\/index.php\/producto\/zigbee-sensor-de-movimiento-con-tecnologia-inalambrica-zigbee\/"},"modified":"2026-03-18T05:42:58","modified_gmt":"2026-03-18T05:42:58","slug":"zigbee-sensor-de-movimiento-con-tecnologia-inalambrica-zigbee","status":"publish","type":"product","link":"https:\/\/soydeaqui.ddns.net\/pachuca\/index.php\/producto\/zigbee-sensor-de-movimiento-con-tecnologia-inalambrica-zigbee\/","title":{"rendered":"(ZigBee) Sensor de movimiento con tecnolog\u00eda inal\u00e1mbrica ZigBee"},"content":{"rendered":"<div style='width: 100%; max-width: 1200px; margin: 0 auto; font-family: sans-serif; line-height: 1.6; color: inherit; background-color: transparent;'>\n<div style='margin-bottom: 30px;'> <img style='width: 100%; height: auto; border: 1px solid rgba(150&comma;150&comma;150&comma;0.3); border-radius: 8px;' src='https:\/\/ftp3.syscom.mx\/usuarios\/albamaria\/albamaria\/smarthomepoweredbyepcom\/smarthome-by-epcom.jpg' alt=''> <\/div>\n<div style='margin-bottom: 30px; font-size: 15px;'>\n<p style='text-align: justify;'>El dispositivo ofrece instalaci\u00f3n magn\u00e9tica vers\u00e1til en techo&comma; pared o superficie horizontal. Incluye configuraci\u00f3n y reinicio con una tecla&comma; comunicaci\u00f3n bidireccional Zigbee de 2&comma;4 GHz&comma; resistencia a interferencias mejorada&comma; alarma de bater\u00eda baja y una interfaz de bater\u00eda infalible.<\/p>\n<\/p><\/div>\n<div style='display: grid; grid-template-columns: repeat(auto-fill&comma; minmax(280px&comma; 1fr)); gap: 20px; margin-bottom: 30px;'>\n<div style='border: 1px solid rgba(150&comma; 150&comma; 150&comma; 0.4); border-radius: 8px; overflow: hidden; display: flex; flex-direction: column;'>\n<div style='padding: 15px; border-bottom: 1px solid rgba(150&comma; 150&comma; 150&comma; 0.2); font-weight: bold; font-size: 18px; color: inherit; background-color: rgba(0&comma; 145&comma; 255&comma; 0.1);'>Caracter\u00edsticas principales:<\/div>\n<div style='padding: 15px; color: inherit;'>\n<ul style='padding-left: 20px; margin: 0; font-size: 14px; list-style-type: disc;'>\n<li style='margin-bottom: 5px;'>Se\u00f1al inalambrica ZigBee 2.4<\/li>\n<li style='margin-bottom: 5px;'>Voltaje de funcionamiento: DC3V<\/li>\n<li style='margin-bottom: 5px;'>Distancia de detecci\u00f3n: 7M<\/li>\n<li style='margin-bottom: 5px;'>Altura de instalaci\u00f3n: 2m<\/li>\n<li style='margin-bottom: 5px;'>Instalaci\u00f3n de succi\u00f3n magn\u00e9tica en techo\/pared\/ubicaci\u00f3n horizontal&comma; peque\u00f1a y hermosa. Funciones de configuraci\u00f3n&comma; reinicio y prueba de una clave para codificar.<\/li>\n<li style='margin-bottom: 5px;'>Comunicaci\u00f3n bidireccional inal\u00e1mbrica Zigbee de 2&comma;4 GHz.<\/li>\n<\/ul><\/div>\n<\/p><\/div>\n<div style='border: 1px solid rgba(150&comma; 150&comma; 150&comma; 0.4); border-radius: 8px; overflow: hidden; display: flex; flex-direction: column;'>\n<div style='padding: 15px; border-bottom: 1px solid rgba(150&comma; 150&comma; 150&comma; 0.2); font-weight: bold; font-size: 18px; color: inherit; background-color: rgba(0&comma; 145&comma; 255&comma; 0.1);'>Caracter\u00edsticas principales:<\/div>\n<div style='padding: 15px; color: inherit;'>\n<ul style='padding-left: 20px; margin: 0; font-size: 14px; list-style-type: disc;'>\n<li style='margin-bottom: 5px;'>Tipo de bater\u00eda: CR2450<\/li>\n<li style='margin-bottom: 5px;'>M\u00e9todo de instalaci\u00f3n: techo\/pared<\/li>\n<li style='margin-bottom: 5px;'>Temperatura de funcionamiento: -10 \u2103 ~55 \u2103<\/li>\n<li style='margin-bottom: 5px;'>T\u00e9cnica de umbral din\u00e1mico&comma; mejora la resistencia-interferencia.<\/li>\n<li style='margin-bottom: 5px;'>Alarma de bater\u00eda bajo presi\u00f3n.<\/li>\n<\/ul><\/div>\n<\/p><\/div>\n<div style='border: 1px solid rgba(150&comma; 150&comma; 150&comma; 0.4); border-radius: 8px; overflow: hidden; display: flex; flex-direction: column;'>\n<div style='padding: 15px; border-bottom: 1px solid rgba(150&comma; 150&comma; 150&comma; 0.2); font-weight: bold; font-size: 18px; color: inherit; background-color: rgba(0&comma; 145&comma; 255&comma; 0.1);'>Caracter\u00edsticas principales:<\/div>\n<div style='padding: 15px; color: inherit;'>\n<ul style='padding-left: 20px; margin: 0; font-size: 14px; list-style-type: disc;'>\n<li style='margin-bottom: 5px;'>Humedad de funcionamiento: 0%~95% (sin condensaci\u00f3n)<\/li>\n<li style='margin-bottom: 5px;'>Tama\u00f1o: 46&comma;2*34&comma;2 mm<\/li>\n<\/ul><\/div>\n<\/p><\/div>\n<\/p><\/div>\n<div style='margin: 30px 0;'> <img style='width: 100%; height: auto; border: 1px solid rgba(150&comma;150&comma;150&comma;0.3); border-radius: 8px;' src='http:\/\/ftp3.syscom.mx\/usuarios\/mbarrio\/bll\/DiagramaSHS.JPG' alt=''> <\/div>\n<\/p><\/div>\n","protected":false},"excerpt":{"rendered":"<p>(ZigBee) Sensor de movimiento con tecnolog\u00eda inal\u00e1mbrica ZigBee<\/p>\n","protected":false},"featured_media":697,"comment_status":"open","ping_status":"closed","template":"","meta":[],"product_brand":[],"product_cat":[148],"product_tag":[30,149,187],"class_list":{"0":"post-698","1":"product","2":"type-product","3":"status-publish","4":"has-post-thumbnail","6":"product_cat-sensores-y-relevadores","7":"product_tag-automatizacion-casa-inteligente","8":"product_tag-sensores-y-relevadores","9":"product_tag-smarthome-by-epcom","11":"first","12":"instock","13":"sale","14":"shipping-taxable","15":"purchasable","16":"product-type-simple"},"_links":{"self":[{"href":"https:\/\/soydeaqui.ddns.net\/pachuca\/index.php\/wp-json\/wp\/v2\/product\/698","targetHints":{"allow":["GET"]}}],"collection":[{"href":"https:\/\/soydeaqui.ddns.net\/pachuca\/index.php\/wp-json\/wp\/v2\/product"}],"about":[{"href":"https:\/\/soydeaqui.ddns.net\/pachuca\/index.php\/wp-json\/wp\/v2\/types\/product"}],"replies":[{"embeddable":true,"href":"https:\/\/soydeaqui.ddns.net\/pachuca\/index.php\/wp-json\/wp\/v2\/comments?post=698"}],"wp:featuredmedia":[{"embeddable":true,"href":"https:\/\/soydeaqui.ddns.net\/pachuca\/index.php\/wp-json\/wp\/v2\/media\/697"}],"wp:attachment":[{"href":"https:\/\/soydeaqui.ddns.net\/pachuca\/index.php\/wp-json\/wp\/v2\/media?parent=698"}],"wp:term":[{"taxonomy":"product_brand","embeddable":true,"href":"https:\/\/soydeaqui.ddns.net\/pachuca\/index.php\/wp-json\/wp\/v2\/product_brand?post=698"},{"taxonomy":"product_cat","embeddable":true,"href":"https:\/\/soydeaqui.ddns.net\/pachuca\/index.php\/wp-json\/wp\/v2\/product_cat?post=698"},{"taxonomy":"product_tag","embeddable":true,"href":"https:\/\/soydeaqui.ddns.net\/pachuca\/index.php\/wp-json\/wp\/v2\/product_tag?post=698"}],"curies":[{"name":"wp","href":"https:\/\/api.w.org\/{rel}","templated":true}]}}