{"id":69754,"date":"2026-03-19T10:58:37","date_gmt":"2026-03-19T10:58:37","guid":{"rendered":"https:\/\/soydeaqui.ddns.net\/pachuca\/index.php\/producto\/antena-marina-vhf-quick-connect-qc-3-de-3-pies\/"},"modified":"2026-03-19T10:58:38","modified_gmt":"2026-03-19T10:58:38","slug":"antena-marina-vhf-quick-connect-qc-3-de-3-pies","status":"publish","type":"product","link":"https:\/\/soydeaqui.ddns.net\/pachuca\/index.php\/producto\/antena-marina-vhf-quick-connect-qc-3-de-3-pies\/","title":{"rendered":"Antena Marina VHF Quick Connect QC-3 de 3 pies"},"content":{"rendered":"<div style='width: 100%; max-width: 1200px; margin: 0 auto; font-family: sans-serif; line-height: 1.6; color: inherit; background-color: transparent;'>\n<h3 style='font-size: 22px; border-bottom: 2px solid currentColor; padding-bottom: 5px; margin-top: 0; color: inherit; opacity: 0.8;'>Caracter\u00edsticas principales<\/h3>\n<ul style='padding-left: 20px; font-size: 15px; color: inherit;'>\n<li style='margin-bottom: 5px;'><strong>Ganancia:<\/strong> 3 dB<\/li>\n<li style='margin-bottom: 5px;'><strong>Potencia:<\/strong> 50 Watts<\/li>\n<li style='margin-bottom: 5px;'><strong>Longitud:<\/strong> 3 pies (0.91m)<\/li>\n<li style='margin-bottom: 5px;'><strong>Color:<\/strong> Blanco<\/li>\n<li style='margin-bottom: 5px;'><strong>Polarizaci\u00f3n:<\/strong> Vertical<\/li>\n<li style='margin-bottom: 5px;'><strong>Impedancia:<\/strong> 50 ohms<\/li>\n<\/ul>\n<div style='margin-top: 30px; margin-bottom: 30px;'>\n<p style='color: inherit; font-size: 15px; margin: 0 0 15px 0;'>Como consecuencia de la popularidad de la funci\u00f3n de conexi\u00f3n r\u00e1pida en las antenas marinas Phase III\u00ae de gama alta de Shakespeare&comma; la nueva l\u00ednea de productos QuickConnect\u00ae le brinda la facilidad de conectar y desconectar su antena marina en una serie de antenas de nivel de entrada.<\/p>\n<p style='color: inherit; font-size: 15px; margin: 0 0 15px 0;'><strong>Montaje Recomendado (no incluido):<\/strong> QCM-S y QCM-SR<\/p>\n<\/p><\/div>\n<div style='display: flex; flex-wrap: wrap; gap: 20px; margin-bottom: 30px;'>\n<div style='flex: 1 1 250px; border: 1px solid rgba(150&comma; 150&comma; 150&comma; 0.4); border-radius: 8px; overflow: hidden; display: flex; flex-direction: column;'>\n<div style='padding: 15px; border-bottom: 1px solid rgba(150&comma; 150&comma; 150&comma; 0.2); font-weight: bold; font-size: 18px; color: inherit;'>Especificaciones<\/div>\n<div style='padding: 15px; color: inherit;'>\n<ul style='padding-left: 20px; margin: 0; font-size: 14px; list-style-type: disc;'>\n<li style='margin-bottom: 5px;'><strong>Banda:<\/strong> Banda Marina VHF<\/li>\n<li style='margin-bottom: 5px;'><strong>Ganancia:<\/strong> 3dB<\/li>\n<li style='margin-bottom: 5px;'><strong>Potencia:<\/strong> 50 W<\/li>\n<li style='margin-bottom: 5px;'><strong>SWR:<\/strong> Nominalmente 1.3:1 a 156.8 MHz<\/li>\n<li style='margin-bottom: 5px;'><strong>Ancho de Banda:<\/strong> 5 MHz dentro de 2.0:1 VSWR<\/li>\n<li style='margin-bottom: 5px;'><strong>Ferrule:<\/strong> Lat\u00f3n cromado<\/li>\n<li style='margin-bottom: 5px;'><strong>Cable:<\/strong> No incluye<\/li>\n<li style='margin-bottom: 5px;'><strong>Conector suministrado:<\/strong> No incluye<\/li>\n<li style='margin-bottom: 5px;'><strong>Color \/ acabado:<\/strong> L\u00e1tigo SS \/ Cuerpo de pl\u00e1stico blanco<\/li>\n<li style='margin-bottom: 5px;'><strong>Polaridad:<\/strong> Vertical<\/li>\n<li style='margin-bottom: 5px;'><strong>Impedancia:<\/strong> 50 ohmios (con soporte de control de calidad adjunto)<\/li>\n<li style='margin-bottom: 5px;'><strong>DC tierra:<\/strong> No DC Ground: la antena se leer\u00e1 abierta en la prueba de continuidad<\/li>\n<\/ul><\/div>\n<\/p><\/div>\n<\/p><\/div>\n<\/p><\/div>\n","protected":false},"excerpt":{"rendered":"<p>Antena Marina VHF Quick Connect QC-3 de 3 pies<\/p>\n","protected":false},"featured_media":69753,"comment_status":"open","ping_status":"closed","template":"","meta":[],"product_brand":[],"product_cat":[1574],"product_tag":[1404,1575,1576],"class_list":{"0":"post-69754","1":"product","2":"type-product","3":"status-publish","4":"has-post-thumbnail","6":"product_cat-marinas","7":"product_tag-antenas","8":"product_tag-marinas","9":"product_tag-shakespeare","11":"first","12":"outofstock","13":"sale","14":"shipping-taxable","15":"purchasable","16":"product-type-simple"},"_links":{"self":[{"href":"https:\/\/soydeaqui.ddns.net\/pachuca\/index.php\/wp-json\/wp\/v2\/product\/69754","targetHints":{"allow":["GET"]}}],"collection":[{"href":"https:\/\/soydeaqui.ddns.net\/pachuca\/index.php\/wp-json\/wp\/v2\/product"}],"about":[{"href":"https:\/\/soydeaqui.ddns.net\/pachuca\/index.php\/wp-json\/wp\/v2\/types\/product"}],"replies":[{"embeddable":true,"href":"https:\/\/soydeaqui.ddns.net\/pachuca\/index.php\/wp-json\/wp\/v2\/comments?post=69754"}],"wp:featuredmedia":[{"embeddable":true,"href":"https:\/\/soydeaqui.ddns.net\/pachuca\/index.php\/wp-json\/wp\/v2\/media\/69753"}],"wp:attachment":[{"href":"https:\/\/soydeaqui.ddns.net\/pachuca\/index.php\/wp-json\/wp\/v2\/media?parent=69754"}],"wp:term":[{"taxonomy":"product_brand","embeddable":true,"href":"https:\/\/soydeaqui.ddns.net\/pachuca\/index.php\/wp-json\/wp\/v2\/product_brand?post=69754"},{"taxonomy":"product_cat","embeddable":true,"href":"https:\/\/soydeaqui.ddns.net\/pachuca\/index.php\/wp-json\/wp\/v2\/product_cat?post=69754"},{"taxonomy":"product_tag","embeddable":true,"href":"https:\/\/soydeaqui.ddns.net\/pachuca\/index.php\/wp-json\/wp\/v2\/product_tag?post=69754"}],"curies":[{"name":"wp","href":"https:\/\/api.w.org\/{rel}","templated":true}]}}