{"id":69750,"date":"2026-03-19T10:58:30","date_gmt":"2026-03-19T10:58:30","guid":{"rendered":"https:\/\/soydeaqui.ddns.net\/pachuca\/index.php\/producto\/montaje-rotativo-de-acero-inoxidable-4-posiciones-de-facil-instalacion-para-antenas-quickconnect\/"},"modified":"2026-03-19T10:58:31","modified_gmt":"2026-03-19T10:58:31","slug":"montaje-rotativo-de-acero-inoxidable-4-posiciones-de-facil-instalacion-para-antenas-quickconnect","status":"publish","type":"product","link":"https:\/\/soydeaqui.ddns.net\/pachuca\/index.php\/producto\/montaje-rotativo-de-acero-inoxidable-4-posiciones-de-facil-instalacion-para-antenas-quickconnect\/","title":{"rendered":"Montaje rotativo de acero inoxidable, 4 posiciones de f\u00e1cil instalaci\u00f3n para antenas QuickConnect"},"content":{"rendered":"<div style='width: 100%; max-width: 1200px; margin: 0 auto; font-family: sans-serif; line-height: 1.6; color: inherit; background-color: transparent;'> <!-- Secci\u00f3n de descripci\u00f3n principal --> <\/p>\n<div style='margin-bottom: 30px;'>\n<h3 style='font-size: 22px; border-bottom: 2px solid currentColor; padding-bottom: 5px; margin-top: 0; color: inherit; opacity: 0.8;'>Montaje de trinquete de acero inoxidable QuickConnect<\/h3>\n<p style='font-size: 15px; margin-top: 10px; margin-bottom: 10px; color: inherit;'> Vers\u00e1til acci\u00f3n de trinquete de cuatro v\u00edas y dise\u00f1o de mango de liberaci\u00f3n r\u00e1pida para una colocaci\u00f3n r\u00e1pida y f\u00e1cil. <\/p>\n<p style='font-size: 15px; margin-top: 10px; margin-bottom: 10px; color: inherit;'> Para montaje en cubierta o lateral de antenas QuickConnect. <\/p>\n<\/p><\/div>\n<p> <!-- Secci\u00f3n de caracter\u00edsticas --> <\/p>\n<div style='margin-bottom: 30px;'>\n<h3 style='font-size: 20px; border-bottom: 2px solid currentColor; padding-bottom: 5px; margin-top: 0; color: inherit; opacity: 0.8;'>Caracter\u00edsticas<\/h3>\n<ul style='padding-left: 20px; font-size: 15px; color: inherit; margin-top: 15px;'>\n<li style='margin-bottom: 8px;'>QuickConnect: f\u00e1cil extracci\u00f3n de una antena sin la molestia de reinstalar cables<\/li>\n<li style='margin-bottom: 8px;'>Rosca: 1 &#8216;-14 \/ agujeros para pernos: 9\/32&#8217; de di\u00e1metro. (7&comma;14 mm)&comma; 3 &#8216;x \u00bd&#8217; (76&comma;2 mm x 12&comma;7 mm) en el centro<\/li>\n<li style='margin-bottom: 8px;'>Tapa de protecci\u00f3n contra el agua y el polvo: se mantiene fija al soporte para evitar que se pierda<\/li>\n<li style='margin-bottom: 8px;'>Conector Centerpin\u00ae PL-259: incluido para una f\u00e1cil instalaci\u00f3n sin soldadura<\/li>\n<li style='margin-bottom: 8px;'>Maneja antenas de hasta 8 &#8216;(2.4m)<\/li>\n<li style='margin-bottom: 8px;'>Acero inoxidable<\/li>\n<\/ul><\/div>\n<p> <!-- Secci\u00f3n de especificaciones --> <\/p>\n<div style='margin-bottom: 30px;'>\n<h3 style='font-size: 20px; border-bottom: 2px solid currentColor; padding-bottom: 5px; margin-top: 0; color: inherit; opacity: 0.8;'>Especificaciones<\/h3>\n<div style='margin-top: 15px;'>\n<div style='display: flex; flex-wrap: wrap; gap: 15px;'>\n<div style='flex: 1 1 250px; border: 1px solid rgba(150&comma; 150&comma; 150&comma; 0.4); border-radius: 8px; overflow: hidden; display: flex; flex-direction: column;'>\n<div style='padding: 12px; border-bottom: 1px solid rgba(150&comma; 150&comma; 150&comma; 0.2); font-weight: bold; font-size: 16px; color: inherit; background-color: rgba(218&comma; 236&comma; 250&comma; 0.3);'>Estilo QCM-S<\/div>\n<div style='padding: 12px; color: inherit;'>\n<ul style='padding-left: 15px; margin: 0; font-size: 14px; list-style-type: disc;'>\n<li style='margin-bottom: 6px;'><strong>Construcci\u00f3n:<\/strong> acero inoxidable<\/li>\n<li style='margin-bottom: 6px;'><strong>Tipo de montaje:<\/strong> trinquete<\/li>\n<li style='margin-bottom: 6px;'><strong>Accesorios de montaje:<\/strong> No incluido<\/li>\n<li style='margin-bottom: 6px;'><strong>Coaxial suministrado:<\/strong> 20 pies (6&comma;09 m) de RG-58<\/li>\n<li style='margin-bottom: 6px;'><strong>Conector suministrado:<\/strong> Centerpin\u00ae Crimp-on tipo PL-259<\/li>\n<\/ul><\/div>\n<\/p><\/div>\n<\/p><\/div>\n<\/p><\/div>\n<\/p><\/div>\n<p> <!-- Separador --> <\/p>\n<hr style='border: 0; border-top: 1px solid rgba(150&comma; 150&comma; 150&comma; 0.3); margin: 30px 0;'> <\/div>\n","protected":false},"excerpt":{"rendered":"<p>Montaje rotativo de acero inoxidable, 4 posiciones de f\u00e1cil instalaci\u00f3n para antenas QuickConnect<\/p>\n","protected":false},"featured_media":69749,"comment_status":"open","ping_status":"closed","template":"","meta":[],"product_brand":[],"product_cat":[1615],"product_tag":[1404,1616,1576],"class_list":{"0":"post-69750","1":"product","2":"type-product","3":"status-publish","4":"has-post-thumbnail","6":"product_cat-montajes-y-divisores","7":"product_tag-antenas","8":"product_tag-montajes-y-divisores","9":"product_tag-shakespeare","11":"first","12":"outofstock","13":"sale","14":"shipping-taxable","15":"purchasable","16":"product-type-simple"},"_links":{"self":[{"href":"https:\/\/soydeaqui.ddns.net\/pachuca\/index.php\/wp-json\/wp\/v2\/product\/69750","targetHints":{"allow":["GET"]}}],"collection":[{"href":"https:\/\/soydeaqui.ddns.net\/pachuca\/index.php\/wp-json\/wp\/v2\/product"}],"about":[{"href":"https:\/\/soydeaqui.ddns.net\/pachuca\/index.php\/wp-json\/wp\/v2\/types\/product"}],"replies":[{"embeddable":true,"href":"https:\/\/soydeaqui.ddns.net\/pachuca\/index.php\/wp-json\/wp\/v2\/comments?post=69750"}],"wp:featuredmedia":[{"embeddable":true,"href":"https:\/\/soydeaqui.ddns.net\/pachuca\/index.php\/wp-json\/wp\/v2\/media\/69749"}],"wp:attachment":[{"href":"https:\/\/soydeaqui.ddns.net\/pachuca\/index.php\/wp-json\/wp\/v2\/media?parent=69750"}],"wp:term":[{"taxonomy":"product_brand","embeddable":true,"href":"https:\/\/soydeaqui.ddns.net\/pachuca\/index.php\/wp-json\/wp\/v2\/product_brand?post=69750"},{"taxonomy":"product_cat","embeddable":true,"href":"https:\/\/soydeaqui.ddns.net\/pachuca\/index.php\/wp-json\/wp\/v2\/product_cat?post=69750"},{"taxonomy":"product_tag","embeddable":true,"href":"https:\/\/soydeaqui.ddns.net\/pachuca\/index.php\/wp-json\/wp\/v2\/product_tag?post=69750"}],"curies":[{"name":"wp","href":"https:\/\/api.w.org\/{rel}","templated":true}]}}