{"id":69748,"date":"2026-03-19T10:58:26","date_gmt":"2026-03-19T10:58:26","guid":{"rendered":"https:\/\/soydeaqui.ddns.net\/pachuca\/index.php\/producto\/montaje-rotativo-de-acero-inoxidable-en-riel-de-4-posiciones-facil-de-instalar-para-antenas-quickconnect-qc-3-qc-4-y-qc-8\/"},"modified":"2026-03-19T10:58:28","modified_gmt":"2026-03-19T10:58:28","slug":"montaje-rotativo-de-acero-inoxidable-en-riel-de-4-posiciones-facil-de-instalar-para-antenas-quickconnect-qc-3-qc-4-y-qc-8","status":"publish","type":"product","link":"https:\/\/soydeaqui.ddns.net\/pachuca\/index.php\/producto\/montaje-rotativo-de-acero-inoxidable-en-riel-de-4-posiciones-facil-de-instalar-para-antenas-quickconnect-qc-3-qc-4-y-qc-8\/","title":{"rendered":"Montaje rotativo de acero inoxidable en riel de 4 posiciones f\u00e1cil de instalar para antenas QuickConnect QC-3, QC-4 y QC-8"},"content":{"rendered":"<div style='width: 100%; max-width: 1200px; margin: 0 auto; font-family: sans-serif; line-height: 1.6; color: inherit;'>\n<div style='display: flex; flex-direction: column; gap: 20px;'>\n<div>\n<h3 style='font-size: 22px; border-bottom: 2px solid currentColor; padding-bottom: 5px; margin-top: 0; color: inherit; opacity: 0.8;'>Montaje de riel de trinquete de acero inoxidable QuickConnect<\/h3>\n<p style='margin: 15px 0; color: inherit;'>Vers\u00e1til acci\u00f3n de trinquete de cuatro v\u00edas y dise\u00f1o de mango de liberaci\u00f3n r\u00e1pida para una colocaci\u00f3n r\u00e1pida y f\u00e1cil. Para el montaje en rieles de las antenas QuickConnect en rieles verticales&comma; horizontales o angulados de 1&#8242; (25.4 mm) a 1\u00bd&#8217; (38.1 mm).<\/p>\n<\/p><\/div>\n<div>\n<h3 style='font-size: 20px; margin-top: 0; color: inherit; opacity: 0.7;'>Caracter\u00edsticas:<\/h3>\n<ul style='padding-left: 20px; margin: 15px 0; color: inherit;'>\n<li style='margin-bottom: 8px; font-size: 14px;'><strong>QuickConnect:<\/strong> f\u00e1cil extracci\u00f3n de una antena sin la molestia de reinstalar cables<\/li>\n<li style='margin-bottom: 8px; font-size: 14px;'><strong>Hilo:<\/strong> 1 &#8216;-14<\/li>\n<li style='margin-bottom: 8px; font-size: 14px;'><strong>Tapa de protecci\u00f3n contra el agua y el polvo:<\/strong> se mantiene fija al soporte para evitar que se pierda<\/li>\n<li style='margin-bottom: 8px; font-size: 14px;'><strong>Conector Centerpin\u00ae PL-259:<\/strong> incluido para una f\u00e1cil instalaci\u00f3n sin soldadura<\/li>\n<li style='margin-bottom: 8px; font-size: 14px;'><strong>Maneja antenas:<\/strong> de hasta 8&#8242; (2.4m)<\/li>\n<li style='margin-bottom: 8px; font-size: 14px;'><strong>Material:<\/strong> acero inoxidable<\/li>\n<\/ul><\/div>\n<div style='border: 1px solid rgba(150&comma; 150&comma; 150&comma; 0.3); border-radius: 8px; overflow: hidden;'>\n<div style='padding: 15px; background-color: rgba(0&comma; 0&comma; 0&comma; 0.05); font-weight: bold; color: inherit;'>Especificaciones<\/div>\n<div style='padding: 15px; color: inherit;'>\n<table style='width: 100%; border-collapse: collapse;'>\n<tr style='border-bottom: 1px solid rgba(150&comma; 150&comma; 150&comma; 0.3);'>\n<td style='padding: 10px; width: 30%; font-weight: bold; color: inherit;'>Estilo<\/td>\n<td style='padding: 10px; color: inherit;'>QCM-SR<\/td>\n<\/tr>\n<tr style='border-bottom: 1px solid rgba(150&comma; 150&comma; 150&comma; 0.3);'>\n<td style='padding: 10px; font-weight: bold; color: inherit;'>Construcci\u00f3n<\/td>\n<td style='padding: 10px; color: inherit;'>acero inoxidable<\/td>\n<\/tr>\n<tr style='border-bottom: 1px solid rgba(150&comma; 150&comma; 150&comma; 0.3);'>\n<td style='padding: 10px; font-weight: bold; color: inherit;'>Tipo de montaje<\/td>\n<td style='padding: 10px; color: inherit;'>carril<\/td>\n<\/tr>\n<tr style='border-bottom: 1px solid rgba(150&comma; 150&comma; 150&comma; 0.3);'>\n<td style='padding: 10px; font-weight: bold; color: inherit;'>Coaxial suministrado<\/td>\n<td style='padding: 10px; color: inherit;'>20 pies (6&comma;09 m) de RG-58<\/td>\n<\/tr>\n<tr>\n<td style='padding: 10px; font-weight: bold; color: inherit;'>Conector suministrado<\/td>\n<td style='padding: 10px; color: inherit;'>Centerpin\u00ae Crimp-on tipo PL-259<\/td>\n<\/tr>\n<\/table><\/div>\n<\/p><\/div>\n<\/p><\/div>\n<\/p><\/div>\n","protected":false},"excerpt":{"rendered":"<p>Montaje rotativo de acero inoxidable en riel de 4 posiciones f\u00e1cil de instalar para antenas QuickConnect QC-3, QC-4 y QC-8<\/p>\n","protected":false},"featured_media":69747,"comment_status":"open","ping_status":"closed","template":"","meta":[],"product_brand":[],"product_cat":[1615],"product_tag":[1404,1616,1576],"class_list":{"0":"post-69748","1":"product","2":"type-product","3":"status-publish","4":"has-post-thumbnail","6":"product_cat-montajes-y-divisores","7":"product_tag-antenas","8":"product_tag-montajes-y-divisores","9":"product_tag-shakespeare","11":"first","12":"outofstock","13":"sale","14":"shipping-taxable","15":"purchasable","16":"product-type-simple"},"_links":{"self":[{"href":"https:\/\/soydeaqui.ddns.net\/pachuca\/index.php\/wp-json\/wp\/v2\/product\/69748","targetHints":{"allow":["GET"]}}],"collection":[{"href":"https:\/\/soydeaqui.ddns.net\/pachuca\/index.php\/wp-json\/wp\/v2\/product"}],"about":[{"href":"https:\/\/soydeaqui.ddns.net\/pachuca\/index.php\/wp-json\/wp\/v2\/types\/product"}],"replies":[{"embeddable":true,"href":"https:\/\/soydeaqui.ddns.net\/pachuca\/index.php\/wp-json\/wp\/v2\/comments?post=69748"}],"wp:featuredmedia":[{"embeddable":true,"href":"https:\/\/soydeaqui.ddns.net\/pachuca\/index.php\/wp-json\/wp\/v2\/media\/69747"}],"wp:attachment":[{"href":"https:\/\/soydeaqui.ddns.net\/pachuca\/index.php\/wp-json\/wp\/v2\/media?parent=69748"}],"wp:term":[{"taxonomy":"product_brand","embeddable":true,"href":"https:\/\/soydeaqui.ddns.net\/pachuca\/index.php\/wp-json\/wp\/v2\/product_brand?post=69748"},{"taxonomy":"product_cat","embeddable":true,"href":"https:\/\/soydeaqui.ddns.net\/pachuca\/index.php\/wp-json\/wp\/v2\/product_cat?post=69748"},{"taxonomy":"product_tag","embeddable":true,"href":"https:\/\/soydeaqui.ddns.net\/pachuca\/index.php\/wp-json\/wp\/v2\/product_tag?post=69748"}],"curies":[{"name":"wp","href":"https:\/\/api.w.org\/{rel}","templated":true}]}}