{"id":69719,"date":"2026-03-19T10:57:22","date_gmt":"2026-03-19T10:57:22","guid":{"rendered":"https:\/\/soydeaqui.ddns.net\/pachuca\/index.php\/producto\/bateria-li-ion-2000mah-p-radio-mtp3100-3150-3200-3250-3500-3550-c-clip\/"},"modified":"2026-03-19T10:57:34","modified_gmt":"2026-03-19T10:57:34","slug":"bateria-li-ion-2000mah-p-radio-mtp3100-3150-3200-3250-3500-3550-c-clip","status":"publish","type":"product","link":"https:\/\/soydeaqui.ddns.net\/pachuca\/index.php\/producto\/bateria-li-ion-2000mah-p-radio-mtp3100-3150-3200-3250-3500-3550-c-clip\/","title":{"rendered":"Bateria li-ion \/ 2000mAh p\/radio mtp3100\/3150\/3200\/3250\/3500\/3550 c\/clip"},"content":{"rendered":"<div style='width: 100%; max-width: 1200px; margin: 0 auto; font-family: sans-serif; line-height: 1.6; color: inherit; background-color: transparent;'> <!-- Secci\u00f3n de contenido con flex\/grid --> <\/p>\n<div style='display: flex; flex-wrap: wrap; gap: 30px; margin-bottom: 30px;'>\n<div style='flex: 1 1 300px; min-width: 280px;'>\n<h3 style='font-size: 22px; border-bottom: 2px solid currentColor; padding-bottom: 5px; margin-top: 0; color: inherit; opacity: 0.8;'>Caracter\u00edsticas<\/h3>\n<ul style='padding-left: 20px; font-size: 15px; color: inherit;'>\n<li style='margin-bottom: 5px;'><strong>Para usar con modelos de radio de dos v\u00edas:<\/strong> MT3100&comma; MT3150<\/li>\n<li style='margin-bottom: 5px;'><strong>Material de la carcasa:<\/strong> Policarbonato<\/li>\n<li style='margin-bottom: 5px;'><strong>M\u00e9todo de sellado:<\/strong> Soldadura ultras\u00f3nica<\/li>\n<li style='margin-bottom: 5px;'><strong>Material de contactos externos:<\/strong> N\u00edquel chapado en oro<\/li>\n<li style='margin-bottom: 5px;'><strong>Soldadura interna del paquete de celdas:<\/strong> pesta\u00f1as de n\u00edquel puro&comma; soldado por puntos<\/li>\n<li style='margin-bottom: 5px;'><strong>Dimensi\u00f3n de L&comma;A&comma;H. (mm):<\/strong> 105 \u00d7 52 \u00d7 28<\/li>\n<li style='margin-bottom: 5px;'><strong>Incluye clip de cintur\u00f3n:<\/strong> S\u00ed<\/li>\n<\/ul><\/div>\n<\/p><\/div>\n<p> <!-- Secci\u00f3n de seguridad --> <\/p>\n<div style='display: flex; flex-wrap: wrap; gap: 30px; margin-bottom: 30px;'>\n<div style='flex: 1 1 300px; min-width: 280px;'>\n<h3 style='font-size: 22px; border-bottom: 2px solid currentColor; padding-bottom: 5px; margin-top: 0; color: inherit; opacity: 0.8;'>Caracter\u00edsticas de seguridad<\/h3>\n<ul style='padding-left: 20px; font-size: 15px; color: inherit;'>\n<li style='margin-bottom: 5px;'>El paquete de bater\u00eda incorpora dispositivos de seguridad dise\u00f1ados para evitar da\u00f1os&comma; sobrecalentamiento&comma; incendio o explosi\u00f3n en el caso de eventos no t\u00edpicos&comma; como un cortocircuito accidental o el uso de un cargador incorrecto o defectuoso<\/li>\n<li style='margin-bottom: 5px;'>Las celdas el\u00e9ctricas individuales comprenden un respiradero de seguridad resellable para evitar la acumulaci\u00f3n de presi\u00f3n interna<\/li>\n<li style='margin-bottom: 5px;'>Los paquetes de bater\u00edas de ion-litio contienen circuitos dise\u00f1ados para evitar la sobrecarga y la sobredescarga&comma; que pueden da\u00f1an las c\u00e9lulas internas y provocan la muerte prematura de la bater\u00eda y la hinchaz\u00f3n en casos extremos<\/li>\n<\/ul><\/div>\n<\/p><\/div>\n<p> <!-- Secci\u00f3n de compatibilidad --> <\/p>\n<div style='display: flex; flex-wrap: wrap; gap: 30px; margin-bottom: 30px;'>\n<div style='flex: 1 1 300px; min-width: 280px;'>\n<h3 style='font-size: 22px; border-bottom: 2px solid currentColor; padding-bottom: 5px; margin-top: 0; color: inherit; opacity: 0.8;'>Compatibilidad<\/h3>\n<ul style='padding-left: 20px; font-size: 15px; color: inherit;'>\n<li style='margin-bottom: 5px;'>Este producto fue desarrollado y se prueba continuamente junto con el dispositivo original y equipo de carga<\/li>\n<li style='margin-bottom: 5px;'>Est\u00e1 garantizado para una total compatibilidad con estos<\/li>\n<li style='margin-bottom: 5px;'>Las especificaciones de todos los componentes utilizados cumplen o exceden la del equipo<\/li>\n<\/ul><\/div>\n<\/p><\/div>\n<p> <!-- Separador --> <\/p>\n<hr style='border: 0; border-top: 1px solid rgba(150&comma; 150&comma; 150&comma; 0.3); margin: 30px 0;'> <\/div>\n","protected":false},"excerpt":{"rendered":"<p>Bateria li-ion \/ 2000mAh p\/radio mtp3100\/3150\/3200\/3250\/3500\/3550 c\/clip<\/p>\n","protected":false},"featured_media":69718,"comment_status":"open","ping_status":"closed","template":"","meta":[],"product_brand":[],"product_cat":[1763],"product_tag":[1614,143,560],"class_list":{"0":"post-69719","1":"product","2":"type-product","3":"status-publish","4":"has-post-thumbnail","6":"product_cat-baterias-accesorios-para-motorola","7":"product_tag-accesorios-para-motorola","8":"product_tag-baterias","9":"product_tag-txpro","11":"first","12":"outofstock","13":"sale","14":"shipping-taxable","15":"purchasable","16":"product-type-simple"},"_links":{"self":[{"href":"https:\/\/soydeaqui.ddns.net\/pachuca\/index.php\/wp-json\/wp\/v2\/product\/69719","targetHints":{"allow":["GET"]}}],"collection":[{"href":"https:\/\/soydeaqui.ddns.net\/pachuca\/index.php\/wp-json\/wp\/v2\/product"}],"about":[{"href":"https:\/\/soydeaqui.ddns.net\/pachuca\/index.php\/wp-json\/wp\/v2\/types\/product"}],"replies":[{"embeddable":true,"href":"https:\/\/soydeaqui.ddns.net\/pachuca\/index.php\/wp-json\/wp\/v2\/comments?post=69719"}],"wp:featuredmedia":[{"embeddable":true,"href":"https:\/\/soydeaqui.ddns.net\/pachuca\/index.php\/wp-json\/wp\/v2\/media\/69718"}],"wp:attachment":[{"href":"https:\/\/soydeaqui.ddns.net\/pachuca\/index.php\/wp-json\/wp\/v2\/media?parent=69719"}],"wp:term":[{"taxonomy":"product_brand","embeddable":true,"href":"https:\/\/soydeaqui.ddns.net\/pachuca\/index.php\/wp-json\/wp\/v2\/product_brand?post=69719"},{"taxonomy":"product_cat","embeddable":true,"href":"https:\/\/soydeaqui.ddns.net\/pachuca\/index.php\/wp-json\/wp\/v2\/product_cat?post=69719"},{"taxonomy":"product_tag","embeddable":true,"href":"https:\/\/soydeaqui.ddns.net\/pachuca\/index.php\/wp-json\/wp\/v2\/product_tag?post=69719"}],"curies":[{"name":"wp","href":"https:\/\/api.w.org\/{rel}","templated":true}]}}