{"id":69710,"date":"2026-03-19T10:57:02","date_gmt":"2026-03-19T10:57:02","guid":{"rendered":"https:\/\/soydeaqui.ddns.net\/pachuca\/index.php\/producto\/kit-de-drenaje-y-ventilacion-de-gabinetes-para-evitar-condensacion-y-mantener-clasificacion-4x-color-gris\/"},"modified":"2026-03-19T10:57:10","modified_gmt":"2026-03-19T10:57:10","slug":"kit-de-drenaje-y-ventilacion-de-gabinetes-para-evitar-condensacion-y-mantener-clasificacion-4x-color-gris","status":"publish","type":"product","link":"https:\/\/soydeaqui.ddns.net\/pachuca\/index.php\/producto\/kit-de-drenaje-y-ventilacion-de-gabinetes-para-evitar-condensacion-y-mantener-clasificacion-4x-color-gris\/","title":{"rendered":"Kit de Drenaje y Ventilaci\u00f3n de Gabinetes, Para Evitar Condensaci\u00f3n y Mantener Clasificaci\u00f3n 4X, Color Gris"},"content":{"rendered":"<div style='width: 100%; max-width: 1200px; margin: 0 auto; font-family: sans-serif; line-height: 1.6; color: inherit; background-color: transparent;'> <!-- Secci\u00f3n de descripci\u00f3n --> <\/p>\n<div style='margin-bottom: 30px;'>\n<p style='font-size: 16px; color: inherit;'>Proteja su gabinete con nuestro kit de drenaje y ventilaci\u00f3n. Evita la condensaci\u00f3n y mantiene la clasificaci\u00f3n NEMA 4X. Se adapta a los puntos de acceso m\u00e1s comunes&comma; es f\u00e1cil de instalar y cuenta con preinstalaci\u00f3n para candados.<\/p>\n<\/p><\/div>\n<p> <!-- Secci\u00f3n de especificaciones t\u00e9cnicas --> <\/p>\n<div style='display: flex; flex-wrap: wrap; gap: 30px; margin-bottom: 30px;'>\n<div style='flex: 1 1 300px; min-width: 280px;'>\n<h3 style='font-size: 22px; border-bottom: 2px solid currentColor; padding-bottom: 5px; margin-top: 0; color: inherit; opacity: 0.8;'>Especificaciones T\u00e9cnicas<\/h3>\n<ul style='padding-left: 20px; font-size: 15px; color: inherit;'>\n<li style='margin-bottom: 5px;'><strong>Profundidad total:<\/strong> 0.67&#8242; (17 mm)<\/li>\n<li style='margin-bottom: 5px;'><strong>Ancho total:<\/strong> 1.97&#8242; (50 mm)<\/li>\n<li style='margin-bottom: 5px;'><strong>Altura total:<\/strong> 2.76&#8242; (70.1 mm)<\/li>\n<li style='margin-bottom: 5px;'><strong>Para usar con:<\/strong> Gabinete NEMA<\/li>\n<li style='margin-bottom: 5px;'><strong>Color:<\/strong> Gris<\/li>\n<\/ul><\/div>\n<p> <!-- Secci\u00f3n de normas y certificaciones --> <\/p>\n<div style='flex: 1 1 300px; min-width: 280px;'>\n<h3 style='font-size: 22px; border-bottom: 2px solid currentColor; padding-bottom: 5px; margin-top: 0; color: inherit; opacity: 0.8;'>Normas y Certificaciones<\/h3>\n<ul style='padding-left: 20px; font-size: 15px; color: inherit;'>\n<li style='margin-bottom: 5px;'>Cumple con NEMA 4X<\/li>\n<li style='margin-bottom: 5px;'>Cumple con IP66<\/li>\n<li style='margin-bottom: 5px;'>Listado como panel de control industrial seg\u00fan UL508A<\/li>\n<li style='margin-bottom: 5px;'>Cumple con RoHS<\/li>\n<\/ul><\/div>\n<\/p><\/div>\n<p> <!-- Secci\u00f3n de contenido con incluye --> <\/p>\n<div style='display: flex; flex-wrap: wrap; gap: 30px; margin-bottom: 30px;'>\n<div style='flex: 1 1 300px; min-width: 280px;'>\n<h3 style='font-size: 22px; border-bottom: 2px solid currentColor; padding-bottom: 5px; margin-top: 0; color: inherit; opacity: 0.8;'>Incluye<\/h3>\n<ul style='padding-left: 20px; font-size: 15px; color: inherit;'>\n<li style='margin-bottom: 5px;'>1 pz drenaje y ventilaci\u00f3n con clasificaci\u00f3n NEMA 4X<\/li>\n<li style='margin-bottom: 5px;'>1 pz paquete de tornillos M4x8<\/li>\n<li style='margin-bottom: 5px;'>1 pz paquete de tornillos M4x10<\/li>\n<\/ul><\/div>\n<p> <!-- Secci\u00f3n de caracter\u00edsticas principales --> <\/p>\n<div style='flex: 1 1 300px; min-width: 280px;'>\n<h3 style='font-size: 22px; border-bottom: 2px solid currentColor; padding-bottom: 5px; margin-top: 0; color: inherit; opacity: 0.8;'>Caracter\u00edsticas Principales<\/h3>\n<ul style='padding-left: 20px; font-size: 15px; color: inherit;'>\n<li style='margin-bottom: 5px;'>Mantiene la clasificaci\u00f3n NEMA 4X del gabinete<\/li>\n<li style='margin-bottom: 5px;'>Dise\u00f1ado para reducir la condensaci\u00f3n<\/li>\n<li style='margin-bottom: 5px;'>F\u00e1cil de instalar<\/li>\n<li style='margin-bottom: 5px;'>Preinstalaci\u00f3n para candados<\/li>\n<li style='margin-bottom: 5px;'>Se adapta a puntos de acceso m\u00e1s comunes<\/li>\n<\/ul><\/div>\n<\/p><\/div>\n<p> <!-- Secci\u00f3n de aplicaciones --> <\/p>\n<div style='margin-bottom: 30px;'>\n<h3 style='font-size: 22px; border-bottom: 2px solid currentColor; padding-bottom: 5px; margin-top: 0; color: inherit; opacity: 0.8;'>Aplicaciones<\/h3>\n<p style='font-size: 15px; color: inherit;'>El kit de drenaje y ventilaci\u00f3n PZNDVK se utiliza para proteger gabinetes en entornos industriales y exteriores. Permite mantener la clasificaci\u00f3n NEMA 4X al tiempo que reduce la condensaci\u00f3n dentro del gabinete. Ideal para instalaciones donde se requiere protecci\u00f3n contra la corrosi\u00f3n&comma; polvo&comma; lluvia y agua a presi\u00f3n.<\/p>\n<\/p><\/div>\n<p> <!-- Separador --> <\/p>\n<hr style='border: 0; border-top: 1px solid rgba(150&comma; 150&comma; 150&comma; 0.3); margin: 30px 0;'> <\/div>\n","protected":false},"excerpt":{"rendered":"<p>Kit de Drenaje y Ventilaci\u00f3n de Gabinetes, Para Evitar Condensaci\u00f3n y Mantener Clasificaci\u00f3n 4X, Color Gris<\/p>\n","protected":false},"featured_media":69709,"comment_status":"open","ping_status":"closed","template":"","meta":[],"product_brand":[],"product_cat":[604],"product_tag":[606,445,605],"class_list":{"0":"post-69710","1":"product","2":"type-product","3":"status-publish","4":"has-post-thumbnail","6":"product_cat-accesorios-para-racks-y-gabinetes","7":"product_tag-accesorios-para-racks-y-gabinetes","8":"product_tag-panduit","9":"product_tag-racks-y-gabinetes","11":"first","12":"instock","13":"sale","14":"shipping-taxable","15":"purchasable","16":"product-type-simple"},"_links":{"self":[{"href":"https:\/\/soydeaqui.ddns.net\/pachuca\/index.php\/wp-json\/wp\/v2\/product\/69710","targetHints":{"allow":["GET"]}}],"collection":[{"href":"https:\/\/soydeaqui.ddns.net\/pachuca\/index.php\/wp-json\/wp\/v2\/product"}],"about":[{"href":"https:\/\/soydeaqui.ddns.net\/pachuca\/index.php\/wp-json\/wp\/v2\/types\/product"}],"replies":[{"embeddable":true,"href":"https:\/\/soydeaqui.ddns.net\/pachuca\/index.php\/wp-json\/wp\/v2\/comments?post=69710"}],"wp:featuredmedia":[{"embeddable":true,"href":"https:\/\/soydeaqui.ddns.net\/pachuca\/index.php\/wp-json\/wp\/v2\/media\/69709"}],"wp:attachment":[{"href":"https:\/\/soydeaqui.ddns.net\/pachuca\/index.php\/wp-json\/wp\/v2\/media?parent=69710"}],"wp:term":[{"taxonomy":"product_brand","embeddable":true,"href":"https:\/\/soydeaqui.ddns.net\/pachuca\/index.php\/wp-json\/wp\/v2\/product_brand?post=69710"},{"taxonomy":"product_cat","embeddable":true,"href":"https:\/\/soydeaqui.ddns.net\/pachuca\/index.php\/wp-json\/wp\/v2\/product_cat?post=69710"},{"taxonomy":"product_tag","embeddable":true,"href":"https:\/\/soydeaqui.ddns.net\/pachuca\/index.php\/wp-json\/wp\/v2\/product_tag?post=69710"}],"curies":[{"name":"wp","href":"https:\/\/api.w.org\/{rel}","templated":true}]}}