{"id":69708,"date":"2026-03-19T10:56:58","date_gmt":"2026-03-19T10:56:58","guid":{"rendered":"https:\/\/soydeaqui.ddns.net\/pachuca\/index.php\/producto\/rack-abierto-de-instalacion-en-pared-con-bisagras-profundidad-de-401-mm-19-in-de-ancho-6-ur-color-negro\/"},"modified":"2026-03-19T10:56:59","modified_gmt":"2026-03-19T10:56:59","slug":"rack-abierto-de-instalacion-en-pared-con-bisagras-profundidad-de-401-mm-19-in-de-ancho-6-ur-color-negro","status":"publish","type":"product","link":"https:\/\/soydeaqui.ddns.net\/pachuca\/index.php\/producto\/rack-abierto-de-instalacion-en-pared-con-bisagras-profundidad-de-401-mm-19-in-de-ancho-6-ur-color-negro\/","title":{"rendered":"Rack Abierto de Instalaci\u00f3n en Pared con Bisagras, Profundidad de 401 mm, 19 in de Ancho, 6 UR, Color Negro"},"content":{"rendered":"<div style='width: 100%; max-width: 1200px; margin: 0 auto; font-family: sans-serif; line-height: 1.6; color: inherit; background-color: transparent;'> <!-- Secci\u00f3n de descripci\u00f3n general --> <\/p>\n<div style='margin-bottom: 30px;'>\n<h2 style='font-size: 20px; border-bottom: 2px solid currentColor; padding-bottom: 5px; margin-top: 0; color: inherit; opacity: 0.85;'>Descripci\u00f3n General<\/h2>\n<p style='font-size: 15px; color: inherit; margin-bottom: 15px;'>El soporte de montaje en pared con bisagras ampl\u00eda el espacio del rack a la pared&comma; maximizando el espacio en las salas de telecomunicaciones. Este producto se puede utilizar con otros accesorios para lograr una aplicaci\u00f3n de rack de montaje en pared abierta para interconexi\u00f3n o peque\u00f1os equipos activos.<\/p>\n<\/p><\/div>\n<p> <!-- Secci\u00f3n de caracter\u00edsticas principales --> <\/p>\n<div style='display: flex; flex-wrap: wrap; gap: 30px; margin-bottom: 30px;'>\n<div style='flex: 1 1 300px; min-width: 280px;'>\n<h3 style='font-size: 18px; border-bottom: 2px solid currentColor; padding-bottom: 5px; margin-top: 0; color: inherit; opacity: 0.8;'>Caracter\u00edsticas Principales<\/h3>\n<ul style='padding-left: 20px; font-size: 14px; color: inherit; list-style-type: disc;'>\n<li style='margin-bottom: 5px;'>Soporte bisagra para maximizar espacio en telecomunicaciones<\/li>\n<li style='margin-bottom: 5px;'>Compatible con equipos de 19 pulgadas de ancho<\/li>\n<li style='margin-bottom: 5px;'>Cumple con est\u00e1ndares EIA\/ECA-310-E y RoHS<\/li>\n<li style='margin-bottom: 5px;'>Acero negro con orificios roscados #12-24<\/li>\n<\/ul><\/div>\n<p> <!-- Secci\u00f3n de especificaciones t\u00e9cnicas --> <\/p>\n<div style='flex: 1 1 300px; min-width: 280px;'>\n<h3 style='font-size: 18px; border-bottom: 2px solid currentColor; padding-bottom: 5px; margin-top: 0; color: inherit; opacity: 0.8;'>Especificaciones T\u00e9cnicas<\/h3>\n<ul style='padding-left: 20px; font-size: 14px; color: inherit; list-style-type: disc;'>\n<li style='margin-bottom: 5px;'><strong>Material:<\/strong> Acero<\/li>\n<li style='margin-bottom: 5px;'><strong>Altura extendida:<\/strong> 10.5 pulg. (266.7 mm)<\/li>\n<li style='margin-bottom: 5px;'><strong>Ancho total:<\/strong> 20.2 pulg. (513 mm)<\/li>\n<li style='margin-bottom: 5px;'><strong>Profundidad extendida:<\/strong> 15.8 pulg. (401.5 mm)<\/li>\n<li style='margin-bottom: 5px;'><strong>N\u00famero de unidades de rack:<\/strong> 6 UR<\/li>\n<li style='margin-bottom: 5px;'><strong>Orificio de montaje:<\/strong> Tama\u00f1o de rosca #12-24<\/li>\n<li style='margin-bottom: 5px;'><strong>Capacidad de carga est\u00e1tica:<\/strong> 60 lb (27.21 kg)<\/li>\n<li style='margin-bottom: 5px;'><strong>Color:<\/strong> Negro<\/li>\n<li style='margin-bottom: 5px;'><strong>Cumplimiento:<\/strong> EIA\/ECA-310-E&comma; RoHS<\/li>\n<\/ul><\/div>\n<\/p><\/div>\n<p> <!-- Secci\u00f3n de aplicaciones --> <\/p>\n<div style='margin-bottom: 30px;'>\n<h3 style='font-size: 18px; border-bottom: 2px solid currentColor; padding-bottom: 5px; margin-top: 0; color: inherit; opacity: 0.8;'>Aplicaciones<\/h3>\n<p style='font-size: 14px; color: inherit; margin-bottom: 10px;'>El PanZone\u00ae Hinged Wall Mount Bracket permite aplicaciones de rack de montaje en pared abierta para interconexi\u00f3n o peque\u00f1os equipos activos. Es ideal para maximizar el espacio en salas de telecomunicaciones y puede usarse con otros accesorios Panduit como paneles de parcheo y bandejas de fibra \u00f3ptica.<\/p>\n<\/p><\/div>\n<p> <!-- Secci\u00f3n de especificaciones detalladas --> <\/p>\n<div style='display: flex; flex-wrap: wrap; gap: 20px; margin-bottom: 30px;'>\n<div style='flex: 1 1 250px; border: 1px solid rgba(150&comma; 150&comma; 150&comma; 0.4); border-radius: 8px; overflow: hidden; display: flex; flex-direction: column;'>\n<div style='padding: 15px; border-bottom: 1px solid rgba(150&comma; 150&comma; 150&comma; 0.2); font-weight: bold; font-size: 16px; color: inherit;'>Dimensiones<\/div>\n<div style='padding: 15px; color: inherit;'>\n<ul style='padding-left: 20px; margin: 0; font-size: 14px; list-style-type: disc;'>\n<li style='margin-bottom: 5px;'><strong>Altura extendida:<\/strong> 10.5&#8242; (266.7 mm)<\/li>\n<li style='margin-bottom: 5px;'><strong>Ancho total:<\/strong> 20.2&#8242; (513 mm)<\/li>\n<li style='margin-bottom: 5px;'><strong>Profundidad extendida:<\/strong> 15.8&#8242; (401.5 mm)<\/li>\n<\/ul><\/div>\n<\/p><\/div>\n<div style='flex: 1 1 250px; border: 1px solid rgba(150&comma; 150&comma; 150&comma; 0.4); border-radius: 8px; overflow: hidden; display: flex; flex-direction: column;'>\n<div style='padding: 15px; border-bottom: 1px solid rgba(150&comma; 150&comma; 150&comma; 0.2); font-weight: bold; font-size: 16px; color: inherit;'>Capacidad de Carga<\/div>\n<div style='padding: 15px; color: inherit;'>\n<ul style='padding-left: 20px; margin: 0; font-size: 14px; list-style-type: disc;'>\n<li style='margin-bottom: 5px;'><strong>Capacidad de carga est\u00e1tica:<\/strong> 60 lb (27.21 kg)<\/li>\n<\/ul><\/div>\n<\/p><\/div>\n<div style='flex: 1 1 250px; border: 1px solid rgba(150&comma; 150&comma; 150&comma; 0.4); border-radius: 8px; overflow: hidden; display: flex; flex-direction: column;'>\n<div style='padding: 15px; border-bottom: 1px solid rgba(150&comma; 150&comma; 150&comma; 0.2); font-weight: bold; font-size: 16px; color: inherit;'>Compatibilidad<\/div>\n<div style='padding: 15px; color: inherit;'>\n<ul style='padding-left: 20px; margin: 0; font-size: 14px; list-style-type: disc;'>\n<li style='margin-bottom: 5px;'><strong>Ancho compatible:<\/strong> 19&#8242; rack<\/li>\n<li style='margin-bottom: 5px;'><strong>Est\u00e1ndares:<\/strong> EIA\/ECA-310-E<\/li>\n<li style='margin-bottom: 5px;'><strong>RoHS:<\/strong> S\u00ed<\/li>\n<\/ul><\/div>\n<\/p><\/div>\n<div style='flex: 1 1 250px; border: 1px solid rgba(150&comma; 150&comma; 150&comma; 0.4); border-radius: 8px; overflow: hidden; display: flex; flex-direction: column;'>\n<div style='padding: 15px; border-bottom: 1px solid rgba(150&comma; 150&comma; 150&comma; 0.2); font-weight: bold; font-size: 16px; color: inherit;'>Incluye<\/div>\n<div style='padding: 15px; color: inherit;'>\n<ul style='padding-left: 20px; margin: 0; font-size: 14px; list-style-type: disc;'>\n<li style='margin-bottom: 5px;'>Soporte con bisagras<\/li>\n<li style='margin-bottom: 5px;'>Tornillos #12-24<\/li>\n<\/ul><\/div>\n<\/p><\/div>\n<\/p><\/div>\n<p> <!-- Separador --> <\/p>\n<hr style='border: 0; border-top: 1px solid rgba(150&comma; 150&comma; 150&comma; 0.3); margin: 30px 0;'> <\/div>\n","protected":false},"excerpt":{"rendered":"<p>Rack Abierto de Instalaci\u00f3n en Pared con Bisagras, Profundidad de 401 mm, 19 in de Ancho, 6 UR, Color Negro<\/p>\n","protected":false},"featured_media":69707,"comment_status":"open","ping_status":"closed","template":"","meta":[],"product_brand":[],"product_cat":[680],"product_tag":[445,660,605],"class_list":{"0":"post-69708","1":"product","2":"type-product","3":"status-publish","4":"has-post-thumbnail","6":"product_cat-racks-abiertos-racks-y-gabinetes","7":"product_tag-panduit","8":"product_tag-racks-abiertos","9":"product_tag-racks-y-gabinetes","11":"first","12":"outofstock","13":"sale","14":"shipping-taxable","15":"purchasable","16":"product-type-simple"},"_links":{"self":[{"href":"https:\/\/soydeaqui.ddns.net\/pachuca\/index.php\/wp-json\/wp\/v2\/product\/69708","targetHints":{"allow":["GET"]}}],"collection":[{"href":"https:\/\/soydeaqui.ddns.net\/pachuca\/index.php\/wp-json\/wp\/v2\/product"}],"about":[{"href":"https:\/\/soydeaqui.ddns.net\/pachuca\/index.php\/wp-json\/wp\/v2\/types\/product"}],"replies":[{"embeddable":true,"href":"https:\/\/soydeaqui.ddns.net\/pachuca\/index.php\/wp-json\/wp\/v2\/comments?post=69708"}],"wp:featuredmedia":[{"embeddable":true,"href":"https:\/\/soydeaqui.ddns.net\/pachuca\/index.php\/wp-json\/wp\/v2\/media\/69707"}],"wp:attachment":[{"href":"https:\/\/soydeaqui.ddns.net\/pachuca\/index.php\/wp-json\/wp\/v2\/media?parent=69708"}],"wp:term":[{"taxonomy":"product_brand","embeddable":true,"href":"https:\/\/soydeaqui.ddns.net\/pachuca\/index.php\/wp-json\/wp\/v2\/product_brand?post=69708"},{"taxonomy":"product_cat","embeddable":true,"href":"https:\/\/soydeaqui.ddns.net\/pachuca\/index.php\/wp-json\/wp\/v2\/product_cat?post=69708"},{"taxonomy":"product_tag","embeddable":true,"href":"https:\/\/soydeaqui.ddns.net\/pachuca\/index.php\/wp-json\/wp\/v2\/product_tag?post=69708"}],"curies":[{"name":"wp","href":"https:\/\/api.w.org\/{rel}","templated":true}]}}