{"id":69699,"date":"2026-03-19T10:56:39","date_gmt":"2026-03-19T10:56:39","guid":{"rendered":"https:\/\/soydeaqui.ddns.net\/pachuca\/index.php\/producto\/tramo-de-torre-de-desplante-de-60-cm-de-ancho-1-1-4ced-40-galvanizado-por-inmersion-en-caliente\/"},"modified":"2026-03-19T10:56:40","modified_gmt":"2026-03-19T10:56:40","slug":"tramo-de-torre-de-desplante-de-60-cm-de-ancho-1-1-4ced-40-galvanizado-por-inmersion-en-caliente","status":"publish","type":"product","link":"https:\/\/soydeaqui.ddns.net\/pachuca\/index.php\/producto\/tramo-de-torre-de-desplante-de-60-cm-de-ancho-1-1-4ced-40-galvanizado-por-inmersion-en-caliente\/","title":{"rendered":"Tramo de Torre de Desplante de 60 cm de ancho 1 1\/4&#8243;(Ced. 40) galvanizado por inmersi\u00f3n en caliente."},"content":{"rendered":"<div style='width: 100%; max-width: 1200px; margin: 0 auto; font-family: sans-serif; line-height: 1.6; color: inherit; background-color: transparent;'> <!-- Contenedor principal con flex para imagen y secciones --> <\/p>\n<div style='display: flex; flex-wrap: wrap; gap: 30px; margin-bottom: 30px;'> <!-- Imagen principal --> <\/p>\n<div style='flex: 1 1 300px; min-width: 280px;'> <img style='width: 100%; height: auto; border: 1px solid rgba(150&comma;150&comma;150&comma;0.3); border-radius: 8px;' src='https:\/\/ftp3.syscom.mx\/usuarios\/fotos\/STZ30\/31572-imagen.png' alt=''> <\/div>\n<p> <!-- Secciones en cards --> <\/p>\n<div style='flex: 2 1 600px; min-width: 280px; display: flex; flex-wrap: wrap; gap: 20px;'> <!-- Puntos Destacados --> <\/p>\n<div style='flex: 1 1 250px; border: 1px solid rgba(150&comma; 150&comma; 150&comma; 0.4); border-radius: 8px; overflow: hidden; display: flex; flex-direction: column;'>\n<div style='padding: 15px; border-bottom: 1px solid rgba(150&comma; 150&comma; 150&comma; 0.2); font-weight: bold; font-size: 18px; color: inherit; background-color: rgba(0&comma; 145&comma; 255&comma; 0.1);'>Puntos Destacados<\/div>\n<div style='padding: 15px; color: inherit;'>\n<ul style='padding-left: 20px; margin: 0; font-size: 14px; list-style-type: disc;'>\n<li style='margin-bottom: 5px;'>Producto elaborado bajo norma: <span style='color: #e74c3c;'><strong>ISO 9001:2015.<\/strong><\/span><\/li>\n<li style='margin-bottom: 5px;'>Cada uno de los tramos es fabricado por m\u00e1quinar\u00eda de control num\u00e9rico.<\/li>\n<li style='margin-bottom: 5px;'><span style='text-decoration: underline;'>Incluye torniller\u00eda para su instalaci\u00f3n.<\/span><\/li>\n<li style='margin-bottom: 5px;'>Recomendado para Zonas Humedas o en ambientes con corrosi\u00f3n moderada.<\/li>\n<li style='margin-bottom: 5px;'><span>Acorde a la norma de galvanizado por inmersi\u00f3n en caliente<\/span> <strong>NMX-H-004-SCFI-2008&comma; ASTM A-123 y ISO-1461.<\/strong><\/li>\n<\/ul><\/div>\n<\/p><\/div>\n<p> <!-- Caracter\u00edsticas F\u00edsicas --> <\/p>\n<div style='flex: 1 1 250px; border: 1px solid rgba(150&comma; 150&comma; 150&comma; 0.4); border-radius: 8px; overflow: hidden; display: flex; flex-direction: column;'>\n<div style='padding: 15px; border-bottom: 1px solid rgba(150&comma; 150&comma; 150&comma; 0.2); font-weight: bold; font-size: 18px; color: inherit; background-color: rgba(0&comma; 145&comma; 255&comma; 0.1);'>Caracter\u00edsticas F\u00edsicas<\/div>\n<div style='padding: 15px; color: inherit;'>\n<ul style='padding-left: 20px; margin: 0; font-size: 14px; list-style-type: disc;'>\n<li style='margin-bottom: 5px;'>Carga M\u00e1xima: 800 Kg.<\/li>\n<li style='margin-bottom: 5px;'>Altura M\u00e1xima: 99 m. (33 tramos)<\/li>\n<li style='margin-bottom: 5px;'>Resistencia al Viento: 200 Km\/hr.<\/li>\n<li style='margin-bottom: 5px;'>Material: Tubo industrial 1 1\/4&#8242; (Ced. 40).<\/li>\n<li style='margin-bottom: 5px;'>Semiflecha (Zig-zag): Redondo 1\/2&#8242;.<\/li>\n<li style='margin-bottom: 5px;'>Ancho de cara: 60 cm.<\/li>\n<li style='margin-bottom: 5px;'>Peso: 57.6 Kg.<\/li>\n<li style='margin-bottom: 5px;'>Dimensiones: 3 m de Longitud<\/li>\n<li style='margin-bottom: 5px;'>Material de estructura: Acero (A-36).<\/li>\n<li style='margin-bottom: 5px;'>Protecci\u00f3n anticorrosiva: <span style='color: #2880b9;'><strong>Galvanizado por inmersi\u00f3n en caliente (NMX-H-004-SCFI-2008)<\/strong><\/span><\/li>\n<\/ul><\/div>\n<\/p><\/div>\n<p> <!-- Aplicaci\u00f3n --> <\/p>\n<div style='flex: 1 1 250px; border: 1px solid rgba(150&comma; 150&comma; 150&comma; 0.4); border-radius: 8px; overflow: hidden; display: flex; flex-direction: column;'>\n<div style='padding: 15px; border-bottom: 1px solid rgba(150&comma; 150&comma; 150&comma; 0.2); font-weight: bold; font-size: 18px; color: inherit; background-color: rgba(0&comma; 145&comma; 255&comma; 0.1);'>Aplicaci\u00f3n<\/div>\n<div style='padding: 15px; color: inherit;'>\n<ul style='padding-left: 20px; margin: 0; font-size: 14px; list-style-type: disc;'>\n<li style='margin-bottom: 5px;'>Sistemas Punto &#8211; Punto.<\/li>\n<li style='margin-bottom: 5px;'>Sistema Punto &#8211; Multipunto.<\/li>\n<li style='margin-bottom: 5px;'>Amplificaci\u00f3n de se\u00f1al celular.<\/li>\n<li style='margin-bottom: 5px;'>Sistemas pararrayos.<\/li>\n<li style='margin-bottom: 5px;'>Radios bases de repetici\u00f3n.<\/li>\n<li style='margin-bottom: 5px;'>Puntos de monitoreo.<\/li>\n<li style='margin-bottom: 5px;'>Iluminaci\u00f3n.<\/li>\n<li style='margin-bottom: 5px;'>Se\u00f1alizaci\u00f3n auditiva de emergencia.<\/li>\n<li style='margin-bottom: 5px;'>Y m\u00e1s.<\/li>\n<\/ul><\/div>\n<\/p><\/div>\n<\/p><\/div>\n<\/p><\/div>\n<p> <!-- Descripci\u00f3n detallada --> <\/p>\n<div style='margin-bottom: 30px;'>\n<h3 style='font-size: 20px; margin-top: 0; margin-bottom: 15px; color: inherit; font-weight: normal;'> <em style='font-style: italic;'> <strong style='font-weight: bold;'>El tramo de desplante es un tramo que se debe colocar como primer tramo en el armado de una torre arriostrada con tramos de 60 cm. Este componente no incluye niple ni cople y permite una correcta instalaci\u00f3n.<\/strong> <\/em> <\/h3>\n<\/p><\/div>\n<p> <!-- Notas t\u00e9cnicas --> <\/p>\n<div style='margin-bottom: 30px;'>\n<h3 style='font-size: 22px; border-bottom: 2px solid currentColor; padding-bottom: 5px; margin-top: 0; margin-bottom: 15px; color: inherit; opacity: 0.8;'>Notas t\u00e9cnicas destacadas<\/h3>\n<ul style='padding-left: 20px; font-size: 14px; color: inherit;'>\n<li style='margin-bottom: 5px;'>Aseg\u00farese de que la instalaci\u00f3n sea realizada por un profesional capacitado.<\/li>\n<li style='margin-bottom: 5px;'>Programe un plan de mantenimiento para revisi\u00f3n de tensiones en retenidas y ajuste de torniller\u00eda.<\/li>\n<li style='margin-bottom: 5px;'>No instalar paneles solares a m\u00e1s de 6 metros de altura. Revisar la compatibilidad entre celdas solares y montajes.<\/li>\n<li style='margin-bottom: 5px;'>Debe de realizarse un estudio de esfuerzos cuando se coloque una carga exc\u00e9ntrica en torre. \u00c9sta puede causar torsi\u00f3n y flexi\u00f3n excesiva en torre causando fallas estructurales.<\/li>\n<li style='margin-bottom: 5px;'>El peso declarado es de los equipos sin accesorios y sin embalaje.<\/li>\n<li style='margin-bottom: 5px;'>Se pueden adquirir las torres en kits completos <a style='color: #005cb9; text-decoration: underline;' href='https:\/\/ftp3.syscom.mx\/usuarios\/ftp\/2021\/07\/27\/a827a\/KITS%20DE%20TORRES.pdf' target='_blank' rel='noopener'>VER KITS DE TORRES<\/a>.<\/li>\n<\/ul><\/div>\n<p> <!-- Advertencias --> <\/p>\n<div style='margin-bottom: 30px;'>\n<h3 style='font-size: 22px; border-bottom: 2px solid currentColor; padding-bottom: 5px; margin-top: 0; margin-bottom: 15px; color: inherit; opacity: 0.8;'><span style='color: #ed0808;'>Advertencia:<\/span><\/h3>\n<ul style='padding-left: 20px; font-size: 14px; color: inherit;'>\n<li style='margin-bottom: 5px;'><span style='color: #ed0808;'>El galvanizado por inmersi\u00f3n en caliente es recomendado para zonas h\u00famedas&comma; ambientes salitrosos y\/o corrosivos&comma; parques industriales con liberaci\u00f3n de gases <\/span><a style='color: #005cb9; text-decoration: underline;' href='http:\/\/ftp3.syscom.mx\/usuarios\/dcarreon\/TORRES\/GALVANIZADO%20EN%20M%C3%89XICO%20(1).png' target='_blank' rel='noopener'>VER MAPA DE \u00c1REAS<\/a><span style='color: #ed0808;'>.<\/span><\/li>\n<li style='margin-bottom: 5px;'>La torre debe ser pintada de acuerdo a (al menos) la especificaci\u00f3n CFE D8500-02 (7 Franjas sim\u00e9tricas de colores naranja y blanco intercaladas&comma; empezando y terminando en color naranja.<\/li>\n<li style='margin-bottom: 5px;'>Debe incluir alumbrado nocturno&comma; al menos dos luminarias una a la mitad y otra en la parte superior.<\/li>\n<li style='margin-bottom: 5px;'>Se debe consultar la reglamentaci\u00f3n local seg\u00fan municipio para asegurar una correcta y legal instalaci\u00f3n de torre.<\/li>\n<li style='margin-bottom: 5px;'>Recomendamos en todo momento seguir las recomendaciones de instalaci\u00f3n de retenida: <a style='color: #005cb9; text-decoration: underline;' href='https:\/\/ftp3.syscom.mx\/usuarios\/fotos\/KTZ30G030\/75810-recomendaci%C3%B3n_de_instalaci%C3%B3n_de_retenida_2.0.png' target='_blank' rel='noopener'><strong>VER DIAGRAMA DE INSTALACI\u00d3N DE RETENIDA<\/strong><\/a>.<\/li>\n<\/ul><\/div>\n<p> <!-- Videos --> <\/p>\n<div style='margin-bottom: 30px;'>\n<h3 style='font-size: 22px; border-bottom: 2px solid currentColor; padding-bottom: 5px; margin-top: 0; margin-bottom: 20px; color: inherit; opacity: 0.8; text-align: center;'>Curso Inductivo de Torres Video 1\u00b0 y 2\u00b0 parte.<\/h3>\n<p> <!-- Contenedor de videos --> <\/p>\n<div style='display: flex; flex-wrap: wrap; gap: 20px; justify-content: center;'> <!-- Video 1 --> <\/p>\n<div style='flex: 1 1 400px; min-width: 300px;'>\n<div style='position: relative; padding-bottom: 56.25%; height: 0; overflow: hidden;'>   <\/div>\n<\/p><\/div>\n<p> <!-- Video 2 --> <\/p>\n<div style='flex: 1 1 400px; min-width: 300px;'>\n<div style='position: relative; padding-bottom: 56.25%; height: 0; overflow: hidden;'>   <\/div>\n<\/p><\/div>\n<\/p><\/div>\n<\/p><\/div>\n<\/p><\/div>\n","protected":false},"excerpt":{"rendered":"<p>Tramo de Torre de Desplante de 60 cm de ancho 1 1\/4&#8243;(Ced. 40) galvanizado por inmersi\u00f3n en caliente.<\/p>\n","protected":false},"featured_media":69698,"comment_status":"open","ping_status":"closed","template":"","meta":[],"product_brand":[],"product_cat":[1693],"product_tag":[733,1694,246],"class_list":{"0":"post-69699","1":"product","2":"type-product","3":"status-publish","4":"has-post-thumbnail","6":"product_cat-torres-arriostradas-kits","7":"product_tag-syscom-towers","8":"product_tag-torres-arriostradas-kits","9":"product_tag-torres-y-mastiles","11":"first","12":"outofstock","13":"sale","14":"shipping-taxable","15":"purchasable","16":"product-type-simple"},"_links":{"self":[{"href":"https:\/\/soydeaqui.ddns.net\/pachuca\/index.php\/wp-json\/wp\/v2\/product\/69699","targetHints":{"allow":["GET"]}}],"collection":[{"href":"https:\/\/soydeaqui.ddns.net\/pachuca\/index.php\/wp-json\/wp\/v2\/product"}],"about":[{"href":"https:\/\/soydeaqui.ddns.net\/pachuca\/index.php\/wp-json\/wp\/v2\/types\/product"}],"replies":[{"embeddable":true,"href":"https:\/\/soydeaqui.ddns.net\/pachuca\/index.php\/wp-json\/wp\/v2\/comments?post=69699"}],"wp:featuredmedia":[{"embeddable":true,"href":"https:\/\/soydeaqui.ddns.net\/pachuca\/index.php\/wp-json\/wp\/v2\/media\/69698"}],"wp:attachment":[{"href":"https:\/\/soydeaqui.ddns.net\/pachuca\/index.php\/wp-json\/wp\/v2\/media?parent=69699"}],"wp:term":[{"taxonomy":"product_brand","embeddable":true,"href":"https:\/\/soydeaqui.ddns.net\/pachuca\/index.php\/wp-json\/wp\/v2\/product_brand?post=69699"},{"taxonomy":"product_cat","embeddable":true,"href":"https:\/\/soydeaqui.ddns.net\/pachuca\/index.php\/wp-json\/wp\/v2\/product_cat?post=69699"},{"taxonomy":"product_tag","embeddable":true,"href":"https:\/\/soydeaqui.ddns.net\/pachuca\/index.php\/wp-json\/wp\/v2\/product_tag?post=69699"}],"curies":[{"name":"wp","href":"https:\/\/api.w.org\/{rel}","templated":true}]}}