{"id":69688,"date":"2026-03-19T10:56:16","date_gmt":"2026-03-19T10:56:16","guid":{"rendered":"https:\/\/soydeaqui.ddns.net\/pachuca\/index.php\/producto\/probador-de-red-de-comunicaciones-para-dmr-y-tetra\/"},"modified":"2026-03-19T10:56:17","modified_gmt":"2026-03-19T10:56:17","slug":"probador-de-red-de-comunicaciones-para-dmr-y-tetra","status":"publish","type":"product","link":"https:\/\/soydeaqui.ddns.net\/pachuca\/index.php\/producto\/probador-de-red-de-comunicaciones-para-dmr-y-tetra\/","title":{"rendered":"Probador de red de comunicaciones para DMR y TETRA"},"content":{"rendered":"<div style='width: 100%; max-width: 1200px; margin: 0 auto; font-family: sans-serif; line-height: 1.6; color: inherit; background-color: transparent;'> <!-- Imagen principal --> <\/p>\n<div style='width: 100%; margin-bottom: 30px;'> <img style='width: 100%; height: auto; border: 1px solid rgba(150&comma;150&comma;150&comma;0.3); border-radius: 8px;' src='https:\/\/ftp3.syscom.mx\/usuarios\/ftp\/single_page\/pctel-vp\/imagen0_1.png' alt=''> <\/div>\n<p> <!-- Secci\u00f3n de 3 columnas con iconos --> <\/p>\n<div style='display: flex; flex-wrap: wrap; gap: 20px; margin-bottom: 40px;'>\n<div style='flex: 1 1 300px; min-width: 250px;'> <img style='width: 100%; height: auto; border: 1px solid rgba(150&comma;150&comma;150&comma;0.3); border-radius: 8px; margin-bottom: 15px;' src='https:\/\/ftp3.syscom.mx\/usuarios\/ftp\/single_page\/pctel-vp\/imagen1.png' alt=''> <\/p>\n<h3 style='font-size: 20px; color: inherit; margin-top: 0; margin-bottom: 10px;'>Receptores de Escaneo<\/h3>\n<p style='font-size: 15px; color: inherit; opacity: 0.9;'>Los receptores de escaneo PCTEL proporcionan mediciones de RF para la planificaci\u00f3n&comma; prueba y optimizaci\u00f3n de redes.<\/p>\n<\/p><\/div>\n<div style='flex: 1 1 300px; min-width: 250px;'> <img style='width: 100%; height: auto; border: 1px solid rgba(150&comma;150&comma;150&comma;0.3); border-radius: 8px; margin-bottom: 15px;' src='https:\/\/ftp3.syscom.mx\/usuarios\/ftp\/single_page\/pctel-vp\/imagen2.png' alt=''> <\/p>\n<h3 style='font-size: 20px; color: inherit; margin-top: 0; margin-bottom: 10px;'>Soluci\u00f3n para Pruebas de Seguridad P\u00fablica<\/h3>\n<p style='font-size: 15px; color: inherit; opacity: 0.9;'>Verifica eficientemente la cobertura y calidad de la red de seguridad p\u00fablica dentro de la edificaci\u00f3n y genera autom\u00e1ticamente informes para el cumplimiento de los c\u00f3digos de construcci\u00f3n.<\/p>\n<\/p><\/div>\n<div style='flex: 1 1 300px; min-width: 250px;'> <img style='width: 100%; height: auto; border: 1px solid rgba(150&comma;150&comma;150&comma;0.3); border-radius: 8px; margin-bottom: 15px;' src='https:\/\/ftp3.syscom.mx\/usuarios\/ftp\/single_page\/pctel-vp\/imagen3.png' alt=''> <\/p>\n<h3 style='font-size: 20px; color: inherit; margin-top: 0; margin-bottom: 10px;'>Software de los Receptores de Escaneo<\/h3>\n<p style='font-size: 15px; color: inherit; opacity: 0.9;'>SeeHawk\u00ae Touch y SeeHawk\u00ae Collect re\u00fanen datos completos del esc\u00e1ner y ofrecen herramientas especializadas para simplificar las tareas de ingenier\u00eda.<\/p>\n<\/p><\/div>\n<\/p><\/div>\n<p> <!-- Secci\u00f3n de 2 columnas --> <\/p>\n<div style='display: flex; flex-wrap: wrap; gap: 20px; margin-bottom: 40px;'>\n<div style='flex: 1 1 300px; min-width: 250px;'> <img style='width: 100%; height: auto; border: 1px solid rgba(150&comma;150&comma;150&comma;0.3); border-radius: 8px; margin-bottom: 15px;' src='https:\/\/ftp3.syscom.mx\/usuarios\/ftp\/single_page\/pctel-vp\/imagen4.png' alt=''> <\/p>\n<h3 style='font-size: 20px; color: inherit; margin-top: 0; margin-bottom: 10px;'>Sistema de la Localizaci\u00f3n de Interferencias<\/h3>\n<p style='font-size: 15px; color: inherit; opacity: 0.9;'>SeeWave\u00ae permite a un solo usuario detectar&comma; mapear y localizar con precisi\u00f3n la fuente de interferencia de la red inal\u00e1mbrica.<\/p>\n<\/p><\/div>\n<div style='flex: 1 1 300px; min-width: 250px;'> <img style='width: 100%; height: auto; border: 1px solid rgba(150&comma;150&comma;150&comma;0.3); border-radius: 8px; margin-bottom: 15px;' src='https:\/\/ftp3.syscom.mx\/usuarios\/ftp\/single_page\/pctel-vp\/imagen5.png' alt=''> <\/p>\n<h3 style='font-size: 20px; color: inherit; margin-top: 0; margin-bottom: 10px;'>Herramientas de Prueba de Experiencia de Usuario<\/h3>\n<p style='font-size: 15px; color: inherit; opacity: 0.9;'>SeeHawk Engage\u2122 posibilita la experiencia del usuario y las pruebas de rendimiento de la red en dispositivos Android\u2122 est\u00e1ndar.<\/p>\n<\/p><\/div>\n<\/p><\/div>\n<p> <!-- Separador --> <\/p>\n<hr style='border: 0; border-top: 1px solid rgba(150&comma; 150&comma; 150&comma; 0.3); margin: 30px 0;'> <!-- Secci\u00f3n con imagen y texto --> <\/p>\n<div style='display: flex; flex-wrap: wrap; gap: 30px; margin-bottom: 40px; align-items: center;'>\n<div style='flex: 1 1 300px; min-width: 250px;'> <img style='width: 100%; height: auto; border: 1px solid rgba(150&comma;150&comma;150&comma;0.3); border-radius: 8px;' src='https:\/\/ftp3.syscom.mx\/usuarios\/ftp\/single_page\/pctel-vp\/imagen6.png' alt=''> <\/div>\n<div style='flex: 2 1 400px; min-width: 300px;'>\n<h3 style='font-size: 22px; color: inherit; margin-top: 0; margin-bottom: 15px;'>Las Pruebas Autom\u00e1ticas Ahorran Tiempo y Dinero<\/h3>\n<h5 style='font-size: 16px; color: inherit; opacity: 0.9; margin-top: 0; margin-bottom: 20px;'>Reemplace los procesos manuales y asegure la cobertura de radio de las comunicaciones cr\u00edticas con la Soluci\u00f3n para Pruebas de Redes de Seguridad P\u00fablica \u00ae de PCTEL.<\/h5>\n<p style='font-size: 15px; color: inherit; opacity: 0.9;'>Nuestra herramienta simplificada de prueba basada en la red prueba simult\u00e1neamente la calidad de la se\u00f1al en diferentes redes P25&comma; DMR&comma; LTE\/FirstNet y UMTS&comma; adem\u00e1s de la potencia de canal para TETRA y otras tecnolog\u00edas LMR o celulares. El sencillo sistema de informe de aprueba\/no aprueba facilita cumplir los c\u00f3digos de construcci\u00f3n locales para cobertura de respuesta de radio emergencia (ERRC&comma; por sus siglas en ingl\u00e9s) y garantizar la cobertura para comunicaciones cr\u00edticas de seguridad vital y comerciales.<\/p>\n<p> <img style='width: 100%; height: auto; margin-top: 30px; border: 1px solid rgba(150&comma;150&comma;150&comma;0.3); border-radius: 8px;' src='https:\/\/ftp3.syscom.mx\/usuarios\/ftp\/single_page\/pctel-vp\/imagen7.jpg' alt=''> <\/div>\n<\/p><\/div>\n<p> <!-- Separador --> <\/p>\n<hr style='border: 0; border-top: 1px solid rgba(150&comma; 150&comma; 150&comma; 0.3); margin: 30px 0;'> <!-- Testimonio --> <\/p>\n<div style='margin: 40px 0; padding: 30px; border-left: 3px solid rgba(150&comma;150&comma;150&comma;0.3); border-right: 3px solid rgba(150&comma;150&comma;150&comma;0.3); background-color: rgba(150&comma;150&comma;150&comma;0.05);'>\n<h2 style='text-align: center; color: inherit; opacity: 0.7; margin: 0 0 20px 0;'>\u201cRealizamos las pruebas de cobertura en aproximadamente el 25 % del tiempo previsto. Ha cambiado realmente la forma en que hacemos negocios\u201d.<\/h2>\n<h5 style='text-align: center; color: inherit; opacity: 0.7; margin: 0;'>\u2014 Jason Chambers&comma; gerente de Servicios Day Wireless Systems<\/h5>\n<\/p><\/div>\n<p> <!-- Separador --> <\/p>\n<hr style='border: 0; border-top: 1px solid rgba(150&comma; 150&comma; 150&comma; 0.3); margin: 30px 0;'> <!-- Video de YouTube --> <\/p>\n<div style='position: relative; padding-bottom: 56.25%; height: 0; overflow: hidden; margin-bottom: 30px;'>   <\/div>\n<p> <!-- Separador --> <\/p>\n<hr style='border: 0; border-top: 1px solid rgba(150&comma; 150&comma; 150&comma; 0.3); margin: 30px 0;'> <!-- Secci\u00f3n de informes --> <\/p>\n<div style='display: flex; flex-wrap: wrap; gap: 30px; margin-bottom: 40px; align-items: center;'>\n<div style='flex: 1 1 300px; min-width: 250px;'>\n<h3 style='font-size: 20px; color: inherit; margin-top: 0; margin-bottom: 10px;'>Informes por Piso<\/h3>\n<p style='font-size: 15px; color: inherit; opacity: 0.9;'>Los informes de piso con resultados aprobado\/no aprobado pueden generarse en tiempo real durante la prueba de marcha.<\/p>\n<p> <img style='width: 100%; height: auto; border: 1px solid rgba(150&comma;150&comma;150&comma;0.3); border-radius: 8px; margin-top: 15px;' src='https:\/\/ftp3.syscom.mx\/usuarios\/ftp\/single_page\/pctel-vp\/imagen8.jpg' alt=''> <\/div>\n<div style='flex: 1 1 300px; min-width: 250px;'>\n<h3 style='font-size: 20px; color: inherit; margin-top: 0; margin-bottom: 10px;'>Informes por Edificaci\u00f3n<\/h3>\n<p style='font-size: 15px; color: inherit; opacity: 0.9;'>Los Informes por edificaci\u00f3n resumen los resultados de todos los niveles de pisos para un solo canal o para todos los canales. La soluci\u00f3n de PCTEL ofrece formatos de informes preconfigurados para cobertura com\u00fan de seguridad p\u00fablica y requisitos de calidad de se\u00f1al&comma; seg\u00fan lo especificado por los est\u00e1ndares NFPA e IFC.<\/p>\n<p> <img style='width: 100%; height: auto; border: 1px solid rgba(150&comma;150&comma;150&comma;0.3); border-radius: 8px; margin-top: 15px;' src='https:\/\/ftp3.syscom.mx\/usuarios\/ftp\/single_page\/pctel-vp\/imagen9.jpg' alt=''> <\/div>\n<\/p><\/div>\n<p> <!-- Secci\u00f3n de generaci\u00f3n de informes --> <\/p>\n<div style='display: flex; flex-wrap: wrap; gap: 30px; margin-bottom: 40px; align-items: center;'>\n<div style='flex: 1 1 300px; min-width: 250px;'>\n<h3 style='font-size: 20px; color: inherit; margin-top: 0; margin-bottom: 10px;'>Genere autom\u00e1ticamente informes imprimibles en cuesti\u00f3n de minutos<\/h3>\n<p style='font-size: 15px; color: inherit; opacity: 0.9;'>Los informes pueden ser formateados en Microsoft Word&comma; lo que puede reducir el tiempo necesario para obtener la aprobaci\u00f3n de los permisos de ocupaci\u00f3n de edificaciones.<\/p>\n<\/p><\/div>\n<\/p><\/div>\n<p> <!-- Separador --> <\/p>\n<hr style='border: 0; border-top: 1px solid rgba(150&comma; 150&comma; 150&comma; 0.3); margin: 30px 0;'> <!-- Testimonio 2 --> <\/p>\n<div style='margin: 40px 0; padding: 30px; border-left: 3px solid rgba(150&comma;150&comma;150&comma;0.3); border-right: 3px solid rgba(150&comma;150&comma;150&comma;0.3); background-color: rgba(150&comma;150&comma;150&comma;0.05);'>\n<h2 style='text-align: center; color: inherit; opacity: 0.7; margin: 0 0 20px 0;'>\u201cPara ser verdaderamente exitosos y comprometernos plenamente para prestar el mejor servicio DAS a nuestros clientes&comma; tuvimos que invertir en las mejores herramientas y software. Investigamos y fue la mejor decisi\u00f3n que tomamos. No podemos estar m\u00e1s satisfechos\u201d.<\/h2>\n<h5 style='text-align: center; color: inherit; opacity: 0.7; margin: 0;'>\u2014 Scott Umemoto&comma; director de tecnolog\u00edas estrat\u00e9gicas \u2013 Day Wireless Systems<\/h5>\n<\/p><\/div>\n<p> <!-- Separador --> <\/p>\n<hr style='border: 0; border-top: 1px solid rgba(150&comma; 150&comma; 150&comma; 0.3); margin: 30px 0;'> <!-- Secci\u00f3n de componentes --> <\/p>\n<div style='margin-bottom: 40px;'>\n<h3 style='font-size: 20px; color: inherit; margin-top: 0; margin-bottom: 20px;'>Componentes de la Soluci\u00f3n<\/h3>\n<p> <img style='width: 250px; height: auto; border: 1px solid rgba(150&comma;150&comma;150&comma;0.3); border-radius: 8px; margin-bottom: 20px;' src='https:\/\/ftp3.syscom.mx\/usuarios\/ftp\/single_page\/pctel-vp\/imagen2.png' alt=''> <\/p>\n<p style='font-size: 15px; color: inherit; opacity: 0.9; margin-bottom: 20px;'>Los kits de la soluci\u00f3n de prueba de redes de seguridad p\u00fablica de PCTEL incluyen lo siguiente:<\/p>\n<div style='display: flex; flex-wrap: wrap; gap: 30px; margin-bottom: 30px;'>\n<div style='flex: 1 1 300px; min-width: 250px;'>\n<h4 style='font-size: 16px; color: inherit; margin-top: 0; margin-bottom: 10px; border-bottom: 1px solid rgba(150&comma;150&comma;150&comma;0.3); padding-bottom: 8px;'>Software de recolecci\u00f3n de datos SeeHawk\u00ae Touch<\/h4>\n<ul style='padding-left: 20px; font-size: 14px; color: inherit; list-style-type: disc;'>\n<li style='margin-bottom: 5px;'>Potencia de canal de prueba de red para cualquier tecnolog\u00eda<\/li>\n<li style='margin-bottom: 5px;'>Prueba de red de calidad de se\u00f1al P25<\/li>\n<li style='margin-bottom: 5px;'>Opcional: Prueba de red de calidad de se\u00f1al DMR&comma; FirstNet\/LTE y UMTS\/WCDMA<\/li>\n<li style='margin-bottom: 5px;'>Prueba de marcha en interiores<\/li>\n<li style='margin-bottom: 5px;'>Analizador de se\u00f1al<\/li>\n<li style='margin-bottom: 5px;'>Opcional: Modos de prueba de conducci\u00f3n en exteriores y verificaci\u00f3n de antena<\/li>\n<\/ul><\/div>\n<div style='flex: 1 1 300px; min-width: 250px;'>\n<h4 style='font-size: 16px; color: inherit; margin-top: 0; margin-bottom: 10px; border-bottom: 1px solid rgba(150&comma;150&comma;150&comma;0.3); padding-bottom: 8px;'>Receptor de escaneo IBflex\u00ae<\/h4>\n<ul style='padding-left: 20px; font-size: 14px; color: inherit; list-style-type: disc;'>\n<li style='margin-bottom: 5px;'>Mediciones de todas las frecuencias (140-990 MHz)<\/li>\n<li style='margin-bottom: 5px;'>Relaci\u00f3n de se\u00f1al P25 a interferencia m\u00e1s ruido (SINR)&comma; Tasa de error de bit (BER) de cuadro y fuera de servicio e ID de red (NID)<\/li>\n<li style='margin-bottom: 5px;'>Opcional: SINR de DMR y BER de cuadro<\/li>\n<li style='margin-bottom: 5px;'>Opcional: decodificaci\u00f3n de se\u00f1al celular<\/li>\n<li style='margin-bottom: 5px;'>Opcional: bandas y frecuencias adicionales<\/li>\n<\/ul><\/div>\n<div style='flex: 1 1 300px; min-width: 250px;'>\n<h4 style='font-size: 16px; color: inherit; margin-top: 0; margin-bottom: 10px; border-bottom: 1px solid rgba(150&comma;150&comma;150&comma;0.3); padding-bottom: 8px;'>Accesorios:<\/h4>\n<ul style='padding-left: 20px; font-size: 14px; color: inherit; list-style-type: disc;'>\n<li style='margin-bottom: 5px;'>Tableta Android\u2122<\/li>\n<li style='margin-bottom: 5px;'>Paquete de bater\u00edas<\/li>\n<li style='margin-bottom: 5px;'>Paquete posterior o lateral<\/li>\n<li style='margin-bottom: 5px;'>Antenas para prueba de marcha<\/li>\n<li style='margin-bottom: 5px;'>Estuche<\/li>\n<li style='margin-bottom: 5px;'>Cargador de CA<\/li>\n<li style='margin-bottom: 5px;'>Opcional: Antenas para techo de veh\u00edculo y cargador de veh\u00edculo<\/li>\n<\/ul><\/div>\n<\/p><\/div>\n<p> <img style='width: 300px; height: auto; border: 1px solid rgba(150&comma;150&comma;150&comma;0.3); border-radius: 8px;' src='https:\/\/ftp3.syscom.mx\/usuarios\/ftp\/single_page\/pctel-vp\/imagen10.png' alt=''> <\/div>\n<p> <!-- Separador --> <\/p>\n<hr style='border: 0; border-top: 1px solid rgba(150&comma; 150&comma; 150&comma; 0.3); margin: 30px 0;'> <!-- Llamado a la acci\u00f3n --> <\/p>\n<div style='text-align: center; margin: 40px 0;'>\n<h3 style='font-size: 20px; color: inherit; opacity: 0.8; margin-bottom: 15px;'>Agilice sus pruebas de seguridad p\u00fablica para la comunicaci\u00f3n dentro de la edificaci\u00f3n<\/h3>\n<p style='font-size: 15px; color: inherit; opacity: 0.9; margin-bottom: 25px;'>Aprenda a sustituir procesos de prueba manuales con un m\u00e9todo eficiente y automatizado para verificar el cumplimiento de las edificaciones con los requerimientos de cobertura de red de seguridad p\u00fablica.<\/p>\n<p> <img style='width: 100%; max-width: 792px; height: auto; border: 1px solid rgba(150&comma;150&comma;150&comma;0.3); border-radius: 8px;' src='https:\/\/ftp3.syscom.mx\/usuarios\/oavila\/ANTENAS\/seehawk\/Cual%20herramienta%20llevarias.jpg' alt=''> <\/div>\n<\/p><\/div>\n","protected":false},"excerpt":{"rendered":"<p>Probador de red de comunicaciones para DMR y TETRA<\/p>\n","protected":false},"featured_media":69687,"comment_status":"open","ping_status":"closed","template":"","meta":[],"product_brand":[],"product_cat":[1610],"product_tag":[1611,931,1701],"class_list":{"0":"post-69688","1":"product","2":"type-product","3":"status-publish","4":"has-post-thumbnail","6":"product_cat-analizadores-espectro-y-antenas-monitores-de-servicio-y-softwares","7":"product_tag-analizadores-espectro-y-antenas-monitores-de-servicio-y-softwares","8":"product_tag-equipo-de-laboratorio","9":"product_tag-pctel","11":"first","12":"outofstock","13":"sale","14":"shipping-taxable","15":"purchasable","16":"product-type-simple"},"_links":{"self":[{"href":"https:\/\/soydeaqui.ddns.net\/pachuca\/index.php\/wp-json\/wp\/v2\/product\/69688","targetHints":{"allow":["GET"]}}],"collection":[{"href":"https:\/\/soydeaqui.ddns.net\/pachuca\/index.php\/wp-json\/wp\/v2\/product"}],"about":[{"href":"https:\/\/soydeaqui.ddns.net\/pachuca\/index.php\/wp-json\/wp\/v2\/types\/product"}],"replies":[{"embeddable":true,"href":"https:\/\/soydeaqui.ddns.net\/pachuca\/index.php\/wp-json\/wp\/v2\/comments?post=69688"}],"wp:featuredmedia":[{"embeddable":true,"href":"https:\/\/soydeaqui.ddns.net\/pachuca\/index.php\/wp-json\/wp\/v2\/media\/69687"}],"wp:attachment":[{"href":"https:\/\/soydeaqui.ddns.net\/pachuca\/index.php\/wp-json\/wp\/v2\/media?parent=69688"}],"wp:term":[{"taxonomy":"product_brand","embeddable":true,"href":"https:\/\/soydeaqui.ddns.net\/pachuca\/index.php\/wp-json\/wp\/v2\/product_brand?post=69688"},{"taxonomy":"product_cat","embeddable":true,"href":"https:\/\/soydeaqui.ddns.net\/pachuca\/index.php\/wp-json\/wp\/v2\/product_cat?post=69688"},{"taxonomy":"product_tag","embeddable":true,"href":"https:\/\/soydeaqui.ddns.net\/pachuca\/index.php\/wp-json\/wp\/v2\/product_tag?post=69688"}],"curies":[{"name":"wp","href":"https:\/\/api.w.org\/{rel}","templated":true}]}}