{"id":6964,"date":"2026-03-18T06:49:56","date_gmt":"2026-03-18T06:49:56","guid":{"rendered":"https:\/\/soydeaqui.ddns.net\/pachuca\/index.php\/producto\/caseta-wireless-sensor-de-movimiento-vacancia-ocupantica-180\/"},"modified":"2026-03-18T06:49:59","modified_gmt":"2026-03-18T06:49:59","slug":"caseta-wireless-sensor-de-movimiento-vacancia-ocupantica-180","status":"publish","type":"product","link":"https:\/\/soydeaqui.ddns.net\/pachuca\/index.php\/producto\/caseta-wireless-sensor-de-movimiento-vacancia-ocupantica-180\/","title":{"rendered":"(Caseta Wireless) Sensor de movimiento vacancia\/ocupantica 180\u00b0"},"content":{"rendered":"<div style='width: 100%; max-width: 1200px; margin: 0 auto; font-family: sans-serif; line-height: 1.6; color: inherit; background-color: transparent;'> <!-- Secci\u00f3n de descripci\u00f3n --> <\/p>\n<div style='margin-bottom: 30px; font-size: 15px; color: inherit;'>\n<p style='margin: 0 0 15px; color: inherit;'>Un solo sensor de presencia puede comunicarse con todos los dispositivos de control de la habitaci\u00f3n.<\/p>\n<p style='margin: 0 0 15px; color: inherit;'>El sensor de movimiento inal\u00e1mbrico tiene dos configuraciones disponibles: AutoOn \/ Auto-Off&comma; y Manual-On \/ Auto-Off<\/p>\n<\/p><\/div>\n<p> <!-- Secci\u00f3n de caracter\u00edsticas --> <\/p>\n<div style='display: flex; flex-wrap: wrap; gap: 30px; margin-bottom: 30px;'>\n<div style='flex: 1 1 300px; min-width: 280px;'>\n<h3 style='font-size: 22px; border-bottom: 2px solid currentColor; padding-bottom: 5px; margin-top: 0; color: inherit; opacity: 0.8;'>Caracter\u00edsticas principales<\/h3>\n<ul style='padding-left: 20px; font-size: 15px; color: inherit;'>\n<li style='margin-bottom: 5px;'>El modelo de vacante cumple con los requisitos del T\u00edtulo 24 de CA<\/li>\n<li style='margin-bottom: 5px;'>Detecci\u00f3n de movimiento infrarrojo pasivo con Lutron XCT exclusivo<\/li>\n<li style='margin-bottom: 5px;'>Tecnolog\u00eda para la detecci\u00f3n de movimiento fino<\/li>\n<\/ul><\/div>\n<div style='flex: 1 1 300px; min-width: 280px;'>\n<h3 style='font-size: 22px; border-bottom: 2px solid currentColor; padding-bottom: 5px; margin-top: 0; color: inherit; opacity: 0.8;'>Especificaciones<\/h3>\n<ul style='padding-left: 20px; font-size: 15px; color: inherit;'>\n<li style='margin-bottom: 5px;'>Campo de visi\u00f3n de 180\u00b0<\/li>\n<li style='margin-bottom: 5px;'>Movimiento menor = 15 x 2 x 35 = 1050 pies\u00b2 (97.5 m\u00b2)<\/li>\n<li style='margin-bottom: 5px;'>Movimiento principal = 20 x 2 x 45 = 1800 pies\u00b2 (167&comma;2 m\u00b2)<\/li>\n<li style='margin-bottom: 5px;'>Ajustes simples e intuitivos disponibles para Timeout<\/li>\n<\/ul><\/div>\n<\/p><\/div>\n<p> <!-- Secci\u00f3n de funcionamiento --> <\/p>\n<div style='margin-bottom: 30px; font-size: 15px; color: inherit;'>\n<h3 style='font-size: 22px; border-bottom: 2px solid currentColor; padding-bottom: 5px; margin-top: 0; margin-bottom: 15px; color: inherit; opacity: 0.8;'>Funcionamiento<\/h3>\n<p style='margin: 0 0 15px; color: inherit;'>Configuraci\u00f3n de actividad y encendido autom\u00e1tico<\/p>\n<ul style='padding-left: 20px; margin-bottom: 15px; font-size: 15px; color: inherit;'>\n<li style='margin-bottom: 5px;'>Los botones de prueba accesibles facilitan la configuraci\u00f3n.<\/li>\n<li style='margin-bottom: 5px;'>La lente se ilumina durante el modo de prueba para verificar las ubicaciones ideales.<\/li>\n<li style='margin-bottom: 5px;'>Se pueden agregar m\u00faltiples sensores para una cobertura extendida; referir a la especificaci\u00f3n del producto sometido del dispositivo receptor a determinar los l\u00edmites del sistema.<\/li>\n<li style='margin-bottom: 5px;'>Dise\u00f1o de duraci\u00f3n de bater\u00eda de 10 a\u00f1os.<\/li>\n<\/ul><\/div>\n<p> <!-- Secci\u00f3n de compatibilidad --> <\/p>\n<div style='margin-bottom: 30px; font-size: 15px; color: inherit;'>\n<p style='margin: 0; color: inherit;'>Los sensores de presencia\/vacancia Radio Powr Savr <strong style='color: inherit;'>funcionan con los controles de iluminaci\u00f3n RadioRA\u00ae2&comma; VIVE&comma; RA2 Select&comma; Caseta Wireless (Stand alone)<\/strong>&comma; u otras lineas de LUTRON\u00ae para encender las luces cuando alguien entra a una habitaci\u00f3n&comma; y las apaga autom\u00e1ticamente cuando la habitaci\u00f3n est\u00e1 vac\u00eda. Disponibles en configuraciones de montaje en techo&comma; esquina y pasillo para lograr la cobertura adecuada de sensores en cualquier habitaci\u00f3n.<\/p>\n<\/p><\/div>\n<p> <!-- Separador --> <\/p>\n<hr style='border: 0; border-top: 1px solid rgba(150&comma; 150&comma; 150&comma; 0.3); margin: 30px 0;'> <\/div>\n","protected":false},"excerpt":{"rendered":"<p>(Caseta Wireless) Sensor de movimiento vacancia\/ocupantica 180\u00b0<\/p>\n","protected":false},"featured_media":6963,"comment_status":"open","ping_status":"closed","template":"","meta":[],"product_brand":[],"product_cat":[72],"product_tag":[30,73],"class_list":{"0":"post-6964","1":"product","2":"type-product","3":"status-publish","4":"has-post-thumbnail","6":"product_cat-lutron-caseta-wireless","7":"product_tag-automatizacion-casa-inteligente","8":"product_tag-lutron-caseta-wireless","10":"first","11":"instock","12":"sale","13":"shipping-taxable","14":"purchasable","15":"product-type-simple"},"_links":{"self":[{"href":"https:\/\/soydeaqui.ddns.net\/pachuca\/index.php\/wp-json\/wp\/v2\/product\/6964","targetHints":{"allow":["GET"]}}],"collection":[{"href":"https:\/\/soydeaqui.ddns.net\/pachuca\/index.php\/wp-json\/wp\/v2\/product"}],"about":[{"href":"https:\/\/soydeaqui.ddns.net\/pachuca\/index.php\/wp-json\/wp\/v2\/types\/product"}],"replies":[{"embeddable":true,"href":"https:\/\/soydeaqui.ddns.net\/pachuca\/index.php\/wp-json\/wp\/v2\/comments?post=6964"}],"wp:featuredmedia":[{"embeddable":true,"href":"https:\/\/soydeaqui.ddns.net\/pachuca\/index.php\/wp-json\/wp\/v2\/media\/6963"}],"wp:attachment":[{"href":"https:\/\/soydeaqui.ddns.net\/pachuca\/index.php\/wp-json\/wp\/v2\/media?parent=6964"}],"wp:term":[{"taxonomy":"product_brand","embeddable":true,"href":"https:\/\/soydeaqui.ddns.net\/pachuca\/index.php\/wp-json\/wp\/v2\/product_brand?post=6964"},{"taxonomy":"product_cat","embeddable":true,"href":"https:\/\/soydeaqui.ddns.net\/pachuca\/index.php\/wp-json\/wp\/v2\/product_cat?post=6964"},{"taxonomy":"product_tag","embeddable":true,"href":"https:\/\/soydeaqui.ddns.net\/pachuca\/index.php\/wp-json\/wp\/v2\/product_tag?post=6964"}],"curies":[{"name":"wp","href":"https:\/\/api.w.org\/{rel}","templated":true}]}}