{"id":69626,"date":"2026-03-19T10:54:04","date_gmt":"2026-03-19T10:54:04","guid":{"rendered":"https:\/\/soydeaqui.ddns.net\/pachuca\/index.php\/producto\/callbox-digital-nxdn-intercomunicador-inalambrico-uhf-450-470mhz-color-verde\/"},"modified":"2026-03-19T10:54:05","modified_gmt":"2026-03-19T10:54:05","slug":"callbox-digital-nxdn-intercomunicador-inalambrico-uhf-450-470mhz-color-verde","status":"publish","type":"product","link":"https:\/\/soydeaqui.ddns.net\/pachuca\/index.php\/producto\/callbox-digital-nxdn-intercomunicador-inalambrico-uhf-450-470mhz-color-verde\/","title":{"rendered":"Callbox Digital NXDN, Intercomunicador  Inal\u00e1mbrico  UHF 450-470MHZ,  Color Verde"},"content":{"rendered":"<div style='width: 100%; max-width: 1200px; margin: 0 auto; font-family: sans-serif; line-height: 1.6; color: inherit; background-color: transparent;'>\n<div style='display: flex; flex-wrap: wrap; gap: 30px; margin-bottom: 30px;'>\n<div style='flex: 1 1 300px; min-width: 280px;'>\n<h3 style='font-size: 22px; border-bottom: 2px solid currentColor; padding-bottom: 5px; margin-top: 0; color: inherit; opacity: 0.8;'>Caracter\u00edsticas Generales<\/h3>\n<ul style='padding-left: 20px; font-size: 15px; color: inherit;'>\n<li style='margin-bottom: 5px;'><strong>Frecuencia:<\/strong> UHF 450 &#8211; 470 MHz<\/li>\n<li style='margin-bottom: 5px;'><strong>Canales:<\/strong> 1<\/li>\n<li style='margin-bottom: 5px;'><strong>Gabinete:<\/strong> Policarbonato de uso rudo&comma; sellado para uso en exteriores<\/li>\n<li style='margin-bottom: 5px;'><strong>Alimentaci\u00f3n:<\/strong> 3 bater\u00edas tipo D (No incluidas) o alimentaci\u00f3n externa (Requiere adaptador)<\/li>\n<li style='margin-bottom: 5px;'><strong>Apagado:<\/strong> Autom\u00e1tico<\/li>\n<li style='margin-bottom: 5px;'><strong>Alerta:<\/strong> Bater\u00eda baja<\/li>\n<li style='margin-bottom: 5px;'><strong>Volumen:<\/strong> Ajustable para ambientes ruidosos<\/li>\n<li style='margin-bottom: 5px;'><strong>Programaci\u00f3n:<\/strong> Por PC o en campo<\/li>\n<li style='margin-bottom: 5px;'><strong>PTT:<\/strong> Aluminio antivand\u00e1lico<\/li>\n<li style='margin-bottom: 5px;'><strong>Antena:<\/strong> Interna<\/li>\n<li style='margin-bottom: 5px;'><strong>Software:<\/strong> RQXPCPK1<\/li>\n<li style='margin-bottom: 5px;'><strong>Grabaci\u00f3n:<\/strong> Capacidad para mensajes de voz<\/li>\n<li style='margin-bottom: 5px;'><strong>Mensajes:<\/strong> Bienvenida&comma; ubicaci\u00f3n&comma; bater\u00eda baja y falla en corriente el\u00e9ctrica<\/li>\n<li style='margin-bottom: 5px;'><strong>Entrada digital:<\/strong> Notificaci\u00f3n por voz de activaci\u00f3n\/desactivaci\u00f3n<\/li>\n<li style='margin-bottom: 5px;'><strong>Salida de relevador:<\/strong> Activaci\u00f3n v\u00eda se\u00f1alizaci\u00f3n<\/li>\n<\/ul><\/div>\n<\/p><\/div>\n<div style='display: flex; flex-wrap: wrap; gap: 30px; margin-bottom: 30px;'>\n<div style='flex: 1 1 300px; min-width: 280px;'>\n<h3 style='font-size: 22px; border-bottom: 2px solid currentColor; padding-bottom: 5px; margin-top: 0; color: inherit; opacity: 0.8;'>Aplicaciones<\/h3>\n<ul style='padding-left: 20px; font-size: 15px; color: inherit;'>\n<li style='margin-bottom: 5px;'>Campus Universitarios<\/li>\n<li style='margin-bottom: 5px;'>Aeropuertos<\/li>\n<li style='margin-bottom: 5px;'>Hospitales<\/li>\n<li style='margin-bottom: 5px;'>Manufactura<\/li>\n<li style='margin-bottom: 5px;'>Almacenes<\/li>\n<li style='margin-bottom: 5px;'>Parques<\/li>\n<li style='margin-bottom: 5px;'>Campos Deportivos<\/li>\n<li style='margin-bottom: 5px;'>Tiendas Departamentales<\/li>\n<li style='margin-bottom: 5px;'>Etc.<\/li>\n<\/ul><\/div>\n<\/p><\/div>\n<div style='display: flex; flex-wrap: wrap; gap: 30px; margin-bottom: 30px;'>\n<div style='flex: 1 1 300px; min-width: 280px;'>\n<h3 style='font-size: 22px; border-bottom: 2px solid currentColor; padding-bottom: 5px; margin-top: 0; color: inherit; opacity: 0.8;'>Descripci\u00f3n<\/h3>\n<p style='font-size: 15px; color: inherit; margin-top: 0;'>Equipo de comunicaci\u00f3n fijo v\u00eda radio. Provee comunicaci\u00f3n entre personal equipado con radio o visitantes.<\/p>\n<p style='font-size: 15px; color: inherit; margin-top: 0;'>Instale un equipo Callbox de Ritron en cualquier \u00e1rea donde se requiere tener siempre disponible una forma r\u00e1pida y accesible de comunicaci\u00f3n directa a su sistema de radiocomunicaci\u00f3n.<\/p>\n<\/p><\/div>\n<\/p><\/div>\n<\/p><\/div>\n","protected":false},"excerpt":{"rendered":"<p>Callbox Digital NXDN, Intercomunicador  Inal\u00e1mbrico  UHF 450-470MHZ,  Color Verde<\/p>\n","protected":false},"featured_media":69625,"comment_status":"open","ping_status":"closed","template":"","meta":[],"product_brand":[],"product_cat":[788],"product_tag":[789,1548,557],"class_list":{"0":"post-69626","1":"product","2":"type-product","3":"status-publish","4":"has-post-thumbnail","6":"product_cat-intercomunicadores","7":"product_tag-intercomunicadores","8":"product_tag-ritron","9":"product_tag-videoporteros-e-interfonos","11":"first","12":"outofstock","13":"sale","14":"shipping-taxable","15":"purchasable","16":"product-type-simple"},"_links":{"self":[{"href":"https:\/\/soydeaqui.ddns.net\/pachuca\/index.php\/wp-json\/wp\/v2\/product\/69626","targetHints":{"allow":["GET"]}}],"collection":[{"href":"https:\/\/soydeaqui.ddns.net\/pachuca\/index.php\/wp-json\/wp\/v2\/product"}],"about":[{"href":"https:\/\/soydeaqui.ddns.net\/pachuca\/index.php\/wp-json\/wp\/v2\/types\/product"}],"replies":[{"embeddable":true,"href":"https:\/\/soydeaqui.ddns.net\/pachuca\/index.php\/wp-json\/wp\/v2\/comments?post=69626"}],"wp:featuredmedia":[{"embeddable":true,"href":"https:\/\/soydeaqui.ddns.net\/pachuca\/index.php\/wp-json\/wp\/v2\/media\/69625"}],"wp:attachment":[{"href":"https:\/\/soydeaqui.ddns.net\/pachuca\/index.php\/wp-json\/wp\/v2\/media?parent=69626"}],"wp:term":[{"taxonomy":"product_brand","embeddable":true,"href":"https:\/\/soydeaqui.ddns.net\/pachuca\/index.php\/wp-json\/wp\/v2\/product_brand?post=69626"},{"taxonomy":"product_cat","embeddable":true,"href":"https:\/\/soydeaqui.ddns.net\/pachuca\/index.php\/wp-json\/wp\/v2\/product_cat?post=69626"},{"taxonomy":"product_tag","embeddable":true,"href":"https:\/\/soydeaqui.ddns.net\/pachuca\/index.php\/wp-json\/wp\/v2\/product_tag?post=69626"}],"curies":[{"name":"wp","href":"https:\/\/api.w.org\/{rel}","templated":true}]}}