{"id":6960,"date":"2026-03-18T06:49:53","date_gmt":"2026-03-18T06:49:53","guid":{"rendered":"https:\/\/soydeaqui.ddns.net\/pachuca\/index.php\/producto\/caseta-wireless-repetidor-de-senal-inalambrica-caseta-wireless-lutron\/"},"modified":"2026-03-18T06:49:55","modified_gmt":"2026-03-18T06:49:55","slug":"caseta-wireless-repetidor-de-senal-inalambrica-caseta-wireless-lutron","status":"publish","type":"product","link":"https:\/\/soydeaqui.ddns.net\/pachuca\/index.php\/producto\/caseta-wireless-repetidor-de-senal-inalambrica-caseta-wireless-lutron\/","title":{"rendered":"(Caseta Wireless) Repetidor de se\u00f1al inal\u00e1mbrica Caseta Wireless LUTRON"},"content":{"rendered":"<div style='width: 100%; max-width: 1200px; margin: 0 auto; font-family: sans-serif; line-height: 1.6; color: inherit; background-color: transparent;'>\n<div style='display: flex; flex-wrap: wrap; gap: 30px; margin-bottom: 30px;'>\n<div style='flex: 1 1 300px; min-width: 280px;'>\n<h3 style='font-size: 22px; border-bottom: 2px solid currentColor; padding-bottom: 5px; margin-top: 0; color: inherit; opacity: 0.8;'>Descripci\u00f3n<\/h3>\n<p style='font-size: 15px; margin-bottom: 15px; text-align: justify; color: inherit;'>El repetidor inal\u00e1mbrico Cas\u00e9ta permite el alcance inal\u00e1mbrico expansi\u00f3n de su sistema de control de iluminaci\u00f3n Cas\u00e9ta para toda cobertura de la casa. Los repetidores inal\u00e1mbricos Cas\u00e9ta ampl\u00edan el alcance de la radio Se\u00f1ales de frecuencia (RF) que se env\u00edan entre dispositivos.<\/p>\n<p style='font-size: 15px; margin-bottom: 15px; text-align: justify; color: inherit;'>Se puede agregar un repetidor inal\u00e1mbrico para extender la RF gama para aplicaciones de sistemas m\u00e1s grandes. Cada repetidor inal\u00e1mbrico puede comunicarse con dispositivos Cas\u00e9ta dentro de 30 pies (9 m)&comma; cubriendo un \u00e1rea de aproximadamente 2500 pies2 (232 m2)&comma; y se puede colocar hasta 60 pies (18 m) del repetidor Lutron.<\/p>\n<\/p><\/div>\n<\/p><\/div>\n<div style='display: flex; flex-wrap: wrap; gap: 20px; margin-bottom: 30px;'>\n<div style='flex: 1 1 250px; border: 1px solid rgba(150&comma; 150&comma; 150&comma; 0.4); border-radius: 8px; overflow: hidden; display: flex; flex-direction: column;'>\n<div style='padding: 15px; border-bottom: 1px solid rgba(150&comma; 150&comma; 150&comma; 0.2); font-weight: bold; font-size: 18px; color: inherit;'>Caracter\u00edsticas<\/div>\n<div style='padding: 15px; color: inherit;'>\n<ul style='padding-left: 20px; margin: 0; font-size: 14px; list-style-type: disc;'>\n<li style='margin-bottom: 5px;'>Ampl\u00eda el rango de RF.<\/li>\n<li style='margin-bottom: 5px;'>Se agrega f\u00e1cilmente a un sistema existente a trav\u00e9s de Cas\u00e9ta App o software del sistema.<\/li>\n<li style='margin-bottom: 5px;'>Puede agregar un repetidor inal\u00e1mbrico por sistema.<\/li>\n<li style='margin-bottom: 5px;'>Funciona con sistemas Cas\u00e9ta Wireless.<\/li>\n<\/ul><\/div>\n<\/p><\/div>\n<div style='flex: 1 1 250px; border: 1px solid rgba(150&comma; 150&comma; 150&comma; 0.4); border-radius: 8px; overflow: hidden; display: flex; flex-direction: column;'>\n<div style='padding: 15px; border-bottom: 1px solid rgba(150&comma; 150&comma; 150&comma; 0.2); font-weight: bold; font-size: 18px; color: inherit;'>Consumo<\/div>\n<div style='padding: 15px; color: inherit;'>\n<ul style='padding-left: 20px; margin: 0; font-size: 14px; list-style-type: disc;'>\n<li style='margin-bottom: 5px;'>5V -100mA<\/li>\n<li style='margin-bottom: 5px;'>Incluye cable: 5V 550mA (1.83 mts)<\/li>\n<\/ul><\/div>\n<\/p><\/div>\n<\/p><\/div>\n<hr style='border: 0; border-top: 1px solid rgba(150&comma; 150&comma; 150&comma; 0.3); margin: 30px 0;'> <\/div>\n","protected":false},"excerpt":{"rendered":"<p>(Caseta Wireless) Repetidor de se\u00f1al inal\u00e1mbrica Caseta Wireless LUTRON<\/p>\n","protected":false},"featured_media":6959,"comment_status":"open","ping_status":"closed","template":"","meta":[],"product_brand":[],"product_cat":[72],"product_tag":[30,73],"class_list":{"0":"post-6960","1":"product","2":"type-product","3":"status-publish","4":"has-post-thumbnail","6":"product_cat-lutron-caseta-wireless","7":"product_tag-automatizacion-casa-inteligente","8":"product_tag-lutron-caseta-wireless","10":"first","11":"instock","12":"sale","13":"shipping-taxable","14":"purchasable","15":"product-type-simple"},"_links":{"self":[{"href":"https:\/\/soydeaqui.ddns.net\/pachuca\/index.php\/wp-json\/wp\/v2\/product\/6960","targetHints":{"allow":["GET"]}}],"collection":[{"href":"https:\/\/soydeaqui.ddns.net\/pachuca\/index.php\/wp-json\/wp\/v2\/product"}],"about":[{"href":"https:\/\/soydeaqui.ddns.net\/pachuca\/index.php\/wp-json\/wp\/v2\/types\/product"}],"replies":[{"embeddable":true,"href":"https:\/\/soydeaqui.ddns.net\/pachuca\/index.php\/wp-json\/wp\/v2\/comments?post=6960"}],"wp:featuredmedia":[{"embeddable":true,"href":"https:\/\/soydeaqui.ddns.net\/pachuca\/index.php\/wp-json\/wp\/v2\/media\/6959"}],"wp:attachment":[{"href":"https:\/\/soydeaqui.ddns.net\/pachuca\/index.php\/wp-json\/wp\/v2\/media?parent=6960"}],"wp:term":[{"taxonomy":"product_brand","embeddable":true,"href":"https:\/\/soydeaqui.ddns.net\/pachuca\/index.php\/wp-json\/wp\/v2\/product_brand?post=6960"},{"taxonomy":"product_cat","embeddable":true,"href":"https:\/\/soydeaqui.ddns.net\/pachuca\/index.php\/wp-json\/wp\/v2\/product_cat?post=6960"},{"taxonomy":"product_tag","embeddable":true,"href":"https:\/\/soydeaqui.ddns.net\/pachuca\/index.php\/wp-json\/wp\/v2\/product_tag?post=6960"}],"curies":[{"name":"wp","href":"https:\/\/api.w.org\/{rel}","templated":true}]}}