{"id":69590,"date":"2026-03-19T10:52:49","date_gmt":"2026-03-19T10:52:49","guid":{"rendered":"https:\/\/soydeaqui.ddns.net\/pachuca\/index.php\/producto\/pdu-basico-para-distribucion-de-energia-enchufe-de-entrada-nema-5-15p-con-16-contactos-nema-5-20r-de-instalacion-vertical-15-amp-120-vca\/"},"modified":"2026-03-19T10:52:50","modified_gmt":"2026-03-19T10:52:50","slug":"pdu-basico-para-distribucion-de-energia-enchufe-de-entrada-nema-5-15p-con-16-contactos-nema-5-20r-de-instalacion-vertical-15-amp-120-vca","status":"publish","type":"product","link":"https:\/\/soydeaqui.ddns.net\/pachuca\/index.php\/producto\/pdu-basico-para-distribucion-de-energia-enchufe-de-entrada-nema-5-15p-con-16-contactos-nema-5-20r-de-instalacion-vertical-15-amp-120-vca\/","title":{"rendered":"PDU B\u00e1sico para Distribuci\u00f3n de Energ\u00eda, Enchufe de Entrada NEMA 5-15P, Con 16 Contactos NEMA 5-20R, de Instalaci\u00f3n Vertical, 15 Amp, 120 Vca"},"content":{"rendered":"<div style='width: 100%; max-width: 1200px; margin: 0 auto; font-family: sans-serif; line-height: 1.6; color: inherit; background-color: transparent;'> <!-- Descripci\u00f3n general --> <\/p>\n<div style='margin-bottom: 30px;'>\n<h2 style='font-size: 24px; margin-top: 0; color: inherit; opacity: 0.9;'>Descripci\u00f3n<\/h2>\n<p style='font-size: 15px; color: inherit;'>Los PDU B\u00e1sicos para Rack de Panduit proporcionan una distribuci\u00f3n de energ\u00eda confiable y rentable en una variedad de entradas (monof\u00e1sicas o trif\u00e1sicas; Delta o WYE) y configuraciones de salida (IEC C13&comma; C19 o NEMA). Estos PDU de Rack tienen unas de las densidades de salida m\u00e1s altas y los factores de forma m\u00e1s peque\u00f1os disponibles en el mercado. Cuentan con hasta 48 salidas y vienen de serie con un cable de alimentaci\u00f3n de entrada de 10 pies (3 metros). Son capaces de instalarse verticalmente (0U) u horizontalmente (1U o 2U) en un centro de datos&comma; gabinetes empresariales o rack utilizando los soportes de montaje est\u00e1ndar o el hardware incluido.<\/p>\n<\/p><\/div>\n<p> <!-- Caracter\u00edsticas principales --> <\/p>\n<div style='display: flex; flex-wrap: wrap; gap: 30px; margin-bottom: 30px;'>\n<div style='flex: 1 1 300px; min-width: 280px;'>\n<h3 style='font-size: 22px; border-bottom: 2px solid currentColor; padding-bottom: 5px; margin-top: 0; color: inherit; opacity: 0.8;'>Caracter\u00edsticas principales<\/h3>\n<ul style='padding-left: 20px; font-size: 15px; color: inherit;'>\n<li style='margin-bottom: 5px;'>Distribuci\u00f3n de energ\u00eda monof\u00e1sica y trif\u00e1sica eficiente<\/li>\n<li style='margin-bottom: 5px;'>Hasta 48 salidas para alta densidad de energ\u00eda<\/li>\n<li style='margin-bottom: 5px;'>Cable de alimentaci\u00f3n de 3 metros incluido<\/li>\n<li style='margin-bottom: 5px;'>Montaje horizontal o vertical flexible en racks<\/li>\n<li style='margin-bottom: 5px;'>Conector de entrada NEMA 5-20P&comma; salida 120VCA<\/li>\n<\/ul><\/div>\n<\/p><\/div>\n<p> <!-- Especificaciones t\u00e9cnicas --> <\/p>\n<div style='display: flex; flex-wrap: wrap; gap: 20px; margin-bottom: 30px;'>\n<div style='flex: 1 1 250px; border: 1px solid rgba(150&comma; 150&comma; 150&comma; 0.4); border-radius: 8px; overflow: hidden; display: flex; flex-direction: column;'>\n<div style='padding: 15px; border-bottom: 1px solid rgba(150&comma; 150&comma; 150&comma; 0.2); font-weight: bold; font-size: 18px; color: inherit;'>Especificaciones El\u00e9ctricas<\/div>\n<div style='padding: 15px; color: inherit;'>\n<ul style='padding-left: 20px; margin: 0; font-size: 14px; list-style-type: disc;'>\n<li style='margin-bottom: 5px;'><strong>Tipo de Entrada:<\/strong> NEMA 5-20P<\/li>\n<li style='margin-bottom: 5px;'><strong>Salidas:<\/strong> 16 Contactos NEMA 5-20R<\/li>\n<li style='margin-bottom: 5px;'><strong>Voltaje de Entrada:<\/strong> 120 VCA<\/li>\n<li style='margin-bottom: 5px;'><strong>Corriente:<\/strong> 16A<\/li>\n<li style='margin-bottom: 5px;'><strong>Voltaje de Salida:<\/strong> 120 VCA<\/li>\n<li style='margin-bottom: 5px;'><strong>Frecuencia:<\/strong> 50\/60 Hz<\/li>\n<li style='margin-bottom: 5px;'><strong>Temperatura de Operaci\u00f3n:<\/strong> 10\u00b0 a 60\u00b0 C<\/li>\n<li style='margin-bottom: 5px;'><strong>Humedad:<\/strong> 10% a 90% RH no condensante<\/li>\n<li style='margin-bottom: 5px;'><strong>Elevaci\u00f3n:<\/strong> 0 a 10&comma;000 pies (0 a 3&comma;000 m)<\/li>\n<\/ul><\/div>\n<\/p><\/div>\n<div style='flex: 1 1 250px; border: 1px solid rgba(150&comma; 150&comma; 150&comma; 0.4); border-radius: 8px; overflow: hidden; display: flex; flex-direction: column;'>\n<div style='padding: 15px; border-bottom: 1px solid rgba(150&comma; 150&comma; 150&comma; 0.2); font-weight: bold; font-size: 18px; color: inherit;'>Dimensiones<\/div>\n<div style='padding: 15px; color: inherit;'>\n<ul style='padding-left: 20px; margin: 0; font-size: 14px; list-style-type: disc;'>\n<li style='margin-bottom: 5px;'><strong>Altura:<\/strong> 32.2&#8242; (817.9 mm)<\/li>\n<li style='margin-bottom: 5px;'><strong>Ancho:<\/strong> 2.0&#8242; (50.8 mm)<\/li>\n<li style='margin-bottom: 5px;'><strong>Profundidad:<\/strong> 2.1&#8242; (53.3 mm)<\/li>\n<\/ul><\/div>\n<\/p><\/div>\n<div style='flex: 1 1 250px; border: 1px solid rgba(150&comma; 150&comma; 150&comma; 0.4); border-radius: 8px; overflow: hidden; display: flex; flex-direction: column;'>\n<div style='padding: 15px; border-bottom: 1px solid rgba(150&comma; 150&comma; 150&comma; 0.2); font-weight: bold; font-size: 18px; color: inherit;'>Caracter\u00edsticas F\u00edsicas<\/div>\n<div style='padding: 15px; color: inherit;'>\n<ul style='padding-left: 20px; margin: 0; font-size: 14px; list-style-type: disc;'>\n<li style='margin-bottom: 5px;'><strong>Tipo de Montaje:<\/strong> Vertical (0U)<\/li>\n<li style='margin-bottom: 5px;'><strong>Color:<\/strong> Negro<\/li>\n<li style='margin-bottom: 5px;'><strong>Conformidad:<\/strong> UL&comma; CB Test Approved (File number: E218078)<\/li>\n<li style='margin-bottom: 5px;'><strong>Compatibilidad:<\/strong> Panduit y gabinetes est\u00e1ndar de terceros<\/li>\n<\/ul><\/div>\n<\/p><\/div>\n<div style='flex: 1 1 250px; border: 1px solid rgba(150&comma; 150&comma; 150&comma; 0.4); border-radius: 8px; overflow: hidden; display: flex; flex-direction: column;'>\n<div style='padding: 15px; border-bottom: 1px solid rgba(150&comma; 150&comma; 150&comma; 0.2); font-weight: bold; font-size: 18px; color: inherit;'>Caracter\u00edsticas Adicionales<\/div>\n<div style='padding: 15px; color: inherit;'>\n<ul style='padding-left: 20px; margin: 0; font-size: 14px; list-style-type: disc;'>\n<li style='margin-bottom: 5px;'>Densidad de salidas para equipos IT compactos<\/li>\n<li style='margin-bottom: 5px;'>Factor de forma \u00f3ptimo para eficiente uso de espacio<\/li>\n<li style='margin-bottom: 5px;'>Temperatura de operaci\u00f3n de 60 \u00b0C a plena carga<\/li>\n<li style='margin-bottom: 5px;'>Soporte para montaje sin herramientas en unidades verticales<\/li>\n<\/ul><\/div>\n<\/p><\/div>\n<\/p><\/div>\n<p> <!-- Tabla de compatibilidad --> <\/p>\n<div style='margin-bottom: 30px;'>\n<h3 style='font-size: 22px; border-bottom: 2px solid currentColor; padding-bottom: 5px; margin-top: 0; color: inherit; opacity: 0.8;'>Compatibilidad<\/h3>\n<ul style='padding-left: 20px; font-size: 15px; color: inherit;'>\n<li style='margin-bottom: 5px;'>Instalaci\u00f3n en centros de datos&comma; gabinetes empresariales o racks<\/li>\n<li style='margin-bottom: 5px;'>Montaje vertical (0U) o horizontal (1U o 2U)<\/li>\n<li style='margin-bottom: 5px;'>Compatibilidad con soportes de montaje est\u00e1ndar<\/li>\n<li style='margin-bottom: 5px;'>Capacidad para montaje en gabinetes de terceros<\/li>\n<\/ul><\/div>\n<p> <!-- Separador --> <\/p>\n<hr style='border: 0; border-top: 1px solid rgba(150&comma; 150&comma; 150&comma; 0.3); margin: 30px 0;'> <\/div>\n","protected":false},"excerpt":{"rendered":"<p>PDU B\u00e1sico para Distribuci\u00f3n de Energ\u00eda, Enchufe de Entrada NEMA 5-15P, Con 16 Contactos NEMA 5-20R, de Instalaci\u00f3n Vertical, 15 Amp, 120 Vca<\/p>\n","protected":false},"featured_media":69589,"comment_status":"open","ping_status":"closed","template":"","meta":[],"product_brand":[],"product_cat":[604],"product_tag":[606,445,605],"class_list":{"0":"post-69590","1":"product","2":"type-product","3":"status-publish","4":"has-post-thumbnail","6":"product_cat-accesorios-para-racks-y-gabinetes","7":"product_tag-accesorios-para-racks-y-gabinetes","8":"product_tag-panduit","9":"product_tag-racks-y-gabinetes","11":"first","12":"instock","13":"sale","14":"shipping-taxable","15":"purchasable","16":"product-type-simple"},"_links":{"self":[{"href":"https:\/\/soydeaqui.ddns.net\/pachuca\/index.php\/wp-json\/wp\/v2\/product\/69590","targetHints":{"allow":["GET"]}}],"collection":[{"href":"https:\/\/soydeaqui.ddns.net\/pachuca\/index.php\/wp-json\/wp\/v2\/product"}],"about":[{"href":"https:\/\/soydeaqui.ddns.net\/pachuca\/index.php\/wp-json\/wp\/v2\/types\/product"}],"replies":[{"embeddable":true,"href":"https:\/\/soydeaqui.ddns.net\/pachuca\/index.php\/wp-json\/wp\/v2\/comments?post=69590"}],"wp:featuredmedia":[{"embeddable":true,"href":"https:\/\/soydeaqui.ddns.net\/pachuca\/index.php\/wp-json\/wp\/v2\/media\/69589"}],"wp:attachment":[{"href":"https:\/\/soydeaqui.ddns.net\/pachuca\/index.php\/wp-json\/wp\/v2\/media?parent=69590"}],"wp:term":[{"taxonomy":"product_brand","embeddable":true,"href":"https:\/\/soydeaqui.ddns.net\/pachuca\/index.php\/wp-json\/wp\/v2\/product_brand?post=69590"},{"taxonomy":"product_cat","embeddable":true,"href":"https:\/\/soydeaqui.ddns.net\/pachuca\/index.php\/wp-json\/wp\/v2\/product_cat?post=69590"},{"taxonomy":"product_tag","embeddable":true,"href":"https:\/\/soydeaqui.ddns.net\/pachuca\/index.php\/wp-json\/wp\/v2\/product_tag?post=69590"}],"curies":[{"name":"wp","href":"https:\/\/api.w.org\/{rel}","templated":true}]}}