{"id":69581,"date":"2026-03-19T10:52:27","date_gmt":"2026-03-19T10:52:27","guid":{"rendered":"https:\/\/soydeaqui.ddns.net\/pachuca\/index.php\/producto\/enlace-de-sistemas-de-radios-lmr-lte-e-ip-y-sistemas-telefonicos-ip\/"},"modified":"2026-03-19T10:52:45","modified_gmt":"2026-03-19T10:52:45","slug":"enlace-de-sistemas-de-radios-lmr-lte-e-ip-y-sistemas-telefonicos-ip","status":"publish","type":"product","link":"https:\/\/soydeaqui.ddns.net\/pachuca\/index.php\/producto\/enlace-de-sistemas-de-radios-lmr-lte-e-ip-y-sistemas-telefonicos-ip\/","title":{"rendered":"Enlace de Sistemas de Radios: LMR, LTE e IP y Sistemas Telef\u00f3nicos IP"},"content":{"rendered":"<div style='width: 100%; max-width: 1200px; margin: 0 auto; font-family: sans-serif; line-height: 1.6; color: inherit; background-color: transparent;'>\n<div style='display: flex; flex-wrap: wrap; gap: 20px; margin-bottom: 20px;'>\n<div style='flex: 1 1 250px; min-width: 220px; background-color: #af001a; border-radius: 10px 0 0 0; padding: 15px; border: 1px solid rgba(150&comma;150&comma;150&comma;0.3); border-right: none;'>\n<p style='color: inherit; font-size: 14px; line-height: 19px; letter-spacing: 3px; font-weight: 100; margin: 0;'>CONEXI\u00d3N CON RADIOS<br \/>SATELITALES<\/p>\n<\/p><\/div>\n<div style='flex: 1 1 250px; min-width: 220px; background-color: #af0019; padding: 15px; border: 1px solid rgba(150&comma;150&comma;150&comma;0.3); border-left: none; border-right: none;'>\n<p style='color: inherit; font-size: 14px; line-height: 19px; letter-spacing: 3px; font-weight: 100; margin: 0;'>CONEXI\u00d3N CON<br \/>RADIOS IP-100H<\/p>\n<\/p><\/div>\n<div style='flex: 1 1 250px; min-width: 220px; background-color: #af001a; padding: 15px; border: 1px solid rgba(150&comma;150&comma;150&comma;0.3); border-left: none; border-right: none;'>\n<p style='color: inherit; font-size: 14px; line-height: 19px; letter-spacing: 3px; font-weight: 100; margin: 0;'>CONEXI\u00d3N CON<br \/>RADIOS LTE<\/p>\n<\/p><\/div>\n<div style='flex: 1 1 250px; min-width: 220px; background-color: #af001a; border-radius: 0 10px 0 0; padding: 15px; border: 1px solid rgba(150&comma;150&comma;150&comma;0.3); border-left: none;'>\n<p style='color: inherit; font-size: 14px; line-height: 19px; letter-spacing: 3px; font-weight: 100; margin: 0;'>CONEXI\u00d3N A SISTEMAS<br \/>TELEF\u00d3NICOS IP<\/p>\n<\/p><\/div>\n<\/p><\/div>\n<div style='width: 100%; margin-bottom: 20px;'> <img style='width: 100%; height: auto; border: 1px solid rgba(150&comma;150&comma;150&comma;0.3); border-radius: 0 0 10px 10px;' src='https:\/\/ftp3.syscom.mx\/usuarios\/ftp\/single_page\/icom_series\/img_principal_fondo_VEPG4.jpg' alt=''> <\/div>\n<p>El VE-PG4 es una unidad de puerta de enlace vers\u00e1til RoIP (Radio sobre red IP)&comma; que interconecta sin problemas radios LMR&comma; radios LTE&comma; terminales de comunicaci\u00f3n IP&comma; sistemas telef\u00f3nicos IP y dispositivos externos. Adem\u00e1s de la red IP (LAN \/ WAN)&comma; el m\u00f3dulo LTE incorporado proporciona una cobertura de comunicaci\u00f3n pr\u00e1cticamente en todo el pa\u00eds.<\/p>\n<div style='display: flex; flex-wrap: wrap; gap: 30px; margin-top: 30px;'>\n<div style='flex: 1 1 400px; min-width: 280px;'>\n<h3 style='font-size: 22px; border-bottom: 2px solid currentColor; padding-bottom: 5px; margin-top: 0; color: inherit; opacity: 0.8;'>Todo en un dispositivo<\/h3>\n<p>El VE-PG4 incluye funciones incorporadas de RoIP&comma; puerta de enlace SIP&comma; enrutador IP&comma; IP PBX y controlador de terminal de comunicaci\u00f3n IP en una sola caja. En comparaci\u00f3n con un sistema similar que combina varios dispositivos&comma; la instalaci\u00f3n y administraci\u00f3n del VE-PG4 integrado puede ser m\u00e1s simple y con menos conflicto de configuraciones.<\/p>\n<\/p><\/div>\n<div style='flex: 1 1 400px; min-width: 280px;'>\n<h3 style='font-size: 22px; border-bottom: 2px solid currentColor; padding-bottom: 5px; margin-top: 0; color: inherit; opacity: 0.8;'>Conexi\u00f3n entre diferentes sistemas de radio<\/h3>\n<p>El VE-PG4 se interconecta con 2 o m\u00e1s sistemas de radio&comma; incluso cuando los sistemas utilizan diferentes bandas y diferentes categor\u00edas. Todo el audio recibido se conecta al sistema de radio opuesto&comma; por lo que un usuario de radio puede hablar con todos los usuarios de radio conectados. El convertidor de voz digital incorporado convierte el audio anal\u00f3gico en audio digital compatible con IDAS.<\/p>\n<\/p><\/div>\n<div style='flex: 1 1 400px; min-width: 280px;'>\n<h3 style='font-size: 22px; border-bottom: 2px solid currentColor; padding-bottom: 5px; margin-top: 0; color: inherit; opacity: 0.8;'>LTE Transceptor Gateway<\/h3>\n<p>Al instalar una tarjeta SIM personalizada en el m\u00f3dulo LTE incorporado&comma; el VE-PG4 puede interconectar los transceptores LE-390 LTE con sistemas de radio convencionales y terminales de comunicaci\u00f3n IP100H IP. La informaci\u00f3n de posici\u00f3n GPS de los transceptores LTE puede recibirse y transferirse a una PC.<\/p>\n<\/p><\/div>\n<div style='flex: 1 1 400px; min-width: 280px;'>\n<h3 style='font-size: 22px; border-bottom: 2px solid currentColor; padding-bottom: 5px; margin-top: 0; color: inherit; opacity: 0.8;'>Interconexi\u00f3n telef\u00f3nica IP<\/h3>\n<p>El servidor SIP simplificado incorporado puede asignar n\u00fameros de extensi\u00f3n a terminales de radio IDAS&comma; terminales de radio avanzadas IP y grupos de usuarios de radios anal\u00f3gicos&comma; as\u00ed como tel\u00e9fonos IP. Un usuario de radio puede iniciar llamadas telef\u00f3nicas. Los usuarios de tel\u00e9fonos pueden hacer llamadas individuales o grupales a usuarios de radio conectados.<\/p>\n<\/p><\/div>\n<div style='flex: 1 1 400px; min-width: 280px;'>\n<h3 style='font-size: 22px; border-bottom: 2px solid currentColor; padding-bottom: 5px; margin-top: 0; color: inherit; opacity: 0.8;'>Conexi\u00f3n multisitio entre VE-PG4<\/h3>\n<p>Se pueden conectar dos o m\u00e1s VE-PG4 a trav\u00e9s de LAN o LTE (4G) y redes 3G. El \u00e1rea de comunicaci\u00f3n se puede expandir de manera flexible y se pueden conectar sitios de radio dispersos&comma; independientemente de la distancia o el sistema de radio utilizado.<\/p>\n<\/p><\/div>\n<div style='flex: 1 1 400px; min-width: 280px;'>\n<h3 style='font-size: 22px; border-bottom: 2px solid currentColor; padding-bottom: 5px; margin-top: 0; color: inherit; opacity: 0.8;'>Servidor SIP y funciones IP-PBX<\/h3>\n<p>El servidor SIP simple incorporado le permite asignar n\u00fameros de tel\u00e9fono IP con grupos de extensiones. El VE-PG4 se puede conectar a un servidor SIP externo como cliente. Las siguientes configuraciones de IP-PBX son programables:<\/p>\n<ul style='padding-left: 20px; font-size: 14px; color: inherit;'>\n<li style='margin-bottom: 5px;'>Agenda telef\u00f3nica de voz.<\/li>\n<li style='margin-bottom: 5px;'>DID (marcaci\u00f3n interna directa).<\/li>\n<li style='margin-bottom: 5px;'>Utilizado con los tel\u00e9fonos IP de las series KX-UT y KX-HDV de Panasonic.<\/li>\n<li style='margin-bottom: 5px;'>Registro de llamadas.<\/li>\n<li style='margin-bottom: 5px;'>Presencia de extensi\u00f3n.<\/li>\n<li style='margin-bottom: 5px;'>N\u00famero de tel\u00e9fono de enrutamiento.<\/li>\n<li style='margin-bottom: 5px;'>Regulaciones de l\u00ednea exterior.<\/li>\n<li style='margin-bottom: 5px;'>Priorizaci\u00f3n de llamadas.<\/li>\n<li style='margin-bottom: 5px;'>Limitaci\u00f3n de llamadas externas.<\/li>\n<li style='margin-bottom: 5px;'>Conferencia SIP.<\/li>\n<\/ul><\/div>\n<\/p><\/div>\n<div style='width: 100%; margin: 30px 0;'> <img style='width: 100%; height: auto; border: 1px solid rgba(150&comma;150&comma;150&comma;0.3); border-radius: 8px;' src='https:\/\/ftp3.syscom.mx\/usuarios\/ftp\/single_page\/icom_series\/vepg4-diagrama.png' alt=''> <\/div>\n<div style='margin-top: 20px; padding: 15px; border-left: 4px solid #af001a; background-color: rgba(175&comma; 0&comma; 26&comma; 0.05);'>\n<p style='margin: 0; color: inherit;'><strong>*Para algunas aplicaciones se requiere IP PUBLICA FIJA&comma;<\/strong> para mayor informaci\u00f3n contactar al departamento de Ingenier\u00eda.<\/p>\n<\/p><\/div>\n<\/p><\/div>\n","protected":false},"excerpt":{"rendered":"<p>Enlace de Sistemas de Radios: LMR, LTE e IP y Sistemas Telef\u00f3nicos IP<\/p>\n","protected":false},"featured_media":69580,"comment_status":"open","ping_status":"closed","template":"","meta":[],"product_brand":[],"product_cat":[1743],"product_tag":[1288,1744,1626],"class_list":{"0":"post-69581","1":"product","2":"type-product","3":"status-publish","4":"has-post-thumbnail","6":"product_cat-moviles-digitales-uhf","7":"product_tag-icom","8":"product_tag-moviles-digitales-uhf","9":"product_tag-radios-comerciales-icom-kenwood-txpro","11":"first","12":"instock","13":"sale","14":"shipping-taxable","15":"purchasable","16":"product-type-simple"},"_links":{"self":[{"href":"https:\/\/soydeaqui.ddns.net\/pachuca\/index.php\/wp-json\/wp\/v2\/product\/69581","targetHints":{"allow":["GET"]}}],"collection":[{"href":"https:\/\/soydeaqui.ddns.net\/pachuca\/index.php\/wp-json\/wp\/v2\/product"}],"about":[{"href":"https:\/\/soydeaqui.ddns.net\/pachuca\/index.php\/wp-json\/wp\/v2\/types\/product"}],"replies":[{"embeddable":true,"href":"https:\/\/soydeaqui.ddns.net\/pachuca\/index.php\/wp-json\/wp\/v2\/comments?post=69581"}],"wp:featuredmedia":[{"embeddable":true,"href":"https:\/\/soydeaqui.ddns.net\/pachuca\/index.php\/wp-json\/wp\/v2\/media\/69580"}],"wp:attachment":[{"href":"https:\/\/soydeaqui.ddns.net\/pachuca\/index.php\/wp-json\/wp\/v2\/media?parent=69581"}],"wp:term":[{"taxonomy":"product_brand","embeddable":true,"href":"https:\/\/soydeaqui.ddns.net\/pachuca\/index.php\/wp-json\/wp\/v2\/product_brand?post=69581"},{"taxonomy":"product_cat","embeddable":true,"href":"https:\/\/soydeaqui.ddns.net\/pachuca\/index.php\/wp-json\/wp\/v2\/product_cat?post=69581"},{"taxonomy":"product_tag","embeddable":true,"href":"https:\/\/soydeaqui.ddns.net\/pachuca\/index.php\/wp-json\/wp\/v2\/product_tag?post=69581"}],"curies":[{"name":"wp","href":"https:\/\/api.w.org\/{rel}","templated":true}]}}