{"id":69556,"date":"2026-03-19T10:51:29","date_gmt":"2026-03-19T10:51:29","guid":{"rendered":"https:\/\/soydeaqui.ddns.net\/pachuca\/index.php\/producto\/sistema-de-voceo-inalambrico-via-radio-doble-banda-vhf-uhf\/"},"modified":"2026-03-19T10:51:29","modified_gmt":"2026-03-19T10:51:29","slug":"sistema-de-voceo-inalambrico-via-radio-doble-banda-vhf-uhf","status":"publish","type":"product","link":"https:\/\/soydeaqui.ddns.net\/pachuca\/index.php\/producto\/sistema-de-voceo-inalambrico-via-radio-doble-banda-vhf-uhf\/","title":{"rendered":"Sistema de Voceo Inal\u00e1mbrico V\u00eda Radio Doble Banda VHF\/UHF"},"content":{"rendered":"<div style='width: 100%; max-width: 1200px; margin: 0 auto; font-family: sans-serif; line-height: 1.6; color: inherit; background-color: transparent;'>\n<div style='display: flex; flex-wrap: wrap; gap: 30px; margin-bottom: 30px;'>\n<div style='flex: 1 1 300px; min-width: 280px;'>\n<h3 style='font-size: 22px; border-bottom: 2px solid currentColor; padding-bottom: 5px; margin-top: 0; color: inherit; opacity: 0.8;'>Descripci\u00f3n<\/h3>\n<p style='margin: 0 0 15px; font-size: 15px; color: inherit;'>El LM600ANALOG es un radio receptor inal\u00e1mbrico con bocina que permite realizar llamadas de voceo de forma inal\u00e1mbrica desde un radio de 2 v\u00edas. Compatible con radios port\u00e1tiles&comma; estaciones base o incluso a trav\u00e9s de repetidores.<\/p>\n<p style='margin: 0 0 15px; font-size: 15px; color: inherit;'>Permite realizar notificaciones masivas de forma r\u00e1pida y sencilla manteniendo informado y coordinado el personal o a visitantes sobre cualquier situaci\u00f3n.<\/p>\n<p style='margin: 0 0 15px; font-size: 15px; color: inherit;'>Ideal para instalaciones donde un sistema cableado puede resultar imposible de instalar o muy costoso.<\/p>\n<\/p><\/div>\n<\/p><\/div>\n<div style='display: flex; flex-wrap: wrap; gap: 30px; margin-bottom: 30px;'>\n<div style='flex: 1 1 300px; min-width: 280px;'>\n<h3 style='font-size: 22px; border-bottom: 2px solid currentColor; padding-bottom: 5px; margin-top: 0; color: inherit; opacity: 0.8;'>Aplicaciones<\/h3>\n<ul style='padding-left: 20px; font-size: 15px; color: inherit;'>\n<li style='margin-bottom: 5px;'>Recomendado para aplicaciones en Escuelas&comma; Hoteles&comma; F\u00e1bricas&comma; Hospitales&comma; Aeropuertos&comma; Almacenes&comma; Estacionamientos&comma; Sitios de construcci\u00f3n&comma; Eventos Deportivos y Especiales.<\/li>\n<\/ul><\/div>\n<\/p><\/div>\n<div style='display: flex; flex-wrap: wrap; gap: 20px; margin-bottom: 30px;'>\n<div style='flex: 1 1 250px; border: 1px solid rgba(150&comma; 150&comma; 150&comma; 0.4); border-radius: 8px; overflow: hidden; display: flex; flex-direction: column;'>\n<div style='padding: 15px; border-bottom: 1px solid rgba(150&comma; 150&comma; 150&comma; 0.2); font-weight: bold; font-size: 18px; color: inherit;'>Caracter\u00edsticas Generales<\/div>\n<div style='padding: 15px; color: inherit;'>\n<ul style='padding-left: 20px; margin: 0; font-size: 14px; list-style-type: disc;'>\n<li style='margin-bottom: 5px;'>1 Canal doble banda: UHF\/VHF (450-470 \/ 150-165 MHz)<\/li>\n<li style='margin-bottom: 5px;'>Tonos y frecuencias configurables en campo<\/li>\n<li style='margin-bottom: 5px;'>Opci\u00f3n de programaci\u00f3n personalizada por software LM-PCPS-1<\/li>\n<li style='margin-bottom: 5px;'>Nivel de volumen ajustable<\/li>\n<li style='margin-bottom: 5px;'>Bocina-Altavoz de 30 W<\/li>\n<li style='margin-bottom: 5px;'>Amplificador de audio incluido de 8 Watts<\/li>\n<li style='margin-bottom: 5px;'>Soporta hasta 2 bocinas externas en paralelo<\/li>\n<li style='margin-bottom: 5px;'>Alerta visual&comma; opci\u00f3n de activar un estrobo en conjunto con el mensaje de voz<\/li>\n<li style='margin-bottom: 5px;'>Audio fuerte y claro: 85dB de salida de audio @ 15 metros de distancia<\/li>\n<li style='margin-bottom: 5px;'>El sistema permite voceo para m\u00faltiples zonas con llamadas Selectivas&comma; DTMF y Dos-Tonos<\/li>\n<\/ul><\/div>\n<\/p><\/div>\n<div style='flex: 1 1 250px; border: 1px solid rgba(150&comma; 150&comma; 150&comma; 0.4); border-radius: 8px; overflow: hidden; display: flex; flex-direction: column;'>\n<div style='padding: 15px; border-bottom: 1px solid rgba(150&comma; 150&comma; 150&comma; 0.2); font-weight: bold; font-size: 18px; color: inherit;'>Incluye<\/div>\n<div style='padding: 15px; color: inherit;'>\n<ul style='padding-left: 20px; margin: 0; font-size: 14px; list-style-type: disc;'>\n<li style='margin-bottom: 5px;'>Montaje de pared<\/li>\n<li style='margin-bottom: 5px;'>Altavoz 30W<\/li>\n<li style='margin-bottom: 5px;'>Fuente de alimentaci\u00f3n a 110 Vca<\/li>\n<li style='margin-bottom: 5px;'>Antena con conector BNC<\/li>\n<\/ul><\/div>\n<\/p><\/div>\n<\/p><\/div>\n<div style='display: flex; flex-wrap: wrap; gap: 30px; margin-bottom: 30px;'>\n<div style='flex: 1 1 300px; min-width: 280px;'>\n<h3 style='font-size: 22px; border-bottom: 2px solid currentColor; padding-bottom: 5px; margin-top: 0; color: inherit; opacity: 0.8;'>Imagen<\/h3>\n<p> <img style='width: 100%; height: auto; border: 1px solid rgba(150&comma;150&comma;150&comma;0.3); border-radius: 8px;' src='https:\/\/ftp3.syscom.mx\/usuarios\/oavila\/ANTENAS\/LM2.jpg' alt=''><\/img> <\/div>\n<\/p><\/div>\n<div style='display: flex; flex-wrap: wrap; gap: 30px; margin-bottom: 30px;'>\n<div style='flex: 1 1 300px; min-width: 280px;'>\n<h3 style='font-size: 22px; border-bottom: 2px solid currentColor; padding-bottom: 5px; margin-top: 0; color: inherit; opacity: 0.8;'>Video<\/h3>\n<div style='position: relative; padding-bottom: 56.25%; height: 0; overflow: hidden; margin-bottom: 30px;'>   <\/div>\n<\/p><\/div>\n<\/p><\/div>\n<\/p><\/div>\n","protected":false},"excerpt":{"rendered":"<p>Sistema de Voceo Inal\u00e1mbrico V\u00eda Radio Doble Banda VHF\/UHF<\/p>\n","protected":false},"featured_media":69555,"comment_status":"open","ping_status":"closed","template":"","meta":[],"product_brand":[],"product_cat":[1545],"product_tag":[1546,1548,1547],"class_list":{"0":"post-69556","1":"product","2":"type-product","3":"status-publish","4":"has-post-thumbnail","6":"product_cat-voceo-monitoreo-remoto","7":"product_tag-aplicaciones-y-soluciones","8":"product_tag-ritron","9":"product_tag-voceo-monitoreo-remoto","11":"first","12":"instock","13":"sale","14":"shipping-taxable","15":"purchasable","16":"product-type-simple"},"_links":{"self":[{"href":"https:\/\/soydeaqui.ddns.net\/pachuca\/index.php\/wp-json\/wp\/v2\/product\/69556","targetHints":{"allow":["GET"]}}],"collection":[{"href":"https:\/\/soydeaqui.ddns.net\/pachuca\/index.php\/wp-json\/wp\/v2\/product"}],"about":[{"href":"https:\/\/soydeaqui.ddns.net\/pachuca\/index.php\/wp-json\/wp\/v2\/types\/product"}],"replies":[{"embeddable":true,"href":"https:\/\/soydeaqui.ddns.net\/pachuca\/index.php\/wp-json\/wp\/v2\/comments?post=69556"}],"wp:featuredmedia":[{"embeddable":true,"href":"https:\/\/soydeaqui.ddns.net\/pachuca\/index.php\/wp-json\/wp\/v2\/media\/69555"}],"wp:attachment":[{"href":"https:\/\/soydeaqui.ddns.net\/pachuca\/index.php\/wp-json\/wp\/v2\/media?parent=69556"}],"wp:term":[{"taxonomy":"product_brand","embeddable":true,"href":"https:\/\/soydeaqui.ddns.net\/pachuca\/index.php\/wp-json\/wp\/v2\/product_brand?post=69556"},{"taxonomy":"product_cat","embeddable":true,"href":"https:\/\/soydeaqui.ddns.net\/pachuca\/index.php\/wp-json\/wp\/v2\/product_cat?post=69556"},{"taxonomy":"product_tag","embeddable":true,"href":"https:\/\/soydeaqui.ddns.net\/pachuca\/index.php\/wp-json\/wp\/v2\/product_tag?post=69556"}],"curies":[{"name":"wp","href":"https:\/\/api.w.org\/{rel}","templated":true}]}}