{"id":69545,"date":"2026-03-19T10:51:06","date_gmt":"2026-03-19T10:51:06","guid":{"rendered":"https:\/\/soydeaqui.ddns.net\/pachuca\/index.php\/producto\/quick-assist-solicitud-de-asistencia-rapida120mw-de-potencia-vhf-150-165-mhz\/"},"modified":"2026-03-19T10:51:07","modified_gmt":"2026-03-19T10:51:07","slug":"quick-assist-solicitud-de-asistencia-rapida120mw-de-potencia-vhf-150-165-mhz","status":"publish","type":"product","link":"https:\/\/soydeaqui.ddns.net\/pachuca\/index.php\/producto\/quick-assist-solicitud-de-asistencia-rapida120mw-de-potencia-vhf-150-165-mhz\/","title":{"rendered":"Quick Assist, Solicitud de Asistencia R\u00e1pida,120mW de Potencia, VHF 150-165 MHz,"},"content":{"rendered":"<div style='width: 100%; max-width: 1200px; margin: 0 auto; font-family: sans-serif; line-height: 1.6; color: inherit; background-color: transparent;'>\n<div style='display: flex; flex-wrap: wrap; gap: 30px; margin-bottom: 30px;'>\n<div style='flex: 1 1 300px; min-width: 280px;'>\n<h3 style='font-size: 22px; border-bottom: 2px solid currentColor; padding-bottom: 5px; margin-top: 0; color: inherit; opacity: 0.8;'>Descripci\u00f3n<\/h3>\n<p style='font-size: 15px; color: inherit; margin-bottom: 15px;'>Quick Assist es el complemento perfecto para su sistema de radio y la soluci\u00f3n ideal para maximizar la satisfacci\u00f3n de sus clientes&comma; las ventas de productos y la productividad de sus empleados.<\/p>\n<p style='font-size: 15px; color: inherit; margin-bottom: 15px;'>Con Quick Assist sus clientes&comma; pueden simplemente presionar un bot\u00f3n cuando requieren asistencia y un mensaje personalizado ser\u00e1 enviado alertando al personal equipado con radios de 2 v\u00edas.<\/p>\n<p style='font-size: 15px; color: inherit; margin-bottom: 15px;'><strong>Ideal para dar soluci\u00f3n a una gran variedad de necesidades en tiendas departamentales:<\/strong><\/p>\n<ul style='padding-left: 20px; font-size: 15px; color: inherit; margin-bottom: 20px;'>\n<li style='margin-bottom: 5px;'>\u00c1reas con mercanc\u00eda resguardada dentro de gabinetes con llave.<\/li>\n<li style='margin-bottom: 5px;'>Mercanc\u00eda pesada o fuera del alcance de los clientes.<\/li>\n<li style='margin-bottom: 5px;'>\u00c1reas de vestidores.<\/li>\n<li style='margin-bottom: 5px;'>\u00c1reas de carga y descarga.<\/li>\n<li style='margin-bottom: 5px;'>\u00c1rea de entrega de mercanc\u00eda.<\/li>\n<li style='margin-bottom: 5px;'>Etc.<\/li>\n<\/ul><\/div>\n<div style='flex: 1 1 300px; min-width: 280px;'>\n<h3 style='font-size: 22px; border-bottom: 2px solid currentColor; padding-bottom: 5px; margin-top: 0; color: inherit; opacity: 0.8;'>Caracter\u00edsticas Generales<\/h3>\n<ul style='padding-left: 20px; font-size: 15px; color: inherit;'>\n<li style='margin-bottom: 5px;'><strong>Programable por software:<\/strong> RQT-PCPK-1<\/li>\n<li style='margin-bottom: 5px;'><strong>Frecuencia:<\/strong> UHF 150-165 MHz<\/li>\n<li style='margin-bottom: 5px;'><strong>Ancho de canal:<\/strong> 12.5 KHz<\/li>\n<li style='margin-bottom: 5px;'><strong>Fuente de alimentaci\u00f3n:<\/strong> 6 bater\u00edas AA no recargables<\/li>\n<li style='margin-bottom: 5px;'><strong>Alerta de bater\u00eda baja:<\/strong> S\u00ed<\/li>\n<li style='margin-bottom: 5px;'><strong>Vida de la bater\u00eda:<\/strong> Hasta 7&comma;000 transmisiones<\/li>\n<li style='margin-bottom: 5px;'><strong>Mensajes:<\/strong> Voz personalizables<\/li>\n<li style='margin-bottom: 5px;'><strong>Uso:<\/strong> Exterior<\/li>\n<\/ul><\/div>\n<div style='flex: 1 1 300px; min-width: 280px;'>\n<h3 style='font-size: 22px; border-bottom: 2px solid currentColor; padding-bottom: 5px; margin-top: 0; color: inherit; opacity: 0.8;'>Especificaciones T\u00e9cnicas<\/h3>\n<ul style='padding-left: 20px; font-size: 15px; color: inherit;'>\n<li style='margin-bottom: 5px;'><strong>Modelo:<\/strong> RQA151<\/li>\n<li style='margin-bottom: 5px;'><strong>Marca:<\/strong> RITRON<\/li>\n<li style='margin-bottom: 5px;'><strong>Potencia:<\/strong> 120mW<\/li>\n<li style='margin-bottom: 5px;'><strong>Frecuencia:<\/strong> VHF 150-165 MHz<\/li>\n<\/ul><\/div>\n<\/p><\/div>\n<div style='display: flex; flex-wrap: wrap; gap: 30px; margin-bottom: 30px;'>\n<div style='flex: 1 1 300px; min-width: 280px;'> <img style='width: 100%; height: auto; border: 1px solid rgba(150&comma;150&comma;150&comma;0.3); border-radius: 8px;' src='https:\/\/dhmk8gg6vgnem.cloudfront.net\/store\/media\/catalog\/product\/cache\/1\/image\/9df78eab33525d08d6e5fb8d27136e95\/r\/i\/ritron-rqa-452_5.jpg' alt=''> <\/div>\n<\/p><\/div>\n<\/p><\/div>\n","protected":false},"excerpt":{"rendered":"<p>Quick Assist, Solicitud de Asistencia R\u00e1pida,120mW de Potencia, VHF 150-165 MHz,<\/p>\n","protected":false},"featured_media":65341,"comment_status":"open","ping_status":"closed","template":"","meta":[],"product_brand":[],"product_cat":[1653],"product_tag":[417,1583,1548],"class_list":{"0":"post-69545","1":"product","2":"type-product","3":"status-publish","4":"has-post-thumbnail","6":"product_cat-accesorios-generales-accesorios-para-hytera-hyt","7":"product_tag-accesorios-generales","8":"product_tag-accesorios-para-hytera-hyt","9":"product_tag-ritron","11":"first","12":"outofstock","13":"sale","14":"shipping-taxable","15":"purchasable","16":"product-type-simple"},"_links":{"self":[{"href":"https:\/\/soydeaqui.ddns.net\/pachuca\/index.php\/wp-json\/wp\/v2\/product\/69545","targetHints":{"allow":["GET"]}}],"collection":[{"href":"https:\/\/soydeaqui.ddns.net\/pachuca\/index.php\/wp-json\/wp\/v2\/product"}],"about":[{"href":"https:\/\/soydeaqui.ddns.net\/pachuca\/index.php\/wp-json\/wp\/v2\/types\/product"}],"replies":[{"embeddable":true,"href":"https:\/\/soydeaqui.ddns.net\/pachuca\/index.php\/wp-json\/wp\/v2\/comments?post=69545"}],"wp:featuredmedia":[{"embeddable":true,"href":"https:\/\/soydeaqui.ddns.net\/pachuca\/index.php\/wp-json\/wp\/v2\/media\/65341"}],"wp:attachment":[{"href":"https:\/\/soydeaqui.ddns.net\/pachuca\/index.php\/wp-json\/wp\/v2\/media?parent=69545"}],"wp:term":[{"taxonomy":"product_brand","embeddable":true,"href":"https:\/\/soydeaqui.ddns.net\/pachuca\/index.php\/wp-json\/wp\/v2\/product_brand?post=69545"},{"taxonomy":"product_cat","embeddable":true,"href":"https:\/\/soydeaqui.ddns.net\/pachuca\/index.php\/wp-json\/wp\/v2\/product_cat?post=69545"},{"taxonomy":"product_tag","embeddable":true,"href":"https:\/\/soydeaqui.ddns.net\/pachuca\/index.php\/wp-json\/wp\/v2\/product_tag?post=69545"}],"curies":[{"name":"wp","href":"https:\/\/api.w.org\/{rel}","templated":true}]}}