{"id":69526,"date":"2026-03-19T10:50:21","date_gmt":"2026-03-19T10:50:21","guid":{"rendered":"https:\/\/soydeaqui.ddns.net\/pachuca\/index.php\/producto\/analizador-de-espectro-portatil-signal-hawk-9-khz-a-6-ghz-incluye-estuches-de-uso-rudo-y-ligero-bateria-li-ion-adaptador-12v-lapiz-tactil-adaptador-usb-c-a-usb-a-manual-de-instruccion\/"},"modified":"2026-03-19T10:50:22","modified_gmt":"2026-03-19T10:50:22","slug":"analizador-de-espectro-portatil-signal-hawk-9-khz-a-6-ghz-incluye-estuches-de-uso-rudo-y-ligero-bateria-li-ion-adaptador-12v-lapiz-tactil-adaptador-usb-c-a-usb-a-manual-de-instruccion","status":"publish","type":"product","link":"https:\/\/soydeaqui.ddns.net\/pachuca\/index.php\/producto\/analizador-de-espectro-portatil-signal-hawk-9-khz-a-6-ghz-incluye-estuches-de-uso-rudo-y-ligero-bateria-li-ion-adaptador-12v-lapiz-tactil-adaptador-usb-c-a-usb-a-manual-de-instruccion\/","title":{"rendered":"Analizador de Espectro Port\u00e1til SIGNAL HAWK, 9 KHz a 6 GHz, Incluye Estuches de uso Rudo y Ligero, Bater\u00eda Li-Ion, Adaptador 12V, L\u00e1piz T\u00e1ctil, Adaptador USB-C a USB-A, Manual  de Instrucci\u00f3n."},"content":{"rendered":"<div style='width: 100%; max-width: 1200px; margin: 0 auto; font-family: sans-serif; line-height: 1.6; color: inherit; background-color: transparent;'> <!-- Secci\u00f3n de descripci\u00f3n --> <\/p>\n<div style='display: flex; flex-wrap: wrap; gap: 30px; margin-bottom: 30px;'>\n<div style='flex: 1 1 300px; min-width: 280px;'>\n<h3 style='font-size: 22px; border-bottom: 2px solid currentColor; padding-bottom: 5px; margin-top: 0; color: inherit; opacity: 0.8;'>Descripci\u00f3n<\/h3>\n<ul style='padding-left: 20px; font-size: 15px; color: inherit;'>\n<li style='margin-bottom: 5px;'>El SignalHawk \u2122 SH-60S-TC es la \u00faltima oferta en una l\u00ednea de la pr\u00f3xima generaci\u00f3n de analizadores de espectro de RF port\u00e1tiles&comma; que combina la mejor funcionalidad de su clase en un paquete compacto y accesible.<\/li>\n<li style='margin-bottom: 5px;'>Altamente port\u00e1til&comma; el SH-60S-TC cabe f\u00e1cilmente en una mano y cuenta con una interfaz de usuario intuitiva con pantalla t\u00e1ctil. El SH-60S-TC funciona entre 9 KHz y 6 GHz.<\/li>\n<li style='margin-bottom: 5px;'>Aprovechando la tecnolog\u00eda multit\u00e1ctil&comma; los usuarios encontrar\u00e1n una pantalla t\u00e1ctil de alta resoluci\u00f3n con m\u00e9todos familiares y f\u00e1ciles de usar para configurar y usar el analizador de espectro de RF.<\/li>\n<li style='margin-bottom: 5px;'>Los ingenieros de campo&comma; t\u00e9cnicos&comma; fabricantes de equipos inal\u00e1mbricos&comma; proveedores de servicios&comma; contratistas&comma; constructores de torres y personal militar han confiado en los resultados de precisi\u00f3n y la eficiencia de SignalHawk \u2122.<\/li>\n<\/ul><\/div>\n<\/p><\/div>\n<p> <!-- Secci\u00f3n de mediciones predefinidas --> <\/p>\n<div style='display: flex; flex-wrap: wrap; gap: 20px; margin-bottom: 30px;'>\n<div style='flex: 1 1 250px; border: 1px solid rgba(150&comma; 150&comma; 150&comma; 0.4); border-radius: 8px; overflow: hidden; display: flex; flex-direction: column;'>\n<div style='padding: 15px; border-bottom: 1px solid rgba(150&comma; 150&comma; 150&comma; 0.2); font-weight: bold; font-size: 18px; color: inherit;'>Mediciones Predefinidas<\/div>\n<div style='padding: 15px; color: inherit;'>\n<ul style='padding-left: 20px; margin: 0; font-size: 14px; list-style-type: disc;'>\n<li style='margin-bottom: 5px;'>Potencia del canal<\/li>\n<li style='margin-bottom: 5px;'>Relaci\u00f3n de potencia de canal adyacente (ACPR)<\/li>\n<li style='margin-bottom: 5px;'>Ruido de fase<\/li>\n<li style='margin-bottom: 5px;'>N dB de ancho de banda reducido<\/li>\n<li style='margin-bottom: 5px;'>Ancho de banda ocupado (OBW)<\/li>\n<li style='margin-bottom: 5px;'>Campo de fuerza<\/li>\n<li style='margin-bottom: 5px;'>Demodulaci\u00f3n de FM<\/li>\n<li style='margin-bottom: 5px;'>P\u00e9rdida CNR (calidad de se\u00f1al GNSS)<\/li>\n<li style='margin-bottom: 5px;'>Enmascaramiento de espectro y l\u00edneas de l\u00edmite<\/li>\n<li style='margin-bottom: 5px; font-weight: bold;'>Garant\u00eda de tres a\u00f1os<\/li>\n<\/ul><\/div>\n<\/p><\/div>\n<\/p><\/div>\n<p> <!-- Secci\u00f3n de caracter\u00edsticas --> <\/p>\n<div style='display: flex; flex-wrap: wrap; gap: 20px; margin-bottom: 30px;'>\n<div style='flex: 1 1 250px; border: 1px solid rgba(150&comma; 150&comma; 150&comma; 0.4); border-radius: 8px; overflow: hidden; display: flex; flex-direction: column;'>\n<div style='padding: 15px; border-bottom: 1px solid rgba(150&comma; 150&comma; 150&comma; 0.2); font-weight: bold; font-size: 18px; color: inherit;'>Caracter\u00edsticas<\/div>\n<div style='padding: 15px; color: inherit;'>\n<ul style='padding-left: 20px; margin: 0; font-size: 14px; list-style-type: disc;'>\n<li style='margin-bottom: 5px;'>Precio accesible&comma; permitiendo que cada miembro del equipo tenga uno<\/li>\n<li style='margin-bottom: 5px;'>Men\u00fas intuitivos y f\u00e1ciles de usar para simplificar la operaci\u00f3n para usuarios ocasionales o experimentados<\/li>\n<li style='margin-bottom: 5px;'>M\u00e1s del doble de tiempos de barrido que la competencia<\/li>\n<li style='margin-bottom: 5px;'>Pantalla a todo color de alta resoluci\u00f3n para visualizaci\u00f3n en interiores o exteriores<\/li>\n<li style='margin-bottom: 5px;'>Preamplificador interno de dos niveles<\/li>\n<li style='margin-bottom: 5px;'>Vea el espectro con la pantalla de seguimiento&comma; la pantalla de espectrograma o ambas<\/li>\n<li style='margin-bottom: 5px;'>Incluye la aplicaci\u00f3n Bird RF Meter que permite la interoperabilidad con una amplia gama de sensores Bird Field<\/li>\n<li style='margin-bottom: 5px;'>Pantalla t\u00e1ctil con operaci\u00f3n multit\u00e1ctil<\/li>\n<li style='margin-bottom: 5px;'>El analizador todo en uno m\u00e1s liviano con solo 1.98 lb (0.9 kg)<\/li>\n<li style='margin-bottom: 5px;'>Dimensiones: 197 x 93 x 61 mm<\/li>\n<li style='margin-bottom: 5px;'>Bater\u00eda que ofrece 5 horas de operaci\u00f3n continua<\/li>\n<\/ul><\/div>\n<\/p><\/div>\n<\/p><\/div>\n<p> <!-- Secci\u00f3n de nota --> <\/p>\n<div style='margin-bottom: 30px;'>\n<p style='font-style: italic; color: inherit;'>*Pregunte por tiempo de entrega<\/p>\n<\/p><\/div>\n<p> <!-- Separador --> <\/p>\n<hr style='border: 0; border-top: 1px solid rgba(150&comma; 150&comma; 150&comma; 0.3); margin: 30px 0;'> <\/div>\n","protected":false},"excerpt":{"rendered":"<p>Analizador de Espectro Port\u00e1til SIGNAL HAWK, 9 KHz a 6 GHz, Incluye Estuches de uso Rudo y Ligero, Bater\u00eda Li-Ion, Adaptador 12V, L\u00e1piz T\u00e1ctil, Adaptador USB-C a USB-A, Manual  de Instrucci\u00f3n.<\/p>\n","protected":false},"featured_media":69525,"comment_status":"open","ping_status":"closed","template":"","meta":[],"product_brand":[],"product_cat":[1610],"product_tag":[1611,1641,931],"class_list":{"0":"post-69526","1":"product","2":"type-product","3":"status-publish","4":"has-post-thumbnail","6":"product_cat-analizadores-espectro-y-antenas-monitores-de-servicio-y-softwares","7":"product_tag-analizadores-espectro-y-antenas-monitores-de-servicio-y-softwares","8":"product_tag-bird-technologies","9":"product_tag-equipo-de-laboratorio","11":"first","12":"outofstock","13":"sale","14":"shipping-taxable","15":"purchasable","16":"product-type-simple"},"_links":{"self":[{"href":"https:\/\/soydeaqui.ddns.net\/pachuca\/index.php\/wp-json\/wp\/v2\/product\/69526","targetHints":{"allow":["GET"]}}],"collection":[{"href":"https:\/\/soydeaqui.ddns.net\/pachuca\/index.php\/wp-json\/wp\/v2\/product"}],"about":[{"href":"https:\/\/soydeaqui.ddns.net\/pachuca\/index.php\/wp-json\/wp\/v2\/types\/product"}],"replies":[{"embeddable":true,"href":"https:\/\/soydeaqui.ddns.net\/pachuca\/index.php\/wp-json\/wp\/v2\/comments?post=69526"}],"wp:featuredmedia":[{"embeddable":true,"href":"https:\/\/soydeaqui.ddns.net\/pachuca\/index.php\/wp-json\/wp\/v2\/media\/69525"}],"wp:attachment":[{"href":"https:\/\/soydeaqui.ddns.net\/pachuca\/index.php\/wp-json\/wp\/v2\/media?parent=69526"}],"wp:term":[{"taxonomy":"product_brand","embeddable":true,"href":"https:\/\/soydeaqui.ddns.net\/pachuca\/index.php\/wp-json\/wp\/v2\/product_brand?post=69526"},{"taxonomy":"product_cat","embeddable":true,"href":"https:\/\/soydeaqui.ddns.net\/pachuca\/index.php\/wp-json\/wp\/v2\/product_cat?post=69526"},{"taxonomy":"product_tag","embeddable":true,"href":"https:\/\/soydeaqui.ddns.net\/pachuca\/index.php\/wp-json\/wp\/v2\/product_tag?post=69526"}],"curies":[{"name":"wp","href":"https:\/\/api.w.org\/{rel}","templated":true}]}}