{"id":69516,"date":"2026-03-19T10:49:56","date_gmt":"2026-03-19T10:49:56","guid":{"rendered":"https:\/\/soydeaqui.ddns.net\/pachuca\/index.php\/producto\/radio-vhf-portatil-intrinsicamente-seguro-5-w-de-potencia-de-rf-certificado-ul-opcion-de-uso-en-mar-y-tierra-funciones-de-emergencia-ip67-y-mil-std-810g-11-horas-de-duracion-de-bateria\/"},"modified":"2026-03-19T10:50:06","modified_gmt":"2026-03-19T10:50:06","slug":"radio-vhf-portatil-intrinsicamente-seguro-5-w-de-potencia-de-rf-certificado-ul-opcion-de-uso-en-mar-y-tierra-funciones-de-emergencia-ip67-y-mil-std-810g-11-horas-de-duracion-de-bateria","status":"publish","type":"product","link":"https:\/\/soydeaqui.ddns.net\/pachuca\/index.php\/producto\/radio-vhf-portatil-intrinsicamente-seguro-5-w-de-potencia-de-rf-certificado-ul-opcion-de-uso-en-mar-y-tierra-funciones-de-emergencia-ip67-y-mil-std-810g-11-horas-de-duracion-de-bateria\/","title":{"rendered":"Radio VHF Port\u00e1til, Intr\u00ednsicamente Seguro, 5 W de Potencia de RF, Certificado UL, Opci\u00f3n de Uso en Mar y Tierra, Funciones de Emergencia, IP67 y MIL-STD-810G, 11 horas de duraci\u00f3n de bater\u00eda"},"content":{"rendered":"<div style='width: 100%; max-width: 1200px; margin: 0 auto; font-family: sans-serif; line-height: 1.6; color: inherit; background-color: transparent;'>\n<div style='width: 100%; text-align: center; padding: 30px 0;'> <img style='width: 100%; max-width: 300px; height: auto; border: 1px solid rgba(150&comma;150&comma;150&comma;0.3); border-radius: 8px;' src='https:\/\/ftp3.syscom.mx\/usuarios\/fotos\/logotipos\/icom.png' alt='Logo ICOM'> <\/p>\n<h1 style='font-size: 24px; margin: 20px 0 10px; color: inherit; font-weight: bold;'>Radio Port\u00e1til Marino y Comercial Intrinsecamente Seguro<\/h1>\n<p style='font-size: 14px; margin: 0; color: inherit; opacity: 0.8;'>Intrisecamente seguro &#8211; ANSI\/TIA-4950-A&comma; ANSI\/UL 121201<\/p>\n<\/p><\/div>\n<div style='display: flex; flex-wrap: wrap; gap: 30px; margin: 40px 0;'>\n<div style='flex: 1 1 300px; min-width: 280px;'> <img style='width: 100%; height: auto; border: 1px solid rgba(150&comma;150&comma;150&comma;0.3); border-radius: 8px;' src='https:\/\/ftp3.syscom.mx\/usuarios\/ftp\/single_page\/ICOM85\/icm85-equipo2.png' alt='Radio ICOM ICM85UL'> <\/div>\n<div style='flex: 1 1 300px; min-width: 280px;'>\n<div style='border-left: 5px solid #0091ff; border-radius: 5px; padding: 15px; box-shadow: 2px 2px 10px rgba(89&comma;89&comma;89&comma;0.3); background-color: transparent; margin-bottom: 20px;'> <strong style='font-size: 16px; display: block; margin-bottom: 10px; color: inherit;'>Caracter\u00edsticas:<\/strong> <\/p>\n<ul style='padding-left: 20px; font-size: 14px; color: inherit; list-style-type: disc;'>\n<li style='margin-bottom: 5px;'><strong>Potencia de audio de 700 mW.<\/strong><\/li>\n<li style='margin-bottom: 5px;'><strong>Sumergible IP67 (1 m por 30 min).<\/strong><\/li>\n<li style='margin-bottom: 5px;'><strong>100 canales programables en banda comercial.<\/strong><\/li>\n<li style='margin-bottom: 5px;'>Cambio al canal 16 de forma instant\u00e1nea.<\/li>\n<li style='margin-bottom: 5px;'>Cuenta con funci\u00f3n de monitor abierto.<\/li>\n<li style='margin-bottom: 5px;'>Funci\u00f3n AquaQuake\u00ae elimina residuos de agua de la bocina.<\/li>\n<li style='margin-bottom: 5px;'><strong>Funci\u00f3n de hombre al agua (Man Over Board).<\/strong><\/li>\n<li style='margin-bottom: 5px;'>Funci\u00f3n de emergencia trabajador solitario y hombre ca\u00eddo.<\/li>\n<li style='margin-bottom: 5px;'>Cambio entre zonas con canales marinos y comerciales por medio de un bot\u00f3n.<\/li>\n<li style='margin-bottom: 5px;'><strong>Bater\u00eda de Li-Ion de 2010 mAh para una operaci\u00f3n de 14 horas.<\/strong><\/li>\n<li style='margin-bottom: 5px;'>5 W de potencia en canales marinos.<\/li>\n<li style='margin-bottom: 5px;'>Programable por medio de software CS-M85 (requiere cable OPC-1862 o PHCP1862I).<\/li>\n<\/ul><\/div>\n<div style='border-left: 5px solid #0091ff; border-radius: 5px; padding: 15px; box-shadow: 2px 2px 10px rgba(89&comma;89&comma;89&comma;0.3); background-color: transparent; margin-bottom: 20px;'> <strong style='font-size: 16px; display: block; margin-bottom: 10px; color: inherit;'>Intr\u00ednsecamente seguro:<\/strong> <\/p>\n<ul style='padding-left: 20px; font-size: 14px; color: inherit; list-style-type: disc;'>\n<li style='margin-bottom: 5px;'>Clase I&comma; Divisi\u00f3n 1&comma; Grupo C&comma; D.<\/li>\n<li style='margin-bottom: 5px;'>Clase II&comma; Divisi\u00f3n 1&comma; Grupo E&comma; F&comma; G.<\/li>\n<li style='margin-bottom: 5px;'>Clase III. T3C.<\/li>\n<\/ul><\/div>\n<div style='border-left: 5px solid #0091ff; border-radius: 5px; padding: 15px; box-shadow: 2px 2px 10px rgba(89&comma;89&comma;89&comma;0.3); background-color: transparent; margin-bottom: 20px;'> <strong style='font-size: 16px; display: block; margin-bottom: 10px; color: inherit;'>No-incendiario:<\/strong> <\/p>\n<ul style='padding-left: 20px; font-size: 14px; color: inherit; list-style-type: disc;'>\n<li style='margin-bottom: 5px;'>Clase I&comma; Divisi\u00f3n 2&comma; Grupo A&comma; B&comma; C&comma; D.<\/li>\n<\/ul><\/div>\n<\/p><\/div>\n<\/p><\/div>\n<div style='display: flex; flex-wrap: wrap; gap: 20px; margin: 40px 0;'>\n<div style='flex: 1 1 300px; min-width: 280px;'>\n<div style='border-left: 5px solid #0091ff; border-radius: 5px; padding: 15px; box-shadow: 2px 2px 10px rgba(89&comma;89&comma;89&comma;0.3); background-color: transparent;'> <strong style='font-size: 16px; display: block; margin-bottom: 10px; color: inherit;'>Incluye:<\/strong> <\/p>\n<ul style='padding-left: 20px; font-size: 14px; color: inherit; list-style-type: disc;'>\n<li style='margin-bottom: 5px;'>Bater\u00eda (BP-292UL&comma; Li-Ion&comma; 2010mAh).<\/li>\n<li style='margin-bottom: 5px;'>Cargador BC-227SA.<\/li>\n<li style='margin-bottom: 5px;'>Fuente de alimentaci\u00f3n BC-123SA<\/li>\n<li style='margin-bottom: 5px;'>Antena FA-S58V.<\/li>\n<li style='margin-bottom: 5px;'>Clip MB-B3<\/li>\n<li style='margin-bottom: 5px;'>Correa de mano.<\/li>\n<\/ul><\/div>\n<\/p><\/div>\n<div style='flex: 1 1 300px; min-width: 280px;'>\n<div style='border-left: 5px solid #0091ff; border-radius: 5px; padding: 15px; box-shadow: 2px 2px 10px rgba(89&comma;89&comma;89&comma;0.3); background-color: transparent;'> <strong style='font-size: 16px; display: block; margin-bottom: 10px; color: inherit;'>Caracter\u00edsticas f\u00edsicas:<\/strong> <\/p>\n<ul style='padding-left: 20px; font-size: 14px; color: inherit; list-style-type: disc;'>\n<li style='margin-bottom: 5px;'>Dimensiones: 56 \u00d7 92 \u00d7 34.1 mm.<\/li>\n<li style='margin-bottom: 5px;'>Peso: 285 g.<\/li>\n<\/ul><\/div>\n<\/p><\/div>\n<div style='flex: 1 1 300px; min-width: 280px;'>\n<div style='border-left: 5px solid #0091ff; border-radius: 5px; padding: 15px; box-shadow: 2px 2px 10px rgba(89&comma;89&comma;89&comma;0.3); background-color: transparent;'> <strong style='font-size: 16px; display: block; margin-bottom: 10px; color: inherit;'>Rango de frecuencia marino:<\/strong> <\/p>\n<ul style='padding-left: 20px; font-size: 14px; color: inherit; list-style-type: disc;'>\n<li style='margin-bottom: 5px;'>Tx: 156.025 &#8211; 157.425 MHz.<\/li>\n<li style='margin-bottom: 5px;'>Rx: 156.050 &#8211; 163.275 MHz.<\/li>\n<\/ul>\n<p> <strong style='font-size: 16px; display: block; margin: 10px 0 5px; color: inherit;'>Rango de frecuencia comercial:<\/strong> <\/p>\n<ul style='padding-left: 20px; font-size: 14px; color: inherit; list-style-type: disc;'>\n<li style='margin-bottom: 5px;'>Tx\/Rx 136-174 MHz.<\/li>\n<\/ul><\/div>\n<\/p><\/div>\n<\/p><\/div>\n<\/p><\/div>\n","protected":false},"excerpt":{"rendered":"<p>Radio VHF Port\u00e1til, Intr\u00ednsicamente Seguro, 5 W de Potencia de RF, Certificado UL, Opci\u00f3n de Uso en Mar y Tierra, Funciones de Emergencia, IP67 y MIL-STD-810G, 11 horas de duraci\u00f3n de bater\u00eda<\/p>\n","protected":false},"featured_media":69515,"comment_status":"open","ping_status":"closed","template":"","meta":[],"product_brand":[],"product_cat":[1285],"product_tag":[1288,1287,1286],"class_list":{"0":"post-69516","1":"product","2":"type-product","3":"status-publish","4":"has-post-thumbnail","6":"product_cat-portatiles","7":"product_tag-icom","8":"product_tag-portatiles","9":"product_tag-radios-marinos","11":"first","12":"instock","13":"sale","14":"shipping-taxable","15":"purchasable","16":"product-type-simple"},"_links":{"self":[{"href":"https:\/\/soydeaqui.ddns.net\/pachuca\/index.php\/wp-json\/wp\/v2\/product\/69516","targetHints":{"allow":["GET"]}}],"collection":[{"href":"https:\/\/soydeaqui.ddns.net\/pachuca\/index.php\/wp-json\/wp\/v2\/product"}],"about":[{"href":"https:\/\/soydeaqui.ddns.net\/pachuca\/index.php\/wp-json\/wp\/v2\/types\/product"}],"replies":[{"embeddable":true,"href":"https:\/\/soydeaqui.ddns.net\/pachuca\/index.php\/wp-json\/wp\/v2\/comments?post=69516"}],"wp:featuredmedia":[{"embeddable":true,"href":"https:\/\/soydeaqui.ddns.net\/pachuca\/index.php\/wp-json\/wp\/v2\/media\/69515"}],"wp:attachment":[{"href":"https:\/\/soydeaqui.ddns.net\/pachuca\/index.php\/wp-json\/wp\/v2\/media?parent=69516"}],"wp:term":[{"taxonomy":"product_brand","embeddable":true,"href":"https:\/\/soydeaqui.ddns.net\/pachuca\/index.php\/wp-json\/wp\/v2\/product_brand?post=69516"},{"taxonomy":"product_cat","embeddable":true,"href":"https:\/\/soydeaqui.ddns.net\/pachuca\/index.php\/wp-json\/wp\/v2\/product_cat?post=69516"},{"taxonomy":"product_tag","embeddable":true,"href":"https:\/\/soydeaqui.ddns.net\/pachuca\/index.php\/wp-json\/wp\/v2\/product_tag?post=69516"}],"curies":[{"name":"wp","href":"https:\/\/api.w.org\/{rel}","templated":true}]}}