{"id":69472,"date":"2026-03-19T10:48:13","date_gmt":"2026-03-19T10:48:13","guid":{"rendered":"https:\/\/soydeaqui.ddns.net\/pachuca\/index.php\/producto\/radio-movil-marino-icom-tx-156-025-157-425mhz-rx-156-050-163-275mhz-25w-de-potencia-sumergible-ipx7-incluye-microfono-cable-de-alimentacion-y-accesorios\/"},"modified":"2026-03-19T10:48:23","modified_gmt":"2026-03-19T10:48:23","slug":"radio-movil-marino-icom-tx-156-025-157-425mhz-rx-156-050-163-275mhz-25w-de-potencia-sumergible-ipx7-incluye-microfono-cable-de-alimentacion-y-accesorios","status":"publish","type":"product","link":"https:\/\/soydeaqui.ddns.net\/pachuca\/index.php\/producto\/radio-movil-marino-icom-tx-156-025-157-425mhz-rx-156-050-163-275mhz-25w-de-potencia-sumergible-ipx7-incluye-microfono-cable-de-alimentacion-y-accesorios\/","title":{"rendered":"Radio m\u00f3vil marino ICOM, Tx: 156.025-157.425MHz, Rx: 156.050-163.275MHz, 25W de potencia, sumergible IPX7 incluye: micr\u00f3fono, cable de alimentaci\u00f3n y accesorios"},"content":{"rendered":"<p><img src='data:image\/jpeg;base64&comma;\/9j\/4AAQSkZJRgABAQAAAQABAAD\/2wCEAAkGBxMQEhUQExAVFhIVFxkVGBcXFhUZGBUXGR4WFhgWFxYYHSggGBomIRYVITIhJS0tLi4uFyAzOTMtNygtLisBCgoKDg0OGg8QGy0lHyQ3LTU3LSw1NzcuNzctNzcuNy83Nzc3NzUtNzc3Ny01MTUvNjcvNzU3LTUvLS0uNy0rL\/\/AABEIAHgA5AMBIgACEQEDEQH\/xAAcAAEAAgIDAQAAAAAAAAAAAAAABwgBBgMEBQL\/xABIEAABAwICBQcHBwoGAwAAAAABAAIDBBEFIQYHEjFREyJBYXGBkQgUIzJzobE0NUJicnSyFSQzNlKCs8HC0UNTkpPS8ERjov\/EABkBAQADAQEAAAAAAAAAAAAAAAADBAUCAf\/EACsRAQACAQMCAwcFAAAAAAAAAAABAgMEESESMSJRkRMyQWFxgeEUFUKSof\/aAAwDAQACEQMRAD8Am8r5keGi5IAG8nK3Wsk2zUaYjVS43UOpYXllFEfSPH+IerjuNh3ri9+n6ys6bTTmmZmdqx3ny\/L1cX1iwsfyVPE6pl3WZ6t+2xJ7guu3SHGJOc3DWtHAuz95W24LgUNGzk4Yw0dJ+k7rJ6V6QC46Lz3n0WZ1Omx+HHiifnaZ39I22R5JpxW02dXhjgzpewk267WI94W2YBpHT1rdqGQE9LTk5vaOHWvWc2+S0bSrQqzvPKI8lUs51m5CS2drdBKT10533K20uo8M19nbzjea\/eJ7fWG9hZWs6EaTCuiO03ZnjOzIzgeI6j8VsoKlraLRvCjlw3xXnHeOYZREXqMREQEREBERAREQEREBERAREQEREBERAREQajrKxY01E7ZvtykRi2\/PfbuXpaIYMKKljhA51rvPF53\/APepaxrTzkoG\/RNRn23YP5lSCFDXnJaZ+GzRy+DRY6x\/KbTP24hkBZRFMzmFghfSwQgjjG2fk7F4KhuUVV6OQDdt3tf3tPipGC0PWyPQ07ukTtt4Fb1GcgoacWtVo6vx4MOWe+0x\/WeHIiIpmcIiICIiAiIgIiICIiAiIgIiICIiAiIgIiINF1s0bn0jZmetTyCTsG6\/dktrwfEG1EMc7Tk9od2HpC56ulbKx0bxdrgWkcQcrKOMDrn4JUGiqCTSyG8MvQ0k53911BbwX6p7S08Vf1Om9lX36bzEecT39O6TgVlcUUgcA4EEHMEZg965AVOzGV8uKErwNLNJ4qCIucQZCOZHfNx6L8G36V5MxEbykxYr5bxSkbzLWtPH+d19HQsz2XiWTqF+nuB8QpEC0nQDA5QZMQqR+cTm4afoM3gdRPwAW7qLFEzvafit669Y6MFJ3ikbb\/OeZZREUygIiICIiAiIgIiICIiAiIgIiICIiAiIgIiIMWXQxnCIquMxTMDmnxB4g9BXoLBXkxE8S6ra1Zi1Z2mEbs0bxHDifMpxNDf9FJvHjv7rLnbpjiTea7CCSOkPcB+EqQFquIawaCnqfMpJiKjbbHsiN55z7bIuBb6QUXstvdmYX\/3CL85sdbT58xP+PHfi+M1Q2Y6NlOD9N5uR2X\/su\/o7oI2KTzmqlNRUXvdw5rT0WB3n\/tluaL2MUb725cX19+maYqxSJ77d\/WeRoWVgrU8e1j4bREtkqml43tju93ZzdylUW2ooudr0w69uTqSOOwz\/AJr2sG1q4XUkNFTybj0StLM+05e9BvCL4ikDgHNILTmCDcEcQRvX0gyiLCAi6uI4jFTsMk0rI2De57gB7+laNiWuXC4SWtlklI\/y2EjuLrAoJDRRjT68cNcbObUMHF0YNv8AS4lblgGltHX\/ACeqje619i9nj9w2KD3UWAsoMIuCtqmwxvlebMY0uceAGZyWlDW9hJt+dH\/ak\/tkg31FxwyBzQ4G4IBB4g5grkQERYKAi4K2qbDG+WQ2Yxpc48ALklaUdb+Ej\/ynf7Un9kG+IvljrgEbjmiD7REQYVZtOf1kP3qn+MasyVWbTn9ZD96p\/jGgsyV1sRro6eN80rwyOMFznHcAF2SoE8oDSpz5m4ZGeYwCSX6zzmxp6mjO3EoPE041k1eLy+aUoeynedhsbL8pNfpeR0H9ndxXuaL6ipJA2Stn5IHPkowHPtl60hyaewFbnqg0Cbh8AqZWg1cwubj9Ew5hjevpJ67dGcjhBHMepbCg2xjlJ\/a5V1\/AZLXcf1DxEF1JVOa7eGTAOaerbbYt8CpoRBWDCsdxLRqo5CVp5O+0YXG8cgvm6N30T1jvCsNotpFBiNO2pgddpyc0+sx3Sxw4rj0x0XhxOndTSi1xdjwLujf0Ob\/MdK1bV3q2mwiZ0grxLFI2z4+RLbkeq4HbNiOzcgkZaPrJ1gx4TGGtaJKp45kd8mjdtvtnbq6VtGkGLMo6aWqk9SJheeu25vaTYd6rXovhE2keJukmJDC7lZnb9lm5sbe2waOwlBnDMCxPSSczvcS29jLISIox+zG3+Q4ZqS8G1FUUYBqJpZnWztaNncBd3vUn4dQx08bIYmBkbBstaBYABdlBGtbqSwx4swTRni2Qn3PBCjzSvU5V0QNRSy+cMYdrmgsmZbO4APOI4g3y3KxqEIIM1Z62n7baPEHXBOyyc5OacgGy8ftb1OQKhTXnoE3YOKU7AHN\/TtaN7TlytuI3HqN+he5qK0sNZSmklJM1MAATvdEcmnutbwQb1pb8iqfYyfhKp\/R0L5GSyNF2wtD38Q1zmx37Lub4q4GlvyKp9jJ+Eqv+ojD2VNVV08guyWiew974hu9\/cglPUjpF53hzIifSU1oD9gD0Z7NkW7lIYVadV2IuwjGHUkxs17nUr75DaDvRv8R4PVlggysIsFBFflAaR+b0bKNp9JUnnW6ImWLvElo7AVAGI4c+AR7YtysYlaPquvYntsVvGkkztIMb5GNx5Iv5Fjh9GFnrPHbziO0Jr4hbHiYjaLMZTwtaOAG0APBBZim9Rv2R8AiU3qN+yPgEQcqIiDBVZtOf1kP3qn+MasyVWbTn9ZD96p\/jGgsyVV3AIPynpCNvNrqp8h62RkuAPVZjR3q0Lgqx6s5fNsfbG7plmhJPHngeJAHegs6AsrAWUBERAWFlEEWeUJXmPDmQg\/ppmg9YZd9vEDwX15PuGCPDnVFudPK43+qzmAeIcul5R8JNHTv6Gzm\/e0gL3tRdSH4PC0b43ysPaZHSfB4Qb+soEQFgrKwUHBXUrZo3xOF2vaWHscCCq2aoZjR44IL5EzU567XsPGNp7lZlxtmdwVYtXzfONIWPbu84nl7vSOQWI0t+RVPsZPwlQZ5OHzhP91d\/EhU56XfIqn2Mn4SoM8nD5wn+6u\/iQoO15Qmj\/I1MVewWEw2HEZWlZm09pb+FS3q90h\/KFBBUkjbLQ2T2jea7sva\/emsPR8YjQTU1ufs7cZ4SMzbbt3d6iHyfMfMNTLh7zZsw22A9ErMiO9t\/9KCwS0vW3pH5hh0rmutLN6GPjdwO0e4XK3QquWu7GXV2JR0MXO5C0TQOmaQja\/pHcg97yddHbCbEXt3+hi7s5HD\/AOR3Fat5QPzqfYR\/1KweiuCtoaSGkb\/hsDSf2nfSd3m6r75QPzqfYR\/1ILJ03qN+yPgESm9Rv2R8AiDlREQYKrNpz+sh+9U\/xjVmSqy6c\/rIfvVP8YkFmlWbXBhT8OxbzqPISObUxng9pG0O5zQf3lZlaxrB0RZitK6BxDZG86J9r7Dxx+qdx7UHd0P0hjxGljqoyOcLOb0seLbTT1j4EL2lVfAMdrdHKx8T2dI5WFxIbIOhzHWyPBw71PmimsOgxFo5OcMlO+KQhrweAubO7kG2rBReNpBpTSUDS6oqWMP7NwXnsYMyg9WonbG1z3uDWtBc4ncAMySvEwrTOgq5BBBVxySkEhrbk2AuSoL1gayJ8YcKKlie2nc4NDRnJOejaA3D6vipR1S6v\/yXEZZrGrlHOtuibv5MHp6zx7EHs6zdHziGHTwNHpABJH9th2gO8Xb+8oi1D6VClqH0Ex2WTuuwnLZmAI2TfdtAW7R1qwpUFa5NXD2PfiVGwlhO3NG0ZscN8rbbwd5HQc0E6tK+lBurvXI1rWU2IX5oAbUDO\/AStHdzh32Uy4bikNSwSQTMlac7scHeNtyDurBK+XvDRckADeTkB2laHplrUoqBrhHIKicZCONwIv8AXkFwB2XKDl1u6Vtw+heGu\/OJwYoxfMXyc89QF+8haF5OujpL5cRcOaAYY+skgvd3AAd5WpYZh1dpPXGR7iGXG3JY7ELL3DGdfAdO9WUwTCY6OCOmibsxxtDQOk26TxJ3k8UHBpb8iqfYyfhKgzycPnCf7q7+JCpz0t+RVPsZPwlQZ5OHzhP91d\/EhQWJKrPrOw9+D4wKqHJr3ipj4bV\/SN7Lk9zlZgqONeWjvneHmZovLTHlRxLDlI3wsf3UGxYlpbFHhhxRttgwiRg4ucOazt2jbuUL6jMEdW4jJWy84QXkJPTNITbv9crTKjSqZ+Hx4Yf0ccrpgbm5BHNYRwBLj3jgrHapdHfMMOiYW2llHLSZZ7T7WB7BYINyCrR5QPzqfYR\/1Ky6rR5QPzqfYR\/1ILJ03qN+yPgESm9Rv2R8AiDlREQYKhzSbVjWVGLHEWPh5LlopLFxDrM2Li1t\/NKwiCZVghEQeJpRorS4jHydTEHW9Vwyew8WuGYUPY7qHnaSaSqZI3obKNlw6i9twfAdiIg8RmqnGoxsNybwbPZvhdejg+omskI84nihb07N5XeGQ96IglzQ3QGjwsXhYXTWs6Z9i88bHc0dQW1AIiAhREEc6Z6oKOvc6WImmndmXMbtMcfrR3HiCO9RpXak8ThdeF8UgG5zXljvAjLxREHEdUuMzWEmzb\/2Tkgd2a2vRvUO1rg+tqdsf5UQLQeoyHO3YB2oiCX8LwyKljEMEbY427mtFh29Z613ERB0ccpDPTzQtIDpI3MBO4FwIF+pR1qp1bVGEVUk800T2vhMYDNq4Jcx18wMub71hEEqBfE0TXtLHC7XAgjiDkQsIghDD9R8jKxskk8TqRsu1sc7bcwG7WkWtfcD3qcgiIMqI9Z2q+pxStNVFNExnJtZZ+1e7b55DdmiIJYiFmgcAB4IiIP\/2Q==' alt='Resultado' \/><\/p>\n<p><strong>Rango de frecuencia:<\/strong><\/p>\n<p>Tx:156.025\u2013162.\u00f4\u20ac\u20ac\u008f000MHz<br \/>Rx:156.025\u2013162.025MHz<\/p>\n<p><strong>Caracter\u00edsticas.<\/strong><\/p>\n<ul>\n<li>Funci\u00f3n de doble y triple monitoreo del canal 16.<\/li>\n<li><strong>Cuenta con bot\u00f3n de emergencia DSC <\/strong><\/li>\n<li>Acceso inmediato al canal favorito<\/li>\n<li><strong>Alta voz de 4.5W de salida de audio.<\/strong> <\/li>\n<li><strong>Alta estabilidad de frecuencia. <\/strong><\/li>\n<li>Acceso a los canales por medio del micr\u00f3fono de mano HM-237B.<\/li>\n<li><strong>Bot\u00f3n de acceso instant\u00e1neo al canal 16.<\/strong><\/li>\n<li>Scan de canales prioritario y normal.<\/li>\n<li>Indicador en pantalla de bajo voltaje.<\/li>\n<li>Sumergible IPX7 (1m por 30 min.).<\/li>\n<li>Pantalla grande de LCD.<\/li>\n<li><strong>Funci\u00f3n AquaQuake\u00ae que elimina residuos de agua de la bocina<\/strong>.<\/li>\n<\/ul>\n<p><strong>Incluye:<\/strong><\/p>\n<ul>\n<li>Micr\u00f3fono de mano HM-237B.<\/li>\n<li>Cable de alimentaci\u00f3n y accesorios.<\/li>\n<\/ul>\n<p><strong>Dimensiones:<\/strong> 156.5 \u00d7 66.5 \u00d7 110.1 mm.<\/p>\n<p><strong>Peso:<\/strong> 700g.<\/p>\n<p><strong>Conector de antena:<\/strong> SO-239 o UHF hembra. <\/p><\/p>\n","protected":false},"excerpt":{"rendered":"<p>Radio m\u00f3vil marino ICOM, Tx: 156.025-157.425MHz, Rx: 156.050-163.275MHz, 25W de potencia, sumergible IPX7 incluye: micr\u00f3fono, cable de alimentaci\u00f3n y accesorios<\/p>\n","protected":false},"featured_media":69471,"comment_status":"open","ping_status":"closed","template":"","meta":[],"product_brand":[],"product_cat":[1628],"product_tag":[1288,1573,1286],"class_list":{"0":"post-69472","1":"product","2":"type-product","3":"status-publish","4":"has-post-thumbnail","6":"product_cat-moviles-radios-marinos","7":"product_tag-icom","8":"product_tag-moviles","9":"product_tag-radios-marinos","11":"first","12":"instock","13":"sale","14":"shipping-taxable","15":"purchasable","16":"product-type-simple"},"_links":{"self":[{"href":"https:\/\/soydeaqui.ddns.net\/pachuca\/index.php\/wp-json\/wp\/v2\/product\/69472","targetHints":{"allow":["GET"]}}],"collection":[{"href":"https:\/\/soydeaqui.ddns.net\/pachuca\/index.php\/wp-json\/wp\/v2\/product"}],"about":[{"href":"https:\/\/soydeaqui.ddns.net\/pachuca\/index.php\/wp-json\/wp\/v2\/types\/product"}],"replies":[{"embeddable":true,"href":"https:\/\/soydeaqui.ddns.net\/pachuca\/index.php\/wp-json\/wp\/v2\/comments?post=69472"}],"wp:featuredmedia":[{"embeddable":true,"href":"https:\/\/soydeaqui.ddns.net\/pachuca\/index.php\/wp-json\/wp\/v2\/media\/69471"}],"wp:attachment":[{"href":"https:\/\/soydeaqui.ddns.net\/pachuca\/index.php\/wp-json\/wp\/v2\/media?parent=69472"}],"wp:term":[{"taxonomy":"product_brand","embeddable":true,"href":"https:\/\/soydeaqui.ddns.net\/pachuca\/index.php\/wp-json\/wp\/v2\/product_brand?post=69472"},{"taxonomy":"product_cat","embeddable":true,"href":"https:\/\/soydeaqui.ddns.net\/pachuca\/index.php\/wp-json\/wp\/v2\/product_cat?post=69472"},{"taxonomy":"product_tag","embeddable":true,"href":"https:\/\/soydeaqui.ddns.net\/pachuca\/index.php\/wp-json\/wp\/v2\/product_tag?post=69472"}],"curies":[{"name":"wp","href":"https:\/\/api.w.org\/{rel}","templated":true}]}}