{"id":6945,"date":"2026-03-18T06:49:41","date_gmt":"2026-03-18T06:49:41","guid":{"rendered":"https:\/\/soydeaqui.ddns.net\/pachuca\/index.php\/producto\/detector-de-movimiento-100-exterior-inalambrico-alimentacion-hasta-24-metros-instalacion-a-3-metros-compatible-con-cualquier-panel-de-alarma\/"},"modified":"2026-03-18T06:49:44","modified_gmt":"2026-03-18T06:49:44","slug":"detector-de-movimiento-100-exterior-inalambrico-alimentacion-hasta-24-metros-instalacion-a-3-metros-compatible-con-cualquier-panel-de-alarma","status":"publish","type":"product","link":"https:\/\/soydeaqui.ddns.net\/pachuca\/index.php\/producto\/detector-de-movimiento-100-exterior-inalambrico-alimentacion-hasta-24-metros-instalacion-a-3-metros-compatible-con-cualquier-panel-de-alarma\/","title":{"rendered":"Detector de Movimiento \/ 100% Exterior \/  Inalambrico (Alimentacion) \/ Hasta 24 metros \/ Instalaci\u00f3n a 3 metros \/ Compatible con cualquier panel de alarma"},"content":{"rendered":"<div style='width: 100%; max-width: 1200px; margin: 0 auto; font-family: sans-serif; line-height: 1.6; color: inherit; background-color: transparent;'> <!-- Logo --> <\/p>\n<div style='text-align: center; margin-bottom: 30px;'> <img style='width: 100%; max-width: 414px; height: auto; border: 1px solid rgba(150&comma;150&comma;150&comma;0.3); border-radius: 8px;' src='https:\/\/www.optex.co.jp\/e\/img\/logo-optex.png' alt='Logo Optex'> <\/div>\n<p> <!-- Video principal --> <\/p>\n<div style='position: relative; padding-bottom: 56.25%; height: 0; overflow: hidden; margin-bottom: 30px;'>   <\/div>\n<p> <!-- T\u00edtulos --> <\/p>\n<div style='text-align: center; margin-bottom: 30px;'>\n<h2 style='font-size: 22px; color: inherit; margin-bottom: 10px;'>Detector PIR para exteriores de alto rango de rango estrecho y largo de 24 M<\/h2>\n<h3 style='font-size: 18px; color: inherit; opacity: 0.8; margin: 0;'>Serie HX-80NRAM operado a Baterias<\/h3>\n<\/p><\/div>\n<p> <!-- Descripci\u00f3n general --> <\/p>\n<div style='text-align: center; margin: 0 20px 40px 20px;'>\n<p style='font-size: 16px; color: inherit; max-width: 800px; margin: 0 auto; text-align: center;'> Para adaptarse a la pendiente del terreno&comma; la abrazadera del HX-80NRAM se puede girar horizontalmente 180 grados e inclinar verticalmente hacia arriba y hacia abajo. Con las tapas y placas que incorpora&comma; el HX-80NRAM se puede instalar para enmascarar el alcance m\u00e1s ancho o el m\u00e1s corto&comma; y poder enfocarse \u00fanicamente en el \u00e1rea de inter\u00e9s. <\/p>\n<\/p><\/div>\n<p> <!-- Secci\u00f3n de features con im\u00e1genes --> <\/p>\n<div style='display: flex; flex-wrap: wrap; gap: 30px; margin-bottom: 40px;'> <!-- Feature 1 --> <\/p>\n<div style='flex: 1 1 300px; min-width: 280px; border: 1px solid rgba(150&comma; 150&comma; 150&comma; 0.3); border-radius: 8px; overflow: hidden; display: flex; flex-direction: column;'>\n<div style='background-color: rgba(238&comma; 238&comma; 238&comma; 0.8);'> <img style='width: 100%; height: auto; border: none; border-radius: 0;' src='https:\/\/www.optex.co.jp\/e\/products\/intrusion-detection\/passivesensor\/tdphtg0000001ahc-img\/tdphtg0000003q7b.png' alt='Pendiente de amistad'> <\/div>\n<div style='border-top: 5px solid #0000FF; padding: 0 15px;'>\n<h3 style='font-size: 20px; color: inherit; margin-top: 15px; margin-bottom: 10px;'>Pendiente de amistad<\/h3>\n<p style='font-size: 15px; color: inherit;'> No todo el terreno exterior es plano como la mayor\u00eda de los ambientes interiores. Las pendientes pronunciadas pueden causar efectos negativos en la funci\u00f3n de rendimiento de captura. El soporte incluido ajustable permite al HX mantener el rendimiento \u00f3ptimo de captura. <\/p>\n<\/p><\/div>\n<\/p><\/div>\n<p> <!-- Feature 2 --> <\/p>\n<div style='flex: 1 1 300px; min-width: 280px; border: 1px solid rgba(150&comma; 150&comma; 150&comma; 0.3); border-radius: 8px; overflow: hidden; display: flex; flex-direction: column;'>\n<div style='background-color: rgba(238&comma; 238&comma; 238&comma; 0.8);'> <img style='width: 100%; height: auto; border: none; border-radius: 0;' src='https:\/\/www.optex.co.jp\/e\/products\/intrusion-detection\/passivesensor\/tdphtg0000001ahc-img\/tdphtg0000003q8p.png' alt='Aletas para l\u00edmite de larga distancia'> <\/div>\n<div style='border-top: 5px solid #0000FF; padding: 0 15px;'>\n<h3 style='font-size: 20px; color: inherit; margin-top: 15px; margin-bottom: 10px;'>Aletas para l\u00edmite de larga distancia<\/h3>\n<p style='font-size: 15px; color: inherit;'> Para ajustar el largo rango de detecci\u00f3n&comma; configure las aletas superior e inferior. La serie HX presenta un excelente rendimiento de captura. El elemento m\u00e1s importante en un detector exterior confiable es la precisi\u00f3n para distinguir un humano de un animal peque\u00f1o. El exclusivo elemento piro a bordo permite que el HX proyecte un patr\u00f3n de detecci\u00f3n ideal&comma; lo que permite una detecci\u00f3n m\u00e1s precisa de los humanos y menos falsas alarmas. <\/p>\n<\/p><\/div>\n<\/p><\/div>\n<p> <!-- Feature 3 --> <\/p>\n<div style='flex: 1 1 300px; min-width: 280px; border: 1px solid rgba(150&comma; 150&comma; 150&comma; 0.3); border-radius: 8px; overflow: hidden; display: flex; flex-direction: column;'>\n<div style='background-color: rgba(238&comma; 238&comma; 238&comma; 0.8);'> <img style='width: 100%; height: auto; border: none; border-radius: 0;' src='https:\/\/www.optex.co.jp\/e\/products\/intrusion-detection\/passivesensor\/tdphtg0000001ahc-img\/tdphtg0000003q91.png' alt='Placas para enmascarar de corto alcance'> <\/div>\n<div style='border-top: 5px solid #0000FF; padding: 0 15px;'>\n<h3 style='font-size: 20px; color: inherit; margin-top: 15px; margin-bottom: 10px;'>Placas para enmascarar de corto alcance<\/h3>\n<p style='font-size: 15px; color: inherit;'> Para ajustar el corto rango de detecci\u00f3n. Coloca las placas de enmascarar. Al usar nuestro blindaje de doble conducci\u00f3n&comma; la perturbaci\u00f3n de la luz visible y la RFI pueden bloquearse. <\/p>\n<\/p><\/div>\n<\/p><\/div>\n<\/p><\/div>\n<p> <!-- Imagen y descripci\u00f3n principal --> <\/p>\n<div style='display: flex; flex-wrap: wrap; gap: 30px; margin-bottom: 40px;'>\n<div style='flex: 1 1 400px; min-width: 300px;'> <img style='width: 100%; height: auto; border: 1px solid rgba(150&comma;150&comma;150&comma;0.3); border-radius: 8px;' src='https:\/\/www.optex.co.jp\/e\/products\/intrusion-detection\/passivesensor\/tdphtg0000001ahc-img\/tdphtg0000001ajp.jpg' alt='Detector HX80NRAM'> <\/div>\n<div style='flex: 1 1 400px; min-width: 300px;'>\n<h3 style='font-size: 20px; color: inherit; margin-top: 0; margin-bottom: 15px;'>HX80NRAM &#8211; El PIR con alto rango de deteccion<\/h3>\n<p style='font-size: 15px; color: inherit; margin-bottom: 15px;'> Los PIR HX-80N se montan a una distancia de entre <strong style='color: inherit;'>2&comma;5 y 3 metros de alto<\/strong> y ofrecen detecci\u00f3n volum\u00e9trica reducida de intrusiones en <strong style='color: inherit;'>exterior de hasta 24 m<\/strong>. La serie HX-80N resulta ideal para proteger callejones&comma; \u00e1reas a lo largo de vallas o las aproximaciones inmediatas a un edificio. Se ha dise\u00f1ado para distinguir entre personas y mascotas de un tama\u00f1o de peque\u00f1o a mediano&comma; lo que reduce mucho el riesgo de falsas alarmas. <\/p>\n<p style='font-size: 15px; color: inherit;'> El <strong style='color: inherit;'>HX-80NRAM<\/strong> es el <strong style='color: inherit;'>modelo con pilas (No incluidas) con modelo activo anti-enmascaramiento IR.<\/strong> <a href='https:\/\/www.syscom.mx\/principal\/searchcont?route=RBB-01-OPTEX-170173&#038;autodetect=rbb01' style='color: #007BFF; text-decoration: none;'>Usar caja RBB01<\/a> (Opcional) <\/p>\n<\/p><\/div>\n<\/p><\/div>\n<p> <!-- Caracter\u00edsticas --> <\/p>\n<div style='margin-bottom: 40px;'>\n<h3 style='font-size: 22px; border-bottom: 2px solid currentColor; padding-bottom: 5px; margin-top: 0; margin-bottom: 20px; color: inherit; opacity: 0.8;'>Caracter\u00edsticas<\/h3>\n<ul style='padding-left: 20px; font-size: 15px; color: inherit;'>\n<li style='margin-bottom: 8px;'>Altura de montaje 2.5-3m<\/li>\n<li style='margin-bottom: 8px;'>Anti-enmascaramiento digital IR activo<\/li>\n<li style='margin-bottom: 8px;'>Configuraci\u00f3n de \u00e1rea de detecci\u00f3n flexible<\/li>\n<li style='margin-bottom: 8px;'>Aletas para l\u00edmite de larga distancia<\/li>\n<li style='margin-bottom: 8px;'>Placas para enmascarar de corto alcance<\/li>\n<li style='margin-bottom: 8px;'>Inteligente y l\u00f3gica con un elemento piro \u00fanico<\/li>\n<li style='margin-bottom: 8px;'>Anti-enmascaramiento digital IR activo (solo HX-80NRAM)<\/li>\n<li style='margin-bottom: 8px;'>Caja de bater\u00eda para numerosos tipos de bater\u00eda (solo HX-80NRAM)<\/li>\n<\/ul><\/div>\n<p> <!-- Imagen adicional --> <\/p>\n<div style='margin-bottom: 40px;'> <img style='width: 100%; max-width: 800px; height: auto; border: 1px solid rgba(150&comma;150&comma;150&comma;0.3); border-radius: 8px; margin: 0 auto; display: block;' src='https:\/\/www.optex.co.jp\/e\/products\/intrusion-detection\/passivesensor\/tdphtg0000001ahc-img\/tdphtg00000031kb.png' alt='Caracter\u00edsticas adicionales'> <\/div>\n<p> <!-- Videos adicionales --> <\/p>\n<div style='display: flex; flex-wrap: wrap; gap: 30px; margin-bottom: 30px;'>\n<div style='flex: 1 1 400px; min-width: 300px;'>\n<div style='position: relative; padding-bottom: 56.25%; height: 0; overflow: hidden;'>   <\/div>\n<\/p><\/div>\n<div style='flex: 1 1 400px; min-width: 300px;'>\n<div style='position: relative; padding-bottom: 56.25%; height: 0; overflow: hidden;'>   <\/div>\n<\/p><\/div>\n<\/p><\/div>\n<\/p><\/div>\n","protected":false},"excerpt":{"rendered":"<p>Detector de Movimiento \/ 100% Exterior \/  Inalambrico (Alimentacion) \/ Hasta 24 metros \/ Instalaci\u00f3n a 3 metros \/ Compatible con cualquier panel de alarma<\/p>\n","protected":false},"featured_media":6944,"comment_status":"open","ping_status":"closed","template":"","meta":[],"product_brand":[],"product_cat":[202],"product_tag":[19,203,106],"class_list":{"0":"post-6945","1":"product","2":"type-product","3":"status-publish","4":"has-post-thumbnail","6":"product_cat-movimiento-para-exterior","7":"product_tag-detectores-sensores","8":"product_tag-movimiento-para-exterior","9":"product_tag-optex","11":"first","12":"instock","13":"sale","14":"shipping-taxable","15":"purchasable","16":"product-type-simple"},"_links":{"self":[{"href":"https:\/\/soydeaqui.ddns.net\/pachuca\/index.php\/wp-json\/wp\/v2\/product\/6945","targetHints":{"allow":["GET"]}}],"collection":[{"href":"https:\/\/soydeaqui.ddns.net\/pachuca\/index.php\/wp-json\/wp\/v2\/product"}],"about":[{"href":"https:\/\/soydeaqui.ddns.net\/pachuca\/index.php\/wp-json\/wp\/v2\/types\/product"}],"replies":[{"embeddable":true,"href":"https:\/\/soydeaqui.ddns.net\/pachuca\/index.php\/wp-json\/wp\/v2\/comments?post=6945"}],"wp:featuredmedia":[{"embeddable":true,"href":"https:\/\/soydeaqui.ddns.net\/pachuca\/index.php\/wp-json\/wp\/v2\/media\/6944"}],"wp:attachment":[{"href":"https:\/\/soydeaqui.ddns.net\/pachuca\/index.php\/wp-json\/wp\/v2\/media?parent=6945"}],"wp:term":[{"taxonomy":"product_brand","embeddable":true,"href":"https:\/\/soydeaqui.ddns.net\/pachuca\/index.php\/wp-json\/wp\/v2\/product_brand?post=6945"},{"taxonomy":"product_cat","embeddable":true,"href":"https:\/\/soydeaqui.ddns.net\/pachuca\/index.php\/wp-json\/wp\/v2\/product_cat?post=6945"},{"taxonomy":"product_tag","embeddable":true,"href":"https:\/\/soydeaqui.ddns.net\/pachuca\/index.php\/wp-json\/wp\/v2\/product_tag?post=6945"}],"curies":[{"name":"wp","href":"https:\/\/api.w.org\/{rel}","templated":true}]}}