{"id":69436,"date":"2026-03-19T10:46:40","date_gmt":"2026-03-19T10:46:40","guid":{"rendered":"https:\/\/soydeaqui.ddns.net\/pachuca\/index.php\/producto\/radio-poc-4g-lte-ip67-compatible-con-nxradio-y-tassta-pantalla-tactil-3-1-gorilla-glass-3\/"},"modified":"2026-03-19T10:46:48","modified_gmt":"2026-03-19T10:46:48","slug":"radio-poc-4g-lte-ip67-compatible-con-nxradio-y-tassta-pantalla-tactil-3-1-gorilla-glass-3","status":"publish","type":"product","link":"https:\/\/soydeaqui.ddns.net\/pachuca\/index.php\/producto\/radio-poc-4g-lte-ip67-compatible-con-nxradio-y-tassta-pantalla-tactil-3-1-gorilla-glass-3\/","title":{"rendered":"Radio PoC 4G LTE IP67  Compatible Con NXRADIO y TASSTA \/Pantalla T\u00e1ctil 3.1&#8243; Gorilla Glass 3"},"content":{"rendered":"<div style='width: 100%; max-width: 1200px; margin: 0 auto; font-family: sans-serif; line-height: 1.6; color: inherit; background-color: transparent;'>\n<div style='display: flex; flex-direction: column; gap: 20px;'>\n<h1 style='font-size: 24px; margin: 0 0 10px 0; color: inherit; opacity: 0.9;'>Combinaci\u00f3n Excepcional de Hardware y Software<\/h1>\n<h4 style='font-size: 18px; margin: 10px 0; color: inherit; opacity: 0.8; font-weight: 500; background-color: transparent;'>Tecnolog\u00eda LTE ideal para mantener la comunicaci\u00f3n sencilla y al instante entre sus organizaciones<\/h4>\n<h4 style='font-size: 18px; margin: 10px 0; color: inherit; opacity: 0.8; font-weight: 500; background-color: transparent;'>El nuevo dispositivo PoC inteligente de Telo TE580PLUS ofrece conectividad de banda ancha LTE para una comunicaci\u00f3n de radio a radio o de grupo sin retardo.<\/h4>\n<h4 style='font-size: 18px; margin: 10px 0; color: inherit; opacity: 0.8; font-weight: 500; background-color: transparent;'>El equipo es compatible con la plataforma NXRadio desarrollada en Estados Unidos probada para aplicaciones de Misi\u00f3n Cr\u00edtica&comma; Seguridad P\u00fablica&comma; Servicios de Emergencia y Militar.<\/h4>\n<div style='display: flex; flex-wrap: wrap; gap: 15px; justify-content: center;'> <img style='width: 100%; max-width: 477px; height: auto; border: 1px solid rgba(150&comma;150&comma;150&comma;0.3); border-radius: 8px;' src='https:\/\/ftp3.syscom.mx\/usuarios\/fotos\/TE580PLUS\/185613-te580plus-image.jpg' alt=''> <img style='width: auto; max-width: 90px; height: auto; border: 1px solid rgba(150&comma;150&comma;150&comma;0.3); border-radius: 8px;' src='https:\/\/ftp3.syscom.mx\/usuarios\/fotos\/TE580PLUS\/185613-torre.jpg' alt=''> <img style='width: auto; max-width: 89px; height: auto; border: 1px solid rgba(150&comma;150&comma;150&comma;0.3); border-radius: 8px;' src='https:\/\/ftp3.syscom.mx\/usuarios\/fotos\/TE580PLUS\/185613-ip67.jpg' alt=''> <img style='width: auto; max-width: 92px; height: auto; border: 1px solid rgba(150&comma;150&comma;150&comma;0.3); border-radius: 8px;' src='https:\/\/ftp3.syscom.mx\/usuarios\/fotos\/TE580PLUS\/185613-audio.jpg' alt=''> <img style='width: auto; max-width: 102px; height: auto; border: 1px solid rgba(150&comma;150&comma;150&comma;0.3); border-radius: 8px;' src='https:\/\/ftp3.syscom.mx\/usuarios\/fotos\/TE580PLUS\/185613-bat.jpg' alt=''> <img style='width: auto; max-width: 88px; height: auto; border: 1px solid rgba(150&comma;150&comma;150&comma;0.3); border-radius: 8px;' src='https:\/\/ftp3.syscom.mx\/usuarios\/fotos\/TE580PLUS\/185613-pantalla.jpg' alt=''> <\/div>\n<h4 style='font-size: 18px; margin: 10px 0; color: inherit; opacity: 0.8; font-weight: 500; background-color: transparent;'>Tecnolog\u00eda 3G\/4G ideal para mantener la comunicaci\u00f3n sencilla y al instante entre sus organizaciones.<\/h4>\n<h4 style='font-size: 18px; margin: 10px 0; color: inherit; opacity: 0.8; font-weight: 500; background-color: transparent;'>Sumergible IP67 1 metro por 30min \/ Prueba de ca\u00edda de 1.5m<\/h4>\n<h4 style='font-size: 18px; margin: 10px 0; color: inherit; opacity: 0.8; font-weight: 500; background-color: transparent;'>Audio Fuerte y Claro&comma; 2 Watts de Potencia de Audio<\/h4>\n<h4 style='font-size: 18px; margin: 10px 0; color: inherit; opacity: 0.8; font-weight: 500; background-color: transparent;'>Bater\u00eda de larga Duraci\u00f3n&comma; 3600 mAh<\/h4>\n<h4 style='font-size: 18px; margin: 10px 0; color: inherit; opacity: 0.8; font-weight: 500; background-color: transparent;'>Pantalla t\u00e1ctil de 3.1&#8242; Gorilla Glass 3<\/h4>\n<div style='display: flex; flex-wrap: wrap; gap: 20px; margin-top: 20px;'>\n<div style='flex: 1 1 250px; border: 1px solid rgba(150&comma; 150&comma; 150&comma; 0.4); border-radius: 8px; overflow: hidden; display: flex; flex-direction: column;'>\n<div style='padding: 15px; border-bottom: 1px solid rgba(150&comma; 150&comma; 150&comma; 0.2); font-weight: bold; font-size: 18px; color: inherit; background-color: transparent;'>Caracter\u00edsticas Generales<\/div>\n<div style='padding: 15px; color: inherit; background-color: transparent;'>\n<ul style='padding-left: 20px; margin: 0; font-size: 14px; list-style-type: disc;'>\n<li style='margin-bottom: 5px;'>Compatible con redes 2G&comma; 3G&comma; 4G LTE<\/li>\n<li style='margin-bottom: 5px;'>WiFi<\/li>\n<li style='margin-bottom: 5px;'>Bluetooth 4.0<\/li>\n<li style='margin-bottom: 5px;'>Llamadas selectivas&comma; individuales&comma; grupales y emergencia.<\/li>\n<li style='margin-bottom: 5px;'>Bater\u00eda Li-Po 3600 mA<\/li>\n<li style='margin-bottom: 5px;'>Puerto micro USB para carga de bater\u00eda y programaci\u00f3n.<\/li>\n<li style='margin-bottom: 5px;'>Android 8.1<\/li>\n<\/ul><\/div>\n<\/p><\/div>\n<\/p><\/div>\n<p style='margin-top: 20px; color: inherit; opacity: 0.8; font-size: 14px;'>* Requiere Licencia Anual Modelo <strong>NXRADIOTERMINAL<\/strong><\/p>\n<\/p><\/div>\n<\/p><\/div>\n","protected":false},"excerpt":{"rendered":"<p>Radio PoC 4G LTE IP67  Compatible Con NXRADIO y TASSTA \/Pantalla T\u00e1ctil 3.1&#8243; Gorilla Glass 3<\/p>\n","protected":false},"featured_media":69435,"comment_status":"open","ping_status":"closed","template":"","meta":[],"product_brand":[],"product_cat":[1606],"product_tag":[1607,1508,1551],"class_list":{"0":"post-69436","1":"product","2":"type-product","3":"status-publish","4":"has-post-thumbnail","6":"product_cat-radios-4g","7":"product_tag-radios-4g","8":"product_tag-radios-lte","9":"product_tag-telo-systems","11":"first","12":"outofstock","13":"sale","14":"shipping-taxable","15":"purchasable","16":"product-type-simple"},"_links":{"self":[{"href":"https:\/\/soydeaqui.ddns.net\/pachuca\/index.php\/wp-json\/wp\/v2\/product\/69436","targetHints":{"allow":["GET"]}}],"collection":[{"href":"https:\/\/soydeaqui.ddns.net\/pachuca\/index.php\/wp-json\/wp\/v2\/product"}],"about":[{"href":"https:\/\/soydeaqui.ddns.net\/pachuca\/index.php\/wp-json\/wp\/v2\/types\/product"}],"replies":[{"embeddable":true,"href":"https:\/\/soydeaqui.ddns.net\/pachuca\/index.php\/wp-json\/wp\/v2\/comments?post=69436"}],"wp:featuredmedia":[{"embeddable":true,"href":"https:\/\/soydeaqui.ddns.net\/pachuca\/index.php\/wp-json\/wp\/v2\/media\/69435"}],"wp:attachment":[{"href":"https:\/\/soydeaqui.ddns.net\/pachuca\/index.php\/wp-json\/wp\/v2\/media?parent=69436"}],"wp:term":[{"taxonomy":"product_brand","embeddable":true,"href":"https:\/\/soydeaqui.ddns.net\/pachuca\/index.php\/wp-json\/wp\/v2\/product_brand?post=69436"},{"taxonomy":"product_cat","embeddable":true,"href":"https:\/\/soydeaqui.ddns.net\/pachuca\/index.php\/wp-json\/wp\/v2\/product_cat?post=69436"},{"taxonomy":"product_tag","embeddable":true,"href":"https:\/\/soydeaqui.ddns.net\/pachuca\/index.php\/wp-json\/wp\/v2\/product_tag?post=69436"}],"curies":[{"name":"wp","href":"https:\/\/api.w.org\/{rel}","templated":true}]}}