{"id":69422,"date":"2026-03-19T10:46:04","date_gmt":"2026-03-19T10:46:04","guid":{"rendered":"https:\/\/soydeaqui.ddns.net\/pachuca\/index.php\/producto\/kit-amplificador-de-senal-celular-4g-lte-y-3g-de-conexion-directa-especial-para-router-comunicador-o-modem-celular-iot-m2m-con-conexion-sma-hembra-soporta-un-dispositivo-y-multiples-operadores\/"},"modified":"2026-03-19T10:46:04","modified_gmt":"2026-03-19T10:46:04","slug":"kit-amplificador-de-senal-celular-4g-lte-y-3g-de-conexion-directa-especial-para-router-comunicador-o-modem-celular-iot-m2m-con-conexion-sma-hembra-soporta-un-dispositivo-y-multiples-operadores","status":"publish","type":"product","link":"https:\/\/soydeaqui.ddns.net\/pachuca\/index.php\/producto\/kit-amplificador-de-senal-celular-4g-lte-y-3g-de-conexion-directa-especial-para-router-comunicador-o-modem-celular-iot-m2m-con-conexion-sma-hembra-soporta-un-dispositivo-y-multiples-operadores\/","title":{"rendered":"Kit Amplificador de se\u00f1al celular 4G LTE y 3G de conexi\u00f3n directa. Especial para router, comunicador o m\u00f3dem celular IoT \/ M2M con conexi\u00f3n SMA hembra. Soporta un dispositivo y m\u00faltiples operadores."},"content":{"rendered":"<div style='width: 100%; max-width: 1200px; margin: 0 auto; font-family: sans-serif; line-height: 1.6; color: inherit; background-color: transparent;'>\n<div style='margin-bottom: 30px;'>\n<h4 style='font-size: 20px; margin-top: 0; margin-bottom: 15px; color: inherit; opacity: 0.9;'>Pro IoT de 5 bandas modelo 460-119<\/h4>\n<p style='margin-bottom: 15px; font-size: 15px; color: inherit;'> Ideal para sistemas de comunicaci\u00f3n IoT dise\u00f1ados a medida y construidos dentro de espacios estrechamente restringidos&comma; la potencia y el dise\u00f1o compacto del amplificador de se\u00f1al celular IoT de 5 bandas lo convierten en una soluci\u00f3n confiable &#8216;Direct-Connect&#8217;. <\/p>\n<p style='margin-bottom: 15px; font-size: 15px; color: inherit;'> Compatible con todas las redes de operadores de M\u00e9xico y mayor\u00eda de LATAM&comma; equipado con una impresionante potencia de enlace ascendente de hasta 25 dBm y una ganancia m\u00e1xima de hasta 15 dB&comma; el 460-119 IoT\/M2M de 5 bandas se conecta directamente con comunicadores (m\u00f3dems) celulares para garantizar una conectividad fuerte y confiable en entornos de se\u00f1al d\u00e9bil. En el caso de una falla de energ\u00eda&comma; la funci\u00f3n de conmutaci\u00f3n por error de derivaci\u00f3n pasiva de RF permite que el comunicador celular contin\u00fae ayudando a garantizar una transferencia de datos de IoT exitosa. <\/p>\n<p style='margin-bottom: 15px; font-size: 15px; color: inherit;'> El factor de forma compacta del 460-119 es ideal para sistemas de comunicaci\u00f3n de IoT dise\u00f1ados a medida y construidos dentro de espacios muy restringidos. Certificado por la FCC&comma; el PRO IoT 5-Band permite a los fabricantes de equipos originales obtener un amplificador de se\u00f1al celular compacto&comma; potente y altamente compatible que viene listo para desplegar. En lugares donde la conectividad celular se ve afectada negativamente por la distancia a las torres celulares&comma; las obstrucciones del terreno o los materiales de construcci\u00f3n (como el concreto y el acero)&comma; el PRO IoT 5-Band es una soluci\u00f3n probada. <\/p>\n<\/p><\/div>\n<div style='margin-bottom: 30px;'>\n<h3 style='font-size: 22px; border-bottom: 2px solid currentColor; padding-bottom: 5px; margin-top: 0; color: inherit; opacity: 0.8;'>C\u00f3mo funciona<\/h3>\n<div style='display: flex; flex-wrap: wrap; gap: 30px; margin-top: 20px; align-items: flex-start;'>\n<div style='flex: 1 1 300px; min-width: 280px;'> <img style='width: 100%; height: auto; border: 1px solid rgba(150&comma;150&comma;150&comma;0.3); border-radius: 8px;' src='https:\/\/assets.wilsonelectronics.com\/m\/44ce8da9d264803e\/original\/Pro-Signal-4G-How-it-Works.png' alt='Pro Signal 4G How it Works' \/> <\/div>\n<div style='flex: 1 1 300px; min-width: 280px;'>\n<div style='display: flex; align-items: start; margin-bottom: 15px;'>\n<div style='background: #0087ce; border-radius: 100px; color: white; font-weight: bold; height: 28px; width: 28px; display: flex; align-items: center; justify-content: center; flex-shrink: 0; margin-right: 10px;'>1<\/div>\n<p style='margin: 0; font-size: 15px; color: inherit;'> La potente antena recibe las se\u00f1ales celulares y la entrega al amplificador. <\/p>\n<\/p><\/div>\n<div style='display: flex; align-items: start; margin-bottom: 15px;'>\n<div style='background: #0087ce; border-radius: 100px; color: white; font-weight: bold; height: 28px; width: 28px; display: flex; align-items: center; justify-content: center; flex-shrink: 0; margin-right: 10px;'>2<\/div>\n<p style='margin: 0; font-size: 15px; color: inherit;'> El amplificador amplifica la se\u00f1al y sirve como un relevador entre el comunicador celular y la torre celular. <\/p>\n<\/p><\/div>\n<div style='display: flex; align-items: start; margin-bottom: 15px;'>\n<div style='background: #0087ce; border-radius: 100px; color: white; font-weight: bold; height: 28px; width: 28px; display: flex; align-items: center; justify-content: center; flex-shrink: 0; margin-right: 10px;'>3<\/div>\n<p style='margin: 0; font-size: 15px; color: inherit;'> El comunicador celular funciona de manera m\u00e1s eficiente gracias a la se\u00f1al amplificada en ambos sentidos. <\/p>\n<\/p><\/div>\n<\/p><\/div>\n<\/p><\/div>\n<\/p><\/div>\n<div style='margin-bottom: 30px;'>\n<h3 style='font-size: 22px; border-bottom: 2px solid currentColor; padding-bottom: 5px; margin-top: 0; color: inherit; opacity: 0.8;'>Ideal Para<\/h3>\n<div style='display: flex; flex-wrap: wrap; gap: 20px; margin-top: 20px;'>\n<div style='display: flex; align-items: center; background: rgba(150&comma;150&comma;150&comma;0.1); padding: 15px; border-radius: 8px; flex: 1 1 250px; min-width: 200px;'> <img style='width: auto; max-width: 50px; height: auto; margin-right: 10px;' src='https:\/\/assets.wilsonelectronics.com\/m\/70f7081477e26f6d\/original\/Vending.png' alt='IOT\/M2M Applications' \/> <\/p>\n<div> <strong style='color: inherit;'>Aplicaciones IOT\/M2M<\/strong> <\/div>\n<\/p><\/div>\n<\/p><\/div>\n<\/p><\/div>\n<div style='margin-bottom: 30px;'>\n<h3 style='font-size: 22px; border-bottom: 2px solid currentColor; padding-bottom: 5px; margin-top: 0; color: inherit; opacity: 0.8;'>Caracter\u00edsticas Principales<\/h3>\n<ul style='padding-left: 20px; margin-top: 15px; font-size: 15px; color: inherit;'>\n<li style='margin-bottom: 8px;'>Potencia de enlace ascendente m\u00e1xima de 25 dBm&comma; ganancia m\u00e1xima del sistema de 15 dBm<\/li>\n<li style='margin-bottom: 8px;'>Dise\u00f1ado para conectarse a cualquier m\u00f3dem o comunicador de datos celulares que cuente con conector SMA hembra para antena exterior.<\/li>\n<li style='margin-bottom: 8px;'>Mejora la conectividad celular general en entornos de se\u00f1al d\u00e9bil.<\/li>\n<li style='margin-bottom: 8px;'>Configurable para casi cualquier instalaci\u00f3n de Internet de las cosas (IoT).<\/li>\n<li style='margin-bottom: 8px;'>La amplificaci\u00f3n bidireccional aumenta las se\u00f1ales hacia y desde las torres celulares.<\/li>\n<li style='margin-bottom: 8px;'>La conmutaci\u00f3n autom\u00e1tica de la l\u00ednea de RF a opci\u00f3n pasiva mantiene al m\u00f3dem en funcionamiento si se pierde la energ\u00eda.<\/li>\n<li style='margin-bottom: 8px;'>Control autom\u00e1tico de potencia para ayudar a garantizar la m\u00e1xima salida de se\u00f1al.<\/li>\n<li style='margin-bottom: 8px;'>Compatible con todas las redes de operadores de M\u00e9xico y la mayoria de LATAM.<\/li>\n<li style='margin-bottom: 8px;'>Elecci\u00f3n de opciones b\u00e1sicas&comma; cableadas o de kit de seguridad.<\/li>\n<\/ul><\/div>\n<div style='margin-bottom: 30px;'>\n<h3 style='font-size: 22px; border-bottom: 2px solid currentColor; padding-bottom: 5px; margin-top: 0; color: inherit; opacity: 0.8;'>Especificaciones<\/h3>\n<div style='margin-top: 20px;'>\n<div style='display: flex; flex-wrap: wrap; gap: 20px; margin-bottom: 20px;'>\n<div style='flex: 1 1 250px; border: 1px solid rgba(150&comma; 150&comma; 150&comma; 0.4); border-radius: 8px; overflow: hidden;'>\n<div style='padding: 15px; border-bottom: 1px solid rgba(150&comma; 150&comma; 150&comma; 0.2); font-weight: bold; font-size: 18px; color: inherit;'>Modelo<\/div>\n<div style='padding: 15px; color: inherit;'>\n<ul style='padding-left: 20px; margin: 0; font-size: 14px; list-style-type: disc;'>\n<li>460119<\/li>\n<\/ul><\/div>\n<\/p><\/div>\n<div style='flex: 1 1 250px; border: 1px solid rgba(150&comma; 150&comma; 150&comma; 0.4); border-radius: 8px; overflow: hidden;'>\n<div style='padding: 15px; border-bottom: 1px solid rgba(150&comma; 150&comma; 150&comma; 0.2); font-weight: bold; font-size: 18px; color: inherit;'>Frecuencias<\/div>\n<div style='padding: 15px; color: inherit;'>\n<ul style='padding-left: 20px; margin: 0; font-size: 14px; list-style-type: disc;'>\n<li>Banda 5 850 MHz<\/li>\n<li>Banda 12 700 MHz<\/li>\n<li>Banda 4 1700\/2100 MHz<\/li>\n<li>Banda 13 700 MHz<\/li>\n<li>Banda 25\/2 1900 MHz<\/li>\n<\/ul><\/div>\n<\/p><\/div>\n<div style='flex: 1 1 250px; border: 1px solid rgba(150&comma; 150&comma; 150&comma; 0.4); border-radius: 8px; overflow: hidden;'>\n<div style='padding: 15px; border-bottom: 1px solid rgba(150&comma; 150&comma; 150&comma; 0.2); font-weight: bold; font-size: 18px; color: inherit;'>Ganancia M\u00e1xima<\/div>\n<div style='padding: 15px; color: inherit;'>\n<ul style='padding-left: 20px; margin: 0; font-size: 14px; list-style-type: disc;'>\n<li>15 dB<\/li>\n<\/ul><\/div>\n<\/p><\/div>\n<div style='flex: 1 1 250px; border: 1px solid rgba(150&comma; 150&comma; 150&comma; 0.4); border-radius: 8px; overflow: hidden;'>\n<div style='padding: 15px; border-bottom: 1px solid rgba(150&comma; 150&comma; 150&comma; 0.2); font-weight: bold; font-size: 18px; color: inherit;'>Potencia M\u00e1x. en EA\/UL<\/div>\n<div style='padding: 15px; color: inherit;'>\n<ul style='padding-left: 20px; margin: 0; font-size: 14px; list-style-type: disc;'>\n<li>24 dBm<\/li>\n<\/ul><\/div>\n<\/p><\/div>\n<div style='flex: 1 1 250px; border: 1px solid rgba(150&comma; 150&comma; 150&comma; 0.4); border-radius: 8px; overflow: hidden;'>\n<div style='padding: 15px; border-bottom: 1px solid rgba(150&comma; 150&comma; 150&comma; 0.2); font-weight: bold; font-size: 18px; color: inherit;'>Potencia M\u00e1x. en ED\/DL<\/div>\n<div style='padding: 15px; color: inherit;'>\n<ul style='padding-left: 20px; margin: 0; font-size: 14px; list-style-type: disc;'>\n<li>-3 dBm<\/li>\n<\/ul><\/div>\n<\/p><\/div>\n<div style='flex: 1 1 250px; border: 1px solid rgba(150&comma; 150&comma; 150&comma; 0.4); border-radius: 8px; overflow: hidden;'>\n<div style='padding: 15px; border-bottom: 1px solid rgba(150&comma; 150&comma; 150&comma; 0.2); font-weight: bold; font-size: 18px; color: inherit;'>Impedancia<\/div>\n<div style='padding: 15px; color: inherit;'>\n<ul style='padding-left: 20px; margin: 0; font-size: 14px; list-style-type: disc;'>\n<li>50 Ohm<\/li>\n<\/ul><\/div>\n<\/p><\/div>\n<div style='flex: 1 1 250px; border: 1px solid rgba(150&comma; 150&comma; 150&comma; 0.4); border-radius: 8px; overflow: hidden;'>\n<div style='padding: 15px; border-bottom: 1px solid rgba(150&comma; 150&comma; 150&comma; 0.2); font-weight: bold; font-size: 18px; color: inherit;'>Fuente de alimentaci\u00f3n requerida<\/div>\n<div style='padding: 15px; color: inherit;'>\n<ul style='padding-left: 20px; margin: 0; font-size: 14px; list-style-type: disc;'>\n<li>110\/240 V AC&comma; 50 -60 Hz&comma; 5 V DC &#8211; 5A<\/li>\n<\/ul><\/div>\n<\/p><\/div>\n<div style='flex: 1 1 250px; border: 1px solid rgba(150&comma; 150&comma; 150&comma; 0.4); border-radius: 8px; overflow: hidden;'>\n<div style='padding: 15px; border-bottom: 1px solid rgba(150&comma; 150&comma; 150&comma; 0.2); font-weight: bold; font-size: 18px; color: inherit;'>Conectores<\/div>\n<div style='padding: 15px; color: inherit;'>\n<ul style='padding-left: 20px; margin: 0; font-size: 14px; list-style-type: disc;'>\n<li>SMA Hembra<\/li>\n<\/ul><\/div>\n<\/p><\/div>\n<div style='flex: 1 1 250px; border: 1px solid rgba(150&comma; 150&comma; 150&comma; 0.4); border-radius: 8px; overflow: hidden;'>\n<div style='padding: 15px; border-bottom: 1px solid rgba(150&comma; 150&comma; 150&comma; 0.2); font-weight: bold; font-size: 18px; color: inherit;'>Dimensiones<\/div>\n<div style='padding: 15px; color: inherit;'>\n<ul style='padding-left: 20px; margin: 0; font-size: 14px; list-style-type: disc;'>\n<li>88.9 x 158.75 x 31.75 mm<\/li>\n<\/ul><\/div>\n<\/p><\/div>\n<div style='flex: 1 1 250px; border: 1px solid rgba(150&comma; 150&comma; 150&comma; 0.4); border-radius: 8px; overflow: hidden;'>\n<div style='padding: 15px; border-bottom: 1px solid rgba(150&comma; 150&comma; 150&comma; 0.2); font-weight: bold; font-size: 18px; color: inherit;'>Peso<\/div>\n<div style='padding: 15px; color: inherit;'>\n<ul style='padding-left: 20px; margin: 0; font-size: 14px; list-style-type: disc;'>\n<li>0.492 kg<\/li>\n<\/ul><\/div>\n<\/p><\/div>\n<\/p><\/div>\n<\/p><\/div>\n<\/p><\/div>\n<div style='margin-bottom: 30px;'>\n<h3 style='font-size: 22px; border-bottom: 2px solid currentColor; padding-bottom: 5px; margin-top: 0; color: inherit; opacity: 0.8;'>El Kit Incluye<\/h3>\n<div style='margin-top: 20px; display: grid; grid-template-columns: repeat(auto-fill&comma; minmax(200px&comma; 1fr)); gap: 20px;'>\n<div style='border: 1px solid rgba(150&comma; 150&comma; 150&comma; 0.4); border-radius: 8px; overflow: hidden; display: flex; flex-direction: column;'>\n<div style='display: flex; justify-content: center; align-items: center; height: 100px; background-color: rgba(150&comma; 150&comma; 150&comma; 0.05);'> <img style='width: 100%; max-width: 100px; height: auto;' src='https:\/\/assets.wilsonelectronics.com\/m\/4099ad042f3f38ef\/original\/pro-signal-4g-460119-kit.png' alt='' \/> <\/div>\n<div style='padding: 15px; color: inherit;'>\n<p style='margin: 0; font-weight: bold; font-size: 15px; color: inherit;'>IoT 5-Band<\/p>\n<p style='margin: 5px 0 0 0; font-size: 14px; color: inherit;'>460119<\/p>\n<\/p><\/div>\n<\/p><\/div>\n<div style='border: 1px solid rgba(150&comma; 150&comma; 150&comma; 0.4); border-radius: 8px; overflow: hidden; display: flex; flex-direction: column;'>\n<div style='display: flex; justify-content: center; align-items: center; height: 100px; background-color: rgba(150&comma; 150&comma; 150&comma; 0.05);'> <img style='width: 100%; max-width: 100px; height: auto;' src='https:\/\/assets.wilsonelectronics.com\/m\/110ae295ebc05869\/original\/Mini-Mag-Antenna.png' alt='' \/> <\/div>\n<div style='padding: 15px; color: inherit;'>\n<p style='margin: 0; font-weight: bold; font-size: 15px; color: inherit;'>Mini Antena Ext.<\/p>\n<p style='margin: 5px 0 0 0; font-size: 14px; color: inherit;'>301126<\/p>\n<\/p><\/div>\n<\/p><\/div>\n<div style='border: 1px solid rgba(150&comma; 150&comma; 150&comma; 0.4); border-radius: 8px; overflow: hidden; display: flex; flex-direction: column;'>\n<div style='display: flex; justify-content: center; align-items: center; height: 100px; background-color: rgba(150&comma; 150&comma; 150&comma; 0.05);'> <img style='width: 100%; max-width: 100px; height: auto;' src='https:\/\/assets.wilsonelectronics.com\/m\/03e900990f61bda2\/original\/rg174-coax-cable-sma-male-3-ft-951151.jpg' alt='' \/> <\/div>\n<div style='padding: 15px; color: inherit;'>\n<p style='margin: 0; font-weight: bold; font-size: 15px; color: inherit;'>Cable RG174 de 91.44 cm y conectores (SMA-Macho a SMA-Macho)<\/p>\n<p style='margin: 5px 0 0 0; font-size: 14px; color: inherit;'>951151<\/p>\n<\/p><\/div>\n<\/p><\/div>\n<div style='border: 1px solid rgba(150&comma; 150&comma; 150&comma; 0.4); border-radius: 8px; overflow: hidden; display: flex; flex-direction: column;'>\n<div style='display: flex; justify-content: center; align-items: center; height: 100px; background-color: rgba(150&comma; 150&comma; 150&comma; 0.05);'> <img style='width: 100%; max-width: 100px; height: auto;' src='https:\/\/assets.wilsonelectronics.com\/m\/0e6cb543400fe06e\/original\/ac-dc-5v-4a-power-supply-850012.png' alt='' \/> <\/div>\n<div style='padding: 15px; color: inherit;'>\n<p style='margin: 0; font-weight: bold; font-size: 15px; color: inherit;'>Fuente de Alimentaci\u00f3n<\/p>\n<p style='margin: 5px 0 0 0; font-size: 14px; color: inherit;'>850012<\/p>\n<\/p><\/div>\n<\/p><\/div>\n<\/p><\/div>\n<\/p><\/div>\n<div style='margin-bottom: 30px;'>\n<h3 style='font-size: 22px; border-bottom: 2px solid currentColor; padding-bottom: 5px; margin-top: 0; color: inherit; opacity: 0.8;'>NOTAS<\/h3>\n<ul style='padding-left: 20px; margin-top: 15px; font-size: 14px; color: inherit;'>\n<li style='margin-bottom: 8px;'>Instale el kit amplificador de acuerdo al manual de usuario o gu\u00eda de instalaci\u00f3n.<\/li>\n<li style='margin-bottom: 8px;'>Use el kit amplificador para lo que est\u00e1 dise\u00f1ado.<\/li>\n<li style='margin-bottom: 8px;'>Si tiene dudas contacte nuestro departamento de Ingenier\u00eda Radiocomunicaci\u00f3n.<\/li>\n<li style='margin-bottom: 8px;'>Una mala instalaci\u00f3n o mal uso de este sistema puede provocar interferencia.<\/li>\n<\/ul><\/div>\n<hr style='border: 0; border-top: 1px solid rgba(150&comma; 150&comma; 150&comma; 0.3); margin: 30px 0;'> <\/div>\n","protected":false},"excerpt":{"rendered":"<p>Kit Amplificador de se\u00f1al celular 4G LTE y 3G de conexi\u00f3n directa. Especial para router, comunicador o m\u00f3dem celular IoT \/ M2M con conexi\u00f3n SMA hembra. Soporta un dispositivo y m\u00faltiples operadores.<\/p>\n","protected":false},"featured_media":69421,"comment_status":"open","ping_status":"closed","template":"","meta":[],"product_brand":[],"product_cat":[1570,1552],"product_tag":[1535,1571,1553,1525],"class_list":{"0":"post-69422","1":"product","2":"type-product","3":"status-publish","4":"has-post-thumbnail","6":"product_cat-amplificadores-de-senal-celular-adsc","7":"product_cat-cobertura-para-celular-4g-lte","8":"product_tag-3g-y-voz","9":"product_tag-amplificadores-de-senal-celular-adsc","10":"product_tag-cobertura-para-celular-4g-lte","11":"product_tag-wilsonpro-weboost","13":"first","14":"instock","15":"sale","16":"shipping-taxable","17":"purchasable","18":"product-type-simple"},"_links":{"self":[{"href":"https:\/\/soydeaqui.ddns.net\/pachuca\/index.php\/wp-json\/wp\/v2\/product\/69422","targetHints":{"allow":["GET"]}}],"collection":[{"href":"https:\/\/soydeaqui.ddns.net\/pachuca\/index.php\/wp-json\/wp\/v2\/product"}],"about":[{"href":"https:\/\/soydeaqui.ddns.net\/pachuca\/index.php\/wp-json\/wp\/v2\/types\/product"}],"replies":[{"embeddable":true,"href":"https:\/\/soydeaqui.ddns.net\/pachuca\/index.php\/wp-json\/wp\/v2\/comments?post=69422"}],"wp:featuredmedia":[{"embeddable":true,"href":"https:\/\/soydeaqui.ddns.net\/pachuca\/index.php\/wp-json\/wp\/v2\/media\/69421"}],"wp:attachment":[{"href":"https:\/\/soydeaqui.ddns.net\/pachuca\/index.php\/wp-json\/wp\/v2\/media?parent=69422"}],"wp:term":[{"taxonomy":"product_brand","embeddable":true,"href":"https:\/\/soydeaqui.ddns.net\/pachuca\/index.php\/wp-json\/wp\/v2\/product_brand?post=69422"},{"taxonomy":"product_cat","embeddable":true,"href":"https:\/\/soydeaqui.ddns.net\/pachuca\/index.php\/wp-json\/wp\/v2\/product_cat?post=69422"},{"taxonomy":"product_tag","embeddable":true,"href":"https:\/\/soydeaqui.ddns.net\/pachuca\/index.php\/wp-json\/wp\/v2\/product_tag?post=69422"}],"curies":[{"name":"wp","href":"https:\/\/api.w.org\/{rel}","templated":true}]}}