{"id":69413,"date":"2026-03-19T10:45:47","date_gmt":"2026-03-19T10:45:47","guid":{"rendered":"https:\/\/soydeaqui.ddns.net\/pachuca\/index.php\/producto\/tapa-ciega-estandar-de-19in-compatible-con-racks-con-rieles-de-orificio-cuadrado-instalacion-sin-herramienta-plano-1-ur-color-negro\/"},"modified":"2026-03-19T10:45:55","modified_gmt":"2026-03-19T10:45:55","slug":"tapa-ciega-estandar-de-19in-compatible-con-racks-con-rieles-de-orificio-cuadrado-instalacion-sin-herramienta-plano-1-ur-color-negro","status":"publish","type":"product","link":"https:\/\/soydeaqui.ddns.net\/pachuca\/index.php\/producto\/tapa-ciega-estandar-de-19in-compatible-con-racks-con-rieles-de-orificio-cuadrado-instalacion-sin-herramienta-plano-1-ur-color-negro\/","title":{"rendered":"Tapa Ciega Est\u00e1ndar de 19in, Compatible con Racks con Rieles de Orificio Cuadrado, Instalaci\u00f3n sin Herramienta, Plano, 1 UR, Color Negro"},"content":{"rendered":"<div style='width: 100%; max-width: 1200px; margin: 0 auto; font-family: sans-serif; line-height: 1.6; color: inherit; background-color: transparent;'> <!-- Descripci\u00f3n general --> <\/p>\n<div style='margin-bottom: 30px;'>\n<h2 style='font-size: 24px; border-bottom: 2px solid currentColor; padding-bottom: 8px; margin-top: 0; color: inherit; opacity: 0.9;'>Descripci\u00f3n<\/h2>\n<p style='font-size: 15px; color: inherit; margin-top: 10px; margin-bottom: 20px;'>El panel ciego de instalaci\u00f3n sin herramientas est\u00e1 dise\u00f1ado para minimizar el flujo de aire de derivaci\u00f3n en racks y gabinetes al tiempo que brinda una apariencia deseable.<\/p>\n<\/p><\/div>\n<p> <!-- Caracter\u00edsticas principales --> <\/p>\n<div style='margin-bottom: 30px;'>\n<h3 style='font-size: 22px; border-bottom: 2px solid currentColor; padding-bottom: 5px; margin-top: 0; color: inherit; opacity: 0.8;'>Caracter\u00edsticas principales<\/h3>\n<ul style='padding-left: 20px; font-size: 15px; color: inherit; margin-top: 15px;'>\n<li style='margin-bottom: 5px;'>Instalaci\u00f3n sin herramientas para f\u00e1cil montaje<\/li>\n<li style='margin-bottom: 5px;'>Minimiza el flujo de aire de derivaci\u00f3n<\/li>\n<li style='margin-bottom: 5px;'>Dimensiones 482.6 x 44.7 mm&comma; ideal para racks<\/li>\n<li style='margin-bottom: 5px;'>Fabricado en material ABS resistente<\/li>\n<li style='margin-bottom: 5px;'>Dise\u00f1o elegante en color negro<\/li>\n<\/ul><\/div>\n<p> <!-- Especificaciones t\u00e9cnicas --> <\/p>\n<div style='margin-bottom: 30px;'>\n<h3 style='font-size: 22px; border-bottom: 2px solid currentColor; padding-bottom: 5px; margin-top: 0; color: inherit; opacity: 0.8;'>Especificaciones t\u00e9cnicas<\/h3>\n<div style='display: flex; flex-wrap: wrap; gap: 20px; margin-top: 15px;'>\n<div style='flex: 1 1 250px; border: 1px solid rgba(150&comma; 150&comma; 150&comma; 0.4); border-radius: 8px; overflow: hidden; display: flex; flex-direction: column;'>\n<div style='padding: 15px; border-bottom: 1px solid rgba(150&comma; 150&comma; 150&comma; 0.2); font-weight: bold; font-size: 18px; color: inherit;'>Especificaciones generales<\/div>\n<div style='padding: 15px; color: inherit;'>\n<ul style='padding-left: 20px; margin: 0; font-size: 14px; list-style-type: disc;'>\n<li style='margin-bottom: 5px;'><strong>Material:<\/strong> ABS<\/li>\n<li style='margin-bottom: 5px;'><strong>Color:<\/strong> Negro<\/li>\n<li style='margin-bottom: 5px; '><strong>Dimensiones:<\/strong> 482.6 x 44.7 mm (Ancho x Alto)<\/li>\n<li style='margin-bottom: 5px;'><strong>Unidades de Rack:<\/strong> 1<\/li>\n<li style='margin-bottom: 5px;'><strong>Est\u00e1ndar:<\/strong> CEA-310-E<\/li>\n<li style='margin-bottom: 5px;'><strong>RoHS:<\/strong> Cumple<\/li>\n<\/ul><\/div>\n<\/p><\/div>\n<div style='flex: 1 1 250px; border: 1px solid rgba(150&comma; 150&comma; 150&comma; 0.4); border-radius: 8px; overflow: hidden; display: flex; flex-direction: column;'>\n<div style='padding: 15px; border-bottom: 1px solid rgba(150&comma; 150&comma; 150&comma; 0.2); font-weight: bold; font-size: 18px; color: inherit;'>Compatibilidad<\/div>\n<div style='padding: 15px; color: inherit;'>\n<ul style='padding-left: 20px; margin: 0; font-size: 14px; list-style-type: disc;'>\n<li style='margin-bottom: 5px;'><strong>Tama\u00f1o de rack:<\/strong> 19&#8242; (483 mm)<\/li>\n<li style='margin-bottom: 5px;'><strong>Configuraci\u00f3n de orificios:<\/strong> 3\/8&#8242; (9.5mm) cuadrados con o sin tuercas de jaula<\/li>\n<\/ul><\/div>\n<\/p><\/div>\n<div style='flex: 1 1 250px; border: 1px solid rgba(150&comma; 150&comma; 150&comma; 0.4); border-radius: 8px; overflow: hidden; display: flex; flex-direction: column;'>\n<div style='padding: 15px; border-bottom: 1px solid rgba(150&comma; 150&comma; 150&comma; 0.2); font-weight: bold; font-size: 18px; color: inherit;'>Caracter\u00edsticas de dise\u00f1o<\/div>\n<div style='padding: 15px; color: inherit;'>\n<ul style='padding-left: 20px; margin: 0; font-size: 14px; list-style-type: disc;'>\n<li style='margin-bottom: 5px;'><strong>Tipo de instalaci\u00f3n:<\/strong> Sin herramientas<\/li>\n<li style='margin-bottom: 5px;'><strong>Dise\u00f1o:<\/strong> Plano<\/li>\n<li style='margin-bottom: 5px;'><strong>Configuraci\u00f3n:<\/strong> Panel de 1 RU<\/li>\n<li style='margin-bottom: 5px;'><strong>Sellado:<\/strong> Entre unidades para minimizar el aire de derivaci\u00f3n<\/li>\n<\/ul><\/div>\n<\/p><\/div>\n<\/p><\/div>\n<\/p><\/div>\n<p> <!-- Aplicaciones --> <\/p>\n<div style='margin-bottom: 30px;'>\n<h3 style='font-size: 22px; border-bottom: 2px solid currentColor; padding-bottom: 5px; margin-top: 0; color: inherit; opacity: 0.8;'>Aplicaciones<\/h3>\n<div style='margin-top: 15px;'>\n<ul style='padding-left: 20px; font-size: 14px; color: inherit; margin: 0;'>\n<li style='margin-bottom: 5px;'>Control de flujo de aire en centros de datos inteligentes<\/li>\n<li style='margin-bottom: 5px;'>Gesti\u00f3n de infraestructura f\u00edsica<\/li>\n<li style='margin-bottom: 5px;'>Optimizaci\u00f3n de eficiencia energ\u00e9tica<\/li>\n<li style='margin-bottom: 5px;'>Mantenimiento de apariencia est\u00e9tica en racks y gabinetes<\/li>\n<\/ul><\/div>\n<\/p><\/div>\n<p> <!-- Informaci\u00f3n de pedido --> <\/p>\n<div style='margin-bottom: 30px;'>\n<h3 style='font-size: 22px; border-bottom: 2px solid currentColor; padding-bottom: 5px; margin-top: 0; color: inherit; opacity: 0.8;'>Informaci\u00f3n de pedido<\/h3>\n<div style='margin-top: 15px; overflow-x: auto;'>\n<table style='width: 100%; border-collapse: collapse; font-size: 14px; color: inherit;'>\n<thead>\n<tr style='background-color: rgba(150&comma; 150&comma; 150&comma; 0.1);'>\n<th style='padding: 12px; border: 1px solid rgba(150&comma; 150&comma; 150&comma; 0.3); text-align: left;'>N\u00famero de parte negro<\/th>\n<th style='padding: 12px; border: 1px solid rgba(150&comma; 150&comma; 150&comma; 0.3); text-align: left;'>N\u00famero de parte blanco<\/th>\n<th style='padding: 12px; border: 1px solid rgba(150&comma; 150&comma; 150&comma; 0.3); text-align: left;'>Unidades de rack<\/th>\n<th style='padding: 12px; border: 1px solid rgba(150&comma; 150&comma; 150&comma; 0.3); text-align: left;'>Configuraci\u00f3n de orificios<\/th>\n<th style='padding: 12px; border: 1px solid rgba(150&comma; 150&comma; 150&comma; 0.3); text-align: left;'>Cant. por empaque<\/th>\n<\/tr>\n<\/thead>\n<tbody>\n<tr>\n<td style='padding: 10px; border: 1px solid rgba(150&comma; 150&comma; 150&comma; 0.3);'>TLBP1S-V<\/td>\n<td style='padding: 10px; border: 1px solid rgba(150&comma; 150&comma; 150&comma; 0.3);'>TLBP1S-V10<\/td>\n<td style='padding: 10px; border: 1px solid rgba(150&comma; 150&comma; 150&comma; 0.3);'>1 RU<\/td>\n<td style='padding: 10px; border: 1px solid rgba(150&comma; 150&comma; 150&comma; 0.3);'>3\/8&#8242; (9.5mm) cuadrados (con o sin tuercas de jaula instaladas)<\/td>\n<td style='padding: 10px; border: 1px solid rgba(150&comma; 150&comma; 150&comma; 0.3);'>5<\/td>\n<\/tr>\n<\/tbody>\n<\/table><\/div>\n<\/p><\/div>\n<p> <!-- Informaci\u00f3n adicional --> <\/p>\n<div style='margin-bottom: 30px;'>\n<h3 style='font-size: 22px; border-bottom: 2px solid currentColor; padding-bottom: 5px; margin-top: 0; color: inherit; opacity: 0.8;'>Informaci\u00f3n adicional<\/h3>\n<div style='margin-top: 15px;'>\n<ul style='padding-left: 20px; font-size: 14px; color: inherit; margin: 0;'>\n<li style='margin-bottom: 5px;'><strong>Dimensiones:<\/strong> 482.6 x 44.7 mm (Ancho x Alto)<\/li>\n<li style='margin-bottom: 5px;'><strong>Aplicaciones:<\/strong> Gesti\u00f3n de flujo de aire en centros de datos<\/li>\n<li style='margin-bottom: 5px;'><strong>Referencia:<\/strong> TLBP1SV<\/li>\n<li style='margin-bottom: 5px;'><strong>Marca:<\/strong> PANDUIT<\/li>\n<\/ul><\/div>\n<\/p><\/div>\n<p> <!-- Separador final --> <\/p>\n<hr style='border: 0; border-top: 1px solid rgba(150&comma; 150&comma; 150&comma; 0.3); margin: 30px 0;'> <\/div>\n","protected":false},"excerpt":{"rendered":"<p>Tapa Ciega Est\u00e1ndar de 19in, Compatible con Racks con Rieles de Orificio Cuadrado, Instalaci\u00f3n sin Herramienta, Plano, 1 UR, Color Negro<\/p>\n","protected":false},"featured_media":69412,"comment_status":"open","ping_status":"closed","template":"","meta":[],"product_brand":[],"product_cat":[604],"product_tag":[606,445,605],"class_list":{"0":"post-69413","1":"product","2":"type-product","3":"status-publish","4":"has-post-thumbnail","6":"product_cat-accesorios-para-racks-y-gabinetes","7":"product_tag-accesorios-para-racks-y-gabinetes","8":"product_tag-panduit","9":"product_tag-racks-y-gabinetes","11":"first","12":"instock","13":"sale","14":"shipping-taxable","15":"purchasable","16":"product-type-simple"},"_links":{"self":[{"href":"https:\/\/soydeaqui.ddns.net\/pachuca\/index.php\/wp-json\/wp\/v2\/product\/69413","targetHints":{"allow":["GET"]}}],"collection":[{"href":"https:\/\/soydeaqui.ddns.net\/pachuca\/index.php\/wp-json\/wp\/v2\/product"}],"about":[{"href":"https:\/\/soydeaqui.ddns.net\/pachuca\/index.php\/wp-json\/wp\/v2\/types\/product"}],"replies":[{"embeddable":true,"href":"https:\/\/soydeaqui.ddns.net\/pachuca\/index.php\/wp-json\/wp\/v2\/comments?post=69413"}],"wp:featuredmedia":[{"embeddable":true,"href":"https:\/\/soydeaqui.ddns.net\/pachuca\/index.php\/wp-json\/wp\/v2\/media\/69412"}],"wp:attachment":[{"href":"https:\/\/soydeaqui.ddns.net\/pachuca\/index.php\/wp-json\/wp\/v2\/media?parent=69413"}],"wp:term":[{"taxonomy":"product_brand","embeddable":true,"href":"https:\/\/soydeaqui.ddns.net\/pachuca\/index.php\/wp-json\/wp\/v2\/product_brand?post=69413"},{"taxonomy":"product_cat","embeddable":true,"href":"https:\/\/soydeaqui.ddns.net\/pachuca\/index.php\/wp-json\/wp\/v2\/product_cat?post=69413"},{"taxonomy":"product_tag","embeddable":true,"href":"https:\/\/soydeaqui.ddns.net\/pachuca\/index.php\/wp-json\/wp\/v2\/product_tag?post=69413"}],"curies":[{"name":"wp","href":"https:\/\/api.w.org\/{rel}","templated":true}]}}