{"id":694,"date":"2026-03-18T05:42:55","date_gmt":"2026-03-18T05:42:55","guid":{"rendered":"https:\/\/soydeaqui.ddns.net\/pachuca\/index.php\/producto\/zigbee-sensor-de-temperatura-y-humedad-con-pantalla-de-consulta-inalambrico-zigbee\/"},"modified":"2026-03-18T05:42:57","modified_gmt":"2026-03-18T05:42:57","slug":"zigbee-sensor-de-temperatura-y-humedad-con-pantalla-de-consulta-inalambrico-zigbee","status":"publish","type":"product","link":"https:\/\/soydeaqui.ddns.net\/pachuca\/index.php\/producto\/zigbee-sensor-de-temperatura-y-humedad-con-pantalla-de-consulta-inalambrico-zigbee\/","title":{"rendered":"(ZigBee) Sensor de temperatura y humedad con pantalla de consulta, inalambrico ZigBee"},"content":{"rendered":"<div style='width: 100%; max-width: 1200px; margin: 0 auto; font-family: sans-serif; line-height: 1.6; color: inherit; background-color: transparent;'>\n<div style='width: 100%; margin-bottom: 30px;'> <img style='width: 100%; height: auto; border: 1px solid rgba(150&comma;150&comma;150&comma;0.3); border-radius: 8px;' src='https:\/\/ftp3.syscom.mx\/usuarios\/albamaria\/albamaria\/smarthomepoweredbyepcom\/smarthome-by-epcom.jpg' alt=''> <\/div>\n<div style='width: 100%; margin-bottom: 20px;'>\n<p style='text-align: justify; font-size: 15px; color: inherit;'>Sensor de temperatura y humedad Zigbee mide y transmite datos ambientales mediante un protocolo inal\u00e1mbrico eficiente&comma; permitie el monitoreo y automatizaci\u00f3n en tiempo real con bajo consumo energ\u00e9tico.<\/p>\n<p style='text-align: justify; font-size: 15px; color: inherit;'>Se integra a un HUB con se\u00f1al ZigBee para aprovechar todas sus funciones inteligentes.<\/p>\n<p style='text-align: justify; font-size: 15px; color: inherit;'>Coloque uno o varios sensores de forma estrategica y sense de forma exacte la temperatura y humedad.<\/p>\n<\/p><\/div>\n<div style='display: flex; flex-wrap: wrap; gap: 30px; margin-bottom: 30px;'>\n<div style='flex: 1 1 300px; min-width: 280px;'>\n<div style='border-left: 5px solid #0091ff; border-radius: 5px; padding: 15px; background-color: rgba(0&comma;145&comma;255&comma;0.05);'> <strong style='font-size: 16px; color: inherit;'>Caracter\u00edsticas principales:<\/strong> <\/p>\n<ul style='padding-left: 20px; margin-top: 10px; font-size: 14px; color: inherit; list-style-type: disc;'>\n<li style='margin-bottom: 5px;'>Voltaje de funcionamiento: DC3v<\/li>\n<li style='margin-bottom: 5px;'>Corriente de trabajo: corriente en espera \u2264 15 \u03bcA<\/li>\n<li style='margin-bottom: 5px;'>Rango de medici\u00f3n: temperatura: -20 \u2103<\/li>\n<li style='margin-bottom: 5px;'>~60 \u2103 \/ humedad: 0%~100% HR<\/li>\n<\/ul><\/div>\n<\/p><\/div>\n<div style='flex: 1 1 300px; min-width: 280px;'>\n<div style='border-left: 5px solid #0091ff; border-radius: 5px; padding: 15px; background-color: rgba(0&comma;145&comma;255&comma;0.05);'> <strong style='font-size: 16px; color: inherit;'>Caracter\u00edsticas principales:<\/strong> <\/p>\n<ul style='padding-left: 20px; margin-top: 10px; font-size: 14px; color: inherit; list-style-type: disc;'>\n<li style='margin-bottom: 5px;'>Tiempo de respuesta: \u2264 1s<\/li>\n<li style='margin-bottom: 5px;'>Precisi\u00f3n de medici\u00f3n: temperatura: \u00b1<\/li>\n<li style='margin-bottom: 5px;'>0&comma;2 \u2103 \/ humedad: \u00b1 2% HR<\/li>\n<li style='margin-bottom: 5px;'>Precisi\u00f3n de visualizaci\u00f3n de la pantalla: temperatura: \u00b1<\/li>\n<\/ul><\/div>\n<\/p><\/div>\n<div style='flex: 1 1 300px; min-width: 280px;'>\n<div style='border-left: 5px solid #0091ff; border-radius: 5px; padding: 15px; background-color: rgba(0&comma;145&comma;255&comma;0.05);'> <strong style='font-size: 16px; color: inherit;'>Caracter\u00edsticas principales:<\/strong> <\/p>\n<ul style='padding-left: 20px; margin-top: 10px; font-size: 14px; color: inherit; list-style-type: disc;'>\n<li style='margin-bottom: 5px;'>0&comma;1 \u2103 \/ humedad: \u00b1 1% HR<\/li>\n<li style='margin-bottom: 5px;'>Temperatura de trabajo: -20 \u2103 ~60 \u2103<\/li>\n<li style='margin-bottom: 5px;'>Humedad de funcionamiento: 0%~95% (sin condensaci\u00f3n)<\/li>\n<li style='margin-bottom: 5px;'>Tama\u00f1o del producto: 58x58x17mm<\/li>\n<\/ul><\/div>\n<\/p><\/div>\n<\/p><\/div>\n<div style='width: 100%; margin: 30px 0;'> <img style='width: 100%; height: auto; border: 1px solid rgba(150&comma;150&comma;150&comma;0.3); border-radius: 8px;' src='http:\/\/ftp3.syscom.mx\/usuarios\/mbarrio\/bll\/DiagramaSHS.JPG' alt=''> <\/div>\n<\/p><\/div>\n","protected":false},"excerpt":{"rendered":"<p>(ZigBee) Sensor de temperatura y humedad con pantalla de consulta, inalambrico ZigBee<\/p>\n","protected":false},"featured_media":693,"comment_status":"open","ping_status":"closed","template":"","meta":[],"product_brand":[],"product_cat":[148],"product_tag":[30,149,187],"class_list":{"0":"post-694","1":"product","2":"type-product","3":"status-publish","4":"has-post-thumbnail","6":"product_cat-sensores-y-relevadores","7":"product_tag-automatizacion-casa-inteligente","8":"product_tag-sensores-y-relevadores","9":"product_tag-smarthome-by-epcom","11":"first","12":"instock","13":"sale","14":"shipping-taxable","15":"purchasable","16":"product-type-simple"},"_links":{"self":[{"href":"https:\/\/soydeaqui.ddns.net\/pachuca\/index.php\/wp-json\/wp\/v2\/product\/694","targetHints":{"allow":["GET"]}}],"collection":[{"href":"https:\/\/soydeaqui.ddns.net\/pachuca\/index.php\/wp-json\/wp\/v2\/product"}],"about":[{"href":"https:\/\/soydeaqui.ddns.net\/pachuca\/index.php\/wp-json\/wp\/v2\/types\/product"}],"replies":[{"embeddable":true,"href":"https:\/\/soydeaqui.ddns.net\/pachuca\/index.php\/wp-json\/wp\/v2\/comments?post=694"}],"wp:featuredmedia":[{"embeddable":true,"href":"https:\/\/soydeaqui.ddns.net\/pachuca\/index.php\/wp-json\/wp\/v2\/media\/693"}],"wp:attachment":[{"href":"https:\/\/soydeaqui.ddns.net\/pachuca\/index.php\/wp-json\/wp\/v2\/media?parent=694"}],"wp:term":[{"taxonomy":"product_brand","embeddable":true,"href":"https:\/\/soydeaqui.ddns.net\/pachuca\/index.php\/wp-json\/wp\/v2\/product_brand?post=694"},{"taxonomy":"product_cat","embeddable":true,"href":"https:\/\/soydeaqui.ddns.net\/pachuca\/index.php\/wp-json\/wp\/v2\/product_cat?post=694"},{"taxonomy":"product_tag","embeddable":true,"href":"https:\/\/soydeaqui.ddns.net\/pachuca\/index.php\/wp-json\/wp\/v2\/product_tag?post=694"}],"curies":[{"name":"wp","href":"https:\/\/api.w.org\/{rel}","templated":true}]}}