{"id":69396,"date":"2026-03-19T10:45:04","date_gmt":"2026-03-19T10:45:04","guid":{"rendered":"https:\/\/soydeaqui.ddns.net\/pachuca\/index.php\/producto\/funda-reforzada-de-nylon-para-cinturon-con-correa-y-broche-frontal-estandar-en-mayoria-de-radios-ic-tk-nx-etc\/"},"modified":"2026-03-19T10:45:04","modified_gmt":"2026-03-19T10:45:04","slug":"funda-reforzada-de-nylon-para-cinturon-con-correa-y-broche-frontal-estandar-en-mayoria-de-radios-ic-tk-nx-etc","status":"publish","type":"product","link":"https:\/\/soydeaqui.ddns.net\/pachuca\/index.php\/producto\/funda-reforzada-de-nylon-para-cinturon-con-correa-y-broche-frontal-estandar-en-mayoria-de-radios-ic-tk-nx-etc\/","title":{"rendered":"Funda Reforzada de Nylon para Cintur\u00f3n con Correa y Broche Frontal, Estandar en Mayor\u00eda de Radios IC, TK, NX, etc."},"content":{"rendered":"<div style='width: 100%; max-width: 1200px; margin: 0 auto; font-family: sans-serif; line-height: 1.6; color: inherit; background-color: transparent;'> <!-- Secci\u00f3n de descripci\u00f3n principal --> <\/p>\n<div style='margin-bottom: 30px;'>\n<p style='font-size: 16px; margin-bottom: 15px; color: inherit;'> Funda de Nylon Reforzada dise\u00f1ada para satisfacer las necesidades de usuarios de seguridad p\u00fablica y privada&comma; as\u00ed como para ambientes hostiles&comma; extremosos y de alta actividad. Ofrece conveniencia y practicidad para una amplia variedad de radios&comma; con zona abierta para bot\u00f3n PTT&comma; micr\u00f3fono y bocina&comma; fabricada con forro sint\u00e9tico interno que permite soportar bater\u00edas sin afectar la calidad de audio. <\/p>\n<\/p><\/div>\n<p> <!-- Secci\u00f3n de caracter\u00edsticas --> <\/p>\n<div style='display: flex; flex-wrap: wrap; gap: 30px; margin-bottom: 30px;'>\n<div style='flex: 1 1 300px; min-width: 280px;'>\n<h3 style='font-size: 22px; border-bottom: 2px solid currentColor; padding-bottom: 5px; margin-top: 0; color: inherit; opacity: 0.8;'>Caracter\u00edsticas T\u00e9cnicas<\/h3>\n<ul style='padding-left: 20px; font-size: 15px; color: inherit;'>\n<li style='margin-bottom: 5px;'><strong>Material Externo:<\/strong> Nylon<\/li>\n<li style='margin-bottom: 5px;'><strong>Material Interno:<\/strong> Forro Sint\u00e9tico de Vinilo<\/li>\n<li style='margin-bottom: 5px;'><strong>Hilo:<\/strong> Poli\u00e9ster de Alta Resistencia<\/li>\n<li style='margin-bottom: 5px;'><strong>Cerradura:<\/strong> Broche y correas<\/li>\n<li style='margin-bottom: 5px;'><strong>Dimensiones:<\/strong> 58 x 85 x 37 mm<\/li>\n<\/ul><\/div>\n<p> <!-- Secci\u00f3n de compatibilidad --> <\/p>\n<div style='flex: 1 1 300px; min-width: 280px;'>\n<h3 style='font-size: 22px; border-bottom: 2px solid currentColor; padding-bottom: 5px; margin-top: 0; color: inherit; opacity: 0.8;'>Compatibilidad<\/h3>\n<ul style='padding-left: 20px; font-size: 15px; color: inherit;'>\n<li style='margin-bottom: 5px;'><strong>Radios ICOM:<\/strong> ICF3\/F3S&comma; F4\/F4S&comma; F3GS\/F3GT&comma; F4GS\/F4GT&comma; F30GS\/F30GT&comma; F40GS\/F40GT&comma; F33G\/S\/T&comma; F43G\/S\/T&comma; F4TR&comma; F43TR&comma; F11\/F11S&comma; F21\/F21S&comma; F14\/F14S&comma; F24\/F24S&comma; F50\/F60\/F50V&comma; F3021S\/F3021T&comma; F4021S\/F4021T&comma; F3061S\/F3061T&comma; F4061S\/F4061T<\/li>\n<li style='margin-bottom: 5px;'><strong>Radios KENWOOD:<\/strong> TK 2140\/3140&comma; TK-2160\/3160&comma; TK2170\/3170&comma; TK2202\/2202L&comma; TK3202\/3202L&comma; TK2212\/2212L&comma; TK32\/3212L&comma; TK2302\/3302&comma; TK2360\/3360<\/li>\n<li style='margin-bottom: 5px;'><strong>Otros:<\/strong> PRO3150\/EPA50<\/li>\n<\/ul><\/div>\n<\/p><\/div>\n<p> <!-- Secci\u00f3n de aplicaciones --> <\/p>\n<div style='display: flex; flex-wrap: wrap; gap: 20px; margin-bottom: 30px;'>\n<div style='flex: 1 1 250px; border: 1px solid rgba(150&comma; 150&comma; 150&comma; 0.4); border-radius: 8px; overflow: hidden; display: flex; flex-direction: column;'>\n<div style='padding: 15px; border-bottom: 1px solid rgba(150&comma; 150&comma; 150&comma; 0.2); font-weight: bold; font-size: 18px; color: inherit;'>Aplicaciones<\/div>\n<div style='padding: 15px; color: inherit;'>\n<ul style='padding-left: 20px; margin: 0; font-size: 14px; list-style-type: disc;'>\n<li style='margin-bottom: 5px;'>Seguridad P\u00fablica y Privada<\/li>\n<li style='margin-bottom: 5px;'>Ambientes hostiles y extremosos<\/li>\n<li style='margin-bottom: 5px;'>Trabajos de alta actividad<\/li>\n<\/ul><\/div>\n<\/p><\/div>\n<p> <!-- Secci\u00f3n de funcionalidades --> <\/p>\n<div style='flex: 1 1 250px; border: 1px solid rgba(150&comma; 150&comma; 150&comma; 0.4); border-radius: 8px; overflow: hidden; display: flex; flex-direction: column;'>\n<div style='padding: 15px; border-bottom: 1px solid rgba(150&comma; 150&comma; 150&comma; 0.2); font-weight: bold; font-size: 18px; color: inherit;'>Funcionalidades<\/div>\n<div style='padding: 15px; color: inherit;'>\n<ul style='padding-left: 20px; margin: 0; font-size: 14px; list-style-type: disc;'>\n<li style='margin-bottom: 5px;'>Zona abierta para bot\u00f3n PTT<\/li>\n<li style='margin-bottom: 5px;'>Acceso a micr\u00f3fono y bocina<\/li>\n<li style='margin-bottom: 5px;'>Forro sint\u00e9tico interno<\/li>\n<li style='margin-bottom: 5px;'>Soporte para bater\u00edas<\/li>\n<li style='margin-bottom: 5px;'>Dise\u00f1o est\u00e1ndar para comunicaci\u00f3n profesional<\/li>\n<\/ul><\/div>\n<\/p><\/div>\n<\/p><\/div>\n<p> <!-- Imagen --> <\/p>\n<div style='margin-bottom: 30px;'> <img style='width: 100%; height: auto; border: 1px solid rgba(150&comma;150&comma;150&comma;0.3); border-radius: 8px;' src='http:\/\/ftp3.syscom.mx\/usuarios\/fotos\/FSMPRO\/FSMPRO_1.png' alt='Funda Reforzada de Nylon KFSM-PRO'> <\/div>\n<p> <!-- Separador final --> <\/p>\n<hr style='border: 0; border-top: 1px solid rgba(150&comma; 150&comma; 150&comma; 0.3); margin: 30px 0;'> <\/div>\n","protected":false},"excerpt":{"rendered":"<p>Funda Reforzada de Nylon para Cintur\u00f3n con Correa y Broche Frontal, Estandar en Mayor\u00eda de Radios IC, TK, NX, etc.<\/p>\n","protected":false},"featured_media":69395,"comment_status":"open","ping_status":"closed","template":"","meta":[],"product_brand":[],"product_cat":[1796],"product_tag":[1583,1724,63],"class_list":{"0":"post-69396","1":"product","2":"type-product","3":"status-publish","4":"has-post-thumbnail","6":"product_cat-fundas-accesorios-para-hytera-hyt","7":"product_tag-accesorios-para-hytera-hyt","8":"product_tag-fundas","9":"product_tag-syscom","11":"first","12":"instock","13":"sale","14":"shipping-taxable","15":"purchasable","16":"product-type-simple"},"_links":{"self":[{"href":"https:\/\/soydeaqui.ddns.net\/pachuca\/index.php\/wp-json\/wp\/v2\/product\/69396","targetHints":{"allow":["GET"]}}],"collection":[{"href":"https:\/\/soydeaqui.ddns.net\/pachuca\/index.php\/wp-json\/wp\/v2\/product"}],"about":[{"href":"https:\/\/soydeaqui.ddns.net\/pachuca\/index.php\/wp-json\/wp\/v2\/types\/product"}],"replies":[{"embeddable":true,"href":"https:\/\/soydeaqui.ddns.net\/pachuca\/index.php\/wp-json\/wp\/v2\/comments?post=69396"}],"wp:featuredmedia":[{"embeddable":true,"href":"https:\/\/soydeaqui.ddns.net\/pachuca\/index.php\/wp-json\/wp\/v2\/media\/69395"}],"wp:attachment":[{"href":"https:\/\/soydeaqui.ddns.net\/pachuca\/index.php\/wp-json\/wp\/v2\/media?parent=69396"}],"wp:term":[{"taxonomy":"product_brand","embeddable":true,"href":"https:\/\/soydeaqui.ddns.net\/pachuca\/index.php\/wp-json\/wp\/v2\/product_brand?post=69396"},{"taxonomy":"product_cat","embeddable":true,"href":"https:\/\/soydeaqui.ddns.net\/pachuca\/index.php\/wp-json\/wp\/v2\/product_cat?post=69396"},{"taxonomy":"product_tag","embeddable":true,"href":"https:\/\/soydeaqui.ddns.net\/pachuca\/index.php\/wp-json\/wp\/v2\/product_tag?post=69396"}],"curies":[{"name":"wp","href":"https:\/\/api.w.org\/{rel}","templated":true}]}}