{"id":69392,"date":"2026-03-19T10:44:54","date_gmt":"2026-03-19T10:44:54","guid":{"rendered":"https:\/\/soydeaqui.ddns.net\/pachuca\/index.php\/producto\/charola-para-soportar-equipos-en-rack-de-19in-frontal-y-posterior-capacidad-de-136-kg-3ur-2\/"},"modified":"2026-03-19T10:44:55","modified_gmt":"2026-03-19T10:44:55","slug":"charola-para-soportar-equipos-en-rack-de-19in-frontal-y-posterior-capacidad-de-136-kg-3ur-2","status":"publish","type":"product","link":"https:\/\/soydeaqui.ddns.net\/pachuca\/index.php\/producto\/charola-para-soportar-equipos-en-rack-de-19in-frontal-y-posterior-capacidad-de-136-kg-3ur-2\/","title":{"rendered":"Charola Para Soportar Equipos en Rack de 19in, Frontal y Posterior, Capacidad de 136 Kg, 3UR"},"content":{"rendered":"<div style='width: 100%; max-width: 1200px; margin: 0 auto; font-family: sans-serif; line-height: 1.6; color: inherit; background-color: transparent;'>\n<div style='display: flex; flex-wrap: wrap; gap: 30px; margin-bottom: 30px;'>\n<div style='flex: 1 1 300px; min-width: 280px;'>\n<h3 style='font-size: 22px; border-bottom: 2px solid currentColor; padding-bottom: 5px; margin-top: 0; color: inherit; opacity: 0.8;'>Descripci\u00f3n General<\/h3>\n<p style='font-size: 15px; color: inherit;'>La charola de montaje en rack Panduit se puede usar para soportar equipo de prueba&comma; equipo inform\u00e1tico y peque\u00f1os dispositivos de red en cualquier rack EIA de 19 pulgadas (483 mm) de 2 postes. La charola de dos piezas se monta en la parte delantera y trasera de los Rack EIA de 2 postes.<\/p>\n<\/p><\/div>\n<\/p><\/div>\n<div style='display: flex; flex-wrap: wrap; gap: 30px; margin-bottom: 30px;'>\n<div style='flex: 1 1 300px; min-width: 280px;'>\n<h3 style='font-size: 22px; border-bottom: 2px solid currentColor; padding-bottom: 5px; margin-top: 0; color: inherit; opacity: 0.8;'>Especificaciones T\u00e9cnicas<\/h3>\n<ul style='padding-left: 20px; font-size: 15px; color: inherit;'>\n<li style='margin-bottom: 5px;'><strong>Modelo:<\/strong> SRM19CM3<\/li>\n<li style='margin-bottom: 5px;'><strong>Material:<\/strong> Aluminio<\/li>\n<li style='margin-bottom: 5px;'><strong>Unidades de Rack:<\/strong> 3 RU<\/li>\n<li style='margin-bottom: 5px;'><strong>Capacidad de Peso:<\/strong> 136 Kg (200 lbs)<\/li>\n<li style='margin-bottom: 5px;'><strong>Color:<\/strong> Negro<\/li>\n<li style='margin-bottom: 5px;'><strong>Dimensiones:<\/strong> 5.2&#8242; (133 mm) de alto&comma; 19.2&#8242; (489 mm) de ancho&comma; 25.0&#8242; (635 mm) de profundidad<\/li>\n<\/ul><\/div>\n<div style='flex: 1 1 300px; min-width: 280px;'>\n<h3 style='font-size: 22px; border-bottom: 2px solid currentColor; padding-bottom: 5px; margin-top: 0; color: inherit; opacity: 0.8;'>Caracter\u00edsticas y Beneficios<\/h3>\n<ul style='padding-left: 20px; font-size: 15px; color: inherit;'>\n<li style='margin-bottom: 5px;'>Dise\u00f1o de montaje central con soporte delantero y trasero para racks de 3&#8242; de canal<\/li>\n<li style='margin-bottom: 5px;'>Alta capacidad de carga para soportar equipos no montables en rack hasta 250 lbs (113 Kg)<\/li>\n<li style='margin-bottom: 5px;'>Compatible con racks EIA de 19&#8242; y 23&#8242; con brackets extensores PEB1 o PEB2<\/li>\n<li style='margin-bottom: 5px;'>Incluye tornillos de montaje #12-24<\/li>\n<\/ul><\/div>\n<\/p><\/div>\n<div style='display: flex; flex-wrap: wrap; gap: 30px; margin-bottom: 30px;'>\n<div style='flex: 1 1 300px; min-width: 280px;'>\n<h3 style='font-size: 22px; border-bottom: 2px solid currentColor; padding-bottom: 5px; margin-top: 0; color: inherit; opacity: 0.8;'>Aplicaciones<\/h3>\n<p style='font-size: 15px; color: inherit;'>La l\u00ednea Panduit de charolas proporciona una soluci\u00f3n est\u00e9ticamente agradable que permite montar equipos de prueba&comma; equipos inform\u00e1ticos y peque\u00f1os dispositivos de red en cualquier rack EIA de 19 pulgadas o rack de 23 pulgadas con brackets extensores PEB1 o PEB2. Esto permite dise\u00f1ar una disposici\u00f3n de red seg\u00fan especificaciones propias.<\/p>\n<\/p><\/div>\n<div style='flex: 1 1 300px; min-width: 280px;'>\n<h3 style='font-size: 22px; border-bottom: 2px solid currentColor; padding-bottom: 5px; margin-top: 0; color: inherit; opacity: 0.8;'>Compatibilidad<\/h3>\n<ul style='padding-left: 20px; font-size: 15px; color: inherit;'>\n<li style='margin-bottom: 5px;'>Racks Panduit de 8&#8242; 52 RU (R2P96)<\/li>\n<li style='margin-bottom: 5px;'>Racks Panduit de 7&#8242; 45 RU (R2P)<\/li>\n<li style='margin-bottom: 5px;'>Racks Panduit de 4&#8242; 24 RU (R2P48)<\/li>\n<li style='margin-bottom: 5px;'>Racks Panduit de 23&#8242; de ancho (R2PW)<\/li>\n<\/ul><\/div>\n<\/p><\/div>\n<div style='display: flex; flex-wrap: wrap; gap: 30px; margin-bottom: 30px;'>\n<div style='flex: 1 1 300px; min-width: 280px;'>\n<h3 style='font-size: 22px; border-bottom: 2px solid currentColor; padding-bottom: 5px; margin-top: 0; color: inherit; opacity: 0.8;'>Comparaci\u00f3n de Capacidad de Carga<\/h3>\n<ul style='padding-left: 20px; font-size: 15px; color: inherit;'>\n<li style='margin-bottom: 5px;'><strong>SRM19FM1:<\/strong> 30 lbs (13.6 Kg)<\/li>\n<li style='margin-bottom: 5px;'><strong>SRM19FM2:<\/strong> 50 lbs (22.7 Kg)<\/li>\n<li style='margin-bottom: 5px;'><strong>SRM19CM3:<\/strong> 200 lbs (90.7 Kg)<\/li>\n<li style='margin-bottom: 5px;'><strong>SRM19CMV3:<\/strong> 200 lbs (90.7 Kg)<\/li>\n<li style='margin-bottom: 5px;'><strong>SRM19X18A1:<\/strong> 250 lbs (113 Kg)<\/li>\n<li style='margin-bottom: 5px;'><strong>SRM19X25A1:<\/strong> 250 lbs (113 Kg)<\/li>\n<\/ul><\/div>\n<div style='flex: 1 1 300px; min-width: 280px;'>\n<h3 style='font-size: 22px; border-bottom: 2px solid currentColor; padding-bottom: 5px; margin-top: 0; color: inherit; opacity: 0.8;'>Opciones de Montaje<\/h3>\n<ul style='padding-left: 20px; font-size: 15px; color: inherit;'>\n<li style='margin-bottom: 5px;'>Montaje en racks de 3&#8242; o 6&#8242; de canal<\/li>\n<li style='margin-bottom: 5px;'>Dos posiciones de montaje disponibles para racks de 3&#8242; de canal<\/li>\n<li style='margin-bottom: 5px;'>Tres posiciones de montaje disponibles para racks de 6&#8242; de canal<\/li>\n<li style='margin-bottom: 5px;'>Requiere brackets extensores PEB1 o PEB2 para racks de 23&#8242;<\/li>\n<\/ul><\/div>\n<\/p><\/div>\n<hr style='border: 0; border-top: 1px solid rgba(150&comma; 150&comma; 150&comma; 0.3); margin: 30px 0;'> <\/div>\n","protected":false},"excerpt":{"rendered":"<p>Charola Para Soportar Equipos en Rack de 19in, Frontal y Posterior, Capacidad de 136 Kg, 3UR<\/p>\n","protected":false},"featured_media":69391,"comment_status":"open","ping_status":"closed","template":"","meta":[],"product_brand":[],"product_cat":[604],"product_tag":[606,445,605],"class_list":{"0":"post-69392","1":"product","2":"type-product","3":"status-publish","4":"has-post-thumbnail","6":"product_cat-accesorios-para-racks-y-gabinetes","7":"product_tag-accesorios-para-racks-y-gabinetes","8":"product_tag-panduit","9":"product_tag-racks-y-gabinetes","11":"first","12":"outofstock","13":"sale","14":"shipping-taxable","15":"purchasable","16":"product-type-simple"},"_links":{"self":[{"href":"https:\/\/soydeaqui.ddns.net\/pachuca\/index.php\/wp-json\/wp\/v2\/product\/69392","targetHints":{"allow":["GET"]}}],"collection":[{"href":"https:\/\/soydeaqui.ddns.net\/pachuca\/index.php\/wp-json\/wp\/v2\/product"}],"about":[{"href":"https:\/\/soydeaqui.ddns.net\/pachuca\/index.php\/wp-json\/wp\/v2\/types\/product"}],"replies":[{"embeddable":true,"href":"https:\/\/soydeaqui.ddns.net\/pachuca\/index.php\/wp-json\/wp\/v2\/comments?post=69392"}],"wp:featuredmedia":[{"embeddable":true,"href":"https:\/\/soydeaqui.ddns.net\/pachuca\/index.php\/wp-json\/wp\/v2\/media\/69391"}],"wp:attachment":[{"href":"https:\/\/soydeaqui.ddns.net\/pachuca\/index.php\/wp-json\/wp\/v2\/media?parent=69392"}],"wp:term":[{"taxonomy":"product_brand","embeddable":true,"href":"https:\/\/soydeaqui.ddns.net\/pachuca\/index.php\/wp-json\/wp\/v2\/product_brand?post=69392"},{"taxonomy":"product_cat","embeddable":true,"href":"https:\/\/soydeaqui.ddns.net\/pachuca\/index.php\/wp-json\/wp\/v2\/product_cat?post=69392"},{"taxonomy":"product_tag","embeddable":true,"href":"https:\/\/soydeaqui.ddns.net\/pachuca\/index.php\/wp-json\/wp\/v2\/product_tag?post=69392"}],"curies":[{"name":"wp","href":"https:\/\/api.w.org\/{rel}","templated":true}]}}