{"id":69390,"date":"2026-03-19T10:44:49","date_gmt":"2026-03-19T10:44:49","guid":{"rendered":"https:\/\/soydeaqui.ddns.net\/pachuca\/index.php\/producto\/curso-en-linea-sobre-soluciones-de-radiocomunicacion-ante-la-contingencia\/"},"modified":"2026-03-19T10:44:51","modified_gmt":"2026-03-19T10:44:51","slug":"curso-en-linea-sobre-soluciones-de-radiocomunicacion-ante-la-contingencia","status":"publish","type":"product","link":"https:\/\/soydeaqui.ddns.net\/pachuca\/index.php\/producto\/curso-en-linea-sobre-soluciones-de-radiocomunicacion-ante-la-contingencia\/","title":{"rendered":"Curso En L\u00ednea sobre Soluciones de Radiocomunicaci\u00f3n ante la Contingencia"},"content":{"rendered":"<div style='width: 100%; max-width: 1200px; margin: 0 auto; font-family: sans-serif; line-height: 1.6; color: inherit; background-color: transparent;'>\n<div style='display: flex; flex-wrap: wrap; gap: 30px; margin-bottom: 30px;'>\n<div style='flex: 1 1 300px; min-width: 280px;'>\n<h3 style='font-size: 22px; border-bottom: 2px solid currentColor; padding-bottom: 5px; margin-top: 0; color: inherit; opacity: 0.8;'>Sobre el curso<\/h3>\n<ul style='padding-left: 20px; font-size: 15px; color: inherit;'>\n<li style='margin-bottom: 5px;'><strong>Descripci\u00f3n:<\/strong> Opciones para poder atender de mejor manera las necesidades actuales del mercado ante la contingencia.<\/li>\n<li style='margin-bottom: 5px;'><strong>Requisitos:<\/strong> Distribuci\u00f3n en radiocomunicaci\u00f3n<\/li>\n<li style='margin-bottom: 5px;'><strong>A qui\u00e9n va dirigido:<\/strong> A todo el personal que utiliza&comma; distribuye y\/o requiere de una continua comunicaci\u00f3n manteniendo las recomendaciones de aislamiento.<\/li>\n<li style='margin-bottom: 5px;'><strong>Objetivo:<\/strong> Conocer las diversas maneras de comunicaci\u00f3n a distancia que permiten mantener los niveles de higiene requeridos hoy en d\u00eda.<\/li>\n<\/ul><\/div>\n<\/p><\/div>\n<hr style='border: 0; border-top: 1px solid rgba(150&comma; 150&comma; 150&comma; 0.3); margin: 30px 0;'>\n<div style='display: flex; flex-wrap: wrap; gap: 20px; margin-bottom: 30px;'>\n<div style='flex: 1 1 250px; border: 1px solid rgba(150&comma; 150&comma; 150&comma; 0.4); border-radius: 8px; overflow: hidden; display: flex; flex-direction: column;'>\n<div style='padding: 15px; border-bottom: 1px solid rgba(150&comma; 150&comma; 150&comma; 0.2); font-weight: bold; font-size: 18px; color: inherit;'>KENWOOD<\/div>\n<div style='padding: 15px; color: inherit;'>\n<ul style='padding-left: 20px; margin: 0; font-size: 14px; list-style-type: disc;'>\n<li style='margin-bottom: 5px;'>C\u00f3mo mantener la higiene de los equipos de radio cuando son compartidos entre el personal.<\/li>\n<li style='margin-bottom: 5px;'>Accesorios que nos ayudan a mantener la correcta higiene en el uso de los equipos.<\/li>\n<li style='margin-bottom: 5px;'>Equipo especializado y certificado para \u00e1reas de acceso restringido.<\/li>\n<li style='margin-bottom: 5px;'>Aplicativos que facilitan las actividades y minimizan riesgos.<\/li>\n<li style='margin-bottom: 5px;'>Sistemas que no dependen de la operaci\u00f3n o interacci\u00f3n con personal para su funcionamiento diario.<\/li>\n<\/ul><\/div>\n<\/p><\/div>\n<div style='flex: 1 1 250px; border: 1px solid rgba(150&comma; 150&comma; 150&comma; 0.4); border-radius: 8px; overflow: hidden; display: flex; flex-direction: column;'>\n<div style='padding: 15px; border-bottom: 1px solid rgba(150&comma; 150&comma; 150&comma; 0.2); font-weight: bold; font-size: 18px; color: inherit;'>NXRADIO<\/div>\n<div style='padding: 15px; color: inherit;'>\n<ul style='padding-left: 20px; margin: 0; font-size: 14px; list-style-type: disc;'>\n<li style='margin-bottom: 5px;'>NXRadio&comma; herramienta de comunicaci\u00f3n r\u00e1pida y segura.<\/li>\n<li style='margin-bottom: 5px;'>PoC un servicio de PTT con cobertura Nacional&comma; puesta en marcha en cuesti\u00f3n de minutos.<\/li>\n<li style='margin-bottom: 5px;'>Como mantener comunicado a su personal ante cualquier situaci\u00f3n.<\/li>\n<li style='margin-bottom: 5px;'>Coordinaci\u00f3n de grupos de trabajo.<\/li>\n<li style='margin-bottom: 5px;'>Caracter\u00edsticas de seguridad.<\/li>\n<li style='margin-bottom: 5px;'>Aproveche los recursos actuales de comunicaci\u00f3n de radio y mej\u00f3relos.<\/li>\n<\/ul><\/div>\n<\/p><\/div>\n<div style='flex: 1 1 250px; border: 1px solid rgba(150&comma; 150&comma; 150&comma; 0.4); border-radius: 8px; overflow: hidden; display: flex; flex-direction: column;'>\n<div style='padding: 15px; border-bottom: 1px solid rgba(150&comma; 150&comma; 150&comma; 0.2); font-weight: bold; font-size: 18px; color: inherit;'>ICOM<\/div>\n<div style='padding: 15px; color: inherit;'>\n<ul style='padding-left: 20px; margin: 0; font-size: 14px; list-style-type: disc;'>\n<li style='margin-bottom: 5px;'><strong>IP-100H<\/strong> &#8211; Radio IP&comma; utilice su red de WiFi para comunicarse en sus diferentes sucursales.<\/li>\n<li style='margin-bottom: 5px;'><strong>VEPG-4<\/strong> &#8211; En momentos de emergencia enlace y organice todas las corporaciones en segundos.<\/li>\n<li style='margin-bottom: 5px;'><strong>IC-SAT100<\/strong> &#8211; Comunicaci\u00f3n global a un solo PTT; ante las adversidades de la naturaleza&comma; mantenga una comunicaci\u00f3n r\u00e1pida y eficaz.<\/li>\n<li style='margin-bottom: 5px;'><strong>Equipo de Radio ICOM<\/strong> &#8211; Coordine y mantenga una r\u00e1pida y eficiente comunicaci\u00f3n ante cualquier circunstancia de emergencia.<\/li>\n<\/ul><\/div>\n<\/p><\/div>\n<\/p><\/div>\n<\/p><\/div>\n","protected":false},"excerpt":{"rendered":"<p>Curso En L\u00ednea sobre Soluciones de Radiocomunicaci\u00f3n ante la Contingencia<\/p>\n","protected":false},"featured_media":32,"comment_status":"open","ping_status":"closed","template":"","meta":[],"product_brand":[],"product_cat":[1965],"product_tag":[1966,1626,63],"class_list":{"0":"post-69390","1":"product","2":"type-product","3":"status-publish","4":"has-post-thumbnail","6":"product_cat-moviles-uhf","7":"product_tag-moviles-uhf","8":"product_tag-radios-comerciales-icom-kenwood-txpro","9":"product_tag-syscom","11":"first","12":"outofstock","13":"sale","14":"shipping-taxable","15":"purchasable","16":"product-type-simple"},"_links":{"self":[{"href":"https:\/\/soydeaqui.ddns.net\/pachuca\/index.php\/wp-json\/wp\/v2\/product\/69390","targetHints":{"allow":["GET"]}}],"collection":[{"href":"https:\/\/soydeaqui.ddns.net\/pachuca\/index.php\/wp-json\/wp\/v2\/product"}],"about":[{"href":"https:\/\/soydeaqui.ddns.net\/pachuca\/index.php\/wp-json\/wp\/v2\/types\/product"}],"replies":[{"embeddable":true,"href":"https:\/\/soydeaqui.ddns.net\/pachuca\/index.php\/wp-json\/wp\/v2\/comments?post=69390"}],"wp:featuredmedia":[{"embeddable":true,"href":"https:\/\/soydeaqui.ddns.net\/pachuca\/index.php\/wp-json\/wp\/v2\/media\/32"}],"wp:attachment":[{"href":"https:\/\/soydeaqui.ddns.net\/pachuca\/index.php\/wp-json\/wp\/v2\/media?parent=69390"}],"wp:term":[{"taxonomy":"product_brand","embeddable":true,"href":"https:\/\/soydeaqui.ddns.net\/pachuca\/index.php\/wp-json\/wp\/v2\/product_brand?post=69390"},{"taxonomy":"product_cat","embeddable":true,"href":"https:\/\/soydeaqui.ddns.net\/pachuca\/index.php\/wp-json\/wp\/v2\/product_cat?post=69390"},{"taxonomy":"product_tag","embeddable":true,"href":"https:\/\/soydeaqui.ddns.net\/pachuca\/index.php\/wp-json\/wp\/v2\/product_tag?post=69390"}],"curies":[{"name":"wp","href":"https:\/\/api.w.org\/{rel}","templated":true}]}}