{"id":69389,"date":"2026-03-19T10:44:45","date_gmt":"2026-03-19T10:44:45","guid":{"rendered":"https:\/\/soydeaqui.ddns.net\/pachuca\/index.php\/producto\/funda-de-piel-reforzada-con-visor-frontal-transparente-para-nx-220k-y-nx-320k-2\/"},"modified":"2026-03-19T10:44:46","modified_gmt":"2026-03-19T10:44:46","slug":"funda-de-piel-reforzada-con-visor-frontal-transparente-para-nx-220k-y-nx-320k-2","status":"publish","type":"product","link":"https:\/\/soydeaqui.ddns.net\/pachuca\/index.php\/producto\/funda-de-piel-reforzada-con-visor-frontal-transparente-para-nx-220k-y-nx-320k-2\/","title":{"rendered":"Funda de Piel reforzada con visor frontal transparente, para NX-220K y NX-320K."},"content":{"rendered":"<div style='width: 100%; max-width: 1200px; margin: 0 auto; font-family: sans-serif; line-height: 1.6; color: inherit; background-color: transparent;'> <!-- Secci\u00f3n de descripci\u00f3n general --> <\/p>\n<div style='margin-bottom: 30px;'>\n<h3 style='font-size: 22px; border-bottom: 2px solid currentColor; padding-bottom: 5px; margin-top: 0; color: inherit; opacity: 0.8;'>Descripci\u00f3n General<\/h3>\n<p style='font-size: 15px; color: inherit; margin-bottom: 15px;'>Funda de Piel reforzada con visor frontal transparente&comma; dise\u00f1ada espec\u00edficamente para radios port\u00e1tiles Kenwood. Fabricada con materiales de alta resistencia para soportar condiciones extremas y ambientes de alta actividad.<\/p>\n<p style='font-size: 15px; color: inherit; margin-bottom: 15px;'>Ofrece acceso a controles&comma; clip&comma; zona abierta para bot\u00f3n PTT&comma; conector de accesorios y micr\u00f3fono&comma; adem\u00e1s de perforaciones para la bocina. Su dise\u00f1o permite soportar las bater\u00edas sin comprometer la calidad de audio.<\/p>\n<\/p><\/div>\n<p> <!-- Secci\u00f3n de caracter\u00edsticas t\u00e9cnicas --> <\/p>\n<div style='display: flex; flex-wrap: wrap; gap: 30px; margin-bottom: 30px;'>\n<div style='flex: 1 1 300px; min-width: 280px;'>\n<h3 style='font-size: 22px; border-bottom: 2px solid currentColor; padding-bottom: 5px; margin-top: 0; color: inherit; opacity: 0.8;'>Caracter\u00edsticas T\u00e9cnicas<\/h3>\n<ul style='padding-left: 20px; font-size: 15px; color: inherit;'>\n<li style='margin-bottom: 5px;'><strong>Material externo:<\/strong> Piel vacuno original<\/li>\n<li style='margin-bottom: 5px;'><strong>Material interno:<\/strong> Forro sint\u00e9tico<\/li>\n<li style='margin-bottom: 5px;'><strong>Secciones transparentes:<\/strong> Mica de uso industrial<\/li>\n<li style='margin-bottom: 5px;'><strong>Hilo:<\/strong> Nylon de alta resistencia<\/li>\n<li style='margin-bottom: 5px;'><strong>Cerradura:<\/strong> Zipper met\u00e1lico<\/li>\n<li style='margin-bottom: 5px;'><strong>Dimensiones:<\/strong> 56 x 114 x 30.1 mm<\/li>\n<\/ul><\/div>\n<p> <!-- Secci\u00f3n de compatibilidad --> <\/p>\n<div style='flex: 1 1 300px; min-width: 280px;'>\n<h3 style='font-size: 22px; border-bottom: 2px solid currentColor; padding-bottom: 5px; margin-top: 0; color: inherit; opacity: 0.8;'>Compatibilidad<\/h3>\n<ul style='padding-left: 20px; font-size: 15px; color: inherit;'>\n<li style='margin-bottom: 5px;'><strong>Radios compatibles:<\/strong> Kenwood NX-220K&comma; NX-320K y NX-320K4<\/li>\n<\/ul><\/div>\n<\/p><\/div>\n<p> <!-- Secci\u00f3n de aplicaciones --> <\/p>\n<div style='margin-bottom: 30px;'>\n<h3 style='font-size: 22px; border-bottom: 2px solid currentColor; padding-bottom: 5px; margin-top: 0; color: inherit; opacity: 0.8;'>Aplicaciones<\/h3>\n<ul style='padding-left: 20px; font-size: 15px; color: inherit;'>\n<li style='margin-bottom: 5px;'>Seguridad p\u00fablica y privada<\/li>\n<li style='margin-bottom: 5px;'>Ambientes hostiles y extremos<\/li>\n<li style='margin-bottom: 5px;'>Operaciones de alta actividad<\/li>\n<\/ul><\/div>\n<p> <!-- Imagen del producto --> <\/p>\n<div style='margin-bottom: 30px;'> <img style='width: 100%; height: auto; border: 1px solid rgba(150&comma;150&comma;150&comma;0.3); border-radius: 8px;' src='http:\/\/ftp3.syscom.mx\/usuarios\/fotos\/FSMNX220T\/FSMNX220T_1.png' alt='Funda de Piel reforzada con visor frontal transparente'> <\/div>\n<p> <!-- Secci\u00f3n de beneficios --> <\/p>\n<div style='margin-bottom: 30px;'>\n<h3 style='font-size: 22px; border-bottom: 2px solid currentColor; padding-bottom: 5px; margin-top: 0; color: inherit; opacity: 0.8;'>Beneficios<\/h3>\n<ul style='padding-left: 20px; font-size: 15px; color: inherit;'>\n<li style='margin-bottom: 5px;'>Excelente nivel de conveniencia y practicidad<\/li>\n<li style='margin-bottom: 5px;'>Acceso completo a todos los controles y conectores<\/li>\n<li style='margin-bottom: 5px;'>Dise\u00f1o ergon\u00f3mico para f\u00e1cil manejo<\/li>\n<li style='margin-bottom: 5px;'>Protecci\u00f3n reforzada para uso en condiciones extremas<\/li>\n<\/ul><\/div>\n<p> <!-- Separador final --> <\/p>\n<hr style='border: 0; border-top: 1px solid rgba(150&comma; 150&comma; 150&comma; 0.3); margin: 30px 0;'> <\/div>\n","protected":false},"excerpt":{"rendered":"<p>Funda de Piel reforzada con visor frontal transparente, para NX-220K y NX-320K.<\/p>\n","protected":false},"featured_media":32,"comment_status":"open","ping_status":"closed","template":"","meta":[],"product_brand":[],"product_cat":[1753],"product_tag":[1579,1724,63],"class_list":{"0":"post-69389","1":"product","2":"type-product","3":"status-publish","4":"has-post-thumbnail","6":"product_cat-fundas-accesorios-para-kenwood","7":"product_tag-accesorios-para-kenwood","8":"product_tag-fundas","9":"product_tag-syscom","11":"first","12":"outofstock","13":"sale","14":"shipping-taxable","15":"purchasable","16":"product-type-simple"},"_links":{"self":[{"href":"https:\/\/soydeaqui.ddns.net\/pachuca\/index.php\/wp-json\/wp\/v2\/product\/69389","targetHints":{"allow":["GET"]}}],"collection":[{"href":"https:\/\/soydeaqui.ddns.net\/pachuca\/index.php\/wp-json\/wp\/v2\/product"}],"about":[{"href":"https:\/\/soydeaqui.ddns.net\/pachuca\/index.php\/wp-json\/wp\/v2\/types\/product"}],"replies":[{"embeddable":true,"href":"https:\/\/soydeaqui.ddns.net\/pachuca\/index.php\/wp-json\/wp\/v2\/comments?post=69389"}],"wp:featuredmedia":[{"embeddable":true,"href":"https:\/\/soydeaqui.ddns.net\/pachuca\/index.php\/wp-json\/wp\/v2\/media\/32"}],"wp:attachment":[{"href":"https:\/\/soydeaqui.ddns.net\/pachuca\/index.php\/wp-json\/wp\/v2\/media?parent=69389"}],"wp:term":[{"taxonomy":"product_brand","embeddable":true,"href":"https:\/\/soydeaqui.ddns.net\/pachuca\/index.php\/wp-json\/wp\/v2\/product_brand?post=69389"},{"taxonomy":"product_cat","embeddable":true,"href":"https:\/\/soydeaqui.ddns.net\/pachuca\/index.php\/wp-json\/wp\/v2\/product_cat?post=69389"},{"taxonomy":"product_tag","embeddable":true,"href":"https:\/\/soydeaqui.ddns.net\/pachuca\/index.php\/wp-json\/wp\/v2\/product_tag?post=69389"}],"curies":[{"name":"wp","href":"https:\/\/api.w.org\/{rel}","templated":true}]}}