{"id":69325,"date":"2026-03-19T10:42:17","date_gmt":"2026-03-19T10:42:17","guid":{"rendered":"https:\/\/soydeaqui.ddns.net\/pachuca\/index.php\/producto\/sensor-de-agua-o-liquidos-para-cuartos-de-telecomunicaciones-o-centros-de-datos-compatible-con-pdus-g5-smartzone-de-panduit-con-cable-de-5-metros\/"},"modified":"2026-03-19T10:42:28","modified_gmt":"2026-03-19T10:42:28","slug":"sensor-de-agua-o-liquidos-para-cuartos-de-telecomunicaciones-o-centros-de-datos-compatible-con-pdus-g5-smartzone-de-panduit-con-cable-de-5-metros","status":"publish","type":"product","link":"https:\/\/soydeaqui.ddns.net\/pachuca\/index.php\/producto\/sensor-de-agua-o-liquidos-para-cuartos-de-telecomunicaciones-o-centros-de-datos-compatible-con-pdus-g5-smartzone-de-panduit-con-cable-de-5-metros\/","title":{"rendered":"Sensor de Agua o L\u00edquidos, Para Cuartos de Telecomunicaciones o Centros de Datos, Compatible con PDUs G5 SmartZone de Panduit, Con Cable de 5 Metros"},"content":{"rendered":"<div style='width: 100%; max-width: 1200px; margin: 0 auto; font-family: sans-serif; line-height: 1.6; color: inherit; background-color: transparent;'>\n<div style='display: flex; flex-wrap: wrap; gap: 30px; margin-bottom: 30px;'>\n<div style='flex: 1 1 300px; min-width: 280px;'>\n<h3 style='font-size: 22px; border-bottom: 2px solid currentColor; padding-bottom: 5px; margin-top: 0; color: inherit; opacity: 0.8;'>Descripci\u00f3n<\/h3>\n<p style='font-size: 15px; color: inherit; margin-top: 0; margin-bottom: 15px;'>El sensor de fugas de agua est\u00e1 dise\u00f1ado para monitorear de manera confiable una ubicaci\u00f3n remota para detectar la presencia de agua o cualquier otro l\u00edquido conductivo. El sensor se puede extender hasta 30 metros utilizando un acoplamiento est\u00e1ndar RJ-45.<\/p>\n<\/p><\/div>\n<\/p><\/div>\n<div style='display: flex; flex-wrap: wrap; gap: 30px; margin-bottom: 30px;'>\n<div style='flex: 1 1 300px; min-width: 280px;'>\n<h3 style='font-size: 22px; border-bottom: 2px solid currentColor; padding-bottom: 5px; margin-top: 0; color: inherit; opacity: 0.8;'>Caracter\u00edsticas principales<\/h3>\n<ul style='padding-left: 20px; font-size: 15px; color: inherit;'>\n<li style='margin-bottom: 5px;'>Detecta cualquier l\u00edquido conductivo en centros de datos o gabinetes a lo largo de la longitud del cable<\/li>\n<li style='margin-bottom: 5px;'>Conexi\u00f3n RJ45 para conexi\u00f3n directa al puerto de sensor en la PDU inteligente G5 o concentrador de sensores<\/li>\n<li style='margin-bottom: 5px;'>Opci\u00f3n de montaje vers\u00e1til para permitir una f\u00e1cil implementaci\u00f3n dentro de un gabinete o cuarto de centro de datos<\/li>\n<li style='margin-bottom: 5px;'>Compatible con PDUs monitoreables G5 SmartZone de Panduit<\/li>\n<li style='margin-bottom: 5px;'>Configuraci\u00f3n Plug &#038; Play con rangos de alarma personalizables<\/li>\n<\/ul><\/div>\n<div style='flex: 1 1 300px; min-width: 280px;'>\n<h3 style='font-size: 22px; border-bottom: 2px solid currentColor; padding-bottom: 5px; margin-top: 0; color: inherit; opacity: 0.8;'>Aplicaciones<\/h3>\n<p style='font-size: 15px; color: inherit; margin-top: 0; margin-bottom: 15px;'>Monitoreo de fugas de agua o l\u00edquidos conductivos en:<\/p>\n<ul style='padding-left: 20px; font-size: 15px; color: inherit;'>\n<li style='margin-bottom: 5px;'>Centros de datos<\/li>\n<li style='margin-bottom: 5px;'>Gabinetes de telecomunicaciones<\/li>\n<li style='margin-bottom: 5px;'>Salas de telecomunicaciones<\/li>\n<li style='margin-bottom: 5px;'>Instalaciones industriales<\/li>\n<\/ul><\/div>\n<\/p><\/div>\n<div style='display: flex; flex-wrap: wrap; gap: 20px; margin-bottom: 30px;'>\n<div style='flex: 1 1 250px; border: 1px solid rgba(150&comma; 150&comma; 150&comma; 0.4); border-radius: 8px; overflow: hidden; display: flex; flex-direction: column;'>\n<div style='padding: 15px; border-bottom: 1px solid rgba(150&comma; 150&comma; 150&comma; 0.2); font-weight: bold; font-size: 18px; color: inherit;'>Especificaciones El\u00e9ctricas<\/div>\n<div style='padding: 15px; color: inherit;'>\n<ul style='padding-left: 20px; margin: 0; font-size: 14px; list-style-type: disc;'>\n<li style='margin-bottom: 5px;'><strong>Voltaje de operaci\u00f3n:<\/strong> 5 Vcc<\/li>\n<li style='margin-bottom: 5px;'><strong>Rango de medici\u00f3n:<\/strong> L\u00edquidos con resistencia menor a 2M Ohms por cent\u00edmetro<\/li>\n<\/ul><\/div>\n<\/p><\/div>\n<div style='flex: 1 1 250px; border: 1px solid rgba(150&comma;150&comma;150&comma;0.4); border-radius: 8px; overflow: hidden; display: flex; flex-direction: column;'>\n<div style='padding: 15px; border-bottom: 1px solid rgba(150&comma;150&comma;150&comma;0.2); font-weight: bold; font-size: 18px; color: inherit;'>Especificaciones F\u00edsicas<\/div>\n<div style='padding: 15px; color: inherit;'>\n<ul style='padding-left: 20px; margin: 0; font-size: 14px; list-style-type: disc;'>\n<li style='margin-bottom: 5px;'><strong>Longitud del cable:<\/strong> 5 metros (extensi\u00f3n disponible por separado)<\/li>\n<li style='margin-bottom: 5px;'><strong>Dimensiones:<\/strong> 60 x 60 x 20 mm (Ancho x Largo x Alto)<\/li>\n<li style='margin-bottom: 5px;'><strong>Montaje:<\/strong> Sujetacables y soporte adhesivo (incluido)<\/li>\n<\/ul><\/div>\n<\/p><\/div>\n<div style='flex: 1 1 250px; border: 1px solid rgba(150&comma;150&comma;150&comma;0.4); border-radius: 8px; overflow: hidden; display: flex; flex-direction: column;'>\n<div style='padding: 15px; border-bottom: 1px solid rgba(150&comma;150&comma;150&comma;0.2); font-weight: bold; font-size: 18px; color: inherit;'>Condiciones Ambientales<\/div>\n<div style='padding: 15px; color: inherit;'>\n<ul style='padding-left: 20px; margin: 0; font-size: 14px; list-style-type: disc;'>\n<li style='margin-bottom: 5px;'><strong>Altitud:<\/strong> 0-10&comma;000 pies (0-3&comma;048 m) operaci\u00f3n\/0-50&comma;000 pies (0-15&comma;240 m) almacenamiento<\/li>\n<li style='margin-bottom: 5px;'><strong>Temperatura:<\/strong> 0\u00b0C a +65\u00b0C (operaci\u00f3n)\/-20\u00b0C a +70\u00b0C (almacenamiento)<\/li>\n<li style='margin-bottom: 5px;'><strong>Humedad:<\/strong> 10-95% HR&comma; sin condensaci\u00f3n (operaci\u00f3n)<\/li>\n<\/ul><\/div>\n<\/p><\/div>\n<div style='flex: 1 1 250px; border: 1px solid rgba(150&comma;150&comma;150&comma;0.4); border-radius: 8px; overflow: hidden; display: flex; flex-direction: column;'>\n<div style='padding: 15px; border-bottom: 1px solid rgba(150&comma;150&comma;150&comma;0.2); font-weight: bold; font-size: 18px; color: inherit;'>Conformidad<\/div>\n<div style='padding: 15px; color: inherit;'>\n<ul style='padding-left: 20px; margin: 0; font-size: 14px; list-style-type: disc;'>\n<li style='margin-bottom: 5px;'>RoHS<\/li>\n<li style='margin-bottom: 5px;'>WEEE<\/li>\n<\/ul><\/div>\n<\/p><\/div>\n<\/p><\/div>\n<hr style='border: 0; border-top: 1px solid rgba(150&comma; 150&comma; 150&comma; 0.3); margin: 30px 0;'>\n<div style='display: flex; flex-wrap: wrap; gap: 30px; margin-bottom: 30px;'>\n<div style='flex: 1 1 300px; min-width: 280px;'>\n<h3 style='font-size: 22px; border-bottom: 2px solid currentColor; padding-bottom: 5px; margin-top: 0; color: inherit; opacity: 0.8;'>Notas de Instalaci\u00f3n<\/h3>\n<ul style='padding-left: 20px; font-size: 15px; color: inherit;'>\n<li style='margin-bottom: 5px;'>Colocar el sensor sobre la superficie a monitorear<\/li>\n<li style='margin-bottom: 5px;'>Fijar el cable con sujetacables y\/o soportes adhesivos<\/li>\n<li style='margin-bottom: 5px;'>Conectar el cable RJ45 a un puerto de sensor en la PDU inteligente G5 o concentrador de sensores<\/li>\n<li style='margin-bottom: 5px;'>Evitar colocar sobre superficies met\u00e1licas o pisos de cemento que puedan generar se\u00f1ales falsas<\/li>\n<li style='margin-bottom: 5px;'>Configurar condiciones espec\u00edficas de alarma a trav\u00e9s de la interfaz web de la PDU G5<\/li>\n<\/ul><\/div>\n<div style='flex: 1 1 300px; min-width: 280px;'>\n<h3 style='font-size: 22px; border-bottom: 2px solid currentColor; padding-bottom: 5px; margin-top: 0; color: inherit; opacity: 0.8;'>Accesorios Opcionales<\/h3>\n<ul style='padding-left: 20px; font-size: 15px; color: inherit;'>\n<li style='margin-bottom: 5px;'>Soportes adhesivos adicionales (5 unidades por paquete)<\/li>\n<li style='margin-bottom: 5px;'>Acoplador r\u00e1pido RJ45 (se vende por separado)<\/li>\n<li style='margin-bottom: 5px;'>Cable de extensi\u00f3n de 2.0m (modelo: UTP28CH2MBL)<\/li>\n<li style='margin-bottom: 5px;'>Pad de instalaci\u00f3n (se incluye con el sensor)<\/li>\n<\/ul><\/div>\n<\/p><\/div>\n<hr style='border: 0; border-top: 1px solid rgba(150&comma; 150&comma; 150&comma; 0.3); margin: 30px 0;'>\n<div style='display: flex; flex-wrap: wrap; gap: 30px; margin-bottom: 30px;'>\n<div style='flex: 1 1 300px; min-width: 280px;'>\n<h3 style='font-size: 22px; border-bottom: 2px solid currentColor; padding-bottom: 5px; margin-top: 0; color: inherit; opacity: 0.8;'>Notas Importantes<\/h3>\n<ul style='padding-left: 20px; font-size: 15px; color: inherit;'>\n<li style='margin-bottom: 5px;'>El sensor debe conectarse exclusivamente a una PDU G5 SmartZone<\/li>\n<li style='margin-bottom: 5px;'>La conexi\u00f3n a otros dispositivos podr\u00eda causar da\u00f1os<\/li>\n<li style='margin-bottom: 5px;'>El sensor no detecta l\u00edquidos no conductivos<\/li>\n<li style='margin-bottom: 5px;'>No es recomendado para instalaci\u00f3n en ambientes con condensaci\u00f3n<\/li>\n<\/ul><\/div>\n<\/p><\/div>\n<\/p><\/div>\n","protected":false},"excerpt":{"rendered":"<p>Sensor de Agua o L\u00edquidos, Para Cuartos de Telecomunicaciones o Centros de Datos, Compatible con PDUs G5 SmartZone de Panduit, Con Cable de 5 Metros<\/p>\n","protected":false},"featured_media":69324,"comment_status":"open","ping_status":"closed","template":"","meta":[],"product_brand":[],"product_cat":[604],"product_tag":[606,445,605],"class_list":{"0":"post-69325","1":"product","2":"type-product","3":"status-publish","4":"has-post-thumbnail","6":"product_cat-accesorios-para-racks-y-gabinetes","7":"product_tag-accesorios-para-racks-y-gabinetes","8":"product_tag-panduit","9":"product_tag-racks-y-gabinetes","11":"first","12":"outofstock","13":"sale","14":"shipping-taxable","15":"purchasable","16":"product-type-simple"},"_links":{"self":[{"href":"https:\/\/soydeaqui.ddns.net\/pachuca\/index.php\/wp-json\/wp\/v2\/product\/69325","targetHints":{"allow":["GET"]}}],"collection":[{"href":"https:\/\/soydeaqui.ddns.net\/pachuca\/index.php\/wp-json\/wp\/v2\/product"}],"about":[{"href":"https:\/\/soydeaqui.ddns.net\/pachuca\/index.php\/wp-json\/wp\/v2\/types\/product"}],"replies":[{"embeddable":true,"href":"https:\/\/soydeaqui.ddns.net\/pachuca\/index.php\/wp-json\/wp\/v2\/comments?post=69325"}],"wp:featuredmedia":[{"embeddable":true,"href":"https:\/\/soydeaqui.ddns.net\/pachuca\/index.php\/wp-json\/wp\/v2\/media\/69324"}],"wp:attachment":[{"href":"https:\/\/soydeaqui.ddns.net\/pachuca\/index.php\/wp-json\/wp\/v2\/media?parent=69325"}],"wp:term":[{"taxonomy":"product_brand","embeddable":true,"href":"https:\/\/soydeaqui.ddns.net\/pachuca\/index.php\/wp-json\/wp\/v2\/product_brand?post=69325"},{"taxonomy":"product_cat","embeddable":true,"href":"https:\/\/soydeaqui.ddns.net\/pachuca\/index.php\/wp-json\/wp\/v2\/product_cat?post=69325"},{"taxonomy":"product_tag","embeddable":true,"href":"https:\/\/soydeaqui.ddns.net\/pachuca\/index.php\/wp-json\/wp\/v2\/product_tag?post=69325"}],"curies":[{"name":"wp","href":"https:\/\/api.w.org\/{rel}","templated":true}]}}