{"id":69323,"date":"2026-03-19T10:42:14","date_gmt":"2026-03-19T10:42:14","guid":{"rendered":"https:\/\/soydeaqui.ddns.net\/pachuca\/index.php\/producto\/aislador-de-etapa-sencilla-380-415-mhz-banda-ancha-de-35-mhz-carga-de-60-watt-125-watt-n-hembras\/"},"modified":"2026-03-19T10:42:15","modified_gmt":"2026-03-19T10:42:15","slug":"aislador-de-etapa-sencilla-380-415-mhz-banda-ancha-de-35-mhz-carga-de-60-watt-125-watt-n-hembras","status":"publish","type":"product","link":"https:\/\/soydeaqui.ddns.net\/pachuca\/index.php\/producto\/aislador-de-etapa-sencilla-380-415-mhz-banda-ancha-de-35-mhz-carga-de-60-watt-125-watt-n-hembras\/","title":{"rendered":"Aislador de Etapa Sencilla, 380-415 MHz, Banda Ancha de 35 MHz, Carga de 60 Watt, 125 Watt, N Hembras."},"content":{"rendered":"<div style='width: 100%; max-width: 1200px; margin: 0 auto; font-family: sans-serif; line-height: 1.6; color: inherit; background-color: transparent;'> <!-- Secci\u00f3n de caracter\u00edsticas principales --> <\/p>\n<div style='display: flex; flex-wrap: wrap; gap: 30px; margin-bottom: 30px;'>\n<div style='flex: 1 1 300px; min-width: 280px;'>\n<h3 style='font-size: 22px; border-bottom: 2px solid currentColor; padding-bottom: 5px; margin-top: 0; color: inherit; opacity: 0.8;'>Caracter\u00edsticas Principales<\/h3>\n<ul style='padding-left: 20px; font-size: 15px; color: inherit;'>\n<li style='margin-bottom: 5px;'><strong>Rango de Frecuencia:<\/strong> 380-415 MHz<\/li>\n<li style='margin-bottom: 5px;'><strong>Ancho de Banda:<\/strong> 35 MHz<\/li>\n<li style='margin-bottom: 5px;'><strong>Tipo:<\/strong> Etapa Sencilla<\/li>\n<li style='margin-bottom: 5px;'><strong>Sintonizable en Campo:<\/strong> No<\/li>\n<li style='margin-bottom: 5px;'><strong>VSWR (m\u00e1x.):<\/strong> 1.2:1<\/li>\n<li style='margin-bottom: 5px;'><strong>P\u00e9rdida por Inserci\u00f3n (m\u00e1x.):<\/strong> 0.4 dB<\/li>\n<li style='margin-bottom: 5px;'><strong>Impedancia:<\/strong> 50 Ohm<\/li>\n<\/ul><\/div>\n<\/p><\/div>\n<p> <!-- Secci\u00f3n de potencia --> <\/p>\n<div style='display: flex; flex-wrap: wrap; gap: 30px; margin-bottom: 30px;'>\n<div style='flex: 1 1 300px; min-width: 280px;'>\n<h3 style='font-size: 22px; border-bottom: 2px solid currentColor; padding-bottom: 5px; margin-top: 0; color: inherit; opacity: 0.8;'>Especificaciones de Potencia<\/h3>\n<ul style='padding-left: 20px; font-size: 15px; color: inherit;'>\n<li style='margin-bottom: 5px;'><strong>Potencia Promedio Reflejada (m\u00e1x.):<\/strong> 60 Watt<\/li>\n<li style='margin-bottom: 5px;'><strong>Potencia Promedio de Entrada (m\u00e1x.):<\/strong> 125 Watt<\/li>\n<\/ul><\/div>\n<\/p><\/div>\n<p> <!-- Secci\u00f3n de conectores --> <\/p>\n<div style='display: flex; flex-wrap: wrap; gap: 30px; margin-bottom: 30px;'>\n<div style='flex: 1 1 300px; min-width: 280px;'>\n<h3 style='font-size: 22px; border-bottom: 2px solid currentColor; padding-bottom: 5px; margin-top: 0; color: inherit; opacity: 0.8;'>Conectores<\/h3>\n<ul style='padding-left: 20px; font-size: 15px; color: inherit;'>\n<li style='margin-bottom: 5px;'><strong>Entrada:<\/strong> N Hembra<\/li>\n<li style='margin-bottom: 5px;'><strong>Salida:<\/strong> N Hembra<\/li>\n<\/ul><\/div>\n<\/p><\/div>\n<p> <!-- Secci\u00f3n de aislamiento --> <\/p>\n<div style='display: flex; flex-wrap: wrap; gap: 30px; margin-bottom: 30px;'>\n<div style='flex: 1 1 300px; min-width: 280px;'>\n<h3 style='font-size: 22px; border-bottom: 2px solid currentColor; padding-bottom: 5px; margin-top: 0; color: inherit; opacity: 0.8;'>Aislamiento<\/h3>\n<ul style='padding-left: 20px; font-size: 15px; color: inherit;'>\n<li style='margin-bottom: 5px;'><strong>Aislamiento (m\u00edn.):<\/strong> 25 dB<\/li>\n<\/ul><\/div>\n<\/p><\/div>\n<p> <!-- Secci\u00f3n mec\u00e1nica --> <\/p>\n<div style='display: flex; flex-wrap: wrap; gap: 30px; margin-bottom: 30px;'>\n<div style='flex: 1 1 300px; min-width: 280px;'>\n<h3 style='font-size: 22px; border-bottom: 2px solid currentColor; padding-bottom: 5px; margin-top: 0; color: inherit; opacity: 0.8;'>Especificaciones Mec\u00e1nicas<\/h3>\n<ul style='padding-left: 20px; font-size: 15px; color: inherit;'>\n<li style='margin-bottom: 5px;'><strong>Peso Neto (solo circulador):<\/strong> 0.54 kg<\/li>\n<li style='margin-bottom: 5px;'><strong>N\u00famero de Conectores:<\/strong> 2<\/li>\n<li style='margin-bottom: 5px;'><strong>Ancho:<\/strong> 38 mm<\/li>\n<li style='margin-bottom: 5px;'><strong>Profundidad:<\/strong> 64 mm<\/li>\n<li style='margin-bottom: 5px;'><strong>Altura:<\/strong> 88 mm<\/li>\n<li style='margin-bottom: 5px;'><strong>Dimensiones de Empaque:<\/strong> 152 x 127 x 102 mm<\/li>\n<\/ul><\/div>\n<\/p><\/div>\n<p> <!-- Secci\u00f3n ambiental --> <\/p>\n<div style='display: flex; flex-wrap: wrap; gap: 30px; margin-bottom: 30px;'>\n<div style='flex: 1 1 300px; min-width: 280px;'>\n<h3 style='font-size: 22px; border-bottom: 2px solid currentColor; padding-bottom: 5px; margin-top: 0; color: inherit; opacity: 0.8;'>Especificaciones Ambientales<\/h3>\n<ul style='padding-left: 20px; font-size: 15px; color: inherit;'>\n<li style='margin-bottom: 5px;'><strong>Rango de Temperatura:<\/strong> -30 a +60 \u00b0C<\/li>\n<\/ul><\/div>\n<\/p><\/div>\n<p> <!-- Nota --> <\/p>\n<div style='margin-top: 30px; padding: 15px; border-left: 4px solid rgba(150&comma; 150&comma; 150&comma; 0.4); background-color: rgba(150&comma; 150&comma; 150&comma; 0.05); color: inherit;'>\n<p style='margin: 0;'><strong>*Pregunte por tiempo de entrega.<\/strong><\/p>\n<\/p><\/div>\n<\/p><\/div>\n","protected":false},"excerpt":{"rendered":"<p>Aislador de Etapa Sencilla, 380-415 MHz, Banda Ancha de 35 MHz, Carga de 60 Watt, 125 Watt, N Hembras.<\/p>\n","protected":false},"featured_media":69322,"comment_status":"open","ping_status":"closed","template":"","meta":[],"product_brand":[],"product_cat":[1718],"product_tag":[1719,1660,1671],"class_list":{"0":"post-69323","1":"product","2":"type-product","3":"status-publish","4":"has-post-thumbnail","6":"product_cat-combinadores","7":"product_tag-combinadores","8":"product_tag-filtros-y-sistemas-en-rf","9":"product_tag-sinclair","11":"first","12":"outofstock","13":"sale","14":"shipping-taxable","15":"purchasable","16":"product-type-simple"},"_links":{"self":[{"href":"https:\/\/soydeaqui.ddns.net\/pachuca\/index.php\/wp-json\/wp\/v2\/product\/69323","targetHints":{"allow":["GET"]}}],"collection":[{"href":"https:\/\/soydeaqui.ddns.net\/pachuca\/index.php\/wp-json\/wp\/v2\/product"}],"about":[{"href":"https:\/\/soydeaqui.ddns.net\/pachuca\/index.php\/wp-json\/wp\/v2\/types\/product"}],"replies":[{"embeddable":true,"href":"https:\/\/soydeaqui.ddns.net\/pachuca\/index.php\/wp-json\/wp\/v2\/comments?post=69323"}],"wp:featuredmedia":[{"embeddable":true,"href":"https:\/\/soydeaqui.ddns.net\/pachuca\/index.php\/wp-json\/wp\/v2\/media\/69322"}],"wp:attachment":[{"href":"https:\/\/soydeaqui.ddns.net\/pachuca\/index.php\/wp-json\/wp\/v2\/media?parent=69323"}],"wp:term":[{"taxonomy":"product_brand","embeddable":true,"href":"https:\/\/soydeaqui.ddns.net\/pachuca\/index.php\/wp-json\/wp\/v2\/product_brand?post=69323"},{"taxonomy":"product_cat","embeddable":true,"href":"https:\/\/soydeaqui.ddns.net\/pachuca\/index.php\/wp-json\/wp\/v2\/product_cat?post=69323"},{"taxonomy":"product_tag","embeddable":true,"href":"https:\/\/soydeaqui.ddns.net\/pachuca\/index.php\/wp-json\/wp\/v2\/product_tag?post=69323"}],"curies":[{"name":"wp","href":"https:\/\/api.w.org\/{rel}","templated":true}]}}