{"id":69321,"date":"2026-03-19T10:42:08","date_gmt":"2026-03-19T10:42:08","guid":{"rendered":"https:\/\/soydeaqui.ddns.net\/pachuca\/index.php\/producto\/sensor-de-monitoreo-ambiental-de-temperatura-para-gabinetes-de-telecomunicaciones-o-centros-de-datos-compatible-con-pdus-g5-smartzone-de-panduit-con-cable-de-2-metros\/"},"modified":"2026-03-19T10:42:09","modified_gmt":"2026-03-19T10:42:09","slug":"sensor-de-monitoreo-ambiental-de-temperatura-para-gabinetes-de-telecomunicaciones-o-centros-de-datos-compatible-con-pdus-g5-smartzone-de-panduit-con-cable-de-2-metros","status":"publish","type":"product","link":"https:\/\/soydeaqui.ddns.net\/pachuca\/index.php\/producto\/sensor-de-monitoreo-ambiental-de-temperatura-para-gabinetes-de-telecomunicaciones-o-centros-de-datos-compatible-con-pdus-g5-smartzone-de-panduit-con-cable-de-2-metros\/","title":{"rendered":"Sensor de Monitoreo Ambiental de Temperatura, Para Gabinetes de Telecomunicaciones o Centros de Datos, Compatible con PDU&#8217;s G5 SmartZone de Panduit, Con Cable de 2 Metros"},"content":{"rendered":"<div style='width: 100%; max-width: 1200px; margin: 0 auto; font-family: sans-serif; line-height: 1.6; color: inherit; background-color: transparent;'> <!-- Descripci\u00f3n general --> <\/p>\n<div style='margin-bottom: 30px;'>\n<h2 style='font-size: 24px; border-bottom: 2px solid currentColor; padding-bottom: 5px; margin-top: 0; color: inherit; opacity: 0.9;'>Descripci\u00f3n<\/h2>\n<p style='font-size: 15px; color: inherit; margin-bottom: 15px;'>Los sensores de temperatura y humedad de Panduit est\u00e1n dise\u00f1ados para agregar un monitoreo ambiental integral a cualquier iPDU G5. Los sensores ambientales est\u00e1n dise\u00f1ados con un microchip incorporado que convierte las se\u00f1ales anal\u00f3gicas a formato digital antes de que los datos viajen a la iPDU&comma; proporcionando una mayor precisi\u00f3n de la informaci\u00f3n.<\/p>\n<p style='font-size: 15px; color: inherit; margin-bottom: 15px;'>La instalaci\u00f3n de los sensores y el mantenimiento continuo del equipo se ven facilitados por el uso del acoplador de desconexi\u00f3n r\u00e1pida y el cable de conexi\u00f3n Ethernet&comma; que permiten la extensi\u00f3n conveniente de los sensores&comma; el movimiento del equipo y un m\u00e9todo de desconexi\u00f3n f\u00e1cil para quitar las puertas del gabinete.<\/p>\n<\/p><\/div>\n<p> <!-- Caracter\u00edsticas principales --> <\/p>\n<div style='margin-bottom: 30px;'>\n<h3 style='font-size: 22px; border-bottom: 2px solid currentColor; padding-bottom: 5px; margin-top: 0; color: inherit; opacity: 0.8;'>Caracter\u00edsticas principales<\/h3>\n<ul style='padding-left: 20px; font-size: 15px; color: inherit; margin-top: 15px;'>\n<li style='margin-bottom: 5px;'>Sensor con microchip para se\u00f1al digital precisa<\/li>\n<li style='margin-bottom: 5px;'>Conector RJ45 est\u00e1ndar para conexi\u00f3n fiable<\/li>\n<li style='margin-bottom: 5px;'>Voltaje operativo de 5 Vcc<\/li>\n<li style='margin-bottom: 5px;'>Exactitud de \u00b12\u00b0C con rango 0\u00b0C~+65\u00b0C<\/li>\n<li style='margin-bottom: 5px;'>Cumple con RoHS para seguridad ambiental<\/li>\n<\/ul><\/div>\n<p> <!-- Especificaciones t\u00e9cnicas --> <\/p>\n<div style='display: flex; flex-wrap: wrap; gap: 20px; margin-bottom: 30px;'>\n<div style='flex: 1 1 250px; border: 1px solid rgba(150&comma; 150&comma; 150&comma; 0.4); border-radius: 8px; overflow: hidden; display: flex; flex-direction: column;'>\n<div style='padding: 15px; border-bottom: 1px solid rgba(150&comma; 150&comma; 150&comma; 0.2); font-weight: bold; font-size: 18px; color: inherit;'>Especificaciones El\u00e9ctricas<\/div>\n<div style='padding: 15px; color: inherit;'>\n<ul style='padding-left: 20px; margin: 0; font-size: 14px; list-style-type: disc;'>\n<li style='margin-bottom: 5px;'><strong>Voltaje de operaci\u00f3n:<\/strong> 5 Vcc<\/li>\n<li style='margin-bottom: 5px;'><strong>Exactitud:<\/strong> \u00b12\u00b0C<\/li>\n<li style='margin-bottom: 5px;'><strong>Rango de medici\u00f3n:<\/strong> 0\u00b0C~+65\u00b0C&comma; 10 \u2013 90% RH&comma; sin condensaci\u00f3n<\/li>\n<\/ul><\/div>\n<\/p><\/div>\n<div style='flex: 1 1 250px; border: 1px solid rgba(150&comma; 150&comma; 150&comma; 0.4); border-radius: 8px; overflow: hidden; display: flex; flex-direction: column;'>\n<div style='padding: 15px; border-bottom: 1px solid rgba(150&comma; 150&comma; 150&comma; 0.2); font-weight: bold; font-size: 18px; color: inherit;'>Especificaciones F\u00edsicas<\/div>\n<div style='padding: 15px; color: inherit;'>\n<ul style='padding-left: 20px; margin: 0; font-size: 14px; list-style-type: disc;'>\n<li style='margin-bottom: 5px;'><strong>Longitud:<\/strong> 2 m<\/li>\n<li style='margin-bottom: 5px;'><strong>Conexi\u00f3n:<\/strong> RJ45 est\u00e1ndar<\/li>\n<li style='margin-bottom: 5px;'><strong>Color:<\/strong> Negro<\/li>\n<\/ul><\/div>\n<\/p><\/div>\n<div style='flex: 1 1 250px; border: 1px solid rgba(150&comma; 150&comma; 150&comma; 0.4); border-radius: 8px; overflow: hidden; display: flex; flex-direction: column;'>\n<div style='padding: 15px; border-bottom: 1px solid rgba(150&comma; 150&comma; 150&comma; 0.2); font-weight: bold; font-size: 18px; color: inherit;'>Condiciones Ambientales<\/div>\n<div style='padding: 15px; color: inherit;'>\n<ul style='padding-left: 20px; margin: 0; font-size: 14px; list-style-type: disc;'>\n<li style='margin-bottom: 5px;'><strong>Temperatura operativa:<\/strong> 0\u00b0C~+65\u00b0C<\/li>\n<li style='margin-bottom: 5px;'><strong>Temperatura de almacenamiento:<\/strong> -20\u00b0C~+70\u00b0C<\/li>\n<li style='margin-bottom: 5px;'><strong>Humedad:<\/strong> 10 \u2013 90% RH&comma; sin condensaci\u00f3n<\/li>\n<\/ul><\/div>\n<\/p><\/div>\n<div style='flex: 1 1 250px; border: 1px solid rgba(150&comma; 150&comma; 150&comma; 0.4); border-radius: 8px; overflow: hidden; display: flex; flex-direction: column;'>\n<div style='padding: 15px; border-bottom: 1px solid rgba(150&comma; 150&comma; 150&comma; 0.2); font-weight: bold; font-size: 18px; color: inherit;'>Cumplimiento<\/div>\n<div style='padding: 15px; color: inherit;'>\n<ul style='padding-left: 20px; margin: 0; font-size: 14px; list-style-type: disc;'>\n<li style='margin-bottom: 5px;'><strong>RoHS:<\/strong> Cumple con RoHS<\/li>\n<\/ul><\/div>\n<\/p><\/div>\n<\/p><\/div>\n<p> <!-- Aplicaciones --> <\/p>\n<div style='margin-bottom: 30px;'>\n<h3 style='font-size: 22px; border-bottom: 2px solid currentColor; padding-bottom: 5px; margin-top: 0; color: inherit; opacity: 0.8;'>Aplicaciones<\/h3>\n<ul style='padding-left: 20px; font-size: 15px; color: inherit; margin-top: 15px;'>\n<li style='margin-bottom: 5px;'>Monitoreo ambiental integral en gabinetes de telecomunicaciones<\/li>\n<li style='margin-bottom: 5px;'>Control de temperatura y humedad en centros de datos<\/li>\n<li style='margin-bottom: 5px;'>Integraci\u00f3n con sistemas PDU&#8217;s G5 SmartZone de Panduit<\/li>\n<li style='margin-bottom: 5px;'>Monitoreo de condiciones ambientales en salas de servidores<\/li>\n<\/ul><\/div>\n<p> <!-- Informaci\u00f3n de instalaci\u00f3n --> <\/p>\n<div style='margin-bottom: 30px;'>\n<h3 style='font-size: 22px; border-bottom: 2px solid currentColor; padding-bottom: 5px; margin-top: 0; color: inherit; opacity: 0.8;'>Instalaci\u00f3n<\/h3>\n<ul style='padding-left: 20px; font-size: 15px; color: inherit; margin-top: 15px;'>\n<li style='margin-bottom: 5px;'>Conexi\u00f3n directa a la iPDU mediante conector RJ45<\/li>\n<li style='margin-bottom: 5px;'>Montaje mediante ataduras de cable (incluidas)<\/li>\n<li style='margin-bottom: 5px;'>Uso de acoplador de desconexi\u00f3n r\u00e1pida para facilitar mantenimiento<\/li>\n<li style='margin-bottom: 5px;'>Posibilidad de extensi\u00f3n mediante cable Ethernet est\u00e1ndar<\/li>\n<\/ul><\/div>\n<p> <!-- Separador --> <\/p>\n<hr style='border: 0; border-top: 1px solid rgba(150&comma; 150&comma; 150&comma; 0.3); margin: 30px 0;'> <\/div>\n","protected":false},"excerpt":{"rendered":"<p>Sensor de Monitoreo Ambiental de Temperatura, Para Gabinetes de Telecomunicaciones o Centros de Datos, Compatible con PDU&#8217;s G5 SmartZone de Panduit, Con Cable de 2 Metros<\/p>\n","protected":false},"featured_media":69320,"comment_status":"open","ping_status":"closed","template":"","meta":[],"product_brand":[],"product_cat":[604],"product_tag":[606,445,605],"class_list":{"0":"post-69321","1":"product","2":"type-product","3":"status-publish","4":"has-post-thumbnail","6":"product_cat-accesorios-para-racks-y-gabinetes","7":"product_tag-accesorios-para-racks-y-gabinetes","8":"product_tag-panduit","9":"product_tag-racks-y-gabinetes","11":"first","12":"instock","13":"sale","14":"shipping-taxable","15":"purchasable","16":"product-type-simple"},"_links":{"self":[{"href":"https:\/\/soydeaqui.ddns.net\/pachuca\/index.php\/wp-json\/wp\/v2\/product\/69321","targetHints":{"allow":["GET"]}}],"collection":[{"href":"https:\/\/soydeaqui.ddns.net\/pachuca\/index.php\/wp-json\/wp\/v2\/product"}],"about":[{"href":"https:\/\/soydeaqui.ddns.net\/pachuca\/index.php\/wp-json\/wp\/v2\/types\/product"}],"replies":[{"embeddable":true,"href":"https:\/\/soydeaqui.ddns.net\/pachuca\/index.php\/wp-json\/wp\/v2\/comments?post=69321"}],"wp:featuredmedia":[{"embeddable":true,"href":"https:\/\/soydeaqui.ddns.net\/pachuca\/index.php\/wp-json\/wp\/v2\/media\/69320"}],"wp:attachment":[{"href":"https:\/\/soydeaqui.ddns.net\/pachuca\/index.php\/wp-json\/wp\/v2\/media?parent=69321"}],"wp:term":[{"taxonomy":"product_brand","embeddable":true,"href":"https:\/\/soydeaqui.ddns.net\/pachuca\/index.php\/wp-json\/wp\/v2\/product_brand?post=69321"},{"taxonomy":"product_cat","embeddable":true,"href":"https:\/\/soydeaqui.ddns.net\/pachuca\/index.php\/wp-json\/wp\/v2\/product_cat?post=69321"},{"taxonomy":"product_tag","embeddable":true,"href":"https:\/\/soydeaqui.ddns.net\/pachuca\/index.php\/wp-json\/wp\/v2\/product_tag?post=69321"}],"curies":[{"name":"wp","href":"https:\/\/api.w.org\/{rel}","templated":true}]}}