{"id":6932,"date":"2026-03-18T06:49:32","date_gmt":"2026-03-18T06:49:32","guid":{"rendered":"https:\/\/soydeaqui.ddns.net\/pachuca\/index.php\/producto\/detector-de-rayo-fotoelectrico-2-rayos-4-frecuencias-100mts-exterior-alimentacion-12-24vdc-vac\/"},"modified":"2026-03-18T06:49:36","modified_gmt":"2026-03-18T06:49:36","slug":"detector-de-rayo-fotoelectrico-2-rayos-4-frecuencias-100mts-exterior-alimentacion-12-24vdc-vac","status":"publish","type":"product","link":"https:\/\/soydeaqui.ddns.net\/pachuca\/index.php\/producto\/detector-de-rayo-fotoelectrico-2-rayos-4-frecuencias-100mts-exterior-alimentacion-12-24vdc-vac\/","title":{"rendered":"Detector de rayo fotoel\u00e9ctrico \/ 2 rayos \/ 4 frecuencias \/ 100mts exterior \/ Alimentacion 12-24VDC\/VAC"},"content":{"rendered":"<div style='width: 100%; max-width: 1200px; margin: 0 auto; font-family: sans-serif; line-height: 1.6; color: inherit; background-color: transparent;'> <!-- Imagen principal --> <\/p>\n<div style='width: 100%; margin-bottom: 30px;'> <img style='width: 100%; max-width: 500px; height: auto; border: 1px solid rgba(150&comma;150&comma;150&comma;0.3); border-radius: 8px; display: block; margin: 0 auto;' src='https:\/\/http2.mlstatic.com\/sirena-alarma-12v-30w-para-alarma-muy-potente-sf581l-sfire-D_NQ_NP_965156-MLM29222112039_012019-O.jpg' alt=''> <\/div>\n<p> <!-- Descripci\u00f3n general --> <\/p>\n<div style='margin-bottom: 30px; font-size: 15px;'>\n<p style='margin-bottom: 15px;'>Toda la serie de detectores fotoel\u00e9ctricos de S FIRE\u00ae cuentan con un exclusivo dise\u00f1o de la cubierta que evita falsas alarmas por lluvia&comma; nieve y reflejos producidos por el sol. Los canales de rayo fotoel\u00e9ctricos son digitales lo que permite una perfecta sincronizaci\u00f3n entre el trasmisor y el receptor&comma; evitando falsas alarmas por interferencias o equipos similares&comma; un ajuste que garantiza el correcto funcionamiento&comma; mediante LED indicador.<\/p>\n<p style='margin-bottom: 15px;'>Los modelos SF le brindan mayor nivel de seguridad ya que ofrecen una protecci\u00f3n con 2 rayos infrarrojos los cuales tiene que ser obstruidos simult\u00e1neamente para generar alarma.<\/p>\n<p style='margin-bottom: 15px;'>Cada modelo cuenta con 1 par de detectores fotoel\u00e9ctricos compatibles con todas las marcas de paneles de alarma como los son Honeywell&comma; PIMA&comma; CROW&comma; DSC&comma; PARADOX&comma; etc. Adem\u00e1s de su sencilla instalaci\u00f3n nos permite realizar una solucion confiable y segura.<\/p>\n<\/p><\/div>\n<p> <!-- Secci\u00f3n de cards con especificaciones --> <\/p>\n<div style='display: flex; flex-wrap: wrap; gap: 20px; margin-bottom: 30px;'>\n<div style='flex: 1 1 250px; border: 1px solid rgba(150&comma; 150&comma; 150&comma; 0.4); border-radius: 8px; overflow: hidden; display: flex; flex-direction: column;'>\n<div style='padding: 15px; border-bottom: 1px solid rgba(150&comma; 150&comma; 150&comma; 0.2); font-weight: bold; font-size: 18px; color: inherit;'>Caracter\u00edsticas principales:<\/div>\n<div style='padding: 15px; color: inherit;'>\n<ul style='padding-left: 20px; margin: 0; font-size: 14px; list-style-type: disc;'>\n<li style='margin-bottom: 5px;'><strong>Distancia en interior sin tapa:<\/strong> 300m<\/li>\n<li style='margin-bottom: 5px;'><strong>Distancia en exterior:<\/strong> 100m<\/li>\n<li style='margin-bottom: 5px;'><strong>Canales de frecuencias seleccionables:<\/strong> 4<\/li>\n<li style='margin-bottom: 5px;'><strong>Tiempo de respuesta:<\/strong> 12-250ms<\/li>\n<\/ul><\/div>\n<\/p><\/div>\n<div style='flex: 1 1 250px; border: 1px solid rgba(150&comma; 150&comma; 150&comma; 0.4); border-radius: 8px; overflow: hidden; display: flex; flex-direction: column;'>\n<div style='padding: 15px; border-bottom: 1px solid rgba(150&comma; 150&comma; 150&comma; 0.2); font-weight: bold; font-size: 18px; color: inherit;'>Caracter\u00edsticas F\u00edsicas y El\u00e9ctricas:<\/div>\n<div style='padding: 15px; color: inherit;'>\n<ul style='padding-left: 20px; margin: 0; font-size: 14px; list-style-type: disc;'>\n<li style='margin-bottom: 5px;'><strong>Salida de alarma:<\/strong> Relay tipo C<\/li>\n<li style='margin-bottom: 5px;'><strong>Alimentaci\u00f3n:<\/strong> 12-24 Vcc \/ 9-20Vca<\/li>\n<li style='margin-bottom: 5px;'><strong>Consumo:<\/strong> 85 mA<\/li>\n<li style='margin-bottom: 5px;'><strong>Tamper:<\/strong> Normalmente cerrado<\/li>\n<li style='margin-bottom: 5px;'><strong>Temperatura de operaci\u00f3n:<\/strong> -25 a 55\u00b0C<\/li>\n<li style='margin-bottom: 5px;'><strong>Humedad:<\/strong> 95%<\/li>\n<li style='margin-bottom: 5px;'><strong>Clasificaci\u00f3n IP:<\/strong> IP65<\/li>\n<li style='margin-bottom: 5px;'><strong>Dimensiones:<\/strong> 211.5mm x 79.9mm x 74.7mm<\/li>\n<\/ul><\/div>\n<\/p><\/div>\n<div style='flex: 1 1 250px; border: 1px solid rgba(150&comma; 150&comma; 150&comma; 0.4); border-radius: 8px; overflow: hidden; display: flex; flex-direction: column;'>\n<div style='padding: 15px; border-bottom: 1px solid rgba(150&comma; 150&comma; 150&comma; 0.2); font-weight: bold; font-size: 18px; color: inherit;'>Caracter\u00edsticas Destacadas:<\/div>\n<div style='padding: 15px; color: inherit;'>\n<ul style='padding-left: 20px; margin: 0; font-size: 14px; list-style-type: disc;'>\n<li style='margin-bottom: 5px;'><strong>Montaje:<\/strong> Poste o pared<\/li>\n<li style='margin-bottom: 5px;'><strong>Peso:<\/strong> 1.0 kg<\/li>\n<li style='margin-bottom: 5px;'><strong>Garant\u00eda:<\/strong> 1 a\u00f1o<\/li>\n<li style='margin-bottom: 5px;'><strong>Cableado:<\/strong> S\u00ed<\/li>\n<li style='margin-bottom: 5px;'><strong>Compatibilidad:<\/strong> Con la mayor\u00eda de los paneles del mercado<\/li>\n<\/ul><\/div>\n<\/p><\/div>\n<\/p><\/div>\n<p> <!-- Separador --> <\/p>\n<hr style='border: 0; border-top: 1px solid rgba(150&comma; 150&comma; 150&comma; 0.3); margin: 30px 0;'> <\/div>\n","protected":false},"excerpt":{"rendered":"<p>Detector de rayo fotoel\u00e9ctrico \/ 2 rayos \/ 4 frecuencias \/ 100mts exterior \/ Alimentacion 12-24VDC\/VAC<\/p>\n","protected":false},"featured_media":6931,"comment_status":"open","ping_status":"closed","template":"","meta":[],"product_brand":[],"product_cat":[232],"product_tag":[19,233,79],"class_list":{"0":"post-6932","1":"product","2":"type-product","3":"status-publish","4":"has-post-thumbnail","6":"product_cat-fotoelectricos-y-microondas","7":"product_tag-detectores-sensores","8":"product_tag-fotoelectricos-y-microondas","9":"product_tag-sfire","11":"first","12":"instock","13":"sale","14":"shipping-taxable","15":"purchasable","16":"product-type-simple"},"_links":{"self":[{"href":"https:\/\/soydeaqui.ddns.net\/pachuca\/index.php\/wp-json\/wp\/v2\/product\/6932","targetHints":{"allow":["GET"]}}],"collection":[{"href":"https:\/\/soydeaqui.ddns.net\/pachuca\/index.php\/wp-json\/wp\/v2\/product"}],"about":[{"href":"https:\/\/soydeaqui.ddns.net\/pachuca\/index.php\/wp-json\/wp\/v2\/types\/product"}],"replies":[{"embeddable":true,"href":"https:\/\/soydeaqui.ddns.net\/pachuca\/index.php\/wp-json\/wp\/v2\/comments?post=6932"}],"wp:featuredmedia":[{"embeddable":true,"href":"https:\/\/soydeaqui.ddns.net\/pachuca\/index.php\/wp-json\/wp\/v2\/media\/6931"}],"wp:attachment":[{"href":"https:\/\/soydeaqui.ddns.net\/pachuca\/index.php\/wp-json\/wp\/v2\/media?parent=6932"}],"wp:term":[{"taxonomy":"product_brand","embeddable":true,"href":"https:\/\/soydeaqui.ddns.net\/pachuca\/index.php\/wp-json\/wp\/v2\/product_brand?post=6932"},{"taxonomy":"product_cat","embeddable":true,"href":"https:\/\/soydeaqui.ddns.net\/pachuca\/index.php\/wp-json\/wp\/v2\/product_cat?post=6932"},{"taxonomy":"product_tag","embeddable":true,"href":"https:\/\/soydeaqui.ddns.net\/pachuca\/index.php\/wp-json\/wp\/v2\/product_tag?post=6932"}],"curies":[{"name":"wp","href":"https:\/\/api.w.org\/{rel}","templated":true}]}}