{"id":69286,"date":"2026-03-19T10:40:44","date_gmt":"2026-03-19T10:40:44","guid":{"rendered":"https:\/\/soydeaqui.ddns.net\/pachuca\/index.php\/producto\/antena-direccional-reflector-de-esquina-148-174-mhz-50-ohm-10-dbd-12-dbi-250-watt-n-macho\/"},"modified":"2026-03-19T10:40:45","modified_gmt":"2026-03-19T10:40:45","slug":"antena-direccional-reflector-de-esquina-148-174-mhz-50-ohm-10-dbd-12-dbi-250-watt-n-macho","status":"publish","type":"product","link":"https:\/\/soydeaqui.ddns.net\/pachuca\/index.php\/producto\/antena-direccional-reflector-de-esquina-148-174-mhz-50-ohm-10-dbd-12-dbi-250-watt-n-macho\/","title":{"rendered":"Antena Direccional Reflector de Esquina, 148-174 MHz, 50 Ohm, 10 dBd (12 dBi), 250 Watt, N Macho."},"content":{"rendered":"<div style='width: 100%; max-width: 1200px; margin: 0 auto; font-family: sans-serif; line-height: 1.6; color: inherit; background-color: transparent;'> <!-- Secci\u00f3n de t\u00edtulo --> <\/p>\n<div style='margin-bottom: 30px;'>\n<h2 style='font-size: 24px; margin: 0 0 20px 0; color: inherit; font-weight: bold; padding: 0;'> Antena Direccional Reflector de Esquina&comma; 148-174 MHz&comma; 50 Ohm&comma; 10 dBd (12 dBi)&comma; 250 Watt&comma; N Macho. <\/h2>\n<\/p><\/div>\n<p> <!-- Secci\u00f3n de caracter\u00edsticas --> <\/p>\n<div style='display: flex; flex-wrap: wrap; gap: 30px; margin-bottom: 30px;'>\n<div style='flex: 1 1 300px; min-width: 280px;'>\n<h3 style='font-size: 22px; border-bottom: 2px solid currentColor; padding-bottom: 5px; margin-top: 0; color: inherit; opacity: 0.8;'>Caracter\u00edsticas principales<\/h3>\n<ul style='padding-left: 20px; font-size: 15px; color: inherit;'>\n<li style='margin-bottom: 5px;'><strong>Banda de frecuencia:<\/strong> 148-174 MHz<\/li>\n<li style='margin-bottom: 5px;'><strong>Ganancia:<\/strong> 10 dBd (12.1 dBi)<\/li>\n<li style='margin-bottom: 5px;'><strong>Entrada VSWR (m\u00e1x.):<\/strong> 1.5:1<\/li>\n<li style='margin-bottom: 5px;'><strong>Polarizaci\u00f3n:<\/strong> Vertical \/ Horizontal<\/li>\n<li style='margin-bottom: 5px;'><strong>Impedancia:<\/strong> 50 Ohm<\/li>\n<li style='margin-bottom: 5px;'><strong>Patr\u00f3n:<\/strong> Direccional<\/li>\n<li style='margin-bottom: 5px;'><strong>Ancho de haz horizontal (t\u00edpico):<\/strong> 50\u00b0<\/li>\n<li style='margin-bottom: 5px;'><strong>Ancho de haz vertical (t\u00edpico):<\/strong> 66\u00b0<\/li>\n<li style='margin-bottom: 5px;'><strong>Potencia media de entrada:<\/strong> 250 Watt<\/li>\n<li style='margin-bottom: 5px;'><strong>Protecci\u00f3n contra rayos:<\/strong> DC Ground<\/li>\n<li style='margin-bottom: 5px;'><strong>Conector:<\/strong> N Macho<\/li>\n<li style='margin-bottom: 5px;'><strong>Relaci\u00f3n de adelante hacia atr\u00e1s (t\u00edpico):<\/strong> 30 dB<\/li>\n<li style='margin-bottom: 5px;'><strong>Velocidad nominal del viento (sin hielo):<\/strong> 314 km\/h<\/li>\n<li style='margin-bottom: 5px;'><strong>Rango de temperatura:<\/strong> -40\u00b0 a +60 \u00b0C<\/li>\n<li style='margin-bottom: 5px;'><strong>Hardware de montaje:<\/strong> Clamp004 (incluido)<\/li>\n<li style='margin-bottom: 5px;'><strong>Dimensiones (Ancho x Fondo x Largo):<\/strong> 2946 x 1575 x 1829 mm<\/li>\n<li style='margin-bottom: 5px;'><strong>Peso:<\/strong> 42.22 kg<\/li>\n<li style='margin-bottom: 5px;'><strong>Dimensiones de env\u00edo:<\/strong> 2438 x 152 x 610 mm<\/li>\n<\/ul><\/div>\n<\/p><\/div>\n<p> <!-- Nota de entrega --> <\/p>\n<div style='margin-top: 20px;'>\n<p style='font-size: 15px; margin: 0; color: inherit;'> <strong>*Pregunte por tiempo de entrega.<\/strong> <\/p>\n<\/p><\/div>\n<p> <!-- Separador --> <\/p>\n<hr style='border: 0; border-top: 1px solid rgba(150&comma; 150&comma; 150&comma; 0.3); margin: 30px 0;'> <\/div>\n","protected":false},"excerpt":{"rendered":"<p>Antena Direccional Reflector de Esquina, 148-174 MHz, 50 Ohm, 10 dBd (12 dBi), 250 Watt, N Macho.<\/p>\n","protected":false},"featured_media":69285,"comment_status":"open","ping_status":"closed","template":"","meta":[],"product_brand":[],"product_cat":[1686],"product_tag":[1404,1687,1671],"class_list":{"0":"post-69286","1":"product","2":"type-product","3":"status-publish","4":"has-post-thumbnail","6":"product_cat-estaciones-base-y-repetidores","7":"product_tag-antenas","8":"product_tag-estaciones-base-y-repetidores","9":"product_tag-sinclair","11":"first","12":"outofstock","13":"sale","14":"shipping-taxable","15":"purchasable","16":"product-type-simple"},"_links":{"self":[{"href":"https:\/\/soydeaqui.ddns.net\/pachuca\/index.php\/wp-json\/wp\/v2\/product\/69286","targetHints":{"allow":["GET"]}}],"collection":[{"href":"https:\/\/soydeaqui.ddns.net\/pachuca\/index.php\/wp-json\/wp\/v2\/product"}],"about":[{"href":"https:\/\/soydeaqui.ddns.net\/pachuca\/index.php\/wp-json\/wp\/v2\/types\/product"}],"replies":[{"embeddable":true,"href":"https:\/\/soydeaqui.ddns.net\/pachuca\/index.php\/wp-json\/wp\/v2\/comments?post=69286"}],"wp:featuredmedia":[{"embeddable":true,"href":"https:\/\/soydeaqui.ddns.net\/pachuca\/index.php\/wp-json\/wp\/v2\/media\/69285"}],"wp:attachment":[{"href":"https:\/\/soydeaqui.ddns.net\/pachuca\/index.php\/wp-json\/wp\/v2\/media?parent=69286"}],"wp:term":[{"taxonomy":"product_brand","embeddable":true,"href":"https:\/\/soydeaqui.ddns.net\/pachuca\/index.php\/wp-json\/wp\/v2\/product_brand?post=69286"},{"taxonomy":"product_cat","embeddable":true,"href":"https:\/\/soydeaqui.ddns.net\/pachuca\/index.php\/wp-json\/wp\/v2\/product_cat?post=69286"},{"taxonomy":"product_tag","embeddable":true,"href":"https:\/\/soydeaqui.ddns.net\/pachuca\/index.php\/wp-json\/wp\/v2\/product_tag?post=69286"}],"curies":[{"name":"wp","href":"https:\/\/api.w.org\/{rel}","templated":true}]}}