{"id":69235,"date":"2026-03-19T10:38:53","date_gmt":"2026-03-19T10:38:53","guid":{"rendered":"https:\/\/soydeaqui.ddns.net\/pachuca\/index.php\/producto\/gabinete-de-pared-estandar-de-19in-abatible-de-12-ur-762-mm-de-profundidad-color-negro\/"},"modified":"2026-03-19T10:38:54","modified_gmt":"2026-03-19T10:38:54","slug":"gabinete-de-pared-estandar-de-19in-abatible-de-12-ur-762-mm-de-profundidad-color-negro","status":"publish","type":"product","link":"https:\/\/soydeaqui.ddns.net\/pachuca\/index.php\/producto\/gabinete-de-pared-estandar-de-19in-abatible-de-12-ur-762-mm-de-profundidad-color-negro\/","title":{"rendered":"Gabinete de Pared Est\u00e1ndar de 19in, Abatible, de 12 UR, 762 mm de Profundidad, Color Negro"},"content":{"rendered":"<div style='width: 100%; max-width: 1200px; margin: 0 auto; font-family: sans-serif; line-height: 1.6; color: inherit; background-color: transparent;'>\n<div style='display: flex; flex-wrap: wrap; gap: 30px; margin-bottom: 30px;'>\n<div style='flex: 1 1 300px; min-width: 280px;'>\n<h3 style='font-size: 22px; border-bottom: 2px solid currentColor; padding-bottom: 5px; margin-top: 0; color: inherit; opacity: 0.8;'>Descripci\u00f3n General<\/h3>\n<p style='font-size: 15px; color: inherit; margin-top: 0;'>El gabinete de montaje en pared Siemon ahorra valioso espacio y tiempo en su instalaci\u00f3n. Proporciona un medio rentable para asegurar y proteger los equipos de red contra polvo&comma; manipulaci\u00f3n y otros peligros. Dise\u00f1ado para una excelente gesti\u00f3n de cables y un sistema de rieles totalmente ajustable. Son ideales para salas de telecomunicaciones peque\u00f1as&comma; distribuci\u00f3n remota de redes y puntos de consolidaci\u00f3n en espacios abiertos&comma; sin protecci\u00f3n&comma; tales como almacenes&comma; centros comerciales y escuelas.<\/p>\n<\/p><\/div>\n<\/p><\/div>\n<div style='display: flex; flex-wrap: wrap; gap: 20px; margin-bottom: 30px;'>\n<div style='flex: 1 1 250px; border: 1px solid rgba(150&comma; 150&comma; 150&comma; 0.4); border-radius: 8px; overflow: hidden; display: flex; flex-direction: column;'>\n<div style='padding: 15px; border-bottom: 1px solid rgba(150&comma; 150&comma; 150&comma; 0.2); font-weight: bold; font-size: 18px; color: inherit;'>Especificaciones T\u00e9cnicas<\/div>\n<div style='padding: 15px; color: inherit;'>\n<ul style='padding-left: 20px; margin: 0; font-size: 14px; list-style-type: disc;'>\n<li style='margin-bottom: 5px;'>Cumple con las normas EIA\/ECA y UL60950&comma; ideales para cableado por zona en aplicaciones de Edificios Inteligentes o redes \u00f3pticas pasivas.<\/li>\n<li style='margin-bottom: 5px;'>Compatible con accesorios de Siemon como Kit&#8217;s de ventiladores y PDU&#8217;s.<\/li>\n<li style='margin-bottom: 5px;'>Dise\u00f1o de acero calibre 14\/16&comma; con soporte en peso de 91 kg. (200 lb.). Norma UL 6095.<\/li>\n<li style='margin-bottom: 5px;'>Organizaci\u00f3n de cable vertical totalmente integrado en la parte delantera y trasera del gabinete.<\/li>\n<li style='margin-bottom: 5px;'><strong>Dimensiones:<\/strong> 736 x 584 x 762 mm (Ancho x Alto x Profundidad)<\/li>\n<li style='margin-bottom: 5px;'><strong>Unidades de Rack:<\/strong> 12<\/li>\n<\/ul><\/div>\n<\/p><\/div>\n<\/p><\/div>\n<hr style='border: 0; border-top: 1px solid rgba(150&comma; 150&comma; 150&comma; 0.3); margin: 30px 0;'> <\/div>\n","protected":false},"excerpt":{"rendered":"<p>Gabinete de Pared Est\u00e1ndar de 19in, Abatible, de 12 UR, 762 mm de Profundidad, Color Negro<\/p>\n","protected":false},"featured_media":69234,"comment_status":"open","ping_status":"closed","template":"","meta":[],"product_brand":[],"product_cat":[623],"product_tag":[624,605,600],"class_list":{"0":"post-69235","1":"product","2":"type-product","3":"status-publish","4":"has-post-thumbnail","6":"product_cat-racks-cerrados","7":"product_tag-racks-cerrados","8":"product_tag-racks-y-gabinetes","9":"product_tag-siemon","11":"first","12":"outofstock","13":"sale","14":"shipping-taxable","15":"purchasable","16":"product-type-simple"},"_links":{"self":[{"href":"https:\/\/soydeaqui.ddns.net\/pachuca\/index.php\/wp-json\/wp\/v2\/product\/69235","targetHints":{"allow":["GET"]}}],"collection":[{"href":"https:\/\/soydeaqui.ddns.net\/pachuca\/index.php\/wp-json\/wp\/v2\/product"}],"about":[{"href":"https:\/\/soydeaqui.ddns.net\/pachuca\/index.php\/wp-json\/wp\/v2\/types\/product"}],"replies":[{"embeddable":true,"href":"https:\/\/soydeaqui.ddns.net\/pachuca\/index.php\/wp-json\/wp\/v2\/comments?post=69235"}],"wp:featuredmedia":[{"embeddable":true,"href":"https:\/\/soydeaqui.ddns.net\/pachuca\/index.php\/wp-json\/wp\/v2\/media\/69234"}],"wp:attachment":[{"href":"https:\/\/soydeaqui.ddns.net\/pachuca\/index.php\/wp-json\/wp\/v2\/media?parent=69235"}],"wp:term":[{"taxonomy":"product_brand","embeddable":true,"href":"https:\/\/soydeaqui.ddns.net\/pachuca\/index.php\/wp-json\/wp\/v2\/product_brand?post=69235"},{"taxonomy":"product_cat","embeddable":true,"href":"https:\/\/soydeaqui.ddns.net\/pachuca\/index.php\/wp-json\/wp\/v2\/product_cat?post=69235"},{"taxonomy":"product_tag","embeddable":true,"href":"https:\/\/soydeaqui.ddns.net\/pachuca\/index.php\/wp-json\/wp\/v2\/product_tag?post=69235"}],"curies":[{"name":"wp","href":"https:\/\/api.w.org\/{rel}","templated":true}]}}